{"id":35347,"date":"2023-12-11T13:51:33","date_gmt":"2023-12-11T12:51:33","guid":{"rendered":"https:\/\/audibax.com\/product\/pr42t-black-2\/"},"modified":"2025-10-20T10:02:49","modified_gmt":"2025-10-20T08:02:49","slug":"pr42t-black-2","status":"publish","type":"product","link":"https:\/\/audibax.com\/es\/producto\/pr42t-black-2\/","title":{"rendered":"PR42T Black"},"content":{"rendered":"<p>El <strong>PR-42T Black de Audibax<\/strong> es un altavoz de montaje en pared de dise\u00f1o elegante, que est\u00e1 equipado con un woofer de 4\u201d y un motor de agudos de 1\/2\u201c. Ofrece una respuesta en frecuencia de hasta 20 kHz y un SPL de 87 dB. El PR-42T llega a los 15 W continuos y se caracteriza por su alta calidad de sonido.<\/p>\n<p>Es adecuado para una amplia variedad de aplicaciones y ofrece una soluci\u00f3n discreta para sonorizar hoteles, restaurantes, bares, salones, aulas y salas de reuniones, centros comerciales, e incluso para el hogar.<\/p>\n<p>Est\u00e1 disponible en negro (PR-42T Black ) o en blanco (PR-42T White ).<\/p>\n<p>%u200B<\/p>\n<ul>\n<li>Tipo de producto : Altavoces de instalaci\u00f3n<\/li>\n<li>Tipo Altavoz : Pasivo, Altavoz de montaje en pared<\/li>\n<li>Tipo de altavoz : Altavoz de 2 v\u00edas<\/li>\n<li>Color : Negro<\/li>\n<li>Tama\u00f1o del woofer : 4\u201d<\/li>\n<li>Tama\u00f1o del tweeter : 1\/2\u201d Mylar<\/li>\n<li>Baja impedancia : 8 Ohm<\/li>\n<li>Respuesta en frecuencia: \u00a090Hz &#8211; 20KHz<\/li>\n<li>Sensibilidad : 87dB<\/li>\n<li>Potencia a baja impedancia : 75W<\/li>\n<li>Potencia en linea 100v : 20w<\/li>\n<li>Ancho : 120mm<\/li>\n<li>Altura : 190mm<\/li>\n<li>Fondo :115mm<\/li>\n<li>Peso\u00a02kg<\/li>\n<li>Se suministra por Pareja<\/li>\n<\/ul>\n","protected":false},"excerpt":{"rendered":"<ul>\n<li>Tipo de producto : Altavoces de instalaci\u00f3n<\/li>\n<li>Tipo Altavoz : Pasivo, Altavoz de montaje en pared<\/li>\n<li>Tipo de altavoz : Altavoz de 2 v\u00edas<\/li>\n<li>Color : Negro<\/li>\n<li>Tama\u00f1o del woofer : 4\u201d<\/li>\n<li>Tama\u00f1o del tweeter : 1\/2\u201d Mylar<\/li>\n<li>Se suministra por Pareja<\/li>\n<\/ul>\n","protected":false},"featured_media":17551,"comment_status":"open","ping_status":"closed","template":"","meta":{"_acf_changed":false},"product_cat":[408,418],"product_tag":[],"class_list":{"0":"post-35347","1":"product","2":"type-product","3":"status-publish","4":"has-post-thumbnail","6":"product_cat-altavoces-bluetooth","7":"product_cat-altavoces-de-pared","9":"first","10":"instock","11":"shipping-taxable","12":"product-type-simple"},"acf":[],"yoast_head":"<!-- This site is optimized with the Yoast SEO plugin v27.0 - https:\/\/yoast.com\/product\/yoast-seo-wordpress\/ -->\n<title>PR42T Black - Audibax<\/title>\n<meta name=\"robots\" content=\"index, follow, max-snippet:-1, max-image-preview:large, max-video-preview:-1\" \/>\n<link rel=\"canonical\" href=\"https:\/\/audibax.com\/es\/producto\/pr42t-black-2\/\" \/>\n<meta property=\"og:locale\" content=\"es_ES\" \/>\n<meta property=\"og:type\" content=\"article\" \/>\n<meta property=\"og:title\" content=\"PR42T Black - Audibax\" \/>\n<meta property=\"og:description\" content=\"Tipo de producto : Altavoces de instalaci\u00f3n  Tipo Altavoz : Pasivo, Altavoz de montaje en pared  Tipo de altavoz : Altavoz de 2 v\u00edas  Color : Negro  Tama\u00f1o del woofer : 4\u201d  Tama\u00f1o del tweeter : 1\/2\u201d Mylar  Se suministra por Pareja\" \/>\n<meta property=\"og:url\" content=\"https:\/\/audibax.com\/es\/producto\/pr42t-black-2\/\" \/>\n<meta property=\"og:site_name\" content=\"Audibax\" \/>\n<meta property=\"article:modified_time\" content=\"2025-10-20T08:02:49+00:00\" \/>\n<meta property=\"og:image\" content=\"https:\/\/audibax.com\/wp-content\/uploads\/2023\/12\/audibax-pr42-t-black.jpg\" \/>\n\t<meta property=\"og:image:width\" content=\"1000\" \/>\n\t<meta property=\"og:image:height\" content=\"500\" \/>\n\t<meta property=\"og:image:type\" content=\"image\/jpeg\" \/>\n<meta name=\"twitter:card\" content=\"summary_large_image\" \/>\n<meta name=\"twitter:label1\" content=\"Tiempo de lectura\" \/>\n\t<meta name=\"twitter:data1\" content=\"1 minuto\" \/>\n<script type=\"application\/ld+json\" class=\"yoast-schema-graph\">{\"@context\":\"https:\/\/schema.org\",\"@graph\":[{\"@type\":\"WebPage\",\"@id\":\"https:\/\/audibax.com\/es\/producto\/pr42t-black-2\/\",\"url\":\"https:\/\/audibax.com\/es\/producto\/pr42t-black-2\/\",\"name\":\"PR42T Black - Audibax\",\"isPartOf\":{\"@id\":\"https:\/\/audibax.com\/es\/#website\"},\"primaryImageOfPage\":{\"@id\":\"https:\/\/audibax.com\/es\/producto\/pr42t-black-2\/#primaryimage\"},\"image\":{\"@id\":\"https:\/\/audibax.com\/es\/producto\/pr42t-black-2\/#primaryimage\"},\"thumbnailUrl\":\"https:\/\/audibax.com\/wp-content\/uploads\/2023\/12\/audibax-pr42-t-black.jpg\",\"datePublished\":\"2023-12-11T12:51:33+00:00\",\"dateModified\":\"2025-10-20T08:02:49+00:00\",\"breadcrumb\":{\"@id\":\"https:\/\/audibax.com\/es\/producto\/pr42t-black-2\/#breadcrumb\"},\"inLanguage\":\"es\",\"potentialAction\":[{\"@type\":\"ReadAction\",\"target\":[\"https:\/\/audibax.com\/es\/producto\/pr42t-black-2\/\"]}]},{\"@type\":\"ImageObject\",\"inLanguage\":\"es\",\"@id\":\"https:\/\/audibax.com\/es\/producto\/pr42t-black-2\/#primaryimage\",\"url\":\"https:\/\/audibax.com\/wp-content\/uploads\/2023\/12\/audibax-pr42-t-black.jpg\",\"contentUrl\":\"https:\/\/audibax.com\/wp-content\/uploads\/2023\/12\/audibax-pr42-t-black.jpg\",\"width\":1000,\"height\":500},{\"@type\":\"BreadcrumbList\",\"@id\":\"https:\/\/audibax.com\/es\/producto\/pr42t-black-2\/#breadcrumb\",\"itemListElement\":[{\"@type\":\"ListItem\",\"position\":1,\"name\":\"Portada\",\"item\":\"https:\/\/audibax.com\/es\/\"},{\"@type\":\"ListItem\",\"position\":2,\"name\":\"Productos\",\"item\":\"https:\/\/audibax.com\/es\/shop\/\"},{\"@type\":\"ListItem\",\"position\":3,\"name\":\"PR42T Black\"}]},{\"@type\":\"WebSite\",\"@id\":\"https:\/\/audibax.com\/es\/#website\",\"url\":\"https:\/\/audibax.com\/es\/\",\"name\":\"Audibax\",\"description\":\"\",\"publisher\":{\"@id\":\"https:\/\/audibax.com\/es\/#organization\"},\"potentialAction\":[{\"@type\":\"SearchAction\",\"target\":{\"@type\":\"EntryPoint\",\"urlTemplate\":\"https:\/\/audibax.com\/es\/?s={search_term_string}\"},\"query-input\":{\"@type\":\"PropertyValueSpecification\",\"valueRequired\":true,\"valueName\":\"search_term_string\"}}],\"inLanguage\":\"es\"},{\"@type\":\"Organization\",\"@id\":\"https:\/\/audibax.com\/es\/#organization\",\"name\":\"Audibax\",\"url\":\"https:\/\/audibax.com\/es\/\",\"logo\":{\"@type\":\"ImageObject\",\"inLanguage\":\"es\",\"@id\":\"https:\/\/audibax.com\/es\/#\/schema\/logo\/image\/\",\"url\":\"https:\/\/audibax.com\/wp-content\/uploads\/2023\/09\/logo-Audibax-BLANCO-SVG-1.svg\",\"contentUrl\":\"https:\/\/audibax.com\/wp-content\/uploads\/2023\/09\/logo-Audibax-BLANCO-SVG-1.svg\",\"caption\":\"Audibax\"},\"image\":{\"@id\":\"https:\/\/audibax.com\/es\/#\/schema\/logo\/image\/\"}}]}<\/script>\n<!-- \/ Yoast SEO plugin. -->","yoast_head_json":{"title":"PR42T Black - Audibax","robots":{"index":"index","follow":"follow","max-snippet":"max-snippet:-1","max-image-preview":"max-image-preview:large","max-video-preview":"max-video-preview:-1"},"canonical":"https:\/\/audibax.com\/es\/producto\/pr42t-black-2\/","og_locale":"es_ES","og_type":"article","og_title":"PR42T Black - Audibax","og_description":"Tipo de producto : Altavoces de instalaci\u00f3n  Tipo Altavoz : Pasivo, Altavoz de montaje en pared  Tipo de altavoz : Altavoz de 2 v\u00edas  Color : Negro  Tama\u00f1o del woofer : 4\u201d  Tama\u00f1o del tweeter : 1\/2\u201d Mylar  Se suministra por Pareja","og_url":"https:\/\/audibax.com\/es\/producto\/pr42t-black-2\/","og_site_name":"Audibax","article_modified_time":"2025-10-20T08:02:49+00:00","og_image":[{"width":1000,"height":500,"url":"https:\/\/audibax.com\/wp-content\/uploads\/2023\/12\/audibax-pr42-t-black.jpg","type":"image\/jpeg"}],"twitter_card":"summary_large_image","twitter_misc":{"Tiempo de lectura":"1 minuto"},"schema":{"@context":"https:\/\/schema.org","@graph":[{"@type":"WebPage","@id":"https:\/\/audibax.com\/es\/producto\/pr42t-black-2\/","url":"https:\/\/audibax.com\/es\/producto\/pr42t-black-2\/","name":"PR42T Black - Audibax","isPartOf":{"@id":"https:\/\/audibax.com\/es\/#website"},"primaryImageOfPage":{"@id":"https:\/\/audibax.com\/es\/producto\/pr42t-black-2\/#primaryimage"},"image":{"@id":"https:\/\/audibax.com\/es\/producto\/pr42t-black-2\/#primaryimage"},"thumbnailUrl":"https:\/\/audibax.com\/wp-content\/uploads\/2023\/12\/audibax-pr42-t-black.jpg","datePublished":"2023-12-11T12:51:33+00:00","dateModified":"2025-10-20T08:02:49+00:00","breadcrumb":{"@id":"https:\/\/audibax.com\/es\/producto\/pr42t-black-2\/#breadcrumb"},"inLanguage":"es","potentialAction":[{"@type":"ReadAction","target":["https:\/\/audibax.com\/es\/producto\/pr42t-black-2\/"]}]},{"@type":"ImageObject","inLanguage":"es","@id":"https:\/\/audibax.com\/es\/producto\/pr42t-black-2\/#primaryimage","url":"https:\/\/audibax.com\/wp-content\/uploads\/2023\/12\/audibax-pr42-t-black.jpg","contentUrl":"https:\/\/audibax.com\/wp-content\/uploads\/2023\/12\/audibax-pr42-t-black.jpg","width":1000,"height":500},{"@type":"BreadcrumbList","@id":"https:\/\/audibax.com\/es\/producto\/pr42t-black-2\/#breadcrumb","itemListElement":[{"@type":"ListItem","position":1,"name":"Portada","item":"https:\/\/audibax.com\/es\/"},{"@type":"ListItem","position":2,"name":"Productos","item":"https:\/\/audibax.com\/es\/shop\/"},{"@type":"ListItem","position":3,"name":"PR42T Black"}]},{"@type":"WebSite","@id":"https:\/\/audibax.com\/es\/#website","url":"https:\/\/audibax.com\/es\/","name":"Audibax","description":"","publisher":{"@id":"https:\/\/audibax.com\/es\/#organization"},"potentialAction":[{"@type":"SearchAction","target":{"@type":"EntryPoint","urlTemplate":"https:\/\/audibax.com\/es\/?s={search_term_string}"},"query-input":{"@type":"PropertyValueSpecification","valueRequired":true,"valueName":"search_term_string"}}],"inLanguage":"es"},{"@type":"Organization","@id":"https:\/\/audibax.com\/es\/#organization","name":"Audibax","url":"https:\/\/audibax.com\/es\/","logo":{"@type":"ImageObject","inLanguage":"es","@id":"https:\/\/audibax.com\/es\/#\/schema\/logo\/image\/","url":"https:\/\/audibax.com\/wp-content\/uploads\/2023\/09\/logo-Audibax-BLANCO-SVG-1.svg","contentUrl":"https:\/\/audibax.com\/wp-content\/uploads\/2023\/09\/logo-Audibax-BLANCO-SVG-1.svg","caption":"Audibax"},"image":{"@id":"https:\/\/audibax.com\/es\/#\/schema\/logo\/image\/"}}]}},"_links":{"self":[{"href":"https:\/\/audibax.com\/es\/wp-json\/wp\/v2\/product\/35347","targetHints":{"allow":["GET"]}}],"collection":[{"href":"https:\/\/audibax.com\/es\/wp-json\/wp\/v2\/product"}],"about":[{"href":"https:\/\/audibax.com\/es\/wp-json\/wp\/v2\/types\/product"}],"replies":[{"embeddable":true,"href":"https:\/\/audibax.com\/es\/wp-json\/wp\/v2\/comments?post=35347"}],"wp:featuredmedia":[{"embeddable":true,"href":"https:\/\/audibax.com\/es\/wp-json\/wp\/v2\/media\/17551"}],"wp:attachment":[{"href":"https:\/\/audibax.com\/es\/wp-json\/wp\/v2\/media?parent=35347"}],"wp:term":[{"taxonomy":"product_cat","embeddable":true,"href":"https:\/\/audibax.com\/es\/wp-json\/wp\/v2\/product_cat?post=35347"},{"taxonomy":"product_tag","embeddable":true,"href":"https:\/\/audibax.com\/es\/wp-json\/wp\/v2\/product_tag?post=35347"}],"curies":[{"name":"wp","href":"https:\/\/api.w.org\/{rel}","templated":true}]}}