{"id":35331,"date":"2023-12-11T16:39:20","date_gmt":"2023-12-11T15:39:20","guid":{"rendered":"https:\/\/audibax.com\/product\/detroit-1000-dsp-black\/"},"modified":"2025-10-20T12:18:07","modified_gmt":"2025-10-20T10:18:07","slug":"detroit-1000-dsp-black","status":"publish","type":"product","link":"https:\/\/audibax.com\/es\/producto\/detroit-1000-dsp-black\/","title":{"rendered":"Detroit 1000 DSP Black"},"content":{"rendered":"<p><strong>Especificaciones<\/strong><\/p>\n<ul>\n<li>El<strong> Audibax Detroit 1000 DSP\u00a0<\/strong><span style=\"font-family: roboto,helvetica,arial,sans-serif; font-size: 15px;\">un sistema PA compuesto por una columna y un subwoofer de<\/span>\u00a010&#8243; pulgadas..<\/li>\n<li>Nuestro\u00a0<strong>Detroit 1000 DSP\u00a0<\/strong>cuenta con un revolucionario amplificador de Clase D.<\/li>\n<\/ul>\n<p><strong>Sat\u00e9lite:<\/strong><\/p>\n<ul>\n<li><span style=\"font-family: roboto,helvetica,arial,sans-serif; font-size: 15px;\">Tipo: 1 columna + 1 subwoofer de 10&#8243;<\/span><\/li>\n<li>Respuesta de frecuencia (-6dB): 200 Hz &#8211; 21 kHz<\/li>\n<li>Potencia de salida (RMS): 60W<\/li>\n<li>Transductor MF: 4 * 2,75&#8243;, im\u00e1n de neodimio, bobina m\u00f3vil de 1&#8243;<\/li>\n<li>Amplificador: Amplificador de clase D<\/li>\n<li>M\u00e1x. SPL (1m, espacio libre): 109dB<\/li>\n<li>Impedancia: 4 ohmios<\/li>\n<li>Entrada \/ salida de audio \/ alimentaci\u00f3n: Parte superior e inferior de 4 pines de inserci\u00f3n r\u00e1pida con 4 n\u00facleos (2 n\u00facleos 24 V\/2 n\u00facleos de se\u00f1al +\/-)<\/li>\n<li>Recinto: Pl\u00e1stico PP<\/li>\n<li>Reja: Rejilla met\u00e1lica de 1,0 mm de espesor<\/li>\n<li>Dispersi\u00f3n (H * V): 120\u00b0 * 30\u00b0<\/li>\n<li>Medidas producto: 12 x 10 x 32 cm<\/li>\n<li>Medidas del paquete: 19 x 17 x 38 cm<\/li>\n<li>Peso bruto: 2,1 kg<\/li>\n<\/ul>\n<p><strong>Subwoofer:<\/strong><\/p>\n<ul>\n<li>Tipo: Bass reflex activo de 10\u00bb<\/li>\n<li>Respuesta de frecuencia (-6dB): 47 Hz &#8211; 200 Hz<\/li>\n<li>Potencia de salida (RMS): 400W<\/li>\n<li>Transductor BF: Subwoofer de 10&#8243;, bobina m\u00f3vil de 1,5&#8243;<\/li>\n<li>Amplificador: Amplificador de clase D<\/li>\n<li>M\u00f3dulo DSP: Procesador DSP de 96 kHz y 24 bits con modos preestablecidos: Monitor, DJ, Live<\/li>\n<li>M\u00e1x. SPL (1m, espacio libre): 117dB<\/li>\n<li>Impedancia: 4 Ohm<\/li>\n<li>Proteccion: Sobrecalentamiento de cortocircuito, sobrecorriente<\/li>\n<li>Control S: Interruptor de encendido\/apagado, nivel de sat\u00e9lite, nivel de subwoofer, interruptor de l\u00ednea\/micr\u00f3fono, interruptor de encendido\/apagado de Bluetooth,\u00a0 interruptor TWS, interruptor de reinicio, interruptor de modos DSP<\/li>\n<li>Indicadores: Potencia, se\u00f1al, l\u00edmite, bluetooth, reinicio<\/li>\n<li>Entrada \/ salida de audio: Entrada XLR hembra y macho izquierda \/ derecha, 1 salida XLR, 1 salida Satellite Speakon<\/li>\n<li>Entrada \/ salida de energ\u00eda: Speakon<\/li>\n<li>Fuente de alimentaci\u00f3n: 100-230V~ 60 \/ 50Hz<\/li>\n<li>Material: MDF de 15 mm con pintura regular de gotas de lluvia<\/li>\n<li>Reja: Rejilla met\u00e1lica de 1,0 mm de espesor sin tejido ac\u00fastico<\/li>\n<li>Adaptador de soporte M20<\/li>\n<li>Medidas producto: 49.5 x 31.5 x 40.5 cm<\/li>\n<li>Medidas del paquete: 72 x 37 x 48 cm<\/li>\n<li>Peso bruto: 22 kg<\/li>\n<\/ul>\n","protected":false},"excerpt":{"rendered":"<ul>\n<li>Sistema PA<\/li>\n<li>Potencia RMS: 60W (Sat\u00e9lite) + 400W (Subwoofer)<\/li>\n<li>Sat\u00e9lite:\u00a0Altavoz de columna de rango completo activo con amplificador Clase D<\/li>\n<li>Transductor MF: 4pcs x 2,75&#8243; woofer de rango completo<\/li>\n<li>Subwoofer:\u00a0Bass reflex activo de 10\u00bb con amplificador Clase D<\/li>\n<li>Conexi\u00f3n Bluetooth<\/li>\n<\/ul>\n","protected":false},"featured_media":18265,"comment_status":"open","ping_status":"closed","template":"","meta":{"_acf_changed":false},"product_cat":[250,408,414,394],"product_tag":[],"class_list":{"0":"post-35331","1":"product","2":"type-product","3":"status-publish","4":"has-post-thumbnail","6":"product_cat-altavoces","7":"product_cat-altavoces-bluetooth","8":"product_cat-sistemas-pa","9":"product_cat-sonido-pa","11":"first","12":"instock","13":"shipping-taxable","14":"product-type-simple"},"acf":[],"yoast_head":"<!-- This site is optimized with the Yoast SEO plugin v27.0 - https:\/\/yoast.com\/product\/yoast-seo-wordpress\/ -->\n<title>Detroit 1000 DSP Black - Audibax<\/title>\n<meta name=\"robots\" content=\"index, follow, max-snippet:-1, max-image-preview:large, max-video-preview:-1\" \/>\n<link rel=\"canonical\" href=\"https:\/\/audibax.com\/es\/producto\/detroit-1000-dsp-black\/\" \/>\n<meta property=\"og:locale\" content=\"es_ES\" \/>\n<meta property=\"og:type\" content=\"article\" \/>\n<meta property=\"og:title\" content=\"Detroit 1000 DSP Black - Audibax\" \/>\n<meta property=\"og:description\" content=\"Sistema PA  Potencia RMS: 60W (Sat\u00e9lite) + 400W (Subwoofer)  Sat\u00e9lite:\u00a0Altavoz de columna de rango completo activo con amplificador Clase D  Transductor MF: 4pcs x 2,75&quot; woofer de rango completo  Subwoofer:\u00a0Bass reflex activo de 10&#039;&#039; con amplificador Clase D  Conexi\u00f3n Bluetooth\" \/>\n<meta property=\"og:url\" content=\"https:\/\/audibax.com\/es\/producto\/detroit-1000-dsp-black\/\" \/>\n<meta property=\"og:site_name\" content=\"Audibax\" \/>\n<meta property=\"article:modified_time\" content=\"2025-10-20T10:18:07+00:00\" \/>\n<meta property=\"og:image\" content=\"https:\/\/audibax.com\/wp-content\/uploads\/2023\/12\/Detroit-1000-DSP-1.jpg\" \/>\n\t<meta property=\"og:image:width\" content=\"1000\" \/>\n\t<meta property=\"og:image:height\" content=\"500\" \/>\n\t<meta property=\"og:image:type\" content=\"image\/jpeg\" \/>\n<meta name=\"twitter:card\" content=\"summary_large_image\" \/>\n<meta name=\"twitter:label1\" content=\"Tiempo de lectura\" \/>\n\t<meta name=\"twitter:data1\" content=\"2 minutos\" \/>\n<script type=\"application\/ld+json\" class=\"yoast-schema-graph\">{\"@context\":\"https:\/\/schema.org\",\"@graph\":[{\"@type\":\"WebPage\",\"@id\":\"https:\/\/audibax.com\/es\/producto\/detroit-1000-dsp-black\/\",\"url\":\"https:\/\/audibax.com\/es\/producto\/detroit-1000-dsp-black\/\",\"name\":\"Detroit 1000 DSP Black - Audibax\",\"isPartOf\":{\"@id\":\"https:\/\/audibax.com\/es\/#website\"},\"primaryImageOfPage\":{\"@id\":\"https:\/\/audibax.com\/es\/producto\/detroit-1000-dsp-black\/#primaryimage\"},\"image\":{\"@id\":\"https:\/\/audibax.com\/es\/producto\/detroit-1000-dsp-black\/#primaryimage\"},\"thumbnailUrl\":\"https:\/\/audibax.com\/wp-content\/uploads\/2023\/12\/Detroit-1000-DSP-1.jpg\",\"datePublished\":\"2023-12-11T15:39:20+00:00\",\"dateModified\":\"2025-10-20T10:18:07+00:00\",\"breadcrumb\":{\"@id\":\"https:\/\/audibax.com\/es\/producto\/detroit-1000-dsp-black\/#breadcrumb\"},\"inLanguage\":\"es\",\"potentialAction\":[{\"@type\":\"ReadAction\",\"target\":[\"https:\/\/audibax.com\/es\/producto\/detroit-1000-dsp-black\/\"]}]},{\"@type\":\"ImageObject\",\"inLanguage\":\"es\",\"@id\":\"https:\/\/audibax.com\/es\/producto\/detroit-1000-dsp-black\/#primaryimage\",\"url\":\"https:\/\/audibax.com\/wp-content\/uploads\/2023\/12\/Detroit-1000-DSP-1.jpg\",\"contentUrl\":\"https:\/\/audibax.com\/wp-content\/uploads\/2023\/12\/Detroit-1000-DSP-1.jpg\",\"width\":1000,\"height\":500},{\"@type\":\"BreadcrumbList\",\"@id\":\"https:\/\/audibax.com\/es\/producto\/detroit-1000-dsp-black\/#breadcrumb\",\"itemListElement\":[{\"@type\":\"ListItem\",\"position\":1,\"name\":\"Portada\",\"item\":\"https:\/\/audibax.com\/es\/\"},{\"@type\":\"ListItem\",\"position\":2,\"name\":\"Productos\",\"item\":\"https:\/\/audibax.com\/es\/shop\/\"},{\"@type\":\"ListItem\",\"position\":3,\"name\":\"Detroit 1000 DSP Black\"}]},{\"@type\":\"WebSite\",\"@id\":\"https:\/\/audibax.com\/es\/#website\",\"url\":\"https:\/\/audibax.com\/es\/\",\"name\":\"Audibax\",\"description\":\"\",\"publisher\":{\"@id\":\"https:\/\/audibax.com\/es\/#organization\"},\"potentialAction\":[{\"@type\":\"SearchAction\",\"target\":{\"@type\":\"EntryPoint\",\"urlTemplate\":\"https:\/\/audibax.com\/es\/?s={search_term_string}\"},\"query-input\":{\"@type\":\"PropertyValueSpecification\",\"valueRequired\":true,\"valueName\":\"search_term_string\"}}],\"inLanguage\":\"es\"},{\"@type\":\"Organization\",\"@id\":\"https:\/\/audibax.com\/es\/#organization\",\"name\":\"Audibax\",\"url\":\"https:\/\/audibax.com\/es\/\",\"logo\":{\"@type\":\"ImageObject\",\"inLanguage\":\"es\",\"@id\":\"https:\/\/audibax.com\/es\/#\/schema\/logo\/image\/\",\"url\":\"https:\/\/audibax.com\/wp-content\/uploads\/2023\/09\/logo-Audibax-BLANCO-SVG-1.svg\",\"contentUrl\":\"https:\/\/audibax.com\/wp-content\/uploads\/2023\/09\/logo-Audibax-BLANCO-SVG-1.svg\",\"caption\":\"Audibax\"},\"image\":{\"@id\":\"https:\/\/audibax.com\/es\/#\/schema\/logo\/image\/\"}}]}<\/script>\n<!-- \/ Yoast SEO plugin. -->","yoast_head_json":{"title":"Detroit 1000 DSP Black - Audibax","robots":{"index":"index","follow":"follow","max-snippet":"max-snippet:-1","max-image-preview":"max-image-preview:large","max-video-preview":"max-video-preview:-1"},"canonical":"https:\/\/audibax.com\/es\/producto\/detroit-1000-dsp-black\/","og_locale":"es_ES","og_type":"article","og_title":"Detroit 1000 DSP Black - Audibax","og_description":"Sistema PA  Potencia RMS: 60W (Sat\u00e9lite) + 400W (Subwoofer)  Sat\u00e9lite:\u00a0Altavoz de columna de rango completo activo con amplificador Clase D  Transductor MF: 4pcs x 2,75\" woofer de rango completo  Subwoofer:\u00a0Bass reflex activo de 10'' con amplificador Clase D  Conexi\u00f3n Bluetooth","og_url":"https:\/\/audibax.com\/es\/producto\/detroit-1000-dsp-black\/","og_site_name":"Audibax","article_modified_time":"2025-10-20T10:18:07+00:00","og_image":[{"width":1000,"height":500,"url":"https:\/\/audibax.com\/wp-content\/uploads\/2023\/12\/Detroit-1000-DSP-1.jpg","type":"image\/jpeg"}],"twitter_card":"summary_large_image","twitter_misc":{"Tiempo de lectura":"2 minutos"},"schema":{"@context":"https:\/\/schema.org","@graph":[{"@type":"WebPage","@id":"https:\/\/audibax.com\/es\/producto\/detroit-1000-dsp-black\/","url":"https:\/\/audibax.com\/es\/producto\/detroit-1000-dsp-black\/","name":"Detroit 1000 DSP Black - Audibax","isPartOf":{"@id":"https:\/\/audibax.com\/es\/#website"},"primaryImageOfPage":{"@id":"https:\/\/audibax.com\/es\/producto\/detroit-1000-dsp-black\/#primaryimage"},"image":{"@id":"https:\/\/audibax.com\/es\/producto\/detroit-1000-dsp-black\/#primaryimage"},"thumbnailUrl":"https:\/\/audibax.com\/wp-content\/uploads\/2023\/12\/Detroit-1000-DSP-1.jpg","datePublished":"2023-12-11T15:39:20+00:00","dateModified":"2025-10-20T10:18:07+00:00","breadcrumb":{"@id":"https:\/\/audibax.com\/es\/producto\/detroit-1000-dsp-black\/#breadcrumb"},"inLanguage":"es","potentialAction":[{"@type":"ReadAction","target":["https:\/\/audibax.com\/es\/producto\/detroit-1000-dsp-black\/"]}]},{"@type":"ImageObject","inLanguage":"es","@id":"https:\/\/audibax.com\/es\/producto\/detroit-1000-dsp-black\/#primaryimage","url":"https:\/\/audibax.com\/wp-content\/uploads\/2023\/12\/Detroit-1000-DSP-1.jpg","contentUrl":"https:\/\/audibax.com\/wp-content\/uploads\/2023\/12\/Detroit-1000-DSP-1.jpg","width":1000,"height":500},{"@type":"BreadcrumbList","@id":"https:\/\/audibax.com\/es\/producto\/detroit-1000-dsp-black\/#breadcrumb","itemListElement":[{"@type":"ListItem","position":1,"name":"Portada","item":"https:\/\/audibax.com\/es\/"},{"@type":"ListItem","position":2,"name":"Productos","item":"https:\/\/audibax.com\/es\/shop\/"},{"@type":"ListItem","position":3,"name":"Detroit 1000 DSP Black"}]},{"@type":"WebSite","@id":"https:\/\/audibax.com\/es\/#website","url":"https:\/\/audibax.com\/es\/","name":"Audibax","description":"","publisher":{"@id":"https:\/\/audibax.com\/es\/#organization"},"potentialAction":[{"@type":"SearchAction","target":{"@type":"EntryPoint","urlTemplate":"https:\/\/audibax.com\/es\/?s={search_term_string}"},"query-input":{"@type":"PropertyValueSpecification","valueRequired":true,"valueName":"search_term_string"}}],"inLanguage":"es"},{"@type":"Organization","@id":"https:\/\/audibax.com\/es\/#organization","name":"Audibax","url":"https:\/\/audibax.com\/es\/","logo":{"@type":"ImageObject","inLanguage":"es","@id":"https:\/\/audibax.com\/es\/#\/schema\/logo\/image\/","url":"https:\/\/audibax.com\/wp-content\/uploads\/2023\/09\/logo-Audibax-BLANCO-SVG-1.svg","contentUrl":"https:\/\/audibax.com\/wp-content\/uploads\/2023\/09\/logo-Audibax-BLANCO-SVG-1.svg","caption":"Audibax"},"image":{"@id":"https:\/\/audibax.com\/es\/#\/schema\/logo\/image\/"}}]}},"_links":{"self":[{"href":"https:\/\/audibax.com\/es\/wp-json\/wp\/v2\/product\/35331","targetHints":{"allow":["GET"]}}],"collection":[{"href":"https:\/\/audibax.com\/es\/wp-json\/wp\/v2\/product"}],"about":[{"href":"https:\/\/audibax.com\/es\/wp-json\/wp\/v2\/types\/product"}],"replies":[{"embeddable":true,"href":"https:\/\/audibax.com\/es\/wp-json\/wp\/v2\/comments?post=35331"}],"wp:featuredmedia":[{"embeddable":true,"href":"https:\/\/audibax.com\/es\/wp-json\/wp\/v2\/media\/18265"}],"wp:attachment":[{"href":"https:\/\/audibax.com\/es\/wp-json\/wp\/v2\/media?parent=35331"}],"wp:term":[{"taxonomy":"product_cat","embeddable":true,"href":"https:\/\/audibax.com\/es\/wp-json\/wp\/v2\/product_cat?post=35331"},{"taxonomy":"product_tag","embeddable":true,"href":"https:\/\/audibax.com\/es\/wp-json\/wp\/v2\/product_tag?post=35331"}],"curies":[{"name":"wp","href":"https:\/\/api.w.org\/{rel}","templated":true}]}}