{"id":35319,"date":"2023-12-11T13:49:33","date_gmt":"2023-12-11T12:49:33","guid":{"rendered":"https:\/\/audibax.com\/product\/drop-6-black-2\/"},"modified":"2025-01-09T15:51:18","modified_gmt":"2025-01-09T14:51:18","slug":"drop-6-black-2","status":"publish","type":"product","link":"https:\/\/audibax.com\/es\/producto\/drop-6-black-2\/","title":{"rendered":"Drop 6 Black"},"content":{"rendered":"<p><strong>Caracter\u00edsticas<\/strong><\/p>\n<ul>\n<li>El<strong> Audibax Drop 6<\/strong> es un altavoz pendant de instalaci\u00f3n en techo, que gracias a su sencillo y elegante dise\u00f1o se convierte en la opci\u00f3n ideal para museos, restaurantes, centros de ocio, etc.<\/li>\n<li>Nuestro altavoz <strong>Drop 6 <\/strong>cuenta con potencia ajustable (40-20-10-5W) y dos v\u00edas, proporcionando as\u00ed una gran calidad de sonido en toda la estancia.<\/li>\n<li>Est\u00e1 equipado con un woofer de 6.5&#8243; y un tweeter de 1&#8243;, ofreciendo una respuesta de frecuencia de hasta 20KHz y un SPL de 90dB.<\/li>\n<\/ul>\n<p><strong>Especificaciones:<\/strong><\/p>\n<ul>\n<li>Altavoz de 2 v\u00edas pasivo<\/li>\n<li>Instalaci\u00f3n en techo<\/li>\n<li>Transductores: Woofer: 6,5&#8243; \/ Tweeter: 0,75&#8243;<\/li>\n<li>Rango de Frecuencia: 60 &#8211; 22kHz<\/li>\n<li>Potencia RMS: 40W<\/li>\n<li>Potencia seleccionable:\n<ul>\n<li>100V: 5\/10\/20\/40W<\/li>\n<li>70V: 2,5\/5\/10\/20\/40W<\/li>\n<\/ul>\n<\/li>\n<li>8 ohms 40W<\/li>\n<li>SPL(@1W\/m): 88dB<\/li>\n<li>Impedancia: 70\/100V &#8211; 8 ohms<\/li>\n<li>Color: Negro<\/li>\n<li>Material: ABS<\/li>\n<li>Medidas: 252 mm (di\u00e1metro); 242 mm (alto)<\/li>\n<li>Dispersi\u00f3n: 162\u00ba<\/li>\n<\/ul>\n","protected":false},"excerpt":{"rendered":"<ul>\n<li>Altavoz pendant de 2 v\u00edas<\/li>\n<li>Instalaci\u00f3n en techo<\/li>\n<li>Tama\u00f1o: 6.5&#8243;<\/li>\n<li>Potencia: 40 &#8211; 20 &#8211; 10 &#8211; 5W<\/li>\n<li>Potencia m\u00e1xima: 40W<\/li>\n<li>L\u00ednea de 100v<\/li>\n<\/ul>\n","protected":false},"featured_media":18274,"comment_status":"open","ping_status":"closed","template":"","meta":{"_acf_changed":false},"product_cat":[250,728,394],"product_tag":[],"class_list":{"0":"post-35319","1":"product","2":"type-product","3":"status-publish","4":"has-post-thumbnail","6":"product_cat-altavoces","7":"product_cat-altavoces-colgantes","8":"product_cat-sonido-pa","10":"first","11":"instock","12":"shipping-taxable","13":"product-type-simple"},"acf":[],"yoast_head":"<!-- This site is optimized with the Yoast SEO plugin v27.0 - https:\/\/yoast.com\/product\/yoast-seo-wordpress\/ -->\n<title>Drop 6 Black - Audibax<\/title>\n<meta name=\"robots\" content=\"index, follow, max-snippet:-1, max-image-preview:large, max-video-preview:-1\" \/>\n<link rel=\"canonical\" href=\"https:\/\/audibax.com\/es\/producto\/drop-6-black-2\/\" \/>\n<meta property=\"og:locale\" content=\"es_ES\" \/>\n<meta property=\"og:type\" content=\"article\" \/>\n<meta property=\"og:title\" content=\"Drop 6 Black - Audibax\" \/>\n<meta property=\"og:description\" content=\"Altavoz pendant de 2 v\u00edas  Instalaci\u00f3n en techo  Tama\u00f1o: 6.5&quot;  Potencia: 40 - 20 - 10 - 5W  Potencia m\u00e1xima: 40W  L\u00ednea de 100v\" \/>\n<meta property=\"og:url\" content=\"https:\/\/audibax.com\/es\/producto\/drop-6-black-2\/\" \/>\n<meta property=\"og:site_name\" content=\"Audibax\" \/>\n<meta property=\"article:modified_time\" content=\"2025-01-09T14:51:18+00:00\" \/>\n<meta property=\"og:image\" content=\"https:\/\/audibax.com\/wp-content\/uploads\/2023\/12\/Drop-6-BK-altavoz-pendant-colgado.jpg\" \/>\n\t<meta property=\"og:image:width\" content=\"1000\" \/>\n\t<meta property=\"og:image:height\" content=\"500\" \/>\n\t<meta property=\"og:image:type\" content=\"image\/jpeg\" \/>\n<meta name=\"twitter:card\" content=\"summary_large_image\" \/>\n<meta name=\"twitter:label1\" content=\"Tiempo de lectura\" \/>\n\t<meta name=\"twitter:data1\" content=\"1 minuto\" \/>\n<script type=\"application\/ld+json\" class=\"yoast-schema-graph\">{\"@context\":\"https:\/\/schema.org\",\"@graph\":[{\"@type\":\"WebPage\",\"@id\":\"https:\/\/audibax.com\/es\/producto\/drop-6-black-2\/\",\"url\":\"https:\/\/audibax.com\/es\/producto\/drop-6-black-2\/\",\"name\":\"Drop 6 Black - Audibax\",\"isPartOf\":{\"@id\":\"https:\/\/audibax.com\/es\/#website\"},\"primaryImageOfPage\":{\"@id\":\"https:\/\/audibax.com\/es\/producto\/drop-6-black-2\/#primaryimage\"},\"image\":{\"@id\":\"https:\/\/audibax.com\/es\/producto\/drop-6-black-2\/#primaryimage\"},\"thumbnailUrl\":\"https:\/\/audibax.com\/wp-content\/uploads\/2023\/12\/Drop-6-BK-altavoz-pendant-colgado.jpg\",\"datePublished\":\"2023-12-11T12:49:33+00:00\",\"dateModified\":\"2025-01-09T14:51:18+00:00\",\"breadcrumb\":{\"@id\":\"https:\/\/audibax.com\/es\/producto\/drop-6-black-2\/#breadcrumb\"},\"inLanguage\":\"es\",\"potentialAction\":[{\"@type\":\"ReadAction\",\"target\":[\"https:\/\/audibax.com\/es\/producto\/drop-6-black-2\/\"]}]},{\"@type\":\"ImageObject\",\"inLanguage\":\"es\",\"@id\":\"https:\/\/audibax.com\/es\/producto\/drop-6-black-2\/#primaryimage\",\"url\":\"https:\/\/audibax.com\/wp-content\/uploads\/2023\/12\/Drop-6-BK-altavoz-pendant-colgado.jpg\",\"contentUrl\":\"https:\/\/audibax.com\/wp-content\/uploads\/2023\/12\/Drop-6-BK-altavoz-pendant-colgado.jpg\",\"width\":1000,\"height\":500},{\"@type\":\"BreadcrumbList\",\"@id\":\"https:\/\/audibax.com\/es\/producto\/drop-6-black-2\/#breadcrumb\",\"itemListElement\":[{\"@type\":\"ListItem\",\"position\":1,\"name\":\"Portada\",\"item\":\"https:\/\/audibax.com\/es\/\"},{\"@type\":\"ListItem\",\"position\":2,\"name\":\"Productos\",\"item\":\"https:\/\/audibax.com\/es\/shop\/\"},{\"@type\":\"ListItem\",\"position\":3,\"name\":\"Drop 6 Black\"}]},{\"@type\":\"WebSite\",\"@id\":\"https:\/\/audibax.com\/es\/#website\",\"url\":\"https:\/\/audibax.com\/es\/\",\"name\":\"Audibax\",\"description\":\"\",\"publisher\":{\"@id\":\"https:\/\/audibax.com\/es\/#organization\"},\"potentialAction\":[{\"@type\":\"SearchAction\",\"target\":{\"@type\":\"EntryPoint\",\"urlTemplate\":\"https:\/\/audibax.com\/es\/?s={search_term_string}\"},\"query-input\":{\"@type\":\"PropertyValueSpecification\",\"valueRequired\":true,\"valueName\":\"search_term_string\"}}],\"inLanguage\":\"es\"},{\"@type\":\"Organization\",\"@id\":\"https:\/\/audibax.com\/es\/#organization\",\"name\":\"Audibax\",\"url\":\"https:\/\/audibax.com\/es\/\",\"logo\":{\"@type\":\"ImageObject\",\"inLanguage\":\"es\",\"@id\":\"https:\/\/audibax.com\/es\/#\/schema\/logo\/image\/\",\"url\":\"https:\/\/audibax.com\/wp-content\/uploads\/2023\/09\/logo-Audibax-BLANCO-SVG-1.svg\",\"contentUrl\":\"https:\/\/audibax.com\/wp-content\/uploads\/2023\/09\/logo-Audibax-BLANCO-SVG-1.svg\",\"caption\":\"Audibax\"},\"image\":{\"@id\":\"https:\/\/audibax.com\/es\/#\/schema\/logo\/image\/\"}}]}<\/script>\n<!-- \/ Yoast SEO plugin. -->","yoast_head_json":{"title":"Drop 6 Black - Audibax","robots":{"index":"index","follow":"follow","max-snippet":"max-snippet:-1","max-image-preview":"max-image-preview:large","max-video-preview":"max-video-preview:-1"},"canonical":"https:\/\/audibax.com\/es\/producto\/drop-6-black-2\/","og_locale":"es_ES","og_type":"article","og_title":"Drop 6 Black - Audibax","og_description":"Altavoz pendant de 2 v\u00edas  Instalaci\u00f3n en techo  Tama\u00f1o: 6.5\"  Potencia: 40 - 20 - 10 - 5W  Potencia m\u00e1xima: 40W  L\u00ednea de 100v","og_url":"https:\/\/audibax.com\/es\/producto\/drop-6-black-2\/","og_site_name":"Audibax","article_modified_time":"2025-01-09T14:51:18+00:00","og_image":[{"width":1000,"height":500,"url":"https:\/\/audibax.com\/wp-content\/uploads\/2023\/12\/Drop-6-BK-altavoz-pendant-colgado.jpg","type":"image\/jpeg"}],"twitter_card":"summary_large_image","twitter_misc":{"Tiempo de lectura":"1 minuto"},"schema":{"@context":"https:\/\/schema.org","@graph":[{"@type":"WebPage","@id":"https:\/\/audibax.com\/es\/producto\/drop-6-black-2\/","url":"https:\/\/audibax.com\/es\/producto\/drop-6-black-2\/","name":"Drop 6 Black - Audibax","isPartOf":{"@id":"https:\/\/audibax.com\/es\/#website"},"primaryImageOfPage":{"@id":"https:\/\/audibax.com\/es\/producto\/drop-6-black-2\/#primaryimage"},"image":{"@id":"https:\/\/audibax.com\/es\/producto\/drop-6-black-2\/#primaryimage"},"thumbnailUrl":"https:\/\/audibax.com\/wp-content\/uploads\/2023\/12\/Drop-6-BK-altavoz-pendant-colgado.jpg","datePublished":"2023-12-11T12:49:33+00:00","dateModified":"2025-01-09T14:51:18+00:00","breadcrumb":{"@id":"https:\/\/audibax.com\/es\/producto\/drop-6-black-2\/#breadcrumb"},"inLanguage":"es","potentialAction":[{"@type":"ReadAction","target":["https:\/\/audibax.com\/es\/producto\/drop-6-black-2\/"]}]},{"@type":"ImageObject","inLanguage":"es","@id":"https:\/\/audibax.com\/es\/producto\/drop-6-black-2\/#primaryimage","url":"https:\/\/audibax.com\/wp-content\/uploads\/2023\/12\/Drop-6-BK-altavoz-pendant-colgado.jpg","contentUrl":"https:\/\/audibax.com\/wp-content\/uploads\/2023\/12\/Drop-6-BK-altavoz-pendant-colgado.jpg","width":1000,"height":500},{"@type":"BreadcrumbList","@id":"https:\/\/audibax.com\/es\/producto\/drop-6-black-2\/#breadcrumb","itemListElement":[{"@type":"ListItem","position":1,"name":"Portada","item":"https:\/\/audibax.com\/es\/"},{"@type":"ListItem","position":2,"name":"Productos","item":"https:\/\/audibax.com\/es\/shop\/"},{"@type":"ListItem","position":3,"name":"Drop 6 Black"}]},{"@type":"WebSite","@id":"https:\/\/audibax.com\/es\/#website","url":"https:\/\/audibax.com\/es\/","name":"Audibax","description":"","publisher":{"@id":"https:\/\/audibax.com\/es\/#organization"},"potentialAction":[{"@type":"SearchAction","target":{"@type":"EntryPoint","urlTemplate":"https:\/\/audibax.com\/es\/?s={search_term_string}"},"query-input":{"@type":"PropertyValueSpecification","valueRequired":true,"valueName":"search_term_string"}}],"inLanguage":"es"},{"@type":"Organization","@id":"https:\/\/audibax.com\/es\/#organization","name":"Audibax","url":"https:\/\/audibax.com\/es\/","logo":{"@type":"ImageObject","inLanguage":"es","@id":"https:\/\/audibax.com\/es\/#\/schema\/logo\/image\/","url":"https:\/\/audibax.com\/wp-content\/uploads\/2023\/09\/logo-Audibax-BLANCO-SVG-1.svg","contentUrl":"https:\/\/audibax.com\/wp-content\/uploads\/2023\/09\/logo-Audibax-BLANCO-SVG-1.svg","caption":"Audibax"},"image":{"@id":"https:\/\/audibax.com\/es\/#\/schema\/logo\/image\/"}}]}},"_links":{"self":[{"href":"https:\/\/audibax.com\/es\/wp-json\/wp\/v2\/product\/35319","targetHints":{"allow":["GET"]}}],"collection":[{"href":"https:\/\/audibax.com\/es\/wp-json\/wp\/v2\/product"}],"about":[{"href":"https:\/\/audibax.com\/es\/wp-json\/wp\/v2\/types\/product"}],"replies":[{"embeddable":true,"href":"https:\/\/audibax.com\/es\/wp-json\/wp\/v2\/comments?post=35319"}],"wp:featuredmedia":[{"embeddable":true,"href":"https:\/\/audibax.com\/es\/wp-json\/wp\/v2\/media\/18274"}],"wp:attachment":[{"href":"https:\/\/audibax.com\/es\/wp-json\/wp\/v2\/media?parent=35319"}],"wp:term":[{"taxonomy":"product_cat","embeddable":true,"href":"https:\/\/audibax.com\/es\/wp-json\/wp\/v2\/product_cat?post=35319"},{"taxonomy":"product_tag","embeddable":true,"href":"https:\/\/audibax.com\/es\/wp-json\/wp\/v2\/product_tag?post=35319"}],"curies":[{"name":"wp","href":"https:\/\/api.w.org\/{rel}","templated":true}]}}