{"id":35313,"date":"2023-12-11T13:48:50","date_gmt":"2023-12-11T12:48:50","guid":{"rendered":"https:\/\/audibax.com\/product\/cm508l-bt-white-2\/"},"modified":"2025-10-16T14:15:21","modified_gmt":"2025-10-16T12:15:21","slug":"cm508l-bt-white-2","status":"publish","type":"product","link":"https:\/\/audibax.com\/es\/producto\/cm508l-bt-white-2\/","title":{"rendered":"CM508L BT"},"content":{"rendered":"<p>Pareja de Altavoces para empotrar con conectividad Bluetooth con graves 5,25 pulgadas.<\/p>\n<p>Gran potencia de 20W + 20W y dos vias que proporcionan una calidad de sonido Hifi Estereo.<\/p>\n<p><strong>Especificaciones:<\/strong><\/p>\n<ul>\n<li>Conjunto de altavoces empotrables Bluetooth de 20W auto-amplificados.<\/li>\n<li>Compuesto por un altavoz activo y uno pasivo<\/li>\n<li>Potencia: 20 W+ 20 W<\/li>\n<li>Woofer: 5,25\u201d, 8 ohm<\/li>\n<li>Tweeter: 1\/2 mylar<\/li>\n<li>Respuesta en frecuencia: 100 Hz ~ 20 kHz<\/li>\n<li>SPL (1W\/1m): 88 dB<\/li>\n<li>Alimentaci\u00f3n: AC 220 V, 50\/60 Hz<\/li>\n<li>Di\u00e1metro para instalaci\u00f3n: 166 mm<\/li>\n<li>Profundidad Minima instalacion : 75 mm.<\/li>\n<li>Material: rejilla met\u00e1lica, cuerpo ABS<\/li>\n<li>Color : Blanco<\/li>\n<\/ul>\n<p>Por limitaciones del protocolo bluetooth, NO se pueden utilizar juntas dos o m\u00e1s parejas de este modelo.<\/p>\n","protected":false},"excerpt":{"rendered":"<ul>\n<li>Pareja de altavoces empotrables<\/li>\n<li>Compuesto por un altavoz activo y uno pasivo<\/li>\n<li>Tama\u00f1o: 5&#8243;<\/li>\n<li>Potencia: 2 x 20W RMS<\/li>\n<li>Conexi\u00f3n Bluetooth<\/li>\n<li>Rejilla magn\u00e9tica<\/li>\n<\/ul>\n","protected":false},"featured_media":16600,"comment_status":"open","ping_status":"closed","template":"","meta":{"_acf_changed":false},"product_cat":[408,410],"product_tag":[],"class_list":{"0":"post-35313","1":"product","2":"type-product","3":"status-publish","4":"has-post-thumbnail","6":"product_cat-altavoces-bluetooth","7":"product_cat-altavoces-de-techo","9":"first","10":"instock","11":"shipping-taxable","12":"product-type-simple"},"acf":[],"yoast_head":"<!-- This site is optimized with the Yoast SEO plugin v27.0 - https:\/\/yoast.com\/product\/yoast-seo-wordpress\/ -->\n<title>CM508L BT - Audibax<\/title>\n<meta name=\"robots\" content=\"index, follow, max-snippet:-1, max-image-preview:large, max-video-preview:-1\" \/>\n<link rel=\"canonical\" href=\"https:\/\/audibax.com\/es\/producto\/cm508l-bt-white-2\/\" \/>\n<meta property=\"og:locale\" content=\"es_ES\" \/>\n<meta property=\"og:type\" content=\"article\" \/>\n<meta property=\"og:title\" content=\"CM508L BT - Audibax\" \/>\n<meta property=\"og:description\" content=\"Pareja de altavoces empotrables  Compuesto por un altavoz activo y uno pasivo  Tama\u00f1o: 5&quot;  Potencia: 2 x 20W RMS  Conexi\u00f3n Bluetooth  Rejilla magn\u00e9tica\" \/>\n<meta property=\"og:url\" content=\"https:\/\/audibax.com\/es\/producto\/cm508l-bt-white-2\/\" \/>\n<meta property=\"og:site_name\" content=\"Audibax\" \/>\n<meta property=\"article:modified_time\" content=\"2025-10-16T12:15:21+00:00\" \/>\n<meta property=\"og:image\" content=\"https:\/\/audibax.com\/wp-content\/uploads\/2023\/12\/Audibax_CM508L_BT_altavoz_techo_blanco.jpg\" \/>\n\t<meta property=\"og:image:width\" content=\"1000\" \/>\n\t<meta property=\"og:image:height\" content=\"500\" \/>\n\t<meta property=\"og:image:type\" content=\"image\/jpeg\" \/>\n<meta name=\"twitter:card\" content=\"summary_large_image\" \/>\n<meta name=\"twitter:label1\" content=\"Tiempo de lectura\" \/>\n\t<meta name=\"twitter:data1\" content=\"1 minuto\" \/>\n<script type=\"application\/ld+json\" class=\"yoast-schema-graph\">{\"@context\":\"https:\/\/schema.org\",\"@graph\":[{\"@type\":\"WebPage\",\"@id\":\"https:\/\/audibax.com\/es\/producto\/cm508l-bt-white-2\/\",\"url\":\"https:\/\/audibax.com\/es\/producto\/cm508l-bt-white-2\/\",\"name\":\"CM508L BT - Audibax\",\"isPartOf\":{\"@id\":\"https:\/\/audibax.com\/es\/#website\"},\"primaryImageOfPage\":{\"@id\":\"https:\/\/audibax.com\/es\/producto\/cm508l-bt-white-2\/#primaryimage\"},\"image\":{\"@id\":\"https:\/\/audibax.com\/es\/producto\/cm508l-bt-white-2\/#primaryimage\"},\"thumbnailUrl\":\"https:\/\/audibax.com\/wp-content\/uploads\/2023\/12\/Audibax_CM508L_BT_altavoz_techo_blanco.jpg\",\"datePublished\":\"2023-12-11T12:48:50+00:00\",\"dateModified\":\"2025-10-16T12:15:21+00:00\",\"breadcrumb\":{\"@id\":\"https:\/\/audibax.com\/es\/producto\/cm508l-bt-white-2\/#breadcrumb\"},\"inLanguage\":\"es\",\"potentialAction\":[{\"@type\":\"ReadAction\",\"target\":[\"https:\/\/audibax.com\/es\/producto\/cm508l-bt-white-2\/\"]}]},{\"@type\":\"ImageObject\",\"inLanguage\":\"es\",\"@id\":\"https:\/\/audibax.com\/es\/producto\/cm508l-bt-white-2\/#primaryimage\",\"url\":\"https:\/\/audibax.com\/wp-content\/uploads\/2023\/12\/Audibax_CM508L_BT_altavoz_techo_blanco.jpg\",\"contentUrl\":\"https:\/\/audibax.com\/wp-content\/uploads\/2023\/12\/Audibax_CM508L_BT_altavoz_techo_blanco.jpg\",\"width\":1000,\"height\":500},{\"@type\":\"BreadcrumbList\",\"@id\":\"https:\/\/audibax.com\/es\/producto\/cm508l-bt-white-2\/#breadcrumb\",\"itemListElement\":[{\"@type\":\"ListItem\",\"position\":1,\"name\":\"Portada\",\"item\":\"https:\/\/audibax.com\/es\/\"},{\"@type\":\"ListItem\",\"position\":2,\"name\":\"Productos\",\"item\":\"https:\/\/audibax.com\/es\/shop\/\"},{\"@type\":\"ListItem\",\"position\":3,\"name\":\"CM508L BT\"}]},{\"@type\":\"WebSite\",\"@id\":\"https:\/\/audibax.com\/es\/#website\",\"url\":\"https:\/\/audibax.com\/es\/\",\"name\":\"Audibax\",\"description\":\"\",\"publisher\":{\"@id\":\"https:\/\/audibax.com\/es\/#organization\"},\"potentialAction\":[{\"@type\":\"SearchAction\",\"target\":{\"@type\":\"EntryPoint\",\"urlTemplate\":\"https:\/\/audibax.com\/es\/?s={search_term_string}\"},\"query-input\":{\"@type\":\"PropertyValueSpecification\",\"valueRequired\":true,\"valueName\":\"search_term_string\"}}],\"inLanguage\":\"es\"},{\"@type\":\"Organization\",\"@id\":\"https:\/\/audibax.com\/es\/#organization\",\"name\":\"Audibax\",\"url\":\"https:\/\/audibax.com\/es\/\",\"logo\":{\"@type\":\"ImageObject\",\"inLanguage\":\"es\",\"@id\":\"https:\/\/audibax.com\/es\/#\/schema\/logo\/image\/\",\"url\":\"https:\/\/audibax.com\/wp-content\/uploads\/2023\/09\/logo-Audibax-BLANCO-SVG-1.svg\",\"contentUrl\":\"https:\/\/audibax.com\/wp-content\/uploads\/2023\/09\/logo-Audibax-BLANCO-SVG-1.svg\",\"caption\":\"Audibax\"},\"image\":{\"@id\":\"https:\/\/audibax.com\/es\/#\/schema\/logo\/image\/\"}}]}<\/script>\n<!-- \/ Yoast SEO plugin. -->","yoast_head_json":{"title":"CM508L BT - Audibax","robots":{"index":"index","follow":"follow","max-snippet":"max-snippet:-1","max-image-preview":"max-image-preview:large","max-video-preview":"max-video-preview:-1"},"canonical":"https:\/\/audibax.com\/es\/producto\/cm508l-bt-white-2\/","og_locale":"es_ES","og_type":"article","og_title":"CM508L BT - Audibax","og_description":"Pareja de altavoces empotrables  Compuesto por un altavoz activo y uno pasivo  Tama\u00f1o: 5\"  Potencia: 2 x 20W RMS  Conexi\u00f3n Bluetooth  Rejilla magn\u00e9tica","og_url":"https:\/\/audibax.com\/es\/producto\/cm508l-bt-white-2\/","og_site_name":"Audibax","article_modified_time":"2025-10-16T12:15:21+00:00","og_image":[{"width":1000,"height":500,"url":"https:\/\/audibax.com\/wp-content\/uploads\/2023\/12\/Audibax_CM508L_BT_altavoz_techo_blanco.jpg","type":"image\/jpeg"}],"twitter_card":"summary_large_image","twitter_misc":{"Tiempo de lectura":"1 minuto"},"schema":{"@context":"https:\/\/schema.org","@graph":[{"@type":"WebPage","@id":"https:\/\/audibax.com\/es\/producto\/cm508l-bt-white-2\/","url":"https:\/\/audibax.com\/es\/producto\/cm508l-bt-white-2\/","name":"CM508L BT - Audibax","isPartOf":{"@id":"https:\/\/audibax.com\/es\/#website"},"primaryImageOfPage":{"@id":"https:\/\/audibax.com\/es\/producto\/cm508l-bt-white-2\/#primaryimage"},"image":{"@id":"https:\/\/audibax.com\/es\/producto\/cm508l-bt-white-2\/#primaryimage"},"thumbnailUrl":"https:\/\/audibax.com\/wp-content\/uploads\/2023\/12\/Audibax_CM508L_BT_altavoz_techo_blanco.jpg","datePublished":"2023-12-11T12:48:50+00:00","dateModified":"2025-10-16T12:15:21+00:00","breadcrumb":{"@id":"https:\/\/audibax.com\/es\/producto\/cm508l-bt-white-2\/#breadcrumb"},"inLanguage":"es","potentialAction":[{"@type":"ReadAction","target":["https:\/\/audibax.com\/es\/producto\/cm508l-bt-white-2\/"]}]},{"@type":"ImageObject","inLanguage":"es","@id":"https:\/\/audibax.com\/es\/producto\/cm508l-bt-white-2\/#primaryimage","url":"https:\/\/audibax.com\/wp-content\/uploads\/2023\/12\/Audibax_CM508L_BT_altavoz_techo_blanco.jpg","contentUrl":"https:\/\/audibax.com\/wp-content\/uploads\/2023\/12\/Audibax_CM508L_BT_altavoz_techo_blanco.jpg","width":1000,"height":500},{"@type":"BreadcrumbList","@id":"https:\/\/audibax.com\/es\/producto\/cm508l-bt-white-2\/#breadcrumb","itemListElement":[{"@type":"ListItem","position":1,"name":"Portada","item":"https:\/\/audibax.com\/es\/"},{"@type":"ListItem","position":2,"name":"Productos","item":"https:\/\/audibax.com\/es\/shop\/"},{"@type":"ListItem","position":3,"name":"CM508L BT"}]},{"@type":"WebSite","@id":"https:\/\/audibax.com\/es\/#website","url":"https:\/\/audibax.com\/es\/","name":"Audibax","description":"","publisher":{"@id":"https:\/\/audibax.com\/es\/#organization"},"potentialAction":[{"@type":"SearchAction","target":{"@type":"EntryPoint","urlTemplate":"https:\/\/audibax.com\/es\/?s={search_term_string}"},"query-input":{"@type":"PropertyValueSpecification","valueRequired":true,"valueName":"search_term_string"}}],"inLanguage":"es"},{"@type":"Organization","@id":"https:\/\/audibax.com\/es\/#organization","name":"Audibax","url":"https:\/\/audibax.com\/es\/","logo":{"@type":"ImageObject","inLanguage":"es","@id":"https:\/\/audibax.com\/es\/#\/schema\/logo\/image\/","url":"https:\/\/audibax.com\/wp-content\/uploads\/2023\/09\/logo-Audibax-BLANCO-SVG-1.svg","contentUrl":"https:\/\/audibax.com\/wp-content\/uploads\/2023\/09\/logo-Audibax-BLANCO-SVG-1.svg","caption":"Audibax"},"image":{"@id":"https:\/\/audibax.com\/es\/#\/schema\/logo\/image\/"}}]}},"_links":{"self":[{"href":"https:\/\/audibax.com\/es\/wp-json\/wp\/v2\/product\/35313","targetHints":{"allow":["GET"]}}],"collection":[{"href":"https:\/\/audibax.com\/es\/wp-json\/wp\/v2\/product"}],"about":[{"href":"https:\/\/audibax.com\/es\/wp-json\/wp\/v2\/types\/product"}],"replies":[{"embeddable":true,"href":"https:\/\/audibax.com\/es\/wp-json\/wp\/v2\/comments?post=35313"}],"wp:featuredmedia":[{"embeddable":true,"href":"https:\/\/audibax.com\/es\/wp-json\/wp\/v2\/media\/16600"}],"wp:attachment":[{"href":"https:\/\/audibax.com\/es\/wp-json\/wp\/v2\/media?parent=35313"}],"wp:term":[{"taxonomy":"product_cat","embeddable":true,"href":"https:\/\/audibax.com\/es\/wp-json\/wp\/v2\/product_cat?post=35313"},{"taxonomy":"product_tag","embeddable":true,"href":"https:\/\/audibax.com\/es\/wp-json\/wp\/v2\/product_tag?post=35313"}],"curies":[{"name":"wp","href":"https:\/\/api.w.org\/{rel}","templated":true}]}}