{"id":35306,"date":"2023-12-11T13:48:34","date_gmt":"2023-12-11T12:48:34","guid":{"rendered":"https:\/\/audibax.com\/product\/cm408-bt4-white-2\/"},"modified":"2024-06-25T10:54:17","modified_gmt":"2024-06-25T08:54:17","slug":"cm408-bt4-white-2","status":"publish","type":"product","link":"https:\/\/audibax.com\/es\/producto\/cm408-bt4-white-2\/","title":{"rendered":"CM408 BT4"},"content":{"rendered":"<p>El<strong> Audibax CM408-BT<\/strong>\u00a0cuenta con un dise\u00f1o elegante y uniforme que le convierten en la opci\u00f3n perfecta para sistemas de sonorizaci\u00f3n. Se trata de un altavoz de instalaci\u00f3n redondo empotrable para montaje en techo que viene por parejas (un altavoz activo y otro altavoz pasivo), con un woofer de 5 pulgadas y un tweeter de 1.3cm de dos v\u00edas.<\/p>\n<p>El altavoz ofrece un sonido potente y de alta calidad. El CM408-BT destaca por su sencillo sistema de montaje y su r\u00e1pida y f\u00e1cil instalaci\u00f3n, ya que cuenta con un <strong>im\u00e1n incorporado en su di\u00e1metro<\/strong> para poner la rejilla con mayor facilidad. Gracias a su discreto y elegante dise\u00f1o es ideal para su instalaci\u00f3n en restaurantes, hoteles, aulas, locales comerciales, teatros, e innumerables lugares m\u00e1s.<\/p>\n<p>Estos altavoces pueden ser utilizados como 3 ( altavoces pasivos ) + 1 ( altavoz activo ). Una Pareja de CM408-BT4 + 2 Audibax GA-04. Lo que convertir\u00edamos un sistema de 4 Altavoces que pueden funcionar a la vez.<\/p>\n<p>&nbsp;<\/p>\n<h2>Especificaciones T\u00e9cnicas<\/h2>\n<p>&nbsp;<\/p>\n<ul>\n<li>Di\u00e1metro Exterior: 17 cm<\/li>\n<li>Di\u00e1metro de montaje: 14 cm.<\/li>\n<li>Profundidad: 7.5 cm<\/li>\n<li>Tama\u00f1o Woofer: 5&#8243;<\/li>\n<li>Tama\u00f1o Tweeter: 1.3 cm<\/li>\n<li>Impedancia: 8 ohm<\/li>\n<li>Potencia: 2 x 30w RMS<\/li>\n<li>SPL: 88<\/li>\n<li>Frecuencia: 80HZ-20KHZ<\/li>\n<li>Material: ABS<\/li>\n<li>Material Rejilla: Metal<\/li>\n<li>Bluetooth: Si (sin contrase\u00f1a)<\/li>\n<\/ul>\n","protected":false},"excerpt":{"rendered":"<ul>\n<li><strong>Rejilla Magnetica<\/strong><\/li>\n<li>Tama\u00f1o Woofer: 5 Pulgadas<\/li>\n<li>Tama\u00f1o Tweeter: 1.3 cm<\/li>\n<li>Impedancia: 8 ohm<\/li>\n<li>Potencia: 2 x 30w RMS<\/li>\n<li>Se vende por Pareja<\/li>\n<\/ul>\n","protected":false},"featured_media":17038,"comment_status":"open","ping_status":"closed","template":"","meta":{"_acf_changed":false},"product_cat":[408,410],"product_tag":[],"class_list":{"0":"post-35306","1":"product","2":"type-product","3":"status-publish","4":"has-post-thumbnail","6":"product_cat-altavoces-bluetooth","7":"product_cat-altavoces-de-techo","9":"first","10":"instock","11":"shipping-taxable","12":"product-type-simple"},"acf":[],"yoast_head":"<!-- This site is optimized with the Yoast SEO plugin v27.0 - https:\/\/yoast.com\/product\/yoast-seo-wordpress\/ -->\n<title>CM408 BT4 - Audibax<\/title>\n<meta name=\"robots\" content=\"index, follow, max-snippet:-1, max-image-preview:large, max-video-preview:-1\" \/>\n<link rel=\"canonical\" href=\"https:\/\/audibax.com\/es\/producto\/cm408-bt4-white-2\/\" \/>\n<meta property=\"og:locale\" content=\"es_ES\" \/>\n<meta property=\"og:type\" content=\"article\" \/>\n<meta property=\"og:title\" content=\"CM408 BT4 - Audibax\" \/>\n<meta property=\"og:description\" content=\"Rejilla Magnetica  Tama\u00f1o Woofer: 5 Pulgadas  Tama\u00f1o Tweeter: 1.3 cm  Impedancia: 8 ohm  Potencia: 2 x 30w RMS  Se vende por Pareja\" \/>\n<meta property=\"og:url\" content=\"https:\/\/audibax.com\/es\/producto\/cm408-bt4-white-2\/\" \/>\n<meta property=\"og:site_name\" content=\"Audibax\" \/>\n<meta property=\"article:modified_time\" content=\"2024-06-25T08:54:17+00:00\" \/>\n<meta property=\"og:image\" content=\"https:\/\/audibax.com\/wp-content\/uploads\/2023\/12\/audibax-cm508-bt.jpg\" \/>\n\t<meta property=\"og:image:width\" content=\"1000\" \/>\n\t<meta property=\"og:image:height\" content=\"500\" \/>\n\t<meta property=\"og:image:type\" content=\"image\/jpeg\" \/>\n<meta name=\"twitter:card\" content=\"summary_large_image\" \/>\n<meta name=\"twitter:label1\" content=\"Tiempo de lectura\" \/>\n\t<meta name=\"twitter:data1\" content=\"2 minutos\" \/>\n<script type=\"application\/ld+json\" class=\"yoast-schema-graph\">{\"@context\":\"https:\/\/schema.org\",\"@graph\":[{\"@type\":\"WebPage\",\"@id\":\"https:\/\/audibax.com\/es\/producto\/cm408-bt4-white-2\/\",\"url\":\"https:\/\/audibax.com\/es\/producto\/cm408-bt4-white-2\/\",\"name\":\"CM408 BT4 - Audibax\",\"isPartOf\":{\"@id\":\"https:\/\/audibax.com\/es\/#website\"},\"primaryImageOfPage\":{\"@id\":\"https:\/\/audibax.com\/es\/producto\/cm408-bt4-white-2\/#primaryimage\"},\"image\":{\"@id\":\"https:\/\/audibax.com\/es\/producto\/cm408-bt4-white-2\/#primaryimage\"},\"thumbnailUrl\":\"https:\/\/audibax.com\/wp-content\/uploads\/2023\/12\/audibax-cm508-bt.jpg\",\"datePublished\":\"2023-12-11T12:48:34+00:00\",\"dateModified\":\"2024-06-25T08:54:17+00:00\",\"breadcrumb\":{\"@id\":\"https:\/\/audibax.com\/es\/producto\/cm408-bt4-white-2\/#breadcrumb\"},\"inLanguage\":\"es\",\"potentialAction\":[{\"@type\":\"ReadAction\",\"target\":[\"https:\/\/audibax.com\/es\/producto\/cm408-bt4-white-2\/\"]}]},{\"@type\":\"ImageObject\",\"inLanguage\":\"es\",\"@id\":\"https:\/\/audibax.com\/es\/producto\/cm408-bt4-white-2\/#primaryimage\",\"url\":\"https:\/\/audibax.com\/wp-content\/uploads\/2023\/12\/audibax-cm508-bt.jpg\",\"contentUrl\":\"https:\/\/audibax.com\/wp-content\/uploads\/2023\/12\/audibax-cm508-bt.jpg\",\"width\":1000,\"height\":500},{\"@type\":\"BreadcrumbList\",\"@id\":\"https:\/\/audibax.com\/es\/producto\/cm408-bt4-white-2\/#breadcrumb\",\"itemListElement\":[{\"@type\":\"ListItem\",\"position\":1,\"name\":\"Portada\",\"item\":\"https:\/\/audibax.com\/es\/\"},{\"@type\":\"ListItem\",\"position\":2,\"name\":\"Productos\",\"item\":\"https:\/\/audibax.com\/es\/shop\/\"},{\"@type\":\"ListItem\",\"position\":3,\"name\":\"CM408 BT4\"}]},{\"@type\":\"WebSite\",\"@id\":\"https:\/\/audibax.com\/es\/#website\",\"url\":\"https:\/\/audibax.com\/es\/\",\"name\":\"Audibax\",\"description\":\"\",\"publisher\":{\"@id\":\"https:\/\/audibax.com\/es\/#organization\"},\"potentialAction\":[{\"@type\":\"SearchAction\",\"target\":{\"@type\":\"EntryPoint\",\"urlTemplate\":\"https:\/\/audibax.com\/es\/?s={search_term_string}\"},\"query-input\":{\"@type\":\"PropertyValueSpecification\",\"valueRequired\":true,\"valueName\":\"search_term_string\"}}],\"inLanguage\":\"es\"},{\"@type\":\"Organization\",\"@id\":\"https:\/\/audibax.com\/es\/#organization\",\"name\":\"Audibax\",\"url\":\"https:\/\/audibax.com\/es\/\",\"logo\":{\"@type\":\"ImageObject\",\"inLanguage\":\"es\",\"@id\":\"https:\/\/audibax.com\/es\/#\/schema\/logo\/image\/\",\"url\":\"https:\/\/audibax.com\/wp-content\/uploads\/2023\/09\/logo-Audibax-BLANCO-SVG-1.svg\",\"contentUrl\":\"https:\/\/audibax.com\/wp-content\/uploads\/2023\/09\/logo-Audibax-BLANCO-SVG-1.svg\",\"caption\":\"Audibax\"},\"image\":{\"@id\":\"https:\/\/audibax.com\/es\/#\/schema\/logo\/image\/\"}}]}<\/script>\n<!-- \/ Yoast SEO plugin. -->","yoast_head_json":{"title":"CM408 BT4 - Audibax","robots":{"index":"index","follow":"follow","max-snippet":"max-snippet:-1","max-image-preview":"max-image-preview:large","max-video-preview":"max-video-preview:-1"},"canonical":"https:\/\/audibax.com\/es\/producto\/cm408-bt4-white-2\/","og_locale":"es_ES","og_type":"article","og_title":"CM408 BT4 - Audibax","og_description":"Rejilla Magnetica  Tama\u00f1o Woofer: 5 Pulgadas  Tama\u00f1o Tweeter: 1.3 cm  Impedancia: 8 ohm  Potencia: 2 x 30w RMS  Se vende por Pareja","og_url":"https:\/\/audibax.com\/es\/producto\/cm408-bt4-white-2\/","og_site_name":"Audibax","article_modified_time":"2024-06-25T08:54:17+00:00","og_image":[{"width":1000,"height":500,"url":"https:\/\/audibax.com\/wp-content\/uploads\/2023\/12\/audibax-cm508-bt.jpg","type":"image\/jpeg"}],"twitter_card":"summary_large_image","twitter_misc":{"Tiempo de lectura":"2 minutos"},"schema":{"@context":"https:\/\/schema.org","@graph":[{"@type":"WebPage","@id":"https:\/\/audibax.com\/es\/producto\/cm408-bt4-white-2\/","url":"https:\/\/audibax.com\/es\/producto\/cm408-bt4-white-2\/","name":"CM408 BT4 - Audibax","isPartOf":{"@id":"https:\/\/audibax.com\/es\/#website"},"primaryImageOfPage":{"@id":"https:\/\/audibax.com\/es\/producto\/cm408-bt4-white-2\/#primaryimage"},"image":{"@id":"https:\/\/audibax.com\/es\/producto\/cm408-bt4-white-2\/#primaryimage"},"thumbnailUrl":"https:\/\/audibax.com\/wp-content\/uploads\/2023\/12\/audibax-cm508-bt.jpg","datePublished":"2023-12-11T12:48:34+00:00","dateModified":"2024-06-25T08:54:17+00:00","breadcrumb":{"@id":"https:\/\/audibax.com\/es\/producto\/cm408-bt4-white-2\/#breadcrumb"},"inLanguage":"es","potentialAction":[{"@type":"ReadAction","target":["https:\/\/audibax.com\/es\/producto\/cm408-bt4-white-2\/"]}]},{"@type":"ImageObject","inLanguage":"es","@id":"https:\/\/audibax.com\/es\/producto\/cm408-bt4-white-2\/#primaryimage","url":"https:\/\/audibax.com\/wp-content\/uploads\/2023\/12\/audibax-cm508-bt.jpg","contentUrl":"https:\/\/audibax.com\/wp-content\/uploads\/2023\/12\/audibax-cm508-bt.jpg","width":1000,"height":500},{"@type":"BreadcrumbList","@id":"https:\/\/audibax.com\/es\/producto\/cm408-bt4-white-2\/#breadcrumb","itemListElement":[{"@type":"ListItem","position":1,"name":"Portada","item":"https:\/\/audibax.com\/es\/"},{"@type":"ListItem","position":2,"name":"Productos","item":"https:\/\/audibax.com\/es\/shop\/"},{"@type":"ListItem","position":3,"name":"CM408 BT4"}]},{"@type":"WebSite","@id":"https:\/\/audibax.com\/es\/#website","url":"https:\/\/audibax.com\/es\/","name":"Audibax","description":"","publisher":{"@id":"https:\/\/audibax.com\/es\/#organization"},"potentialAction":[{"@type":"SearchAction","target":{"@type":"EntryPoint","urlTemplate":"https:\/\/audibax.com\/es\/?s={search_term_string}"},"query-input":{"@type":"PropertyValueSpecification","valueRequired":true,"valueName":"search_term_string"}}],"inLanguage":"es"},{"@type":"Organization","@id":"https:\/\/audibax.com\/es\/#organization","name":"Audibax","url":"https:\/\/audibax.com\/es\/","logo":{"@type":"ImageObject","inLanguage":"es","@id":"https:\/\/audibax.com\/es\/#\/schema\/logo\/image\/","url":"https:\/\/audibax.com\/wp-content\/uploads\/2023\/09\/logo-Audibax-BLANCO-SVG-1.svg","contentUrl":"https:\/\/audibax.com\/wp-content\/uploads\/2023\/09\/logo-Audibax-BLANCO-SVG-1.svg","caption":"Audibax"},"image":{"@id":"https:\/\/audibax.com\/es\/#\/schema\/logo\/image\/"}}]}},"_links":{"self":[{"href":"https:\/\/audibax.com\/es\/wp-json\/wp\/v2\/product\/35306","targetHints":{"allow":["GET"]}}],"collection":[{"href":"https:\/\/audibax.com\/es\/wp-json\/wp\/v2\/product"}],"about":[{"href":"https:\/\/audibax.com\/es\/wp-json\/wp\/v2\/types\/product"}],"replies":[{"embeddable":true,"href":"https:\/\/audibax.com\/es\/wp-json\/wp\/v2\/comments?post=35306"}],"wp:featuredmedia":[{"embeddable":true,"href":"https:\/\/audibax.com\/es\/wp-json\/wp\/v2\/media\/17038"}],"wp:attachment":[{"href":"https:\/\/audibax.com\/es\/wp-json\/wp\/v2\/media?parent=35306"}],"wp:term":[{"taxonomy":"product_cat","embeddable":true,"href":"https:\/\/audibax.com\/es\/wp-json\/wp\/v2\/product_cat?post=35306"},{"taxonomy":"product_tag","embeddable":true,"href":"https:\/\/audibax.com\/es\/wp-json\/wp\/v2\/product_tag?post=35306"}],"curies":[{"name":"wp","href":"https:\/\/api.w.org\/{rel}","templated":true}]}}