{"id":35305,"date":"2023-12-11T13:48:32","date_gmt":"2023-12-11T12:48:32","guid":{"rendered":"https:\/\/audibax.com\/product\/ga08t-white-2\/"},"modified":"2025-10-20T09:27:28","modified_gmt":"2025-10-20T07:27:28","slug":"ga08t-white-2","status":"publish","type":"product","link":"https:\/\/audibax.com\/es\/producto\/ga08t-white-2\/","title":{"rendered":"GA08T White"},"content":{"rendered":"<p><strong>El altavoz Audibax GA08-T<\/strong>\u00a0es un altavoz de empotrar pasivo de l\u00ednea de 100V de alta calidad. Cuenta con un woofer de 8 pulgadas y un twetter de 1.3cm. Gracias a su alta calidad, ofrece un sonido potente que, a\u00f1adido a su f\u00e1cil sistema de instalaci\u00f3n, convierten al Audibax GA08-T en tu mejor aliado para conseguir el sonido que est\u00e1s buscando para tu local, restaurante, hotel, teatro, &#8230; \u00a1cons\u00edguelo ya por un precio muy econ\u00f3mico!<\/p>\n<p>&nbsp;<\/p>\n<h2>Especificaciones T\u00e9cnicas<\/h2>\n<p>&nbsp;<\/p>\n<ul>\n<li>Di\u00e1metro Exterior: 28 cm<\/li>\n<li>Profundidad: 8.8 cm<\/li>\n<li>Tama\u00f1o Woofer: 8&#8243;<\/li>\n<li>Tama\u00f1o Tweteer: 1.3cm<\/li>\n<li>Potencia: 2.5W \/ 5W \/ 10W<\/li>\n<li>SPL: 89<\/li>\n<li>Frecuencia: 60HZ-20KHZ<\/li>\n<li>Material: ABS<\/li>\n<li>Material Rejilla: Metal<\/li>\n<li>Di\u00e1metro de montaje:\u00a0\u00f8250mm<\/li>\n<\/ul>\n","protected":false},"excerpt":{"rendered":"<ul>\n<li>Di\u00e1metro Exterior: 28 cm<\/li>\n<li>Profundidad: 8.8 cm<\/li>\n<li><strong>Tama\u00f1o Woofer: 8&#8243;<\/strong><\/li>\n<li>Tama\u00f1o Tweteer: 1.3cm<\/li>\n<li>Impedancia: 8 ohm<\/li>\n<li><strong>Potencia: 2.5W \/ 5W \/ 10W<\/strong><\/li>\n<\/ul>\n","protected":false},"featured_media":17200,"comment_status":"open","ping_status":"closed","template":"","meta":{"_acf_changed":false},"product_cat":[410],"product_tag":[],"class_list":{"0":"post-35305","1":"product","2":"type-product","3":"status-publish","4":"has-post-thumbnail","6":"product_cat-altavoces-de-techo","8":"first","9":"instock","10":"shipping-taxable","11":"product-type-simple"},"acf":[],"yoast_head":"<!-- This site is optimized with the Yoast SEO plugin v27.0 - https:\/\/yoast.com\/product\/yoast-seo-wordpress\/ -->\n<title>GA08T White - Audibax<\/title>\n<meta name=\"robots\" content=\"index, follow, max-snippet:-1, max-image-preview:large, max-video-preview:-1\" \/>\n<link rel=\"canonical\" href=\"https:\/\/audibax.com\/es\/producto\/ga08t-white-2\/\" \/>\n<meta property=\"og:locale\" content=\"es_ES\" \/>\n<meta property=\"og:type\" content=\"article\" \/>\n<meta property=\"og:title\" content=\"GA08T White - Audibax\" \/>\n<meta property=\"og:description\" content=\"Di\u00e1metro Exterior: 28 cm  Profundidad: 8.8 cm  Tama\u00f1o Woofer: 8&quot;  Tama\u00f1o Tweteer: 1.3cm  Impedancia: 8 ohm  Potencia: 2.5W \/ 5W \/ 10W\" \/>\n<meta property=\"og:url\" content=\"https:\/\/audibax.com\/es\/producto\/ga08t-white-2\/\" \/>\n<meta property=\"og:site_name\" content=\"Audibax\" \/>\n<meta property=\"article:modified_time\" content=\"2025-10-20T07:27:28+00:00\" \/>\n<meta property=\"og:image\" content=\"https:\/\/audibax.com\/wp-content\/uploads\/2023\/12\/audibax-ga-08-t.jpg\" \/>\n\t<meta property=\"og:image:width\" content=\"1000\" \/>\n\t<meta property=\"og:image:height\" content=\"500\" \/>\n\t<meta property=\"og:image:type\" content=\"image\/jpeg\" \/>\n<meta name=\"twitter:card\" content=\"summary_large_image\" \/>\n<meta name=\"twitter:label1\" content=\"Tiempo de lectura\" \/>\n\t<meta name=\"twitter:data1\" content=\"1 minuto\" \/>\n<script type=\"application\/ld+json\" class=\"yoast-schema-graph\">{\"@context\":\"https:\/\/schema.org\",\"@graph\":[{\"@type\":\"WebPage\",\"@id\":\"https:\/\/audibax.com\/es\/producto\/ga08t-white-2\/\",\"url\":\"https:\/\/audibax.com\/es\/producto\/ga08t-white-2\/\",\"name\":\"GA08T White - Audibax\",\"isPartOf\":{\"@id\":\"https:\/\/audibax.com\/es\/#website\"},\"primaryImageOfPage\":{\"@id\":\"https:\/\/audibax.com\/es\/producto\/ga08t-white-2\/#primaryimage\"},\"image\":{\"@id\":\"https:\/\/audibax.com\/es\/producto\/ga08t-white-2\/#primaryimage\"},\"thumbnailUrl\":\"https:\/\/audibax.com\/wp-content\/uploads\/2023\/12\/audibax-ga-08-t.jpg\",\"datePublished\":\"2023-12-11T12:48:32+00:00\",\"dateModified\":\"2025-10-20T07:27:28+00:00\",\"breadcrumb\":{\"@id\":\"https:\/\/audibax.com\/es\/producto\/ga08t-white-2\/#breadcrumb\"},\"inLanguage\":\"es\",\"potentialAction\":[{\"@type\":\"ReadAction\",\"target\":[\"https:\/\/audibax.com\/es\/producto\/ga08t-white-2\/\"]}]},{\"@type\":\"ImageObject\",\"inLanguage\":\"es\",\"@id\":\"https:\/\/audibax.com\/es\/producto\/ga08t-white-2\/#primaryimage\",\"url\":\"https:\/\/audibax.com\/wp-content\/uploads\/2023\/12\/audibax-ga-08-t.jpg\",\"contentUrl\":\"https:\/\/audibax.com\/wp-content\/uploads\/2023\/12\/audibax-ga-08-t.jpg\",\"width\":1000,\"height\":500},{\"@type\":\"BreadcrumbList\",\"@id\":\"https:\/\/audibax.com\/es\/producto\/ga08t-white-2\/#breadcrumb\",\"itemListElement\":[{\"@type\":\"ListItem\",\"position\":1,\"name\":\"Portada\",\"item\":\"https:\/\/audibax.com\/es\/\"},{\"@type\":\"ListItem\",\"position\":2,\"name\":\"Productos\",\"item\":\"https:\/\/audibax.com\/es\/shop\/\"},{\"@type\":\"ListItem\",\"position\":3,\"name\":\"GA08T White\"}]},{\"@type\":\"WebSite\",\"@id\":\"https:\/\/audibax.com\/es\/#website\",\"url\":\"https:\/\/audibax.com\/es\/\",\"name\":\"Audibax\",\"description\":\"\",\"publisher\":{\"@id\":\"https:\/\/audibax.com\/es\/#organization\"},\"potentialAction\":[{\"@type\":\"SearchAction\",\"target\":{\"@type\":\"EntryPoint\",\"urlTemplate\":\"https:\/\/audibax.com\/es\/?s={search_term_string}\"},\"query-input\":{\"@type\":\"PropertyValueSpecification\",\"valueRequired\":true,\"valueName\":\"search_term_string\"}}],\"inLanguage\":\"es\"},{\"@type\":\"Organization\",\"@id\":\"https:\/\/audibax.com\/es\/#organization\",\"name\":\"Audibax\",\"url\":\"https:\/\/audibax.com\/es\/\",\"logo\":{\"@type\":\"ImageObject\",\"inLanguage\":\"es\",\"@id\":\"https:\/\/audibax.com\/es\/#\/schema\/logo\/image\/\",\"url\":\"https:\/\/audibax.com\/wp-content\/uploads\/2023\/09\/logo-Audibax-BLANCO-SVG-1.svg\",\"contentUrl\":\"https:\/\/audibax.com\/wp-content\/uploads\/2023\/09\/logo-Audibax-BLANCO-SVG-1.svg\",\"caption\":\"Audibax\"},\"image\":{\"@id\":\"https:\/\/audibax.com\/es\/#\/schema\/logo\/image\/\"}}]}<\/script>\n<!-- \/ Yoast SEO plugin. -->","yoast_head_json":{"title":"GA08T White - Audibax","robots":{"index":"index","follow":"follow","max-snippet":"max-snippet:-1","max-image-preview":"max-image-preview:large","max-video-preview":"max-video-preview:-1"},"canonical":"https:\/\/audibax.com\/es\/producto\/ga08t-white-2\/","og_locale":"es_ES","og_type":"article","og_title":"GA08T White - Audibax","og_description":"Di\u00e1metro Exterior: 28 cm  Profundidad: 8.8 cm  Tama\u00f1o Woofer: 8\"  Tama\u00f1o Tweteer: 1.3cm  Impedancia: 8 ohm  Potencia: 2.5W \/ 5W \/ 10W","og_url":"https:\/\/audibax.com\/es\/producto\/ga08t-white-2\/","og_site_name":"Audibax","article_modified_time":"2025-10-20T07:27:28+00:00","og_image":[{"width":1000,"height":500,"url":"https:\/\/audibax.com\/wp-content\/uploads\/2023\/12\/audibax-ga-08-t.jpg","type":"image\/jpeg"}],"twitter_card":"summary_large_image","twitter_misc":{"Tiempo de lectura":"1 minuto"},"schema":{"@context":"https:\/\/schema.org","@graph":[{"@type":"WebPage","@id":"https:\/\/audibax.com\/es\/producto\/ga08t-white-2\/","url":"https:\/\/audibax.com\/es\/producto\/ga08t-white-2\/","name":"GA08T White - Audibax","isPartOf":{"@id":"https:\/\/audibax.com\/es\/#website"},"primaryImageOfPage":{"@id":"https:\/\/audibax.com\/es\/producto\/ga08t-white-2\/#primaryimage"},"image":{"@id":"https:\/\/audibax.com\/es\/producto\/ga08t-white-2\/#primaryimage"},"thumbnailUrl":"https:\/\/audibax.com\/wp-content\/uploads\/2023\/12\/audibax-ga-08-t.jpg","datePublished":"2023-12-11T12:48:32+00:00","dateModified":"2025-10-20T07:27:28+00:00","breadcrumb":{"@id":"https:\/\/audibax.com\/es\/producto\/ga08t-white-2\/#breadcrumb"},"inLanguage":"es","potentialAction":[{"@type":"ReadAction","target":["https:\/\/audibax.com\/es\/producto\/ga08t-white-2\/"]}]},{"@type":"ImageObject","inLanguage":"es","@id":"https:\/\/audibax.com\/es\/producto\/ga08t-white-2\/#primaryimage","url":"https:\/\/audibax.com\/wp-content\/uploads\/2023\/12\/audibax-ga-08-t.jpg","contentUrl":"https:\/\/audibax.com\/wp-content\/uploads\/2023\/12\/audibax-ga-08-t.jpg","width":1000,"height":500},{"@type":"BreadcrumbList","@id":"https:\/\/audibax.com\/es\/producto\/ga08t-white-2\/#breadcrumb","itemListElement":[{"@type":"ListItem","position":1,"name":"Portada","item":"https:\/\/audibax.com\/es\/"},{"@type":"ListItem","position":2,"name":"Productos","item":"https:\/\/audibax.com\/es\/shop\/"},{"@type":"ListItem","position":3,"name":"GA08T White"}]},{"@type":"WebSite","@id":"https:\/\/audibax.com\/es\/#website","url":"https:\/\/audibax.com\/es\/","name":"Audibax","description":"","publisher":{"@id":"https:\/\/audibax.com\/es\/#organization"},"potentialAction":[{"@type":"SearchAction","target":{"@type":"EntryPoint","urlTemplate":"https:\/\/audibax.com\/es\/?s={search_term_string}"},"query-input":{"@type":"PropertyValueSpecification","valueRequired":true,"valueName":"search_term_string"}}],"inLanguage":"es"},{"@type":"Organization","@id":"https:\/\/audibax.com\/es\/#organization","name":"Audibax","url":"https:\/\/audibax.com\/es\/","logo":{"@type":"ImageObject","inLanguage":"es","@id":"https:\/\/audibax.com\/es\/#\/schema\/logo\/image\/","url":"https:\/\/audibax.com\/wp-content\/uploads\/2023\/09\/logo-Audibax-BLANCO-SVG-1.svg","contentUrl":"https:\/\/audibax.com\/wp-content\/uploads\/2023\/09\/logo-Audibax-BLANCO-SVG-1.svg","caption":"Audibax"},"image":{"@id":"https:\/\/audibax.com\/es\/#\/schema\/logo\/image\/"}}]}},"_links":{"self":[{"href":"https:\/\/audibax.com\/es\/wp-json\/wp\/v2\/product\/35305","targetHints":{"allow":["GET"]}}],"collection":[{"href":"https:\/\/audibax.com\/es\/wp-json\/wp\/v2\/product"}],"about":[{"href":"https:\/\/audibax.com\/es\/wp-json\/wp\/v2\/types\/product"}],"replies":[{"embeddable":true,"href":"https:\/\/audibax.com\/es\/wp-json\/wp\/v2\/comments?post=35305"}],"wp:featuredmedia":[{"embeddable":true,"href":"https:\/\/audibax.com\/es\/wp-json\/wp\/v2\/media\/17200"}],"wp:attachment":[{"href":"https:\/\/audibax.com\/es\/wp-json\/wp\/v2\/media?parent=35305"}],"wp:term":[{"taxonomy":"product_cat","embeddable":true,"href":"https:\/\/audibax.com\/es\/wp-json\/wp\/v2\/product_cat?post=35305"},{"taxonomy":"product_tag","embeddable":true,"href":"https:\/\/audibax.com\/es\/wp-json\/wp\/v2\/product_tag?post=35305"}],"curies":[{"name":"wp","href":"https:\/\/api.w.org\/{rel}","templated":true}]}}