{"id":35301,"date":"2023-12-11T13:48:14","date_gmt":"2023-12-11T12:48:14","guid":{"rendered":"https:\/\/audibax.com\/product\/roma-120-go-black-2\/"},"modified":"2025-12-15T13:20:40","modified_gmt":"2025-12-15T12:20:40","slug":"roma-120-go-black-2","status":"publish","type":"product","link":"https:\/\/audibax.com\/es\/producto\/roma-120-go-black-2\/","title":{"rendered":"Roma 120 Go Black"},"content":{"rendered":"<p><strong>Caracter\u00edsticas<\/strong><\/p>\n<ul>\n<li>El <strong>Audibax Roma 120 Go<\/strong> es un altavoz activo inal\u00e1mbrico con bater\u00eda que cuenta con un revolucionario amplificador Clase D, ofreciendo un rendimiento y una potencia incre\u00edbles.<\/li>\n<li>Nuestro altavoz <strong>Roma 120 Go<\/strong> est\u00e1 equipado con una bater\u00eda\u00a0recargable de iones de litio 6 piezas 1500 mAh 18650.<\/li>\n<li>Cuenta con 2 entradas XLR \/ USB y una salida de l\u00ednea XLR.<\/li>\n<li>Dispone de conexi\u00f3n Bluetooth y admite la funci\u00f3n TWS.<\/li>\n<li>Este vers\u00e1til sistema funciona en diferentes modos. Se puede colocar inclinado hacia atr\u00e1s en el suelo para actuaciones en las que el p\u00fablico est\u00e1 cerca, usarse como monitor de suelo profesional, e incluso colocarse en un soporte de altavoz de 35 mm.<\/li>\n<\/ul>\n<p><strong>Especificaciones<\/strong><\/p>\n<ul>\n<li>Altavoz Activo con bater\u00eda y Bluetooth 6.5&#8243; 120W<\/li>\n<li>Tipo: Sistema de megafon\u00eda todo en uno alimentado por bater\u00eda<\/li>\n<li>Respuesta de frecuencia (-6dB): 60 Hz &#8211; 18 kHz<\/li>\n<li>Potencia: RMS 60W \/ Pico 120W<\/li>\n<li>Transductor BF: Subwoofer de 1 * 6.5 \u00ab, bobina de voz de 1\u00bb<\/li>\n<li>Transductor de alta frecuencia: Tweeter de c\u00fapula de 0,8\u00bb<\/li>\n<li>Amplificaci\u00f3n: Clase D con reproductor de MP3<\/li>\n<li>M\u00e1x. SPL (1m, espacio libre): 102dB<\/li>\n<li>Impedancia: 4 Ohm<\/li>\n<li>N\u00famero de canales del mezclador:\u00a03<\/li>\n<li>N\u00famero de preamplificadores de micr\u00f3fono:\u00a02<\/li>\n<li>Ecualizador de canal de 2 bandas<\/li>\n<li>Entradas: 2 * entrada XLR \/ USB<\/li>\n<li>Salida: 1 salida de l\u00ednea XLR.<\/li>\n<li>Fuente de alimentaci\u00f3n: 110~240V 50 \/ 60Hz<\/li>\n<li>Bluetooth: S\u00ed, y admite la funci\u00f3n TWS<\/li>\n<li>Bater\u00eda recargable de iones de litio 6 piezas 1500 mAh 18650<\/li>\n<li>Opciones de montaje: Montaje en poste de 35 mm, inclinaci\u00f3n hacia atr\u00e1s, monitor de suelo, montaje en pared Soportes no incluidos.<\/li>\n<li>Material: Pl\u00e1stico polipropileno<\/li>\n<li>Incluye funda<\/li>\n<li>Medidas: 28.5 x 25 x 34.5 cm<\/li>\n<li>Peso: 6,78kg<\/li>\n<\/ul>\n<p><a href=\"https:\/\/dolibarr-new-prod.madridhifi.com\/crm\/documents\/produit\/7427244398800\/10225389\/photos\/pdf\/3\/Seguridad%20y%20operativa%20en%20el%20manejo%20de%20bater%C3%ADas%20Audibax.pdf\" data-cke-saved-href=\"https:\/\/dolibarr-new-prod.madridhifi.com\/crm\/documents\/produit\/7427244398800\/10225389\/photos\/pdf\/3\/Seguridad%20y%20operativa%20en%20el%20manejo%20de%20bater%C3%ADas%20Audibax.pdf\">REVISE:\u00a0Seguridad y operativa en el manejo de bater\u00edas<\/a><\/p>\n","protected":false},"excerpt":{"rendered":"<ul>\n<li>Altavoz Activo con bater\u00eda<\/li>\n<li>Tama\u00f1o: 6.5&#8243;<\/li>\n<li>Potencia: 60W RMS<\/li>\n<li>Potencia Pico: 120W<\/li>\n<li>Conexi\u00f3n Bluetooth<\/li>\n<\/ul>\n","protected":false},"featured_media":17617,"comment_status":"open","ping_status":"closed","template":"","meta":{"_acf_changed":false},"product_cat":[250,408,406,414,394],"product_tag":[],"class_list":{"0":"post-35301","1":"product","2":"type-product","3":"status-publish","4":"has-post-thumbnail","6":"product_cat-altavoces","7":"product_cat-altavoces-bluetooth","8":"product_cat-altavoces-de-bateria","9":"product_cat-sistemas-pa","10":"product_cat-sonido-pa","12":"first","13":"instock","14":"shipping-taxable","15":"product-type-simple"},"acf":[],"yoast_head":"<!-- This site is optimized with the Yoast SEO plugin v27.0 - https:\/\/yoast.com\/product\/yoast-seo-wordpress\/ -->\n<title>Roma 120 Go Black - Audibax<\/title>\n<meta name=\"robots\" content=\"index, follow, max-snippet:-1, max-image-preview:large, max-video-preview:-1\" \/>\n<link rel=\"canonical\" href=\"https:\/\/audibax.com\/es\/producto\/roma-120-go-black-2\/\" \/>\n<meta property=\"og:locale\" content=\"es_ES\" \/>\n<meta property=\"og:type\" content=\"article\" \/>\n<meta property=\"og:title\" content=\"Roma 120 Go Black - Audibax\" \/>\n<meta property=\"og:description\" content=\"Altavoz Activo con bater\u00eda  Tama\u00f1o: 6.5&quot;  Potencia: 60W RMS  Potencia Pico: 120W  Conexi\u00f3n Bluetooth\" \/>\n<meta property=\"og:url\" content=\"https:\/\/audibax.com\/es\/producto\/roma-120-go-black-2\/\" \/>\n<meta property=\"og:site_name\" content=\"Audibax\" \/>\n<meta property=\"article:modified_time\" content=\"2025-12-15T12:20:40+00:00\" \/>\n<meta property=\"og:image\" content=\"https:\/\/audibax.com\/wp-content\/uploads\/2023\/12\/audibax-roma-120-go-funda-ladeada.jpg\" \/>\n\t<meta property=\"og:image:width\" content=\"1000\" \/>\n\t<meta property=\"og:image:height\" content=\"500\" \/>\n\t<meta property=\"og:image:type\" content=\"image\/jpeg\" \/>\n<meta name=\"twitter:card\" content=\"summary_large_image\" \/>\n<meta name=\"twitter:label1\" content=\"Tiempo de lectura\" \/>\n\t<meta name=\"twitter:data1\" content=\"2 minutos\" \/>\n<script type=\"application\/ld+json\" class=\"yoast-schema-graph\">{\"@context\":\"https:\/\/schema.org\",\"@graph\":[{\"@type\":\"WebPage\",\"@id\":\"https:\/\/audibax.com\/es\/producto\/roma-120-go-black-2\/\",\"url\":\"https:\/\/audibax.com\/es\/producto\/roma-120-go-black-2\/\",\"name\":\"Roma 120 Go Black - Audibax\",\"isPartOf\":{\"@id\":\"https:\/\/audibax.com\/es\/#website\"},\"primaryImageOfPage\":{\"@id\":\"https:\/\/audibax.com\/es\/producto\/roma-120-go-black-2\/#primaryimage\"},\"image\":{\"@id\":\"https:\/\/audibax.com\/es\/producto\/roma-120-go-black-2\/#primaryimage\"},\"thumbnailUrl\":\"https:\/\/audibax.com\/wp-content\/uploads\/2023\/12\/audibax-roma-120-go-funda-ladeada.jpg\",\"datePublished\":\"2023-12-11T12:48:14+00:00\",\"dateModified\":\"2025-12-15T12:20:40+00:00\",\"breadcrumb\":{\"@id\":\"https:\/\/audibax.com\/es\/producto\/roma-120-go-black-2\/#breadcrumb\"},\"inLanguage\":\"es\",\"potentialAction\":[{\"@type\":\"ReadAction\",\"target\":[\"https:\/\/audibax.com\/es\/producto\/roma-120-go-black-2\/\"]}]},{\"@type\":\"ImageObject\",\"inLanguage\":\"es\",\"@id\":\"https:\/\/audibax.com\/es\/producto\/roma-120-go-black-2\/#primaryimage\",\"url\":\"https:\/\/audibax.com\/wp-content\/uploads\/2023\/12\/audibax-roma-120-go-funda-ladeada.jpg\",\"contentUrl\":\"https:\/\/audibax.com\/wp-content\/uploads\/2023\/12\/audibax-roma-120-go-funda-ladeada.jpg\",\"width\":1000,\"height\":500},{\"@type\":\"BreadcrumbList\",\"@id\":\"https:\/\/audibax.com\/es\/producto\/roma-120-go-black-2\/#breadcrumb\",\"itemListElement\":[{\"@type\":\"ListItem\",\"position\":1,\"name\":\"Portada\",\"item\":\"https:\/\/audibax.com\/es\/\"},{\"@type\":\"ListItem\",\"position\":2,\"name\":\"Productos\",\"item\":\"https:\/\/audibax.com\/es\/shop\/\"},{\"@type\":\"ListItem\",\"position\":3,\"name\":\"Roma 120 Go Black\"}]},{\"@type\":\"WebSite\",\"@id\":\"https:\/\/audibax.com\/es\/#website\",\"url\":\"https:\/\/audibax.com\/es\/\",\"name\":\"Audibax\",\"description\":\"\",\"publisher\":{\"@id\":\"https:\/\/audibax.com\/es\/#organization\"},\"potentialAction\":[{\"@type\":\"SearchAction\",\"target\":{\"@type\":\"EntryPoint\",\"urlTemplate\":\"https:\/\/audibax.com\/es\/?s={search_term_string}\"},\"query-input\":{\"@type\":\"PropertyValueSpecification\",\"valueRequired\":true,\"valueName\":\"search_term_string\"}}],\"inLanguage\":\"es\"},{\"@type\":\"Organization\",\"@id\":\"https:\/\/audibax.com\/es\/#organization\",\"name\":\"Audibax\",\"url\":\"https:\/\/audibax.com\/es\/\",\"logo\":{\"@type\":\"ImageObject\",\"inLanguage\":\"es\",\"@id\":\"https:\/\/audibax.com\/es\/#\/schema\/logo\/image\/\",\"url\":\"https:\/\/audibax.com\/wp-content\/uploads\/2023\/09\/logo-Audibax-BLANCO-SVG-1.svg\",\"contentUrl\":\"https:\/\/audibax.com\/wp-content\/uploads\/2023\/09\/logo-Audibax-BLANCO-SVG-1.svg\",\"caption\":\"Audibax\"},\"image\":{\"@id\":\"https:\/\/audibax.com\/es\/#\/schema\/logo\/image\/\"}}]}<\/script>\n<!-- \/ Yoast SEO plugin. -->","yoast_head_json":{"title":"Roma 120 Go Black - Audibax","robots":{"index":"index","follow":"follow","max-snippet":"max-snippet:-1","max-image-preview":"max-image-preview:large","max-video-preview":"max-video-preview:-1"},"canonical":"https:\/\/audibax.com\/es\/producto\/roma-120-go-black-2\/","og_locale":"es_ES","og_type":"article","og_title":"Roma 120 Go Black - Audibax","og_description":"Altavoz Activo con bater\u00eda  Tama\u00f1o: 6.5\"  Potencia: 60W RMS  Potencia Pico: 120W  Conexi\u00f3n Bluetooth","og_url":"https:\/\/audibax.com\/es\/producto\/roma-120-go-black-2\/","og_site_name":"Audibax","article_modified_time":"2025-12-15T12:20:40+00:00","og_image":[{"width":1000,"height":500,"url":"https:\/\/audibax.com\/wp-content\/uploads\/2023\/12\/audibax-roma-120-go-funda-ladeada.jpg","type":"image\/jpeg"}],"twitter_card":"summary_large_image","twitter_misc":{"Tiempo de lectura":"2 minutos"},"schema":{"@context":"https:\/\/schema.org","@graph":[{"@type":"WebPage","@id":"https:\/\/audibax.com\/es\/producto\/roma-120-go-black-2\/","url":"https:\/\/audibax.com\/es\/producto\/roma-120-go-black-2\/","name":"Roma 120 Go Black - Audibax","isPartOf":{"@id":"https:\/\/audibax.com\/es\/#website"},"primaryImageOfPage":{"@id":"https:\/\/audibax.com\/es\/producto\/roma-120-go-black-2\/#primaryimage"},"image":{"@id":"https:\/\/audibax.com\/es\/producto\/roma-120-go-black-2\/#primaryimage"},"thumbnailUrl":"https:\/\/audibax.com\/wp-content\/uploads\/2023\/12\/audibax-roma-120-go-funda-ladeada.jpg","datePublished":"2023-12-11T12:48:14+00:00","dateModified":"2025-12-15T12:20:40+00:00","breadcrumb":{"@id":"https:\/\/audibax.com\/es\/producto\/roma-120-go-black-2\/#breadcrumb"},"inLanguage":"es","potentialAction":[{"@type":"ReadAction","target":["https:\/\/audibax.com\/es\/producto\/roma-120-go-black-2\/"]}]},{"@type":"ImageObject","inLanguage":"es","@id":"https:\/\/audibax.com\/es\/producto\/roma-120-go-black-2\/#primaryimage","url":"https:\/\/audibax.com\/wp-content\/uploads\/2023\/12\/audibax-roma-120-go-funda-ladeada.jpg","contentUrl":"https:\/\/audibax.com\/wp-content\/uploads\/2023\/12\/audibax-roma-120-go-funda-ladeada.jpg","width":1000,"height":500},{"@type":"BreadcrumbList","@id":"https:\/\/audibax.com\/es\/producto\/roma-120-go-black-2\/#breadcrumb","itemListElement":[{"@type":"ListItem","position":1,"name":"Portada","item":"https:\/\/audibax.com\/es\/"},{"@type":"ListItem","position":2,"name":"Productos","item":"https:\/\/audibax.com\/es\/shop\/"},{"@type":"ListItem","position":3,"name":"Roma 120 Go Black"}]},{"@type":"WebSite","@id":"https:\/\/audibax.com\/es\/#website","url":"https:\/\/audibax.com\/es\/","name":"Audibax","description":"","publisher":{"@id":"https:\/\/audibax.com\/es\/#organization"},"potentialAction":[{"@type":"SearchAction","target":{"@type":"EntryPoint","urlTemplate":"https:\/\/audibax.com\/es\/?s={search_term_string}"},"query-input":{"@type":"PropertyValueSpecification","valueRequired":true,"valueName":"search_term_string"}}],"inLanguage":"es"},{"@type":"Organization","@id":"https:\/\/audibax.com\/es\/#organization","name":"Audibax","url":"https:\/\/audibax.com\/es\/","logo":{"@type":"ImageObject","inLanguage":"es","@id":"https:\/\/audibax.com\/es\/#\/schema\/logo\/image\/","url":"https:\/\/audibax.com\/wp-content\/uploads\/2023\/09\/logo-Audibax-BLANCO-SVG-1.svg","contentUrl":"https:\/\/audibax.com\/wp-content\/uploads\/2023\/09\/logo-Audibax-BLANCO-SVG-1.svg","caption":"Audibax"},"image":{"@id":"https:\/\/audibax.com\/es\/#\/schema\/logo\/image\/"}}]}},"_links":{"self":[{"href":"https:\/\/audibax.com\/es\/wp-json\/wp\/v2\/product\/35301","targetHints":{"allow":["GET"]}}],"collection":[{"href":"https:\/\/audibax.com\/es\/wp-json\/wp\/v2\/product"}],"about":[{"href":"https:\/\/audibax.com\/es\/wp-json\/wp\/v2\/types\/product"}],"replies":[{"embeddable":true,"href":"https:\/\/audibax.com\/es\/wp-json\/wp\/v2\/comments?post=35301"}],"wp:featuredmedia":[{"embeddable":true,"href":"https:\/\/audibax.com\/es\/wp-json\/wp\/v2\/media\/17617"}],"wp:attachment":[{"href":"https:\/\/audibax.com\/es\/wp-json\/wp\/v2\/media?parent=35301"}],"wp:term":[{"taxonomy":"product_cat","embeddable":true,"href":"https:\/\/audibax.com\/es\/wp-json\/wp\/v2\/product_cat?post=35301"},{"taxonomy":"product_tag","embeddable":true,"href":"https:\/\/audibax.com\/es\/wp-json\/wp\/v2\/product_tag?post=35301"}],"curies":[{"name":"wp","href":"https:\/\/api.w.org\/{rel}","templated":true}]}}