{"id":35295,"date":"2023-12-11T16:39:02","date_gmt":"2023-12-11T15:39:02","guid":{"rendered":"https:\/\/audibax.com\/product\/roma-80-go-black-2\/"},"modified":"2025-12-15T13:21:15","modified_gmt":"2025-12-15T12:21:15","slug":"roma-80-go-black-2","status":"publish","type":"product","link":"https:\/\/audibax.com\/es\/producto\/roma-80-go-black-2\/","title":{"rendered":"Roma 80 Go Black"},"content":{"rendered":"<p><span style=\"font-size: 14px;\"><strong>Caracter\u00edsticas<\/strong><\/span><\/p>\n<ul>\n<li>El\u00a0<strong>Audibax Roma 80 Go\u00a0<\/strong>es un altavoz activo inal\u00e1mbrico con un revolucionario amplificador Clase D, que ofrece una potencia y rendimiento increible.<\/li>\n<li>Nuestro altavoz\u00a0<strong>Roma 80 Go <\/strong>est\u00e1 equipado\u00a0con una bater\u00eda de litio, que le proporcionar\u00e1 una autonom\u00eda aproximada de 6 horas.<\/li>\n<li>Cuenta con entradas y salidas XLR; adem\u00e1s de con conexi\u00f3n Bluetooth con cobertura de hasta 15 metros, USB y auxiliar.<\/li>\n<li>Este vers\u00e1til sistema funciona en diferentes modos exclusivos. Se puede colocar inclinado hacia atr\u00e1s en el suelo para actuaciones en las que el p\u00fablico est\u00e1 cerca, usarse como monitor de piso profesional, e incluso colocarse en un soporte de altavoz, una mesa u otra superficie elevada para reforzar el sonido.<\/li>\n<\/ul>\n<p><strong>Especificaciones<\/strong><\/p>\n<ul>\n<li>Altavoz Activo con bater\u00eda Inal\u00e1mbrico Bluetooth 6.5&#8243; 80W<\/li>\n<li>Clase D<\/li>\n<li>Respuesta de frecuencia: 40Hz-18KHz<\/li>\n<li>Potencia: RMS 40W \/ Pico: 80W<\/li>\n<li>Woofer:\u00a0 6.5&#8243; 13OZ magnet 1.4\u00bbVC<\/li>\n<li>Tweeter:\u00a0 3&#215;3\u00bb Full range<\/li>\n<li>SPL:96db<\/li>\n<li>Impedancia:4\u03a9<\/li>\n<li>Entradas: XLR\/Jack 6.35\/RCA 3.5 AUX<\/li>\n<li>Salida: Aux 3.5mm\u00a0 XLR<\/li>\n<li>Conexi\u00f3n Bluetooth, Auxiliar y USB<\/li>\n<li>Fuente de alimentaci\u00f3n : 100V\/240V<\/li>\n<li>Con bater\u00eda de Litio: hasta 6 horas de audio continuo<\/li>\n<li>Admite montaje en soporte de 35 mm<\/li>\n<li>Color: Negro<\/li>\n<li>Medidas: 285 x 255 x 365 mm<\/li>\n<li>Peso: 9kg.<\/li>\n<\/ul>\n<p><a href=\"https:\/\/dolibarr-new-prod.madridhifi.com\/crm\/documents\/produit\/7427244398800\/10225389\/photos\/pdf\/3\/Seguridad%20y%20operativa%20en%20el%20manejo%20de%20bater%C3%ADas%20Audibax.pdf\" data-cke-saved-href=\"https:\/\/dolibarr-new-prod.madridhifi.com\/crm\/documents\/produit\/7427244398800\/10225389\/photos\/pdf\/3\/Seguridad%20y%20operativa%20en%20el%20manejo%20de%20bater%C3%ADas%20Audibax.pdf\">REVISE:\u00a0Seguridad y operativa en el manejo de bater\u00edas<\/a><\/p>\n","protected":false},"excerpt":{"rendered":"<ul>\n<li>Altavoz Activo con bater\u00eda Inal\u00e1mbrico<\/li>\n<li>Tama\u00f1o: 6.5&#8243;<\/li>\n<li>Potencia: 40W RMS<\/li>\n<li>Potencia pico: 80W<\/li>\n<li>Conexi\u00f3n Bluetooth, Auxiliar y USB<\/li>\n<\/ul>\n","protected":false},"featured_media":17614,"comment_status":"open","ping_status":"closed","template":"","meta":{"_acf_changed":false},"product_cat":[250,408,406,414,394],"product_tag":[],"class_list":{"0":"post-35295","1":"product","2":"type-product","3":"status-publish","4":"has-post-thumbnail","6":"product_cat-altavoces","7":"product_cat-altavoces-bluetooth","8":"product_cat-altavoces-de-bateria","9":"product_cat-sistemas-pa","10":"product_cat-sonido-pa","12":"first","13":"instock","14":"shipping-taxable","15":"product-type-simple"},"acf":[],"yoast_head":"<!-- This site is optimized with the Yoast SEO plugin v27.0 - https:\/\/yoast.com\/product\/yoast-seo-wordpress\/ -->\n<title>Roma 80 Go Black - Audibax<\/title>\n<meta name=\"robots\" content=\"index, follow, max-snippet:-1, max-image-preview:large, max-video-preview:-1\" \/>\n<link rel=\"canonical\" href=\"https:\/\/audibax.com\/es\/producto\/roma-80-go-black-2\/\" \/>\n<meta property=\"og:locale\" content=\"es_ES\" \/>\n<meta property=\"og:type\" content=\"article\" \/>\n<meta property=\"og:title\" content=\"Roma 80 Go Black - Audibax\" \/>\n<meta property=\"og:description\" content=\"Altavoz Activo con bater\u00eda Inal\u00e1mbrico  Tama\u00f1o: 6.5&quot;  Potencia: 40W RMS  Potencia pico: 80W  Conexi\u00f3n Bluetooth, Auxiliar y USB\" \/>\n<meta property=\"og:url\" content=\"https:\/\/audibax.com\/es\/producto\/roma-80-go-black-2\/\" \/>\n<meta property=\"og:site_name\" content=\"Audibax\" \/>\n<meta property=\"article:modified_time\" content=\"2025-12-15T12:21:15+00:00\" \/>\n<meta property=\"og:image\" content=\"https:\/\/audibax.com\/wp-content\/uploads\/2023\/12\/audibax-roma-80-go-1.jpg\" \/>\n\t<meta property=\"og:image:width\" content=\"1000\" \/>\n\t<meta property=\"og:image:height\" content=\"500\" \/>\n\t<meta property=\"og:image:type\" content=\"image\/jpeg\" \/>\n<meta name=\"twitter:card\" content=\"summary_large_image\" \/>\n<meta name=\"twitter:label1\" content=\"Tiempo de lectura\" \/>\n\t<meta name=\"twitter:data1\" content=\"2 minutos\" \/>\n<script type=\"application\/ld+json\" class=\"yoast-schema-graph\">{\"@context\":\"https:\/\/schema.org\",\"@graph\":[{\"@type\":\"WebPage\",\"@id\":\"https:\/\/audibax.com\/es\/producto\/roma-80-go-black-2\/\",\"url\":\"https:\/\/audibax.com\/es\/producto\/roma-80-go-black-2\/\",\"name\":\"Roma 80 Go Black - Audibax\",\"isPartOf\":{\"@id\":\"https:\/\/audibax.com\/es\/#website\"},\"primaryImageOfPage\":{\"@id\":\"https:\/\/audibax.com\/es\/producto\/roma-80-go-black-2\/#primaryimage\"},\"image\":{\"@id\":\"https:\/\/audibax.com\/es\/producto\/roma-80-go-black-2\/#primaryimage\"},\"thumbnailUrl\":\"https:\/\/audibax.com\/wp-content\/uploads\/2023\/12\/audibax-roma-80-go-1.jpg\",\"datePublished\":\"2023-12-11T15:39:02+00:00\",\"dateModified\":\"2025-12-15T12:21:15+00:00\",\"breadcrumb\":{\"@id\":\"https:\/\/audibax.com\/es\/producto\/roma-80-go-black-2\/#breadcrumb\"},\"inLanguage\":\"es\",\"potentialAction\":[{\"@type\":\"ReadAction\",\"target\":[\"https:\/\/audibax.com\/es\/producto\/roma-80-go-black-2\/\"]}]},{\"@type\":\"ImageObject\",\"inLanguage\":\"es\",\"@id\":\"https:\/\/audibax.com\/es\/producto\/roma-80-go-black-2\/#primaryimage\",\"url\":\"https:\/\/audibax.com\/wp-content\/uploads\/2023\/12\/audibax-roma-80-go-1.jpg\",\"contentUrl\":\"https:\/\/audibax.com\/wp-content\/uploads\/2023\/12\/audibax-roma-80-go-1.jpg\",\"width\":1000,\"height\":500},{\"@type\":\"BreadcrumbList\",\"@id\":\"https:\/\/audibax.com\/es\/producto\/roma-80-go-black-2\/#breadcrumb\",\"itemListElement\":[{\"@type\":\"ListItem\",\"position\":1,\"name\":\"Portada\",\"item\":\"https:\/\/audibax.com\/es\/\"},{\"@type\":\"ListItem\",\"position\":2,\"name\":\"Productos\",\"item\":\"https:\/\/audibax.com\/es\/shop\/\"},{\"@type\":\"ListItem\",\"position\":3,\"name\":\"Roma 80 Go Black\"}]},{\"@type\":\"WebSite\",\"@id\":\"https:\/\/audibax.com\/es\/#website\",\"url\":\"https:\/\/audibax.com\/es\/\",\"name\":\"Audibax\",\"description\":\"\",\"publisher\":{\"@id\":\"https:\/\/audibax.com\/es\/#organization\"},\"potentialAction\":[{\"@type\":\"SearchAction\",\"target\":{\"@type\":\"EntryPoint\",\"urlTemplate\":\"https:\/\/audibax.com\/es\/?s={search_term_string}\"},\"query-input\":{\"@type\":\"PropertyValueSpecification\",\"valueRequired\":true,\"valueName\":\"search_term_string\"}}],\"inLanguage\":\"es\"},{\"@type\":\"Organization\",\"@id\":\"https:\/\/audibax.com\/es\/#organization\",\"name\":\"Audibax\",\"url\":\"https:\/\/audibax.com\/es\/\",\"logo\":{\"@type\":\"ImageObject\",\"inLanguage\":\"es\",\"@id\":\"https:\/\/audibax.com\/es\/#\/schema\/logo\/image\/\",\"url\":\"https:\/\/audibax.com\/wp-content\/uploads\/2023\/09\/logo-Audibax-BLANCO-SVG-1.svg\",\"contentUrl\":\"https:\/\/audibax.com\/wp-content\/uploads\/2023\/09\/logo-Audibax-BLANCO-SVG-1.svg\",\"caption\":\"Audibax\"},\"image\":{\"@id\":\"https:\/\/audibax.com\/es\/#\/schema\/logo\/image\/\"}}]}<\/script>\n<!-- \/ Yoast SEO plugin. -->","yoast_head_json":{"title":"Roma 80 Go Black - Audibax","robots":{"index":"index","follow":"follow","max-snippet":"max-snippet:-1","max-image-preview":"max-image-preview:large","max-video-preview":"max-video-preview:-1"},"canonical":"https:\/\/audibax.com\/es\/producto\/roma-80-go-black-2\/","og_locale":"es_ES","og_type":"article","og_title":"Roma 80 Go Black - Audibax","og_description":"Altavoz Activo con bater\u00eda Inal\u00e1mbrico  Tama\u00f1o: 6.5\"  Potencia: 40W RMS  Potencia pico: 80W  Conexi\u00f3n Bluetooth, Auxiliar y USB","og_url":"https:\/\/audibax.com\/es\/producto\/roma-80-go-black-2\/","og_site_name":"Audibax","article_modified_time":"2025-12-15T12:21:15+00:00","og_image":[{"width":1000,"height":500,"url":"https:\/\/audibax.com\/wp-content\/uploads\/2023\/12\/audibax-roma-80-go-1.jpg","type":"image\/jpeg"}],"twitter_card":"summary_large_image","twitter_misc":{"Tiempo de lectura":"2 minutos"},"schema":{"@context":"https:\/\/schema.org","@graph":[{"@type":"WebPage","@id":"https:\/\/audibax.com\/es\/producto\/roma-80-go-black-2\/","url":"https:\/\/audibax.com\/es\/producto\/roma-80-go-black-2\/","name":"Roma 80 Go Black - Audibax","isPartOf":{"@id":"https:\/\/audibax.com\/es\/#website"},"primaryImageOfPage":{"@id":"https:\/\/audibax.com\/es\/producto\/roma-80-go-black-2\/#primaryimage"},"image":{"@id":"https:\/\/audibax.com\/es\/producto\/roma-80-go-black-2\/#primaryimage"},"thumbnailUrl":"https:\/\/audibax.com\/wp-content\/uploads\/2023\/12\/audibax-roma-80-go-1.jpg","datePublished":"2023-12-11T15:39:02+00:00","dateModified":"2025-12-15T12:21:15+00:00","breadcrumb":{"@id":"https:\/\/audibax.com\/es\/producto\/roma-80-go-black-2\/#breadcrumb"},"inLanguage":"es","potentialAction":[{"@type":"ReadAction","target":["https:\/\/audibax.com\/es\/producto\/roma-80-go-black-2\/"]}]},{"@type":"ImageObject","inLanguage":"es","@id":"https:\/\/audibax.com\/es\/producto\/roma-80-go-black-2\/#primaryimage","url":"https:\/\/audibax.com\/wp-content\/uploads\/2023\/12\/audibax-roma-80-go-1.jpg","contentUrl":"https:\/\/audibax.com\/wp-content\/uploads\/2023\/12\/audibax-roma-80-go-1.jpg","width":1000,"height":500},{"@type":"BreadcrumbList","@id":"https:\/\/audibax.com\/es\/producto\/roma-80-go-black-2\/#breadcrumb","itemListElement":[{"@type":"ListItem","position":1,"name":"Portada","item":"https:\/\/audibax.com\/es\/"},{"@type":"ListItem","position":2,"name":"Productos","item":"https:\/\/audibax.com\/es\/shop\/"},{"@type":"ListItem","position":3,"name":"Roma 80 Go Black"}]},{"@type":"WebSite","@id":"https:\/\/audibax.com\/es\/#website","url":"https:\/\/audibax.com\/es\/","name":"Audibax","description":"","publisher":{"@id":"https:\/\/audibax.com\/es\/#organization"},"potentialAction":[{"@type":"SearchAction","target":{"@type":"EntryPoint","urlTemplate":"https:\/\/audibax.com\/es\/?s={search_term_string}"},"query-input":{"@type":"PropertyValueSpecification","valueRequired":true,"valueName":"search_term_string"}}],"inLanguage":"es"},{"@type":"Organization","@id":"https:\/\/audibax.com\/es\/#organization","name":"Audibax","url":"https:\/\/audibax.com\/es\/","logo":{"@type":"ImageObject","inLanguage":"es","@id":"https:\/\/audibax.com\/es\/#\/schema\/logo\/image\/","url":"https:\/\/audibax.com\/wp-content\/uploads\/2023\/09\/logo-Audibax-BLANCO-SVG-1.svg","contentUrl":"https:\/\/audibax.com\/wp-content\/uploads\/2023\/09\/logo-Audibax-BLANCO-SVG-1.svg","caption":"Audibax"},"image":{"@id":"https:\/\/audibax.com\/es\/#\/schema\/logo\/image\/"}}]}},"_links":{"self":[{"href":"https:\/\/audibax.com\/es\/wp-json\/wp\/v2\/product\/35295","targetHints":{"allow":["GET"]}}],"collection":[{"href":"https:\/\/audibax.com\/es\/wp-json\/wp\/v2\/product"}],"about":[{"href":"https:\/\/audibax.com\/es\/wp-json\/wp\/v2\/types\/product"}],"replies":[{"embeddable":true,"href":"https:\/\/audibax.com\/es\/wp-json\/wp\/v2\/comments?post=35295"}],"wp:featuredmedia":[{"embeddable":true,"href":"https:\/\/audibax.com\/es\/wp-json\/wp\/v2\/media\/17614"}],"wp:attachment":[{"href":"https:\/\/audibax.com\/es\/wp-json\/wp\/v2\/media?parent=35295"}],"wp:term":[{"taxonomy":"product_cat","embeddable":true,"href":"https:\/\/audibax.com\/es\/wp-json\/wp\/v2\/product_cat?post=35295"},{"taxonomy":"product_tag","embeddable":true,"href":"https:\/\/audibax.com\/es\/wp-json\/wp\/v2\/product_tag?post=35295"}],"curies":[{"name":"wp","href":"https:\/\/api.w.org\/{rel}","templated":true}]}}