{"id":35287,"date":"2023-12-11T13:47:20","date_gmt":"2023-12-11T12:47:20","guid":{"rendered":"https:\/\/audibax.com\/product\/arkansas-8-black-2\/"},"modified":"2025-06-25T11:33:05","modified_gmt":"2025-06-25T09:33:05","slug":"arkansas-8-black-2","status":"publish","type":"product","link":"https:\/\/audibax.com\/es\/producto\/arkansas-8-black-2\/","title":{"rendered":"Arkansas 8"},"content":{"rendered":"<ul>\n<li>Altavoz activo de 2 v\u00edas.<\/li>\n<li>Clase AB<\/li>\n<li>Conexi\u00f3n mediante USB\/SD.<\/li>\n<li>Conexi\u00f3n Bluetooth.<\/li>\n<li>Control remoto Incluido<\/li>\n<li>Ecualizaci\u00f3n propia.<\/li>\n<li>Tama\u00f1o : 8 Pulgadas<\/li>\n<li>HF:1&#8243; Driver de compresi\u00f3n.<\/li>\n<li>Respuesta de frecuencia :65HZ-20KHz.<\/li>\n<li>Sensibilidad:92dB.<\/li>\n<li>Impedancia : 4 OHM.<\/li>\n<li>Potencia: 80W RMS &#8211; 150W de pico.<\/li>\n<li>Medidas: 240 x 205 x 390mm<\/li>\n<li>Peso: 6.5 Kg<\/li>\n<\/ul>\n","protected":false},"excerpt":{"rendered":"<ul>\n<li>Altavoz Activo de 2 v\u00edas.<\/li>\n<li>Tama\u00f1o : 8 Pulgadas<\/li>\n<li>Potencia: 80W RMS &#8211; 150W de pico.<\/li>\n<li>Conexi\u00f3n y reproducci\u00f3n USB\/SD<\/li>\n<li>Conexi\u00f3n Bluetooth.<\/li>\n<li>Ecualizaci\u00f3n propia.<\/li>\n<\/ul>\n","protected":false},"featured_media":16783,"comment_status":"open","ping_status":"closed","template":"","meta":{"_acf_changed":false},"product_cat":[251,408],"product_tag":[],"class_list":{"0":"post-35287","1":"product","2":"type-product","3":"status-publish","4":"has-post-thumbnail","6":"product_cat-altavoces-activos","7":"product_cat-altavoces-bluetooth","9":"first","10":"instock","11":"shipping-taxable","12":"product-type-simple"},"acf":[],"yoast_head":"<!-- This site is optimized with the Yoast SEO plugin v27.0 - https:\/\/yoast.com\/product\/yoast-seo-wordpress\/ -->\n<title>Arkansas 8 - Audibax<\/title>\n<meta name=\"robots\" content=\"index, follow, max-snippet:-1, max-image-preview:large, max-video-preview:-1\" \/>\n<link rel=\"canonical\" href=\"https:\/\/audibax.com\/es\/producto\/arkansas-8-black-2\/\" \/>\n<meta property=\"og:locale\" content=\"es_ES\" \/>\n<meta property=\"og:type\" content=\"article\" \/>\n<meta property=\"og:title\" content=\"Arkansas 8 - Audibax\" \/>\n<meta property=\"og:description\" content=\"Altavoz Activo de 2 v\u00edas.  Tama\u00f1o : 8 Pulgadas  Potencia: 80W RMS - 150W de pico.  Conexi\u00f3n y reproducci\u00f3n USB\/SD  Conexi\u00f3n Bluetooth.  Ecualizaci\u00f3n propia.\" \/>\n<meta property=\"og:url\" content=\"https:\/\/audibax.com\/es\/producto\/arkansas-8-black-2\/\" \/>\n<meta property=\"og:site_name\" content=\"Audibax\" \/>\n<meta property=\"article:modified_time\" content=\"2025-06-25T09:33:05+00:00\" \/>\n<meta property=\"og:image\" content=\"https:\/\/audibax.com\/wp-content\/uploads\/2023\/12\/audibax-Arkansas8-altavoz-profesional-bluetooth.jpg\" \/>\n\t<meta property=\"og:image:width\" content=\"1000\" \/>\n\t<meta property=\"og:image:height\" content=\"500\" \/>\n\t<meta property=\"og:image:type\" content=\"image\/jpeg\" \/>\n<meta name=\"twitter:card\" content=\"summary_large_image\" \/>\n<meta name=\"twitter:label1\" content=\"Tiempo de lectura\" \/>\n\t<meta name=\"twitter:data1\" content=\"1 minuto\" \/>\n<script type=\"application\/ld+json\" class=\"yoast-schema-graph\">{\"@context\":\"https:\/\/schema.org\",\"@graph\":[{\"@type\":\"WebPage\",\"@id\":\"https:\/\/audibax.com\/es\/producto\/arkansas-8-black-2\/\",\"url\":\"https:\/\/audibax.com\/es\/producto\/arkansas-8-black-2\/\",\"name\":\"Arkansas 8 - Audibax\",\"isPartOf\":{\"@id\":\"https:\/\/audibax.com\/es\/#website\"},\"primaryImageOfPage\":{\"@id\":\"https:\/\/audibax.com\/es\/producto\/arkansas-8-black-2\/#primaryimage\"},\"image\":{\"@id\":\"https:\/\/audibax.com\/es\/producto\/arkansas-8-black-2\/#primaryimage\"},\"thumbnailUrl\":\"https:\/\/audibax.com\/wp-content\/uploads\/2023\/12\/audibax-Arkansas8-altavoz-profesional-bluetooth.jpg\",\"datePublished\":\"2023-12-11T12:47:20+00:00\",\"dateModified\":\"2025-06-25T09:33:05+00:00\",\"breadcrumb\":{\"@id\":\"https:\/\/audibax.com\/es\/producto\/arkansas-8-black-2\/#breadcrumb\"},\"inLanguage\":\"es\",\"potentialAction\":[{\"@type\":\"ReadAction\",\"target\":[\"https:\/\/audibax.com\/es\/producto\/arkansas-8-black-2\/\"]}]},{\"@type\":\"ImageObject\",\"inLanguage\":\"es\",\"@id\":\"https:\/\/audibax.com\/es\/producto\/arkansas-8-black-2\/#primaryimage\",\"url\":\"https:\/\/audibax.com\/wp-content\/uploads\/2023\/12\/audibax-Arkansas8-altavoz-profesional-bluetooth.jpg\",\"contentUrl\":\"https:\/\/audibax.com\/wp-content\/uploads\/2023\/12\/audibax-Arkansas8-altavoz-profesional-bluetooth.jpg\",\"width\":1000,\"height\":500},{\"@type\":\"BreadcrumbList\",\"@id\":\"https:\/\/audibax.com\/es\/producto\/arkansas-8-black-2\/#breadcrumb\",\"itemListElement\":[{\"@type\":\"ListItem\",\"position\":1,\"name\":\"Portada\",\"item\":\"https:\/\/audibax.com\/es\/\"},{\"@type\":\"ListItem\",\"position\":2,\"name\":\"Productos\",\"item\":\"https:\/\/audibax.com\/es\/shop\/\"},{\"@type\":\"ListItem\",\"position\":3,\"name\":\"Arkansas 8\"}]},{\"@type\":\"WebSite\",\"@id\":\"https:\/\/audibax.com\/es\/#website\",\"url\":\"https:\/\/audibax.com\/es\/\",\"name\":\"Audibax\",\"description\":\"\",\"publisher\":{\"@id\":\"https:\/\/audibax.com\/es\/#organization\"},\"potentialAction\":[{\"@type\":\"SearchAction\",\"target\":{\"@type\":\"EntryPoint\",\"urlTemplate\":\"https:\/\/audibax.com\/es\/?s={search_term_string}\"},\"query-input\":{\"@type\":\"PropertyValueSpecification\",\"valueRequired\":true,\"valueName\":\"search_term_string\"}}],\"inLanguage\":\"es\"},{\"@type\":\"Organization\",\"@id\":\"https:\/\/audibax.com\/es\/#organization\",\"name\":\"Audibax\",\"url\":\"https:\/\/audibax.com\/es\/\",\"logo\":{\"@type\":\"ImageObject\",\"inLanguage\":\"es\",\"@id\":\"https:\/\/audibax.com\/es\/#\/schema\/logo\/image\/\",\"url\":\"https:\/\/audibax.com\/wp-content\/uploads\/2023\/09\/logo-Audibax-BLANCO-SVG-1.svg\",\"contentUrl\":\"https:\/\/audibax.com\/wp-content\/uploads\/2023\/09\/logo-Audibax-BLANCO-SVG-1.svg\",\"caption\":\"Audibax\"},\"image\":{\"@id\":\"https:\/\/audibax.com\/es\/#\/schema\/logo\/image\/\"}}]}<\/script>\n<!-- \/ Yoast SEO plugin. -->","yoast_head_json":{"title":"Arkansas 8 - Audibax","robots":{"index":"index","follow":"follow","max-snippet":"max-snippet:-1","max-image-preview":"max-image-preview:large","max-video-preview":"max-video-preview:-1"},"canonical":"https:\/\/audibax.com\/es\/producto\/arkansas-8-black-2\/","og_locale":"es_ES","og_type":"article","og_title":"Arkansas 8 - Audibax","og_description":"Altavoz Activo de 2 v\u00edas.  Tama\u00f1o : 8 Pulgadas  Potencia: 80W RMS - 150W de pico.  Conexi\u00f3n y reproducci\u00f3n USB\/SD  Conexi\u00f3n Bluetooth.  Ecualizaci\u00f3n propia.","og_url":"https:\/\/audibax.com\/es\/producto\/arkansas-8-black-2\/","og_site_name":"Audibax","article_modified_time":"2025-06-25T09:33:05+00:00","og_image":[{"width":1000,"height":500,"url":"https:\/\/audibax.com\/wp-content\/uploads\/2023\/12\/audibax-Arkansas8-altavoz-profesional-bluetooth.jpg","type":"image\/jpeg"}],"twitter_card":"summary_large_image","twitter_misc":{"Tiempo de lectura":"1 minuto"},"schema":{"@context":"https:\/\/schema.org","@graph":[{"@type":"WebPage","@id":"https:\/\/audibax.com\/es\/producto\/arkansas-8-black-2\/","url":"https:\/\/audibax.com\/es\/producto\/arkansas-8-black-2\/","name":"Arkansas 8 - Audibax","isPartOf":{"@id":"https:\/\/audibax.com\/es\/#website"},"primaryImageOfPage":{"@id":"https:\/\/audibax.com\/es\/producto\/arkansas-8-black-2\/#primaryimage"},"image":{"@id":"https:\/\/audibax.com\/es\/producto\/arkansas-8-black-2\/#primaryimage"},"thumbnailUrl":"https:\/\/audibax.com\/wp-content\/uploads\/2023\/12\/audibax-Arkansas8-altavoz-profesional-bluetooth.jpg","datePublished":"2023-12-11T12:47:20+00:00","dateModified":"2025-06-25T09:33:05+00:00","breadcrumb":{"@id":"https:\/\/audibax.com\/es\/producto\/arkansas-8-black-2\/#breadcrumb"},"inLanguage":"es","potentialAction":[{"@type":"ReadAction","target":["https:\/\/audibax.com\/es\/producto\/arkansas-8-black-2\/"]}]},{"@type":"ImageObject","inLanguage":"es","@id":"https:\/\/audibax.com\/es\/producto\/arkansas-8-black-2\/#primaryimage","url":"https:\/\/audibax.com\/wp-content\/uploads\/2023\/12\/audibax-Arkansas8-altavoz-profesional-bluetooth.jpg","contentUrl":"https:\/\/audibax.com\/wp-content\/uploads\/2023\/12\/audibax-Arkansas8-altavoz-profesional-bluetooth.jpg","width":1000,"height":500},{"@type":"BreadcrumbList","@id":"https:\/\/audibax.com\/es\/producto\/arkansas-8-black-2\/#breadcrumb","itemListElement":[{"@type":"ListItem","position":1,"name":"Portada","item":"https:\/\/audibax.com\/es\/"},{"@type":"ListItem","position":2,"name":"Productos","item":"https:\/\/audibax.com\/es\/shop\/"},{"@type":"ListItem","position":3,"name":"Arkansas 8"}]},{"@type":"WebSite","@id":"https:\/\/audibax.com\/es\/#website","url":"https:\/\/audibax.com\/es\/","name":"Audibax","description":"","publisher":{"@id":"https:\/\/audibax.com\/es\/#organization"},"potentialAction":[{"@type":"SearchAction","target":{"@type":"EntryPoint","urlTemplate":"https:\/\/audibax.com\/es\/?s={search_term_string}"},"query-input":{"@type":"PropertyValueSpecification","valueRequired":true,"valueName":"search_term_string"}}],"inLanguage":"es"},{"@type":"Organization","@id":"https:\/\/audibax.com\/es\/#organization","name":"Audibax","url":"https:\/\/audibax.com\/es\/","logo":{"@type":"ImageObject","inLanguage":"es","@id":"https:\/\/audibax.com\/es\/#\/schema\/logo\/image\/","url":"https:\/\/audibax.com\/wp-content\/uploads\/2023\/09\/logo-Audibax-BLANCO-SVG-1.svg","contentUrl":"https:\/\/audibax.com\/wp-content\/uploads\/2023\/09\/logo-Audibax-BLANCO-SVG-1.svg","caption":"Audibax"},"image":{"@id":"https:\/\/audibax.com\/es\/#\/schema\/logo\/image\/"}}]}},"_links":{"self":[{"href":"https:\/\/audibax.com\/es\/wp-json\/wp\/v2\/product\/35287","targetHints":{"allow":["GET"]}}],"collection":[{"href":"https:\/\/audibax.com\/es\/wp-json\/wp\/v2\/product"}],"about":[{"href":"https:\/\/audibax.com\/es\/wp-json\/wp\/v2\/types\/product"}],"replies":[{"embeddable":true,"href":"https:\/\/audibax.com\/es\/wp-json\/wp\/v2\/comments?post=35287"}],"wp:featuredmedia":[{"embeddable":true,"href":"https:\/\/audibax.com\/es\/wp-json\/wp\/v2\/media\/16783"}],"wp:attachment":[{"href":"https:\/\/audibax.com\/es\/wp-json\/wp\/v2\/media?parent=35287"}],"wp:term":[{"taxonomy":"product_cat","embeddable":true,"href":"https:\/\/audibax.com\/es\/wp-json\/wp\/v2\/product_cat?post=35287"},{"taxonomy":"product_tag","embeddable":true,"href":"https:\/\/audibax.com\/es\/wp-json\/wp\/v2\/product_tag?post=35287"}],"curies":[{"name":"wp","href":"https:\/\/api.w.org\/{rel}","templated":true}]}}