{"id":35277,"date":"2023-12-11T13:46:32","date_gmt":"2023-12-11T12:46:32","guid":{"rendered":"https:\/\/audibax.com\/product\/party-212-black-2\/"},"modified":"2025-10-17T11:09:37","modified_gmt":"2025-10-17T09:09:37","slug":"party-212-black-2","status":"publish","type":"product","link":"https:\/\/audibax.com\/es\/producto\/party-212-black-2\/","title":{"rendered":"Party 212"},"content":{"rendered":"<p><strong>Audibax Party 212 Led Set 2 Altavoces 12&#8243; ( 1 Activo + 1 Pasivo ) PRO 1000W Pico + Soportes + Cableado + Micr\u00f3fono<\/strong><\/p>\n<p>La tecnolog\u00eda,\u00a0 y el Smartphone en particular, han cambiado el concepto de c\u00f3mo escuchamos la m\u00fasica.<br \/>\nLa m\u00fasica, en la mayor\u00eda de ocasiones, est\u00e1 ya en nuestra suscripci\u00f3n de streaming o en la memoria interna del tel\u00e9fono, por lo que el sistema de escucha ya no suele pasar por sistemas fijos de sonido.<br \/>\nEl Party 212 de Audibax\u00a0 es un set completo plug &amp; play&#8230;. listo para que empiece la m\u00fasica y fiesta de inmediato.<br \/>\nEl set se compone de 2 altavoces de 12\u201d m\u00e1s Motor de 1.5\u201d ( Activo + Pasivo )<br \/>\nUtiliza la tecnolog\u00eda Bluetooth as\u00ed como entradas USB\/SD y controles para un funcionamiento \u00f3ptimo del sistema.<\/p>\n<p>Ambos altavoces incorporan aros Led de efectos que har\u00e1n la fiesta a\u00fan m\u00e1s incre\u00edble.<br \/>\nEl Set se entrega con 2 tr\u00edpodes para los altavoces, su cable para conectarlos y un micr\u00f3fono.<\/p>\n<p>&nbsp;<\/p>\n<p><span style=\"color: #696969;\"><span style=\"font-size: 16px;\"><strong>Especificaciones T\u00e9cnicas Party 212 Audibax<\/strong><\/span><\/span><\/p>\n<ul>\n<li>Potencia del Conjunto: 400 W RMS\u00a0 \/\u00a0 1000 W pico<\/li>\n<li>2 Altavoces de 2 v\u00edas ( 1 Activo y 1 Pasivo )<\/li>\n<li>2 Soportes Incluidos<\/li>\n<li>1 Micr\u00f3fono de Mano Incluido<\/li>\n<li>Cables de Altavoz y Cable XLR incluido<\/li>\n<li>1 Mano a Distancia Incluido<\/li>\n<li>Nuevo Efecto con LED RGB con movimiento<\/li>\n<li>Woofer 12&#8243; + 1 Motor 1.5&#8243; Compresi\u00f3n<\/li>\n<li>Tweeter : 25mm Titanium<\/li>\n<li>Conexi\u00f3n y reproducci\u00f3n USB\/SD ( en el altavoz activo )<\/li>\n<li>Conexi\u00f3n Bluetooth.\u00a0( en el altavoz activo )<\/li>\n<li>Amplificaci\u00f3n : Clase A\/B\u00a0( en el altavoz activo )<\/li>\n<li>Radio FM<\/li>\n<li>Tama\u00f1o : 12 Pulgadas<\/li>\n<li>Respuesta de frecuencia: 65Hz-20KHz<\/li>\n<li>Control de graves y agudos<\/li>\n<li>Sensibilidad: 95 dB<\/li>\n<li>Impedancia: 8 Ohm<\/li>\n<li>Entrada Micr\u00f3fono Line In con control de volumen XLR o Jack 3.5<\/li>\n<li>Line In : RCA y XLR<\/li>\n<li>Line Out : XLR y Jack<\/li>\n<li>Medidas altavoz unitario: 570x310x360mm<\/li>\n<li>Peso : 24 Kg total<\/li>\n<\/ul>\n","protected":false},"excerpt":{"rendered":"<ul>\n<li>Set Compuesto por 2 Altavoces de 12 Pulgadas<\/li>\n<li>Potencia del Conjunto:\u00a0400 W RMS\u00a0 \/\u00a0 1000 W pico<\/li>\n<li>Incluye 2 Soportes<\/li>\n<li>Incluye Cable Microfono y Cable Altavoces<\/li>\n<li>Incluye Mando a Distancia<\/li>\n<\/ul>\n<p>&nbsp;<\/p>\n","protected":false},"featured_media":16687,"comment_status":"open","ping_status":"closed","template":"","meta":{"_acf_changed":false},"product_cat":[251,408],"product_tag":[],"class_list":{"0":"post-35277","1":"product","2":"type-product","3":"status-publish","4":"has-post-thumbnail","6":"product_cat-altavoces-activos","7":"product_cat-altavoces-bluetooth","9":"first","10":"instock","11":"shipping-taxable","12":"product-type-simple"},"acf":[],"yoast_head":"<!-- This site is optimized with the Yoast SEO plugin v27.0 - https:\/\/yoast.com\/product\/yoast-seo-wordpress\/ -->\n<title>Party 212 - Audibax<\/title>\n<meta name=\"robots\" content=\"index, follow, max-snippet:-1, max-image-preview:large, max-video-preview:-1\" \/>\n<link rel=\"canonical\" href=\"https:\/\/audibax.com\/es\/producto\/party-212-black-2\/\" \/>\n<meta property=\"og:locale\" content=\"es_ES\" \/>\n<meta property=\"og:type\" content=\"article\" \/>\n<meta property=\"og:title\" content=\"Party 212 - Audibax\" \/>\n<meta property=\"og:description\" content=\"Set Compuesto por 2 Altavoces de 12 Pulgadas  Potencia del Conjunto:\u00a0400 W RMS\u00a0 \/\u00a0 1000 W pico  Incluye 2 Soportes  Incluye Cable Microfono y Cable Altavoces  Incluye Mando a Distancia  &nbsp;\" \/>\n<meta property=\"og:url\" content=\"https:\/\/audibax.com\/es\/producto\/party-212-black-2\/\" \/>\n<meta property=\"og:site_name\" content=\"Audibax\" \/>\n<meta property=\"article:modified_time\" content=\"2025-10-17T09:09:37+00:00\" \/>\n<meta property=\"og:image\" content=\"https:\/\/audibax.com\/wp-content\/uploads\/2023\/12\/Audibax_Party_212_altavoces_amplificados_profesionales_kit.jpg\" \/>\n\t<meta property=\"og:image:width\" content=\"1000\" \/>\n\t<meta property=\"og:image:height\" content=\"500\" \/>\n\t<meta property=\"og:image:type\" content=\"image\/jpeg\" \/>\n<meta name=\"twitter:card\" content=\"summary_large_image\" \/>\n<meta name=\"twitter:label1\" content=\"Tiempo de lectura\" \/>\n\t<meta name=\"twitter:data1\" content=\"2 minutos\" \/>\n<script type=\"application\/ld+json\" class=\"yoast-schema-graph\">{\"@context\":\"https:\/\/schema.org\",\"@graph\":[{\"@type\":\"WebPage\",\"@id\":\"https:\/\/audibax.com\/es\/producto\/party-212-black-2\/\",\"url\":\"https:\/\/audibax.com\/es\/producto\/party-212-black-2\/\",\"name\":\"Party 212 - Audibax\",\"isPartOf\":{\"@id\":\"https:\/\/audibax.com\/es\/#website\"},\"primaryImageOfPage\":{\"@id\":\"https:\/\/audibax.com\/es\/producto\/party-212-black-2\/#primaryimage\"},\"image\":{\"@id\":\"https:\/\/audibax.com\/es\/producto\/party-212-black-2\/#primaryimage\"},\"thumbnailUrl\":\"https:\/\/audibax.com\/wp-content\/uploads\/2023\/12\/Audibax_Party_212_altavoces_amplificados_profesionales_kit.jpg\",\"datePublished\":\"2023-12-11T12:46:32+00:00\",\"dateModified\":\"2025-10-17T09:09:37+00:00\",\"breadcrumb\":{\"@id\":\"https:\/\/audibax.com\/es\/producto\/party-212-black-2\/#breadcrumb\"},\"inLanguage\":\"es\",\"potentialAction\":[{\"@type\":\"ReadAction\",\"target\":[\"https:\/\/audibax.com\/es\/producto\/party-212-black-2\/\"]}]},{\"@type\":\"ImageObject\",\"inLanguage\":\"es\",\"@id\":\"https:\/\/audibax.com\/es\/producto\/party-212-black-2\/#primaryimage\",\"url\":\"https:\/\/audibax.com\/wp-content\/uploads\/2023\/12\/Audibax_Party_212_altavoces_amplificados_profesionales_kit.jpg\",\"contentUrl\":\"https:\/\/audibax.com\/wp-content\/uploads\/2023\/12\/Audibax_Party_212_altavoces_amplificados_profesionales_kit.jpg\",\"width\":1000,\"height\":500},{\"@type\":\"BreadcrumbList\",\"@id\":\"https:\/\/audibax.com\/es\/producto\/party-212-black-2\/#breadcrumb\",\"itemListElement\":[{\"@type\":\"ListItem\",\"position\":1,\"name\":\"Portada\",\"item\":\"https:\/\/audibax.com\/es\/\"},{\"@type\":\"ListItem\",\"position\":2,\"name\":\"Productos\",\"item\":\"https:\/\/audibax.com\/es\/shop\/\"},{\"@type\":\"ListItem\",\"position\":3,\"name\":\"Party 212\"}]},{\"@type\":\"WebSite\",\"@id\":\"https:\/\/audibax.com\/es\/#website\",\"url\":\"https:\/\/audibax.com\/es\/\",\"name\":\"Audibax\",\"description\":\"\",\"publisher\":{\"@id\":\"https:\/\/audibax.com\/es\/#organization\"},\"potentialAction\":[{\"@type\":\"SearchAction\",\"target\":{\"@type\":\"EntryPoint\",\"urlTemplate\":\"https:\/\/audibax.com\/es\/?s={search_term_string}\"},\"query-input\":{\"@type\":\"PropertyValueSpecification\",\"valueRequired\":true,\"valueName\":\"search_term_string\"}}],\"inLanguage\":\"es\"},{\"@type\":\"Organization\",\"@id\":\"https:\/\/audibax.com\/es\/#organization\",\"name\":\"Audibax\",\"url\":\"https:\/\/audibax.com\/es\/\",\"logo\":{\"@type\":\"ImageObject\",\"inLanguage\":\"es\",\"@id\":\"https:\/\/audibax.com\/es\/#\/schema\/logo\/image\/\",\"url\":\"https:\/\/audibax.com\/wp-content\/uploads\/2023\/09\/logo-Audibax-BLANCO-SVG-1.svg\",\"contentUrl\":\"https:\/\/audibax.com\/wp-content\/uploads\/2023\/09\/logo-Audibax-BLANCO-SVG-1.svg\",\"caption\":\"Audibax\"},\"image\":{\"@id\":\"https:\/\/audibax.com\/es\/#\/schema\/logo\/image\/\"}}]}<\/script>\n<!-- \/ Yoast SEO plugin. -->","yoast_head_json":{"title":"Party 212 - Audibax","robots":{"index":"index","follow":"follow","max-snippet":"max-snippet:-1","max-image-preview":"max-image-preview:large","max-video-preview":"max-video-preview:-1"},"canonical":"https:\/\/audibax.com\/es\/producto\/party-212-black-2\/","og_locale":"es_ES","og_type":"article","og_title":"Party 212 - Audibax","og_description":"Set Compuesto por 2 Altavoces de 12 Pulgadas  Potencia del Conjunto:\u00a0400 W RMS\u00a0 \/\u00a0 1000 W pico  Incluye 2 Soportes  Incluye Cable Microfono y Cable Altavoces  Incluye Mando a Distancia  &nbsp;","og_url":"https:\/\/audibax.com\/es\/producto\/party-212-black-2\/","og_site_name":"Audibax","article_modified_time":"2025-10-17T09:09:37+00:00","og_image":[{"width":1000,"height":500,"url":"https:\/\/audibax.com\/wp-content\/uploads\/2023\/12\/Audibax_Party_212_altavoces_amplificados_profesionales_kit.jpg","type":"image\/jpeg"}],"twitter_card":"summary_large_image","twitter_misc":{"Tiempo de lectura":"2 minutos"},"schema":{"@context":"https:\/\/schema.org","@graph":[{"@type":"WebPage","@id":"https:\/\/audibax.com\/es\/producto\/party-212-black-2\/","url":"https:\/\/audibax.com\/es\/producto\/party-212-black-2\/","name":"Party 212 - Audibax","isPartOf":{"@id":"https:\/\/audibax.com\/es\/#website"},"primaryImageOfPage":{"@id":"https:\/\/audibax.com\/es\/producto\/party-212-black-2\/#primaryimage"},"image":{"@id":"https:\/\/audibax.com\/es\/producto\/party-212-black-2\/#primaryimage"},"thumbnailUrl":"https:\/\/audibax.com\/wp-content\/uploads\/2023\/12\/Audibax_Party_212_altavoces_amplificados_profesionales_kit.jpg","datePublished":"2023-12-11T12:46:32+00:00","dateModified":"2025-10-17T09:09:37+00:00","breadcrumb":{"@id":"https:\/\/audibax.com\/es\/producto\/party-212-black-2\/#breadcrumb"},"inLanguage":"es","potentialAction":[{"@type":"ReadAction","target":["https:\/\/audibax.com\/es\/producto\/party-212-black-2\/"]}]},{"@type":"ImageObject","inLanguage":"es","@id":"https:\/\/audibax.com\/es\/producto\/party-212-black-2\/#primaryimage","url":"https:\/\/audibax.com\/wp-content\/uploads\/2023\/12\/Audibax_Party_212_altavoces_amplificados_profesionales_kit.jpg","contentUrl":"https:\/\/audibax.com\/wp-content\/uploads\/2023\/12\/Audibax_Party_212_altavoces_amplificados_profesionales_kit.jpg","width":1000,"height":500},{"@type":"BreadcrumbList","@id":"https:\/\/audibax.com\/es\/producto\/party-212-black-2\/#breadcrumb","itemListElement":[{"@type":"ListItem","position":1,"name":"Portada","item":"https:\/\/audibax.com\/es\/"},{"@type":"ListItem","position":2,"name":"Productos","item":"https:\/\/audibax.com\/es\/shop\/"},{"@type":"ListItem","position":3,"name":"Party 212"}]},{"@type":"WebSite","@id":"https:\/\/audibax.com\/es\/#website","url":"https:\/\/audibax.com\/es\/","name":"Audibax","description":"","publisher":{"@id":"https:\/\/audibax.com\/es\/#organization"},"potentialAction":[{"@type":"SearchAction","target":{"@type":"EntryPoint","urlTemplate":"https:\/\/audibax.com\/es\/?s={search_term_string}"},"query-input":{"@type":"PropertyValueSpecification","valueRequired":true,"valueName":"search_term_string"}}],"inLanguage":"es"},{"@type":"Organization","@id":"https:\/\/audibax.com\/es\/#organization","name":"Audibax","url":"https:\/\/audibax.com\/es\/","logo":{"@type":"ImageObject","inLanguage":"es","@id":"https:\/\/audibax.com\/es\/#\/schema\/logo\/image\/","url":"https:\/\/audibax.com\/wp-content\/uploads\/2023\/09\/logo-Audibax-BLANCO-SVG-1.svg","contentUrl":"https:\/\/audibax.com\/wp-content\/uploads\/2023\/09\/logo-Audibax-BLANCO-SVG-1.svg","caption":"Audibax"},"image":{"@id":"https:\/\/audibax.com\/es\/#\/schema\/logo\/image\/"}}]}},"_links":{"self":[{"href":"https:\/\/audibax.com\/es\/wp-json\/wp\/v2\/product\/35277","targetHints":{"allow":["GET"]}}],"collection":[{"href":"https:\/\/audibax.com\/es\/wp-json\/wp\/v2\/product"}],"about":[{"href":"https:\/\/audibax.com\/es\/wp-json\/wp\/v2\/types\/product"}],"replies":[{"embeddable":true,"href":"https:\/\/audibax.com\/es\/wp-json\/wp\/v2\/comments?post=35277"}],"wp:featuredmedia":[{"embeddable":true,"href":"https:\/\/audibax.com\/es\/wp-json\/wp\/v2\/media\/16687"}],"wp:attachment":[{"href":"https:\/\/audibax.com\/es\/wp-json\/wp\/v2\/media?parent=35277"}],"wp:term":[{"taxonomy":"product_cat","embeddable":true,"href":"https:\/\/audibax.com\/es\/wp-json\/wp\/v2\/product_cat?post=35277"},{"taxonomy":"product_tag","embeddable":true,"href":"https:\/\/audibax.com\/es\/wp-json\/wp\/v2\/product_tag?post=35277"}],"curies":[{"name":"wp","href":"https:\/\/api.w.org\/{rel}","templated":true}]}}