{"id":35255,"date":"2023-12-11T13:44:51","date_gmt":"2023-12-11T12:44:51","guid":{"rendered":"https:\/\/audibax.com\/product\/zone-120-bt-black-2\/"},"modified":"2025-10-20T13:57:39","modified_gmt":"2025-10-20T11:57:39","slug":"zone-120-bt-black-2","status":"publish","type":"product","link":"https:\/\/audibax.com\/es\/producto\/zone-120-bt-black-2\/","title":{"rendered":"Zone 120 BT Black"},"content":{"rendered":"<p><strong>Caracter\u00edsticas<\/strong><\/p>\n<ul>\n<li>El <strong>Audibax Zone 120BT <\/strong>es un amplificador mezclador, que ofrece una soluci\u00f3n de audio flexible para controlar m\u00faltiples funciones. Su facilidad de uso, excelente calidad de sonido y dise\u00f1o moderno y avanzado lo convierten en una excelente opci\u00f3n para diversos establecimientos, como restaurantes, hoteles, tiendas, almacenes, oficinas profesionales o edificios p\u00fablicos.<\/li>\n<li>Nuestro amplificador <strong>Zone 120BT<\/strong> est\u00e1 equipado con 2 entradas de nivel de l\u00ednea no balanceadas est\u00e9reo, 1 entrada de nivel de l\u00ednea balanceada mono, 2 entradas de nivel de l\u00ednea balanceada mono con alimentaci\u00f3n phantom, 4 zonas de salida mono de 100 V de alta impedancia, 1 zona de salida mono de 4 ohmios de baja impedancia, una salida de enlace, una entrada de se\u00f1al telef\u00f3nica, un timbre y entrada de se\u00f1al de fuego, y una entrada de emergencia de 100V con control de 24V.<\/li>\n<li>Cuenta con un reproductor de m\u00fasica sin p\u00e9rdidas con pantalla, e incluye sintonizador de FM y Bluetooth.<\/li>\n<\/ul>\n<p><strong>Especificaciones<\/strong><\/p>\n<ul>\n<li>Respuesta de frecuencia: 20Hz-20KHz<\/li>\n<li>Potencia de salida RMS: 120W<\/li>\n<li>Fuente de alimentaci\u00f3n:\u00a0AC230V-240V\/50-60Hz<\/li>\n<li>Signal to Noise Ratio: &gt;90dB<\/li>\n<li>THD+N: &lt;0.5%<\/li>\n<li>Common Mode Rejection: &lt;0.5%<\/li>\n<li>Diafon\u00eda: &gt;70dB<\/li>\n<li>Color: Negro<\/li>\n<li>Medidas: 484 x 89 x 340 mm<\/li>\n<\/ul>\n<p><strong>Entradas<\/strong><\/p>\n<p><u>MiC1-2<\/u><\/p>\n<ul>\n<li>Tipo: 2x micr\u00f3fono balanceado \/ Une<\/li>\n<li>Sensibilidad: -50dB<\/li>\n<li>Conectores: Combinaci\u00f3n de 2xXLR\/Jack de 6,3 mm<\/li>\n<li>Potencia Phantonm: 15VDO<\/li>\n<\/ul>\n<p><u>LINE 1\/MIG3<\/u><\/p>\n<ul>\n<li>Tipo: L\u00ednea \/ micr\u00f3fono balanceado<\/li>\n<li>Sensibilidad: -50dB<\/li>\n<li>Conectores: Conector combinado XLBi6.3mm<\/li>\n<li>Prioridad: S\u00cd<\/li>\n<\/ul>\n<p><u>LINE2-3<\/u><\/p>\n<ul>\n<li>Tipo: 2 x audio est\u00e9reo<\/li>\n<li>Sensibilidad: -30dB<\/li>\n<li>Conectores: 2x RCA<\/li>\n<\/ul>\n<p><u>Chime\/Fire\/TEL<\/u><\/p>\n<ul>\n<li>Tipo: Entradas de micr\u00f3fono prioritarias<\/li>\n<li>Conectores Bloque de terminales euro-5.08mm<\/li>\n<\/ul>\n<p><strong>Reproductores<\/strong><\/p>\n<p><u>USB<\/u><\/p>\n<ul>\n<li>Tipo:\u00a0Controlador de velocidad completa OTG2.0<\/li>\n<li>Conectores: USB 2.0 tipo A<\/li>\n<\/ul>\n<p><u>SD\/MMC<\/u><\/p>\n<ul>\n<li>Conectores: Ranura para tarjeta sin autobloqueo<\/li>\n<\/ul>\n<p><u>Bluetooth<\/u><\/p>\n<ul>\n<li>Versi\u00f3n: Bluetooth Ver20+EOR<\/li>\n<li>Rango m\u00e1ximo: 10m (sin interferencia)<\/li>\n<li>Frecuencia Trans: 2402-2480MHz<\/li>\n<\/ul>\n<p><u>Formatos de M\u00fasica:\u00a0<\/u><\/p>\n<ul>\n<li>MP3\/WAW\/WMA\/FLAC\u00a0(8\/16\/24bit)<\/li>\n<\/ul>\n<p><u>Sistema de archivos:<\/u><\/p>\n<ul>\n<li>FAT16 or FAT32<\/li>\n<\/ul>\n<p><u>Secci\u00f3n FM<\/u><\/p>\n<ul>\n<li>Rango de sinton\u00eda :\u00a087.5MHz to 107.9MHz<\/li>\n<li>Entrada de antena:\u00a075\u03a9 no balanceado<\/li>\n<\/ul>\n<p><strong>Salidas<\/strong><\/p>\n<ul>\n<li>Baja impedancia:\u00a04\u03a9<\/li>\n<li>Impedancia de voltaje constante:\u00a084\u03a9-Zone 120BT<\/li>\n<\/ul>\n<p>&nbsp;<\/p>\n","protected":false},"excerpt":{"rendered":"<ul>\n<li>Amplificador mezclador<\/li>\n<li>4 zonas de salida mono de 100 V\u00a0de alta impedancia<\/li>\n<li>Potencia RMS: 120W<\/li>\n<li>Reproductores USB \/ SD \/ FM \/ MP3<\/li>\n<li>Conexi\u00f3n Bluetooth<\/li>\n<\/ul>\n","protected":false},"featured_media":16393,"comment_status":"open","ping_status":"closed","template":"","meta":{"_acf_changed":false},"product_cat":[396,719,394],"product_tag":[],"class_list":{"0":"post-35255","1":"product","2":"type-product","3":"status-publish","4":"has-post-thumbnail","6":"product_cat-amplificadores","7":"product_cat-amplificadores-de-mezcla-preamplificadores","8":"product_cat-sonido-pa","10":"first","11":"instock","12":"shipping-taxable","13":"product-type-simple"},"acf":[],"yoast_head":"<!-- This site is optimized with the Yoast SEO plugin v27.0 - https:\/\/yoast.com\/product\/yoast-seo-wordpress\/ -->\n<title>Zone 120 BT Black - Audibax<\/title>\n<meta name=\"robots\" content=\"index, follow, max-snippet:-1, max-image-preview:large, max-video-preview:-1\" \/>\n<link rel=\"canonical\" href=\"https:\/\/audibax.com\/es\/producto\/zone-120-bt-black-2\/\" \/>\n<meta property=\"og:locale\" content=\"es_ES\" \/>\n<meta property=\"og:type\" content=\"article\" \/>\n<meta property=\"og:title\" content=\"Zone 120 BT Black - Audibax\" \/>\n<meta property=\"og:description\" content=\"Amplificador mezclador  4 zonas de salida mono de 100 V\u00a0de alta impedancia  Potencia RMS: 120W  Reproductores USB \/ SD \/ FM \/ MP3  Conexi\u00f3n Bluetooth\" \/>\n<meta property=\"og:url\" content=\"https:\/\/audibax.com\/es\/producto\/zone-120-bt-black-2\/\" \/>\n<meta property=\"og:site_name\" content=\"Audibax\" \/>\n<meta property=\"article:modified_time\" content=\"2025-10-20T11:57:39+00:00\" \/>\n<meta property=\"og:image\" content=\"https:\/\/audibax.com\/wp-content\/uploads\/2023\/12\/ZONE-120BT-amplificador-mezclador-encendido.jpg\" \/>\n\t<meta property=\"og:image:width\" content=\"1000\" \/>\n\t<meta property=\"og:image:height\" content=\"500\" \/>\n\t<meta property=\"og:image:type\" content=\"image\/jpeg\" \/>\n<meta name=\"twitter:card\" content=\"summary_large_image\" \/>\n<meta name=\"twitter:label1\" content=\"Tiempo de lectura\" \/>\n\t<meta name=\"twitter:data1\" content=\"2 minutos\" \/>\n<script type=\"application\/ld+json\" class=\"yoast-schema-graph\">{\"@context\":\"https:\/\/schema.org\",\"@graph\":[{\"@type\":\"WebPage\",\"@id\":\"https:\/\/audibax.com\/es\/producto\/zone-120-bt-black-2\/\",\"url\":\"https:\/\/audibax.com\/es\/producto\/zone-120-bt-black-2\/\",\"name\":\"Zone 120 BT Black - Audibax\",\"isPartOf\":{\"@id\":\"https:\/\/audibax.com\/es\/#website\"},\"primaryImageOfPage\":{\"@id\":\"https:\/\/audibax.com\/es\/producto\/zone-120-bt-black-2\/#primaryimage\"},\"image\":{\"@id\":\"https:\/\/audibax.com\/es\/producto\/zone-120-bt-black-2\/#primaryimage\"},\"thumbnailUrl\":\"https:\/\/audibax.com\/wp-content\/uploads\/2023\/12\/ZONE-120BT-amplificador-mezclador-encendido.jpg\",\"datePublished\":\"2023-12-11T12:44:51+00:00\",\"dateModified\":\"2025-10-20T11:57:39+00:00\",\"breadcrumb\":{\"@id\":\"https:\/\/audibax.com\/es\/producto\/zone-120-bt-black-2\/#breadcrumb\"},\"inLanguage\":\"es\",\"potentialAction\":[{\"@type\":\"ReadAction\",\"target\":[\"https:\/\/audibax.com\/es\/producto\/zone-120-bt-black-2\/\"]}]},{\"@type\":\"ImageObject\",\"inLanguage\":\"es\",\"@id\":\"https:\/\/audibax.com\/es\/producto\/zone-120-bt-black-2\/#primaryimage\",\"url\":\"https:\/\/audibax.com\/wp-content\/uploads\/2023\/12\/ZONE-120BT-amplificador-mezclador-encendido.jpg\",\"contentUrl\":\"https:\/\/audibax.com\/wp-content\/uploads\/2023\/12\/ZONE-120BT-amplificador-mezclador-encendido.jpg\",\"width\":1000,\"height\":500},{\"@type\":\"BreadcrumbList\",\"@id\":\"https:\/\/audibax.com\/es\/producto\/zone-120-bt-black-2\/#breadcrumb\",\"itemListElement\":[{\"@type\":\"ListItem\",\"position\":1,\"name\":\"Portada\",\"item\":\"https:\/\/audibax.com\/es\/\"},{\"@type\":\"ListItem\",\"position\":2,\"name\":\"Productos\",\"item\":\"https:\/\/audibax.com\/es\/shop\/\"},{\"@type\":\"ListItem\",\"position\":3,\"name\":\"Zone 120 BT Black\"}]},{\"@type\":\"WebSite\",\"@id\":\"https:\/\/audibax.com\/es\/#website\",\"url\":\"https:\/\/audibax.com\/es\/\",\"name\":\"Audibax\",\"description\":\"\",\"publisher\":{\"@id\":\"https:\/\/audibax.com\/es\/#organization\"},\"potentialAction\":[{\"@type\":\"SearchAction\",\"target\":{\"@type\":\"EntryPoint\",\"urlTemplate\":\"https:\/\/audibax.com\/es\/?s={search_term_string}\"},\"query-input\":{\"@type\":\"PropertyValueSpecification\",\"valueRequired\":true,\"valueName\":\"search_term_string\"}}],\"inLanguage\":\"es\"},{\"@type\":\"Organization\",\"@id\":\"https:\/\/audibax.com\/es\/#organization\",\"name\":\"Audibax\",\"url\":\"https:\/\/audibax.com\/es\/\",\"logo\":{\"@type\":\"ImageObject\",\"inLanguage\":\"es\",\"@id\":\"https:\/\/audibax.com\/es\/#\/schema\/logo\/image\/\",\"url\":\"https:\/\/audibax.com\/wp-content\/uploads\/2023\/09\/logo-Audibax-BLANCO-SVG-1.svg\",\"contentUrl\":\"https:\/\/audibax.com\/wp-content\/uploads\/2023\/09\/logo-Audibax-BLANCO-SVG-1.svg\",\"caption\":\"Audibax\"},\"image\":{\"@id\":\"https:\/\/audibax.com\/es\/#\/schema\/logo\/image\/\"}}]}<\/script>\n<!-- \/ Yoast SEO plugin. -->","yoast_head_json":{"title":"Zone 120 BT Black - Audibax","robots":{"index":"index","follow":"follow","max-snippet":"max-snippet:-1","max-image-preview":"max-image-preview:large","max-video-preview":"max-video-preview:-1"},"canonical":"https:\/\/audibax.com\/es\/producto\/zone-120-bt-black-2\/","og_locale":"es_ES","og_type":"article","og_title":"Zone 120 BT Black - Audibax","og_description":"Amplificador mezclador  4 zonas de salida mono de 100 V\u00a0de alta impedancia  Potencia RMS: 120W  Reproductores USB \/ SD \/ FM \/ MP3  Conexi\u00f3n Bluetooth","og_url":"https:\/\/audibax.com\/es\/producto\/zone-120-bt-black-2\/","og_site_name":"Audibax","article_modified_time":"2025-10-20T11:57:39+00:00","og_image":[{"width":1000,"height":500,"url":"https:\/\/audibax.com\/wp-content\/uploads\/2023\/12\/ZONE-120BT-amplificador-mezclador-encendido.jpg","type":"image\/jpeg"}],"twitter_card":"summary_large_image","twitter_misc":{"Tiempo de lectura":"2 minutos"},"schema":{"@context":"https:\/\/schema.org","@graph":[{"@type":"WebPage","@id":"https:\/\/audibax.com\/es\/producto\/zone-120-bt-black-2\/","url":"https:\/\/audibax.com\/es\/producto\/zone-120-bt-black-2\/","name":"Zone 120 BT Black - Audibax","isPartOf":{"@id":"https:\/\/audibax.com\/es\/#website"},"primaryImageOfPage":{"@id":"https:\/\/audibax.com\/es\/producto\/zone-120-bt-black-2\/#primaryimage"},"image":{"@id":"https:\/\/audibax.com\/es\/producto\/zone-120-bt-black-2\/#primaryimage"},"thumbnailUrl":"https:\/\/audibax.com\/wp-content\/uploads\/2023\/12\/ZONE-120BT-amplificador-mezclador-encendido.jpg","datePublished":"2023-12-11T12:44:51+00:00","dateModified":"2025-10-20T11:57:39+00:00","breadcrumb":{"@id":"https:\/\/audibax.com\/es\/producto\/zone-120-bt-black-2\/#breadcrumb"},"inLanguage":"es","potentialAction":[{"@type":"ReadAction","target":["https:\/\/audibax.com\/es\/producto\/zone-120-bt-black-2\/"]}]},{"@type":"ImageObject","inLanguage":"es","@id":"https:\/\/audibax.com\/es\/producto\/zone-120-bt-black-2\/#primaryimage","url":"https:\/\/audibax.com\/wp-content\/uploads\/2023\/12\/ZONE-120BT-amplificador-mezclador-encendido.jpg","contentUrl":"https:\/\/audibax.com\/wp-content\/uploads\/2023\/12\/ZONE-120BT-amplificador-mezclador-encendido.jpg","width":1000,"height":500},{"@type":"BreadcrumbList","@id":"https:\/\/audibax.com\/es\/producto\/zone-120-bt-black-2\/#breadcrumb","itemListElement":[{"@type":"ListItem","position":1,"name":"Portada","item":"https:\/\/audibax.com\/es\/"},{"@type":"ListItem","position":2,"name":"Productos","item":"https:\/\/audibax.com\/es\/shop\/"},{"@type":"ListItem","position":3,"name":"Zone 120 BT Black"}]},{"@type":"WebSite","@id":"https:\/\/audibax.com\/es\/#website","url":"https:\/\/audibax.com\/es\/","name":"Audibax","description":"","publisher":{"@id":"https:\/\/audibax.com\/es\/#organization"},"potentialAction":[{"@type":"SearchAction","target":{"@type":"EntryPoint","urlTemplate":"https:\/\/audibax.com\/es\/?s={search_term_string}"},"query-input":{"@type":"PropertyValueSpecification","valueRequired":true,"valueName":"search_term_string"}}],"inLanguage":"es"},{"@type":"Organization","@id":"https:\/\/audibax.com\/es\/#organization","name":"Audibax","url":"https:\/\/audibax.com\/es\/","logo":{"@type":"ImageObject","inLanguage":"es","@id":"https:\/\/audibax.com\/es\/#\/schema\/logo\/image\/","url":"https:\/\/audibax.com\/wp-content\/uploads\/2023\/09\/logo-Audibax-BLANCO-SVG-1.svg","contentUrl":"https:\/\/audibax.com\/wp-content\/uploads\/2023\/09\/logo-Audibax-BLANCO-SVG-1.svg","caption":"Audibax"},"image":{"@id":"https:\/\/audibax.com\/es\/#\/schema\/logo\/image\/"}}]}},"_links":{"self":[{"href":"https:\/\/audibax.com\/es\/wp-json\/wp\/v2\/product\/35255","targetHints":{"allow":["GET"]}}],"collection":[{"href":"https:\/\/audibax.com\/es\/wp-json\/wp\/v2\/product"}],"about":[{"href":"https:\/\/audibax.com\/es\/wp-json\/wp\/v2\/types\/product"}],"replies":[{"embeddable":true,"href":"https:\/\/audibax.com\/es\/wp-json\/wp\/v2\/comments?post=35255"}],"wp:featuredmedia":[{"embeddable":true,"href":"https:\/\/audibax.com\/es\/wp-json\/wp\/v2\/media\/16393"}],"wp:attachment":[{"href":"https:\/\/audibax.com\/es\/wp-json\/wp\/v2\/media?parent=35255"}],"wp:term":[{"taxonomy":"product_cat","embeddable":true,"href":"https:\/\/audibax.com\/es\/wp-json\/wp\/v2\/product_cat?post=35255"},{"taxonomy":"product_tag","embeddable":true,"href":"https:\/\/audibax.com\/es\/wp-json\/wp\/v2\/product_tag?post=35255"}],"curies":[{"name":"wp","href":"https:\/\/api.w.org\/{rel}","templated":true}]}}