{"id":35220,"date":"2023-12-11T13:42:47","date_gmt":"2023-12-11T12:42:47","guid":{"rendered":"https:\/\/audibax.com\/product\/tokyo-xm1800-pack-black-and-silver-2\/"},"modified":"2024-09-12T09:47:54","modified_gmt":"2024-09-12T07:47:54","slug":"tokyo-xm1800-pack-black-and-silver-2","status":"publish","type":"product","link":"https:\/\/audibax.com\/es\/producto\/tokyo-xm1800-pack-black-and-silver-2\/","title":{"rendered":"Tokyo XM1800 Pack Black and Silver"},"content":{"rendered":"<p><strong>Audibax Tokyo XM1800 Pack maleta con 3 Micr\u00f3fonos Din\u00e1micos + Maleta + Pinzas<\/strong><\/p>\n<p>El <strong>Audibax\u00a0 Tokyo XM1800<\/strong> es un Pack de 3 micr\u00f3fonos din\u00e1micos de una calidad asombrosa, tanto para vocalistas como para instrumental. Si lo que est\u00e1s buscando es un micr\u00f3fono de calidad para todo tipo de eventos es la mejor decisi\u00f3n que puedes tomar. La construcci\u00f3n met\u00e1lica hace que los micr\u00f3fonos tenga una gran durabilidad y f\u00e1cil transporte con la maleta incluida.<\/p>\n<h2><strong>Especificaciones<\/strong><\/h2>\n<ul>\n<li>Pack de 3 Micr\u00f3fonos + Maleta + 3 Pinzas<\/li>\n<li>Tipo: Din\u00e1mico<\/li>\n<li>Respuesta en frecuencia: 80 Hz &#8211; 15 kHz<\/li>\n<li>Patr\u00f3n de captaci\u00f3n:\u00a0Supercardioide<\/li>\n<li>Impedancia:\u00a0600 Ohmios<\/li>\n<li>Sensibilidad:\u00a0-52 dBV (0 dBV =1 V\/Pa), 2.5 mV\/Pa<\/li>\n<li>Conector:\u00a0XLR balanceado XLR de 3 pines (macho)<\/li>\n<li>Pinza con rosca peque\u00f1a<\/li>\n<\/ul>\n","protected":false},"excerpt":{"rendered":"<p>Micr\u00f3fonos Din\u00e1micos + Maleta + Pinzas<\/p>\n","protected":false},"featured_media":46545,"comment_status":"open","ping_status":"closed","template":"","meta":{"_acf_changed":false},"product_cat":[376],"product_tag":[],"class_list":{"0":"post-35220","1":"product","2":"type-product","3":"status-publish","4":"has-post-thumbnail","6":"product_cat-microfonos-de-mano","8":"first","9":"instock","10":"shipping-taxable","11":"product-type-simple"},"acf":[],"yoast_head":"<!-- This site is optimized with the Yoast SEO plugin v27.0 - https:\/\/yoast.com\/product\/yoast-seo-wordpress\/ -->\n<title>Tokyo XM1800 Pack Black and Silver - Audibax<\/title>\n<meta name=\"robots\" content=\"index, follow, max-snippet:-1, max-image-preview:large, max-video-preview:-1\" \/>\n<link rel=\"canonical\" href=\"https:\/\/audibax.com\/es\/producto\/tokyo-xm1800-pack-black-and-silver-2\/\" \/>\n<meta property=\"og:locale\" content=\"es_ES\" \/>\n<meta property=\"og:type\" content=\"article\" \/>\n<meta property=\"og:title\" content=\"Tokyo XM1800 Pack Black and Silver - Audibax\" \/>\n<meta property=\"og:description\" content=\"Micr\u00f3fonos Din\u00e1micos + Maleta + Pinzas\" \/>\n<meta property=\"og:url\" content=\"https:\/\/audibax.com\/es\/producto\/tokyo-xm1800-pack-black-and-silver-2\/\" \/>\n<meta property=\"og:site_name\" content=\"Audibax\" \/>\n<meta property=\"article:modified_time\" content=\"2024-09-12T07:47:54+00:00\" \/>\n<meta property=\"og:image\" content=\"https:\/\/audibax.com\/wp-content\/uploads\/2023\/12\/Audibax_Tokyo_XM1800S_Maletin.png\" \/>\n\t<meta property=\"og:image:width\" content=\"2500\" \/>\n\t<meta property=\"og:image:height\" content=\"1768\" \/>\n\t<meta property=\"og:image:type\" content=\"image\/png\" \/>\n<meta name=\"twitter:card\" content=\"summary_large_image\" \/>\n<meta name=\"twitter:label1\" content=\"Tiempo de lectura\" \/>\n\t<meta name=\"twitter:data1\" content=\"1 minuto\" \/>\n<script type=\"application\/ld+json\" class=\"yoast-schema-graph\">{\"@context\":\"https:\/\/schema.org\",\"@graph\":[{\"@type\":\"WebPage\",\"@id\":\"https:\/\/audibax.com\/es\/producto\/tokyo-xm1800-pack-black-and-silver-2\/\",\"url\":\"https:\/\/audibax.com\/es\/producto\/tokyo-xm1800-pack-black-and-silver-2\/\",\"name\":\"Tokyo XM1800 Pack Black and Silver - Audibax\",\"isPartOf\":{\"@id\":\"https:\/\/audibax.com\/es\/#website\"},\"primaryImageOfPage\":{\"@id\":\"https:\/\/audibax.com\/es\/producto\/tokyo-xm1800-pack-black-and-silver-2\/#primaryimage\"},\"image\":{\"@id\":\"https:\/\/audibax.com\/es\/producto\/tokyo-xm1800-pack-black-and-silver-2\/#primaryimage\"},\"thumbnailUrl\":\"https:\/\/audibax.com\/wp-content\/uploads\/2023\/12\/Audibax_Tokyo_XM1800S_Maletin.png\",\"datePublished\":\"2023-12-11T12:42:47+00:00\",\"dateModified\":\"2024-09-12T07:47:54+00:00\",\"breadcrumb\":{\"@id\":\"https:\/\/audibax.com\/es\/producto\/tokyo-xm1800-pack-black-and-silver-2\/#breadcrumb\"},\"inLanguage\":\"es\",\"potentialAction\":[{\"@type\":\"ReadAction\",\"target\":[\"https:\/\/audibax.com\/es\/producto\/tokyo-xm1800-pack-black-and-silver-2\/\"]}]},{\"@type\":\"ImageObject\",\"inLanguage\":\"es\",\"@id\":\"https:\/\/audibax.com\/es\/producto\/tokyo-xm1800-pack-black-and-silver-2\/#primaryimage\",\"url\":\"https:\/\/audibax.com\/wp-content\/uploads\/2023\/12\/Audibax_Tokyo_XM1800S_Maletin.png\",\"contentUrl\":\"https:\/\/audibax.com\/wp-content\/uploads\/2023\/12\/Audibax_Tokyo_XM1800S_Maletin.png\",\"width\":2500,\"height\":1768},{\"@type\":\"BreadcrumbList\",\"@id\":\"https:\/\/audibax.com\/es\/producto\/tokyo-xm1800-pack-black-and-silver-2\/#breadcrumb\",\"itemListElement\":[{\"@type\":\"ListItem\",\"position\":1,\"name\":\"Portada\",\"item\":\"https:\/\/audibax.com\/es\/\"},{\"@type\":\"ListItem\",\"position\":2,\"name\":\"Productos\",\"item\":\"https:\/\/audibax.com\/es\/shop\/\"},{\"@type\":\"ListItem\",\"position\":3,\"name\":\"Tokyo XM1800 Pack Black and Silver\"}]},{\"@type\":\"WebSite\",\"@id\":\"https:\/\/audibax.com\/es\/#website\",\"url\":\"https:\/\/audibax.com\/es\/\",\"name\":\"Audibax\",\"description\":\"\",\"publisher\":{\"@id\":\"https:\/\/audibax.com\/es\/#organization\"},\"potentialAction\":[{\"@type\":\"SearchAction\",\"target\":{\"@type\":\"EntryPoint\",\"urlTemplate\":\"https:\/\/audibax.com\/es\/?s={search_term_string}\"},\"query-input\":{\"@type\":\"PropertyValueSpecification\",\"valueRequired\":true,\"valueName\":\"search_term_string\"}}],\"inLanguage\":\"es\"},{\"@type\":\"Organization\",\"@id\":\"https:\/\/audibax.com\/es\/#organization\",\"name\":\"Audibax\",\"url\":\"https:\/\/audibax.com\/es\/\",\"logo\":{\"@type\":\"ImageObject\",\"inLanguage\":\"es\",\"@id\":\"https:\/\/audibax.com\/es\/#\/schema\/logo\/image\/\",\"url\":\"https:\/\/audibax.com\/wp-content\/uploads\/2023\/09\/logo-Audibax-BLANCO-SVG-1.svg\",\"contentUrl\":\"https:\/\/audibax.com\/wp-content\/uploads\/2023\/09\/logo-Audibax-BLANCO-SVG-1.svg\",\"caption\":\"Audibax\"},\"image\":{\"@id\":\"https:\/\/audibax.com\/es\/#\/schema\/logo\/image\/\"}}]}<\/script>\n<!-- \/ Yoast SEO plugin. -->","yoast_head_json":{"title":"Tokyo XM1800 Pack Black and Silver - Audibax","robots":{"index":"index","follow":"follow","max-snippet":"max-snippet:-1","max-image-preview":"max-image-preview:large","max-video-preview":"max-video-preview:-1"},"canonical":"https:\/\/audibax.com\/es\/producto\/tokyo-xm1800-pack-black-and-silver-2\/","og_locale":"es_ES","og_type":"article","og_title":"Tokyo XM1800 Pack Black and Silver - Audibax","og_description":"Micr\u00f3fonos Din\u00e1micos + Maleta + Pinzas","og_url":"https:\/\/audibax.com\/es\/producto\/tokyo-xm1800-pack-black-and-silver-2\/","og_site_name":"Audibax","article_modified_time":"2024-09-12T07:47:54+00:00","og_image":[{"width":2500,"height":1768,"url":"https:\/\/audibax.com\/wp-content\/uploads\/2023\/12\/Audibax_Tokyo_XM1800S_Maletin.png","type":"image\/png"}],"twitter_card":"summary_large_image","twitter_misc":{"Tiempo de lectura":"1 minuto"},"schema":{"@context":"https:\/\/schema.org","@graph":[{"@type":"WebPage","@id":"https:\/\/audibax.com\/es\/producto\/tokyo-xm1800-pack-black-and-silver-2\/","url":"https:\/\/audibax.com\/es\/producto\/tokyo-xm1800-pack-black-and-silver-2\/","name":"Tokyo XM1800 Pack Black and Silver - Audibax","isPartOf":{"@id":"https:\/\/audibax.com\/es\/#website"},"primaryImageOfPage":{"@id":"https:\/\/audibax.com\/es\/producto\/tokyo-xm1800-pack-black-and-silver-2\/#primaryimage"},"image":{"@id":"https:\/\/audibax.com\/es\/producto\/tokyo-xm1800-pack-black-and-silver-2\/#primaryimage"},"thumbnailUrl":"https:\/\/audibax.com\/wp-content\/uploads\/2023\/12\/Audibax_Tokyo_XM1800S_Maletin.png","datePublished":"2023-12-11T12:42:47+00:00","dateModified":"2024-09-12T07:47:54+00:00","breadcrumb":{"@id":"https:\/\/audibax.com\/es\/producto\/tokyo-xm1800-pack-black-and-silver-2\/#breadcrumb"},"inLanguage":"es","potentialAction":[{"@type":"ReadAction","target":["https:\/\/audibax.com\/es\/producto\/tokyo-xm1800-pack-black-and-silver-2\/"]}]},{"@type":"ImageObject","inLanguage":"es","@id":"https:\/\/audibax.com\/es\/producto\/tokyo-xm1800-pack-black-and-silver-2\/#primaryimage","url":"https:\/\/audibax.com\/wp-content\/uploads\/2023\/12\/Audibax_Tokyo_XM1800S_Maletin.png","contentUrl":"https:\/\/audibax.com\/wp-content\/uploads\/2023\/12\/Audibax_Tokyo_XM1800S_Maletin.png","width":2500,"height":1768},{"@type":"BreadcrumbList","@id":"https:\/\/audibax.com\/es\/producto\/tokyo-xm1800-pack-black-and-silver-2\/#breadcrumb","itemListElement":[{"@type":"ListItem","position":1,"name":"Portada","item":"https:\/\/audibax.com\/es\/"},{"@type":"ListItem","position":2,"name":"Productos","item":"https:\/\/audibax.com\/es\/shop\/"},{"@type":"ListItem","position":3,"name":"Tokyo XM1800 Pack Black and Silver"}]},{"@type":"WebSite","@id":"https:\/\/audibax.com\/es\/#website","url":"https:\/\/audibax.com\/es\/","name":"Audibax","description":"","publisher":{"@id":"https:\/\/audibax.com\/es\/#organization"},"potentialAction":[{"@type":"SearchAction","target":{"@type":"EntryPoint","urlTemplate":"https:\/\/audibax.com\/es\/?s={search_term_string}"},"query-input":{"@type":"PropertyValueSpecification","valueRequired":true,"valueName":"search_term_string"}}],"inLanguage":"es"},{"@type":"Organization","@id":"https:\/\/audibax.com\/es\/#organization","name":"Audibax","url":"https:\/\/audibax.com\/es\/","logo":{"@type":"ImageObject","inLanguage":"es","@id":"https:\/\/audibax.com\/es\/#\/schema\/logo\/image\/","url":"https:\/\/audibax.com\/wp-content\/uploads\/2023\/09\/logo-Audibax-BLANCO-SVG-1.svg","contentUrl":"https:\/\/audibax.com\/wp-content\/uploads\/2023\/09\/logo-Audibax-BLANCO-SVG-1.svg","caption":"Audibax"},"image":{"@id":"https:\/\/audibax.com\/es\/#\/schema\/logo\/image\/"}}]}},"_links":{"self":[{"href":"https:\/\/audibax.com\/es\/wp-json\/wp\/v2\/product\/35220","targetHints":{"allow":["GET"]}}],"collection":[{"href":"https:\/\/audibax.com\/es\/wp-json\/wp\/v2\/product"}],"about":[{"href":"https:\/\/audibax.com\/es\/wp-json\/wp\/v2\/types\/product"}],"replies":[{"embeddable":true,"href":"https:\/\/audibax.com\/es\/wp-json\/wp\/v2\/comments?post=35220"}],"wp:featuredmedia":[{"embeddable":true,"href":"https:\/\/audibax.com\/es\/wp-json\/wp\/v2\/media\/46545"}],"wp:attachment":[{"href":"https:\/\/audibax.com\/es\/wp-json\/wp\/v2\/media?parent=35220"}],"wp:term":[{"taxonomy":"product_cat","embeddable":true,"href":"https:\/\/audibax.com\/es\/wp-json\/wp\/v2\/product_cat?post=35220"},{"taxonomy":"product_tag","embeddable":true,"href":"https:\/\/audibax.com\/es\/wp-json\/wp\/v2\/product_tag?post=35220"}],"curies":[{"name":"wp","href":"https:\/\/api.w.org\/{rel}","templated":true}]}}