{"id":35208,"date":"2023-12-11T13:42:06","date_gmt":"2023-12-11T12:42:06","guid":{"rendered":"https:\/\/audibax.com\/product\/missouri-3000-black-2\/"},"modified":"2025-06-25T11:58:15","modified_gmt":"2025-06-25T09:58:15","slug":"missouri-3000-black-2","status":"publish","type":"product","link":"https:\/\/audibax.com\/es\/producto\/missouri-3000-black-2\/","title":{"rendered":"Missouri 3000 Black"},"content":{"rendered":"<p><strong>Audibax Missouri 3000 Micr\u00f3fono profesional Inal\u00e1mbrico Doble Mano \/ Diadema-Corbata<\/strong><\/p>\n<p><strong>Audibax Missouri 3000<\/strong> es un <strong>sistema de micr\u00f3fono inal\u00e1mbrico dual<\/strong> VHF que incluye <strong>1 micr\u00f3fono mano y 1 equipo de Petaca con microfono Diadema y Lavalier<\/strong> de una calidad profesional.<\/p>\n<p>Con Audibax Missouri 3000 tendr\u00e1s una gran calidad de sonido y un<strong> cobertura de hasta 80 metros <\/strong>sin interferencias gracias al sistema de <strong>Antenas Diversity.<\/strong><\/p>\n<p><strong><br \/>\nTransmisores Sistema Audibax 3000<\/strong><\/p>\n<ul>\n<li>Los transmisores trabajan con distintas frecuencias <strong>179.300 Mhz &#8211; 188,100 Mhz.<\/strong><\/li>\n<li>Adem\u00e1s cuentan con un interruptor on\/off y Mute<\/li>\n<li>Montan una<strong> capsula microf\u00f3nica Din\u00e1mica Cardioide<\/strong><\/li>\n<li>Su alimentaci\u00f3n es mediante 2 bater\u00edas tipo AA que proporcionan una larga autonom\u00eda de uso.<\/li>\n<\/ul>\n<p><strong>Especificaciones T\u00e9cnicas Audibax 3000<\/strong><\/p>\n<ul>\n<li>Sistema <strong>Micr\u00f3fonos de Mano \/ Diadema VHF Dual<\/strong><\/li>\n<li>Indicadores RF\/AF<\/li>\n<li><strong>1 Micr\u00f3fono de Mano<\/strong> con Display<\/li>\n<li><strong>1 Petaca con dos microfonos ( Diadema y Corbata )<\/strong><\/li>\n<li>Interruptor on\/off y Mute en Micr\u00f3fono<\/li>\n<li>Capsulas Din\u00e1micas Cardioide<\/li>\n<li>1 Receptor Dual con indicador Display.<\/li>\n<li>Antenas Diversity para mejor captaci\u00f3n de Se\u00f1al<\/li>\n<li>Vol\u00famenes independientes para cada canal<\/li>\n<li>Control Cuarzo para dar una gran estabilidad de frecuencias<\/li>\n<li>Conectores de salida XLR \/ Aux (6.35mm)<\/li>\n<li>Frecuencia de Operaci\u00f3n <strong>179.300 Mhz &#8211; 188,100 Mhz<\/strong><\/li>\n<li>Respuesta de Frecuencia: 40 Hz &#8211; 18 Khz.<\/li>\n<li>Frecuencia Estable: +- 0.0005%<\/li>\n<li>Total Distorsi\u00f3n Harm\u00f3nica : &lt;0.5%<\/li>\n<li>Relaci\u00f3n Se\u00f1al Ruido &gt;103dB<\/li>\n<li>Sensibilidad: &#8211; 105 Db<\/li>\n<li>Rango de <strong>Cobertura: 80 Metros Aprox.<\/strong><\/li>\n<li>Tipo de Bater\u00edas: AA<\/li>\n<li>Voltaje de funcionamiento Receptor : 230 Voltios<\/li>\n<\/ul>\n<p>&nbsp;<\/p>\n","protected":false},"excerpt":{"rendered":"<p>Micr\u00f3fono Profesional Inal\u00e1mbrico Dual Mano \/ Diadema-Corbata<\/p>\n","protected":false},"featured_media":17344,"comment_status":"open","ping_status":"closed","template":"","meta":{"_acf_changed":false},"product_cat":[390,372,388,718],"product_tag":[],"class_list":{"0":"post-35208","1":"product","2":"type-product","3":"status-publish","4":"has-post-thumbnail","6":"product_cat-auriculares-con-microfono-inalambricos","7":"product_cat-microfonos","8":"product_cat-microfonos-inalambricos","9":"product_cat-microfonos-inalambricos-de-mano","11":"first","12":"instock","13":"shipping-taxable","14":"product-type-simple"},"acf":[],"yoast_head":"<!-- This site is optimized with the Yoast SEO plugin v27.0 - https:\/\/yoast.com\/product\/yoast-seo-wordpress\/ -->\n<title>Missouri 3000 Black - Audibax<\/title>\n<meta name=\"robots\" content=\"index, follow, max-snippet:-1, max-image-preview:large, max-video-preview:-1\" \/>\n<link rel=\"canonical\" href=\"https:\/\/audibax.com\/es\/producto\/missouri-3000-black-2\/\" \/>\n<meta property=\"og:locale\" content=\"es_ES\" \/>\n<meta property=\"og:type\" content=\"article\" \/>\n<meta property=\"og:title\" content=\"Missouri 3000 Black - Audibax\" \/>\n<meta property=\"og:description\" content=\"Micr\u00f3fono Profesional Inal\u00e1mbrico Dual Mano \/ Diadema-Corbata\" \/>\n<meta property=\"og:url\" content=\"https:\/\/audibax.com\/es\/producto\/missouri-3000-black-2\/\" \/>\n<meta property=\"og:site_name\" content=\"Audibax\" \/>\n<meta property=\"article:modified_time\" content=\"2025-06-25T09:58:15+00:00\" \/>\n<meta property=\"og:image\" content=\"https:\/\/audibax.com\/wp-content\/uploads\/2023\/12\/audibax-missouri-3000-microfono-inalambrico-mano-diadema-corbata-accesorios.jpg\" \/>\n\t<meta property=\"og:image:width\" content=\"1000\" \/>\n\t<meta property=\"og:image:height\" content=\"500\" \/>\n\t<meta property=\"og:image:type\" content=\"image\/jpeg\" \/>\n<meta name=\"twitter:card\" content=\"summary_large_image\" \/>\n<meta name=\"twitter:label1\" content=\"Tiempo de lectura\" \/>\n\t<meta name=\"twitter:data1\" content=\"2 minutos\" \/>\n<script type=\"application\/ld+json\" class=\"yoast-schema-graph\">{\"@context\":\"https:\/\/schema.org\",\"@graph\":[{\"@type\":\"WebPage\",\"@id\":\"https:\/\/audibax.com\/es\/producto\/missouri-3000-black-2\/\",\"url\":\"https:\/\/audibax.com\/es\/producto\/missouri-3000-black-2\/\",\"name\":\"Missouri 3000 Black - Audibax\",\"isPartOf\":{\"@id\":\"https:\/\/audibax.com\/es\/#website\"},\"primaryImageOfPage\":{\"@id\":\"https:\/\/audibax.com\/es\/producto\/missouri-3000-black-2\/#primaryimage\"},\"image\":{\"@id\":\"https:\/\/audibax.com\/es\/producto\/missouri-3000-black-2\/#primaryimage\"},\"thumbnailUrl\":\"https:\/\/audibax.com\/wp-content\/uploads\/2023\/12\/audibax-missouri-3000-microfono-inalambrico-mano-diadema-corbata-accesorios.jpg\",\"datePublished\":\"2023-12-11T12:42:06+00:00\",\"dateModified\":\"2025-06-25T09:58:15+00:00\",\"breadcrumb\":{\"@id\":\"https:\/\/audibax.com\/es\/producto\/missouri-3000-black-2\/#breadcrumb\"},\"inLanguage\":\"es\",\"potentialAction\":[{\"@type\":\"ReadAction\",\"target\":[\"https:\/\/audibax.com\/es\/producto\/missouri-3000-black-2\/\"]}]},{\"@type\":\"ImageObject\",\"inLanguage\":\"es\",\"@id\":\"https:\/\/audibax.com\/es\/producto\/missouri-3000-black-2\/#primaryimage\",\"url\":\"https:\/\/audibax.com\/wp-content\/uploads\/2023\/12\/audibax-missouri-3000-microfono-inalambrico-mano-diadema-corbata-accesorios.jpg\",\"contentUrl\":\"https:\/\/audibax.com\/wp-content\/uploads\/2023\/12\/audibax-missouri-3000-microfono-inalambrico-mano-diadema-corbata-accesorios.jpg\",\"width\":1000,\"height\":500},{\"@type\":\"BreadcrumbList\",\"@id\":\"https:\/\/audibax.com\/es\/producto\/missouri-3000-black-2\/#breadcrumb\",\"itemListElement\":[{\"@type\":\"ListItem\",\"position\":1,\"name\":\"Portada\",\"item\":\"https:\/\/audibax.com\/es\/\"},{\"@type\":\"ListItem\",\"position\":2,\"name\":\"Productos\",\"item\":\"https:\/\/audibax.com\/es\/shop\/\"},{\"@type\":\"ListItem\",\"position\":3,\"name\":\"Missouri 3000 Black\"}]},{\"@type\":\"WebSite\",\"@id\":\"https:\/\/audibax.com\/es\/#website\",\"url\":\"https:\/\/audibax.com\/es\/\",\"name\":\"Audibax\",\"description\":\"\",\"publisher\":{\"@id\":\"https:\/\/audibax.com\/es\/#organization\"},\"potentialAction\":[{\"@type\":\"SearchAction\",\"target\":{\"@type\":\"EntryPoint\",\"urlTemplate\":\"https:\/\/audibax.com\/es\/?s={search_term_string}\"},\"query-input\":{\"@type\":\"PropertyValueSpecification\",\"valueRequired\":true,\"valueName\":\"search_term_string\"}}],\"inLanguage\":\"es\"},{\"@type\":\"Organization\",\"@id\":\"https:\/\/audibax.com\/es\/#organization\",\"name\":\"Audibax\",\"url\":\"https:\/\/audibax.com\/es\/\",\"logo\":{\"@type\":\"ImageObject\",\"inLanguage\":\"es\",\"@id\":\"https:\/\/audibax.com\/es\/#\/schema\/logo\/image\/\",\"url\":\"https:\/\/audibax.com\/wp-content\/uploads\/2023\/09\/logo-Audibax-BLANCO-SVG-1.svg\",\"contentUrl\":\"https:\/\/audibax.com\/wp-content\/uploads\/2023\/09\/logo-Audibax-BLANCO-SVG-1.svg\",\"caption\":\"Audibax\"},\"image\":{\"@id\":\"https:\/\/audibax.com\/es\/#\/schema\/logo\/image\/\"}}]}<\/script>\n<!-- \/ Yoast SEO plugin. -->","yoast_head_json":{"title":"Missouri 3000 Black - Audibax","robots":{"index":"index","follow":"follow","max-snippet":"max-snippet:-1","max-image-preview":"max-image-preview:large","max-video-preview":"max-video-preview:-1"},"canonical":"https:\/\/audibax.com\/es\/producto\/missouri-3000-black-2\/","og_locale":"es_ES","og_type":"article","og_title":"Missouri 3000 Black - Audibax","og_description":"Micr\u00f3fono Profesional Inal\u00e1mbrico Dual Mano \/ Diadema-Corbata","og_url":"https:\/\/audibax.com\/es\/producto\/missouri-3000-black-2\/","og_site_name":"Audibax","article_modified_time":"2025-06-25T09:58:15+00:00","og_image":[{"width":1000,"height":500,"url":"https:\/\/audibax.com\/wp-content\/uploads\/2023\/12\/audibax-missouri-3000-microfono-inalambrico-mano-diadema-corbata-accesorios.jpg","type":"image\/jpeg"}],"twitter_card":"summary_large_image","twitter_misc":{"Tiempo de lectura":"2 minutos"},"schema":{"@context":"https:\/\/schema.org","@graph":[{"@type":"WebPage","@id":"https:\/\/audibax.com\/es\/producto\/missouri-3000-black-2\/","url":"https:\/\/audibax.com\/es\/producto\/missouri-3000-black-2\/","name":"Missouri 3000 Black - Audibax","isPartOf":{"@id":"https:\/\/audibax.com\/es\/#website"},"primaryImageOfPage":{"@id":"https:\/\/audibax.com\/es\/producto\/missouri-3000-black-2\/#primaryimage"},"image":{"@id":"https:\/\/audibax.com\/es\/producto\/missouri-3000-black-2\/#primaryimage"},"thumbnailUrl":"https:\/\/audibax.com\/wp-content\/uploads\/2023\/12\/audibax-missouri-3000-microfono-inalambrico-mano-diadema-corbata-accesorios.jpg","datePublished":"2023-12-11T12:42:06+00:00","dateModified":"2025-06-25T09:58:15+00:00","breadcrumb":{"@id":"https:\/\/audibax.com\/es\/producto\/missouri-3000-black-2\/#breadcrumb"},"inLanguage":"es","potentialAction":[{"@type":"ReadAction","target":["https:\/\/audibax.com\/es\/producto\/missouri-3000-black-2\/"]}]},{"@type":"ImageObject","inLanguage":"es","@id":"https:\/\/audibax.com\/es\/producto\/missouri-3000-black-2\/#primaryimage","url":"https:\/\/audibax.com\/wp-content\/uploads\/2023\/12\/audibax-missouri-3000-microfono-inalambrico-mano-diadema-corbata-accesorios.jpg","contentUrl":"https:\/\/audibax.com\/wp-content\/uploads\/2023\/12\/audibax-missouri-3000-microfono-inalambrico-mano-diadema-corbata-accesorios.jpg","width":1000,"height":500},{"@type":"BreadcrumbList","@id":"https:\/\/audibax.com\/es\/producto\/missouri-3000-black-2\/#breadcrumb","itemListElement":[{"@type":"ListItem","position":1,"name":"Portada","item":"https:\/\/audibax.com\/es\/"},{"@type":"ListItem","position":2,"name":"Productos","item":"https:\/\/audibax.com\/es\/shop\/"},{"@type":"ListItem","position":3,"name":"Missouri 3000 Black"}]},{"@type":"WebSite","@id":"https:\/\/audibax.com\/es\/#website","url":"https:\/\/audibax.com\/es\/","name":"Audibax","description":"","publisher":{"@id":"https:\/\/audibax.com\/es\/#organization"},"potentialAction":[{"@type":"SearchAction","target":{"@type":"EntryPoint","urlTemplate":"https:\/\/audibax.com\/es\/?s={search_term_string}"},"query-input":{"@type":"PropertyValueSpecification","valueRequired":true,"valueName":"search_term_string"}}],"inLanguage":"es"},{"@type":"Organization","@id":"https:\/\/audibax.com\/es\/#organization","name":"Audibax","url":"https:\/\/audibax.com\/es\/","logo":{"@type":"ImageObject","inLanguage":"es","@id":"https:\/\/audibax.com\/es\/#\/schema\/logo\/image\/","url":"https:\/\/audibax.com\/wp-content\/uploads\/2023\/09\/logo-Audibax-BLANCO-SVG-1.svg","contentUrl":"https:\/\/audibax.com\/wp-content\/uploads\/2023\/09\/logo-Audibax-BLANCO-SVG-1.svg","caption":"Audibax"},"image":{"@id":"https:\/\/audibax.com\/es\/#\/schema\/logo\/image\/"}}]}},"_links":{"self":[{"href":"https:\/\/audibax.com\/es\/wp-json\/wp\/v2\/product\/35208","targetHints":{"allow":["GET"]}}],"collection":[{"href":"https:\/\/audibax.com\/es\/wp-json\/wp\/v2\/product"}],"about":[{"href":"https:\/\/audibax.com\/es\/wp-json\/wp\/v2\/types\/product"}],"replies":[{"embeddable":true,"href":"https:\/\/audibax.com\/es\/wp-json\/wp\/v2\/comments?post=35208"}],"wp:featuredmedia":[{"embeddable":true,"href":"https:\/\/audibax.com\/es\/wp-json\/wp\/v2\/media\/17344"}],"wp:attachment":[{"href":"https:\/\/audibax.com\/es\/wp-json\/wp\/v2\/media?parent=35208"}],"wp:term":[{"taxonomy":"product_cat","embeddable":true,"href":"https:\/\/audibax.com\/es\/wp-json\/wp\/v2\/product_cat?post=35208"},{"taxonomy":"product_tag","embeddable":true,"href":"https:\/\/audibax.com\/es\/wp-json\/wp\/v2\/product_tag?post=35208"}],"curies":[{"name":"wp","href":"https:\/\/api.w.org\/{rel}","templated":true}]}}