{"id":35186,"date":"2023-12-11T13:38:56","date_gmt":"2023-12-11T12:38:56","guid":{"rendered":"https:\/\/audibax.com\/product\/montana-36-mini-rgbw-black-2\/"},"modified":"2024-10-25T17:35:07","modified_gmt":"2024-10-25T15:35:07","slug":"montana-36-mini-rgbw-black-2","status":"publish","type":"product","link":"https:\/\/audibax.com\/es\/producto\/montana-36-mini-rgbw-black-2\/","title":{"rendered":"Montana 36 Mini RGBW Black"},"content":{"rendered":"<p>El <strong>Montana 36 Mini<\/strong> <strong>de Audibax<\/strong> es un foco LED que cuenta con 6 LEDS RGBW de 6W que proporcionan la potencia suficiente para animar cualquier fiesta o evento. Se trata de un 4 en 1, lo que indica que cada led da los 4 colores disponibles (rojo, verde, azul y blanco). Se controla en modo aut\u00f3nomo con el mando a distancia suministrado que permite regular los colores, as\u00ed como cambiar f\u00e1cilmente el modo de operar.\u00a0Destaca por ser un producto ligero y muy f\u00e1cil de montar y colocar.<\/p>\n<p>\u00a1Hazte con el nuevo foco <strong>Montana 36 Mini<\/strong> de la marca <strong>Audibax<\/strong> a un precio muy asequible y transforma tus fiestas y eventos en un aut\u00e9ntico espect\u00e1culo de color!<\/p>\n<p>&nbsp;<\/p>\n<h2>Especificaciones<\/h2>\n<p>&nbsp;<\/p>\n<ul>\n<li>N\u00ba Leds : 6.<\/li>\n<li>Potencia : 6W cada led<\/li>\n<li>Color : RGBw 4 in 1 LED<\/li>\n<li>Incluye mando<\/li>\n<li>Dimensiones :\n<ul style=\"list-style-type: circle;\">\n<li>Di\u00e1metro: 12.5cm<\/li>\n<li>Alto : 14.5cm<\/li>\n<li>Profundo : 7.5cm<\/li>\n<\/ul>\n<\/li>\n<li>Color del foco : Negro<\/li>\n<li>Colores : verde, rojo, azul oscuro, blanco, amarillo, azul claro y violeta<\/li>\n<li>Voltaje : AV110-220V , 50\/60HZ<\/li>\n<li>Potencia : 50W<\/li>\n<li>Funcionamiento : auto, control por voz, control remoto<\/li>\n<li>Peso neto : 0.4kg<\/li>\n<\/ul>\n","protected":false},"excerpt":{"rendered":"<ul>\n<li>N\u00ba Leds : 6.<\/li>\n<li>Potencia : 6W cada led<\/li>\n<li>Color : RGBw 4 in 1 LED<\/li>\n<li>Incluye mando<\/li>\n<\/ul>\n","protected":false},"featured_media":18190,"comment_status":"open","ping_status":"closed","template":"","meta":{"_acf_changed":false},"product_cat":[367],"product_tag":[],"class_list":{"0":"post-35186","1":"product","2":"type-product","3":"status-publish","4":"has-post-thumbnail","6":"product_cat-spotlights-es","8":"first","9":"instock","10":"shipping-taxable","11":"product-type-simple"},"acf":[],"yoast_head":"<!-- This site is optimized with the Yoast SEO plugin v27.0 - https:\/\/yoast.com\/product\/yoast-seo-wordpress\/ -->\n<title>Montana 36 Mini RGBW Black - Audibax<\/title>\n<meta name=\"robots\" content=\"index, follow, max-snippet:-1, max-image-preview:large, max-video-preview:-1\" \/>\n<link rel=\"canonical\" href=\"https:\/\/audibax.com\/es\/producto\/montana-36-mini-rgbw-black-2\/\" \/>\n<meta property=\"og:locale\" content=\"es_ES\" \/>\n<meta property=\"og:type\" content=\"article\" \/>\n<meta property=\"og:title\" content=\"Montana 36 Mini RGBW Black - Audibax\" \/>\n<meta property=\"og:description\" content=\"N\u00ba Leds : 6.  Potencia : 6W cada led  Color : RGBw 4 in 1 LED  Incluye mando\" \/>\n<meta property=\"og:url\" content=\"https:\/\/audibax.com\/es\/producto\/montana-36-mini-rgbw-black-2\/\" \/>\n<meta property=\"og:site_name\" content=\"Audibax\" \/>\n<meta property=\"article:modified_time\" content=\"2024-10-25T15:35:07+00:00\" \/>\n<meta property=\"og:image\" content=\"https:\/\/audibax.com\/wp-content\/uploads\/2023\/12\/comprar-audibax-montana36.jpg\" \/>\n\t<meta property=\"og:image:width\" content=\"1000\" \/>\n\t<meta property=\"og:image:height\" content=\"500\" \/>\n\t<meta property=\"og:image:type\" content=\"image\/jpeg\" \/>\n<meta name=\"twitter:card\" content=\"summary_large_image\" \/>\n<meta name=\"twitter:label1\" content=\"Tiempo de lectura\" \/>\n\t<meta name=\"twitter:data1\" content=\"1 minuto\" \/>\n<script type=\"application\/ld+json\" class=\"yoast-schema-graph\">{\"@context\":\"https:\/\/schema.org\",\"@graph\":[{\"@type\":\"WebPage\",\"@id\":\"https:\/\/audibax.com\/es\/producto\/montana-36-mini-rgbw-black-2\/\",\"url\":\"https:\/\/audibax.com\/es\/producto\/montana-36-mini-rgbw-black-2\/\",\"name\":\"Montana 36 Mini RGBW Black - Audibax\",\"isPartOf\":{\"@id\":\"https:\/\/audibax.com\/es\/#website\"},\"primaryImageOfPage\":{\"@id\":\"https:\/\/audibax.com\/es\/producto\/montana-36-mini-rgbw-black-2\/#primaryimage\"},\"image\":{\"@id\":\"https:\/\/audibax.com\/es\/producto\/montana-36-mini-rgbw-black-2\/#primaryimage\"},\"thumbnailUrl\":\"https:\/\/audibax.com\/wp-content\/uploads\/2023\/12\/comprar-audibax-montana36.jpg\",\"datePublished\":\"2023-12-11T12:38:56+00:00\",\"dateModified\":\"2024-10-25T15:35:07+00:00\",\"breadcrumb\":{\"@id\":\"https:\/\/audibax.com\/es\/producto\/montana-36-mini-rgbw-black-2\/#breadcrumb\"},\"inLanguage\":\"es\",\"potentialAction\":[{\"@type\":\"ReadAction\",\"target\":[\"https:\/\/audibax.com\/es\/producto\/montana-36-mini-rgbw-black-2\/\"]}]},{\"@type\":\"ImageObject\",\"inLanguage\":\"es\",\"@id\":\"https:\/\/audibax.com\/es\/producto\/montana-36-mini-rgbw-black-2\/#primaryimage\",\"url\":\"https:\/\/audibax.com\/wp-content\/uploads\/2023\/12\/comprar-audibax-montana36.jpg\",\"contentUrl\":\"https:\/\/audibax.com\/wp-content\/uploads\/2023\/12\/comprar-audibax-montana36.jpg\",\"width\":1000,\"height\":500},{\"@type\":\"BreadcrumbList\",\"@id\":\"https:\/\/audibax.com\/es\/producto\/montana-36-mini-rgbw-black-2\/#breadcrumb\",\"itemListElement\":[{\"@type\":\"ListItem\",\"position\":1,\"name\":\"Portada\",\"item\":\"https:\/\/audibax.com\/es\/\"},{\"@type\":\"ListItem\",\"position\":2,\"name\":\"Productos\",\"item\":\"https:\/\/audibax.com\/es\/shop\/\"},{\"@type\":\"ListItem\",\"position\":3,\"name\":\"Montana 36 Mini RGBW Black\"}]},{\"@type\":\"WebSite\",\"@id\":\"https:\/\/audibax.com\/es\/#website\",\"url\":\"https:\/\/audibax.com\/es\/\",\"name\":\"Audibax\",\"description\":\"\",\"publisher\":{\"@id\":\"https:\/\/audibax.com\/es\/#organization\"},\"potentialAction\":[{\"@type\":\"SearchAction\",\"target\":{\"@type\":\"EntryPoint\",\"urlTemplate\":\"https:\/\/audibax.com\/es\/?s={search_term_string}\"},\"query-input\":{\"@type\":\"PropertyValueSpecification\",\"valueRequired\":true,\"valueName\":\"search_term_string\"}}],\"inLanguage\":\"es\"},{\"@type\":\"Organization\",\"@id\":\"https:\/\/audibax.com\/es\/#organization\",\"name\":\"Audibax\",\"url\":\"https:\/\/audibax.com\/es\/\",\"logo\":{\"@type\":\"ImageObject\",\"inLanguage\":\"es\",\"@id\":\"https:\/\/audibax.com\/es\/#\/schema\/logo\/image\/\",\"url\":\"https:\/\/audibax.com\/wp-content\/uploads\/2023\/09\/logo-Audibax-BLANCO-SVG-1.svg\",\"contentUrl\":\"https:\/\/audibax.com\/wp-content\/uploads\/2023\/09\/logo-Audibax-BLANCO-SVG-1.svg\",\"caption\":\"Audibax\"},\"image\":{\"@id\":\"https:\/\/audibax.com\/es\/#\/schema\/logo\/image\/\"}}]}<\/script>\n<!-- \/ Yoast SEO plugin. -->","yoast_head_json":{"title":"Montana 36 Mini RGBW Black - Audibax","robots":{"index":"index","follow":"follow","max-snippet":"max-snippet:-1","max-image-preview":"max-image-preview:large","max-video-preview":"max-video-preview:-1"},"canonical":"https:\/\/audibax.com\/es\/producto\/montana-36-mini-rgbw-black-2\/","og_locale":"es_ES","og_type":"article","og_title":"Montana 36 Mini RGBW Black - Audibax","og_description":"N\u00ba Leds : 6.  Potencia : 6W cada led  Color : RGBw 4 in 1 LED  Incluye mando","og_url":"https:\/\/audibax.com\/es\/producto\/montana-36-mini-rgbw-black-2\/","og_site_name":"Audibax","article_modified_time":"2024-10-25T15:35:07+00:00","og_image":[{"width":1000,"height":500,"url":"https:\/\/audibax.com\/wp-content\/uploads\/2023\/12\/comprar-audibax-montana36.jpg","type":"image\/jpeg"}],"twitter_card":"summary_large_image","twitter_misc":{"Tiempo de lectura":"1 minuto"},"schema":{"@context":"https:\/\/schema.org","@graph":[{"@type":"WebPage","@id":"https:\/\/audibax.com\/es\/producto\/montana-36-mini-rgbw-black-2\/","url":"https:\/\/audibax.com\/es\/producto\/montana-36-mini-rgbw-black-2\/","name":"Montana 36 Mini RGBW Black - Audibax","isPartOf":{"@id":"https:\/\/audibax.com\/es\/#website"},"primaryImageOfPage":{"@id":"https:\/\/audibax.com\/es\/producto\/montana-36-mini-rgbw-black-2\/#primaryimage"},"image":{"@id":"https:\/\/audibax.com\/es\/producto\/montana-36-mini-rgbw-black-2\/#primaryimage"},"thumbnailUrl":"https:\/\/audibax.com\/wp-content\/uploads\/2023\/12\/comprar-audibax-montana36.jpg","datePublished":"2023-12-11T12:38:56+00:00","dateModified":"2024-10-25T15:35:07+00:00","breadcrumb":{"@id":"https:\/\/audibax.com\/es\/producto\/montana-36-mini-rgbw-black-2\/#breadcrumb"},"inLanguage":"es","potentialAction":[{"@type":"ReadAction","target":["https:\/\/audibax.com\/es\/producto\/montana-36-mini-rgbw-black-2\/"]}]},{"@type":"ImageObject","inLanguage":"es","@id":"https:\/\/audibax.com\/es\/producto\/montana-36-mini-rgbw-black-2\/#primaryimage","url":"https:\/\/audibax.com\/wp-content\/uploads\/2023\/12\/comprar-audibax-montana36.jpg","contentUrl":"https:\/\/audibax.com\/wp-content\/uploads\/2023\/12\/comprar-audibax-montana36.jpg","width":1000,"height":500},{"@type":"BreadcrumbList","@id":"https:\/\/audibax.com\/es\/producto\/montana-36-mini-rgbw-black-2\/#breadcrumb","itemListElement":[{"@type":"ListItem","position":1,"name":"Portada","item":"https:\/\/audibax.com\/es\/"},{"@type":"ListItem","position":2,"name":"Productos","item":"https:\/\/audibax.com\/es\/shop\/"},{"@type":"ListItem","position":3,"name":"Montana 36 Mini RGBW Black"}]},{"@type":"WebSite","@id":"https:\/\/audibax.com\/es\/#website","url":"https:\/\/audibax.com\/es\/","name":"Audibax","description":"","publisher":{"@id":"https:\/\/audibax.com\/es\/#organization"},"potentialAction":[{"@type":"SearchAction","target":{"@type":"EntryPoint","urlTemplate":"https:\/\/audibax.com\/es\/?s={search_term_string}"},"query-input":{"@type":"PropertyValueSpecification","valueRequired":true,"valueName":"search_term_string"}}],"inLanguage":"es"},{"@type":"Organization","@id":"https:\/\/audibax.com\/es\/#organization","name":"Audibax","url":"https:\/\/audibax.com\/es\/","logo":{"@type":"ImageObject","inLanguage":"es","@id":"https:\/\/audibax.com\/es\/#\/schema\/logo\/image\/","url":"https:\/\/audibax.com\/wp-content\/uploads\/2023\/09\/logo-Audibax-BLANCO-SVG-1.svg","contentUrl":"https:\/\/audibax.com\/wp-content\/uploads\/2023\/09\/logo-Audibax-BLANCO-SVG-1.svg","caption":"Audibax"},"image":{"@id":"https:\/\/audibax.com\/es\/#\/schema\/logo\/image\/"}}]}},"_links":{"self":[{"href":"https:\/\/audibax.com\/es\/wp-json\/wp\/v2\/product\/35186","targetHints":{"allow":["GET"]}}],"collection":[{"href":"https:\/\/audibax.com\/es\/wp-json\/wp\/v2\/product"}],"about":[{"href":"https:\/\/audibax.com\/es\/wp-json\/wp\/v2\/types\/product"}],"replies":[{"embeddable":true,"href":"https:\/\/audibax.com\/es\/wp-json\/wp\/v2\/comments?post=35186"}],"wp:featuredmedia":[{"embeddable":true,"href":"https:\/\/audibax.com\/es\/wp-json\/wp\/v2\/media\/18190"}],"wp:attachment":[{"href":"https:\/\/audibax.com\/es\/wp-json\/wp\/v2\/media?parent=35186"}],"wp:term":[{"taxonomy":"product_cat","embeddable":true,"href":"https:\/\/audibax.com\/es\/wp-json\/wp\/v2\/product_cat?post=35186"},{"taxonomy":"product_tag","embeddable":true,"href":"https:\/\/audibax.com\/es\/wp-json\/wp\/v2\/product_tag?post=35186"}],"curies":[{"name":"wp","href":"https:\/\/api.w.org\/{rel}","templated":true}]}}