{"id":35181,"date":"2023-12-11T13:38:36","date_gmt":"2023-12-11T12:38:36","guid":{"rendered":"https:\/\/audibax.com\/product\/dallas-180-mk2-black-2\/"},"modified":"2024-10-25T17:16:40","modified_gmt":"2024-10-25T15:16:40","slug":"dallas-180-mk2-black-2","status":"publish","type":"product","link":"https:\/\/audibax.com\/es\/producto\/dallas-180-mk2-black-2\/","title":{"rendered":"Dallas 180 MK2 Black"},"content":{"rendered":"<p>El\u00a0<strong>Audibax Dallas 180 MK2<\/strong>\u00a0es la nueva versi\u00f3n del famoso foco Dallas 180. Como mejoras incorpora<\/p>\n<ul>\n<li>Ventilador silencioso \u00abSilent\u00bb<\/li>\n<li>Aluminio ultraligero<\/li>\n<li>RGBw 4 in 1<\/li>\n<\/ul>\n<p>Los 18 LEDs de 10 W de alta eficiencia permiten obtener una amplia gama de colores RGBW, desde suaves tonos hasta tonos c\u00e1lidos y muy saturados, con un \u00e1ngulo de proyecci\u00f3n de 30\u00b0 y un alto nivel de iluminaci\u00f3n. Su funcionamiento es muy silencioso gracias a la ventilaci\u00f3n silenciosa.<\/p>\n<p>El\u00a0<strong>Dallas 180 MK2<\/strong>\u00a0ofrece 1 modo DMX con numerosas funciones y programas incorporados, y cuenta con un micr\u00f3fono integrado para la activaci\u00f3n por sonido. Funciona en modo maestro, esclavo y aut\u00f3nomo y la pantalla iluminada permite con los 4 botones realizar ajustes f\u00e1cilmente.<\/p>\n<p>Dispone de una carcasa de aluminio negra de fundici\u00f3n, con entradas y salidas XLR de 3 para la se\u00f1al DMX. El\u00a0<em>Dallas 180 MK2 de Audibax<\/em>\u00a0incluye un soporte multifuncional que ofrece una amplia variedad de opciones de montaje.<\/p>\n<h2>Caracter\u00edsticas<\/h2>\n<p>&nbsp;<\/p>\n<ul>\n<li>LEDs ultrabrillantes de alta eficiencia de 10 W<\/li>\n<li>Muy silencioso gracias a la ventilaci\u00f3n.<\/li>\n<li>El espectro de colores RGBW proporciona mezclas de colores de gran flexibilidad, desde colores c\u00e1lidos y saturados hasta pastel y s\u00f3lidos<\/li>\n<li>Sin parpadeo<\/li>\n<li>Conexionado profesional con entrada y salida DMX por XLR de 3 y de 5 pines<\/li>\n<li>Carcasa met\u00e1lica robusta, plana y compacta<\/li>\n<\/ul>\n<p>&nbsp;<\/p>\n<h2>Especificaciones<\/h2>\n<p>&nbsp;<\/p>\n<ul>\n<li>Tipo de producto: Foco PAR con tecnolog\u00eda<\/li>\n<li>Tipo: PAR plano<\/li>\n<li>Colores: RGBW 4 in 1<\/li>\n<li>N\u00famero de LEDs: 18<\/li>\n<li>Tipo de LEDs: 10 W<\/li>\n<li>Potencia 180w<\/li>\n<li>Dispersi\u00f3n: 30\u00b0<\/li>\n<li>Entrada DMX: XLR macho de 3 pines<\/li>\n<li>Salida DMX: XLR hembra de 3 pines<\/li>\n<li>Modo DMX: 8 canales<\/li>\n<li>Funciones DMX: RGBW, estrobo, atenuador, Maestro, activaci\u00f3n por sonido, cambio de color, atenuaci\u00f3n del color<\/li>\n<li>Modos aut\u00f3nomo: modo Esclavo, cambio de color, atenuaci\u00f3n del color, color fijo, activaci\u00f3n por sonido<\/li>\n<li>Controles: Enter, Up, Down, Modo<\/li>\n<li>Indicaci\u00f3n: pantalla retroiluminada<\/li>\n<li>Voltaje : AC90-240v, 50-60Khz<\/li>\n<li>Material de la carcasa: Aluminio<\/li>\n<li>Color de la caja: negro<\/li>\n<li>Consumo : 200w<\/li>\n<li>Medidas con asa: 260 x 260 x 80<\/li>\n<\/ul>\n","protected":false},"excerpt":{"rendered":"<ul>\n<li>Tipo de producto: Foco PAR con tecnolog\u00eda<\/li>\n<li>Tipo: PAR plano<\/li>\n<li>Colores: RGBW 4 in 1<\/li>\n<li>N\u00famero de LEDs: 18<\/li>\n<li>Tipo de LEDs: 10 W<\/li>\n<li>Potencia 180w<\/li>\n<li>Dispersi\u00f3n: 30\u00b0<\/li>\n<\/ul>\n","protected":false},"featured_media":16603,"comment_status":"open","ping_status":"closed","template":"","meta":{"_acf_changed":false},"product_cat":[367],"product_tag":[],"class_list":{"0":"post-35181","1":"product","2":"type-product","3":"status-publish","4":"has-post-thumbnail","6":"product_cat-spotlights-es","8":"first","9":"instock","10":"shipping-taxable","11":"product-type-simple"},"acf":[],"yoast_head":"<!-- This site is optimized with the Yoast SEO plugin v27.0 - https:\/\/yoast.com\/product\/yoast-seo-wordpress\/ -->\n<title>Dallas 180 MK2 Black - Audibax<\/title>\n<meta name=\"robots\" content=\"index, follow, max-snippet:-1, max-image-preview:large, max-video-preview:-1\" \/>\n<link rel=\"canonical\" href=\"https:\/\/audibax.com\/es\/producto\/dallas-180-mk2-black-2\/\" \/>\n<meta property=\"og:locale\" content=\"es_ES\" \/>\n<meta property=\"og:type\" content=\"article\" \/>\n<meta property=\"og:title\" content=\"Dallas 180 MK2 Black - Audibax\" \/>\n<meta property=\"og:description\" content=\"Tipo de producto: Foco PAR con tecnolog\u00eda  Tipo: PAR plano  Colores: RGBW 4 in 1  N\u00famero de LEDs: 18  Tipo de LEDs: 10 W  Potencia 180w  Dispersi\u00f3n: 30\u00b0\" \/>\n<meta property=\"og:url\" content=\"https:\/\/audibax.com\/es\/producto\/dallas-180-mk2-black-2\/\" \/>\n<meta property=\"og:site_name\" content=\"Audibax\" \/>\n<meta property=\"article:modified_time\" content=\"2024-10-25T15:16:40+00:00\" \/>\n<meta property=\"og:image\" content=\"https:\/\/audibax.com\/wp-content\/uploads\/2023\/12\/audibax_dallas_180_mk2_foco_led.jpg\" \/>\n\t<meta property=\"og:image:width\" content=\"1000\" \/>\n\t<meta property=\"og:image:height\" content=\"500\" \/>\n\t<meta property=\"og:image:type\" content=\"image\/jpeg\" \/>\n<meta name=\"twitter:card\" content=\"summary_large_image\" \/>\n<meta name=\"twitter:label1\" content=\"Tiempo de lectura\" \/>\n\t<meta name=\"twitter:data1\" content=\"2 minutos\" \/>\n<script type=\"application\/ld+json\" class=\"yoast-schema-graph\">{\"@context\":\"https:\/\/schema.org\",\"@graph\":[{\"@type\":\"WebPage\",\"@id\":\"https:\/\/audibax.com\/es\/producto\/dallas-180-mk2-black-2\/\",\"url\":\"https:\/\/audibax.com\/es\/producto\/dallas-180-mk2-black-2\/\",\"name\":\"Dallas 180 MK2 Black - Audibax\",\"isPartOf\":{\"@id\":\"https:\/\/audibax.com\/es\/#website\"},\"primaryImageOfPage\":{\"@id\":\"https:\/\/audibax.com\/es\/producto\/dallas-180-mk2-black-2\/#primaryimage\"},\"image\":{\"@id\":\"https:\/\/audibax.com\/es\/producto\/dallas-180-mk2-black-2\/#primaryimage\"},\"thumbnailUrl\":\"https:\/\/audibax.com\/wp-content\/uploads\/2023\/12\/audibax_dallas_180_mk2_foco_led.jpg\",\"datePublished\":\"2023-12-11T12:38:36+00:00\",\"dateModified\":\"2024-10-25T15:16:40+00:00\",\"breadcrumb\":{\"@id\":\"https:\/\/audibax.com\/es\/producto\/dallas-180-mk2-black-2\/#breadcrumb\"},\"inLanguage\":\"es\",\"potentialAction\":[{\"@type\":\"ReadAction\",\"target\":[\"https:\/\/audibax.com\/es\/producto\/dallas-180-mk2-black-2\/\"]}]},{\"@type\":\"ImageObject\",\"inLanguage\":\"es\",\"@id\":\"https:\/\/audibax.com\/es\/producto\/dallas-180-mk2-black-2\/#primaryimage\",\"url\":\"https:\/\/audibax.com\/wp-content\/uploads\/2023\/12\/audibax_dallas_180_mk2_foco_led.jpg\",\"contentUrl\":\"https:\/\/audibax.com\/wp-content\/uploads\/2023\/12\/audibax_dallas_180_mk2_foco_led.jpg\",\"width\":1000,\"height\":500},{\"@type\":\"BreadcrumbList\",\"@id\":\"https:\/\/audibax.com\/es\/producto\/dallas-180-mk2-black-2\/#breadcrumb\",\"itemListElement\":[{\"@type\":\"ListItem\",\"position\":1,\"name\":\"Portada\",\"item\":\"https:\/\/audibax.com\/es\/\"},{\"@type\":\"ListItem\",\"position\":2,\"name\":\"Productos\",\"item\":\"https:\/\/audibax.com\/es\/shop\/\"},{\"@type\":\"ListItem\",\"position\":3,\"name\":\"Dallas 180 MK2 Black\"}]},{\"@type\":\"WebSite\",\"@id\":\"https:\/\/audibax.com\/es\/#website\",\"url\":\"https:\/\/audibax.com\/es\/\",\"name\":\"Audibax\",\"description\":\"\",\"publisher\":{\"@id\":\"https:\/\/audibax.com\/es\/#organization\"},\"potentialAction\":[{\"@type\":\"SearchAction\",\"target\":{\"@type\":\"EntryPoint\",\"urlTemplate\":\"https:\/\/audibax.com\/es\/?s={search_term_string}\"},\"query-input\":{\"@type\":\"PropertyValueSpecification\",\"valueRequired\":true,\"valueName\":\"search_term_string\"}}],\"inLanguage\":\"es\"},{\"@type\":\"Organization\",\"@id\":\"https:\/\/audibax.com\/es\/#organization\",\"name\":\"Audibax\",\"url\":\"https:\/\/audibax.com\/es\/\",\"logo\":{\"@type\":\"ImageObject\",\"inLanguage\":\"es\",\"@id\":\"https:\/\/audibax.com\/es\/#\/schema\/logo\/image\/\",\"url\":\"https:\/\/audibax.com\/wp-content\/uploads\/2023\/09\/logo-Audibax-BLANCO-SVG-1.svg\",\"contentUrl\":\"https:\/\/audibax.com\/wp-content\/uploads\/2023\/09\/logo-Audibax-BLANCO-SVG-1.svg\",\"caption\":\"Audibax\"},\"image\":{\"@id\":\"https:\/\/audibax.com\/es\/#\/schema\/logo\/image\/\"}}]}<\/script>\n<!-- \/ Yoast SEO plugin. -->","yoast_head_json":{"title":"Dallas 180 MK2 Black - Audibax","robots":{"index":"index","follow":"follow","max-snippet":"max-snippet:-1","max-image-preview":"max-image-preview:large","max-video-preview":"max-video-preview:-1"},"canonical":"https:\/\/audibax.com\/es\/producto\/dallas-180-mk2-black-2\/","og_locale":"es_ES","og_type":"article","og_title":"Dallas 180 MK2 Black - Audibax","og_description":"Tipo de producto: Foco PAR con tecnolog\u00eda  Tipo: PAR plano  Colores: RGBW 4 in 1  N\u00famero de LEDs: 18  Tipo de LEDs: 10 W  Potencia 180w  Dispersi\u00f3n: 30\u00b0","og_url":"https:\/\/audibax.com\/es\/producto\/dallas-180-mk2-black-2\/","og_site_name":"Audibax","article_modified_time":"2024-10-25T15:16:40+00:00","og_image":[{"width":1000,"height":500,"url":"https:\/\/audibax.com\/wp-content\/uploads\/2023\/12\/audibax_dallas_180_mk2_foco_led.jpg","type":"image\/jpeg"}],"twitter_card":"summary_large_image","twitter_misc":{"Tiempo de lectura":"2 minutos"},"schema":{"@context":"https:\/\/schema.org","@graph":[{"@type":"WebPage","@id":"https:\/\/audibax.com\/es\/producto\/dallas-180-mk2-black-2\/","url":"https:\/\/audibax.com\/es\/producto\/dallas-180-mk2-black-2\/","name":"Dallas 180 MK2 Black - Audibax","isPartOf":{"@id":"https:\/\/audibax.com\/es\/#website"},"primaryImageOfPage":{"@id":"https:\/\/audibax.com\/es\/producto\/dallas-180-mk2-black-2\/#primaryimage"},"image":{"@id":"https:\/\/audibax.com\/es\/producto\/dallas-180-mk2-black-2\/#primaryimage"},"thumbnailUrl":"https:\/\/audibax.com\/wp-content\/uploads\/2023\/12\/audibax_dallas_180_mk2_foco_led.jpg","datePublished":"2023-12-11T12:38:36+00:00","dateModified":"2024-10-25T15:16:40+00:00","breadcrumb":{"@id":"https:\/\/audibax.com\/es\/producto\/dallas-180-mk2-black-2\/#breadcrumb"},"inLanguage":"es","potentialAction":[{"@type":"ReadAction","target":["https:\/\/audibax.com\/es\/producto\/dallas-180-mk2-black-2\/"]}]},{"@type":"ImageObject","inLanguage":"es","@id":"https:\/\/audibax.com\/es\/producto\/dallas-180-mk2-black-2\/#primaryimage","url":"https:\/\/audibax.com\/wp-content\/uploads\/2023\/12\/audibax_dallas_180_mk2_foco_led.jpg","contentUrl":"https:\/\/audibax.com\/wp-content\/uploads\/2023\/12\/audibax_dallas_180_mk2_foco_led.jpg","width":1000,"height":500},{"@type":"BreadcrumbList","@id":"https:\/\/audibax.com\/es\/producto\/dallas-180-mk2-black-2\/#breadcrumb","itemListElement":[{"@type":"ListItem","position":1,"name":"Portada","item":"https:\/\/audibax.com\/es\/"},{"@type":"ListItem","position":2,"name":"Productos","item":"https:\/\/audibax.com\/es\/shop\/"},{"@type":"ListItem","position":3,"name":"Dallas 180 MK2 Black"}]},{"@type":"WebSite","@id":"https:\/\/audibax.com\/es\/#website","url":"https:\/\/audibax.com\/es\/","name":"Audibax","description":"","publisher":{"@id":"https:\/\/audibax.com\/es\/#organization"},"potentialAction":[{"@type":"SearchAction","target":{"@type":"EntryPoint","urlTemplate":"https:\/\/audibax.com\/es\/?s={search_term_string}"},"query-input":{"@type":"PropertyValueSpecification","valueRequired":true,"valueName":"search_term_string"}}],"inLanguage":"es"},{"@type":"Organization","@id":"https:\/\/audibax.com\/es\/#organization","name":"Audibax","url":"https:\/\/audibax.com\/es\/","logo":{"@type":"ImageObject","inLanguage":"es","@id":"https:\/\/audibax.com\/es\/#\/schema\/logo\/image\/","url":"https:\/\/audibax.com\/wp-content\/uploads\/2023\/09\/logo-Audibax-BLANCO-SVG-1.svg","contentUrl":"https:\/\/audibax.com\/wp-content\/uploads\/2023\/09\/logo-Audibax-BLANCO-SVG-1.svg","caption":"Audibax"},"image":{"@id":"https:\/\/audibax.com\/es\/#\/schema\/logo\/image\/"}}]}},"_links":{"self":[{"href":"https:\/\/audibax.com\/es\/wp-json\/wp\/v2\/product\/35181","targetHints":{"allow":["GET"]}}],"collection":[{"href":"https:\/\/audibax.com\/es\/wp-json\/wp\/v2\/product"}],"about":[{"href":"https:\/\/audibax.com\/es\/wp-json\/wp\/v2\/types\/product"}],"replies":[{"embeddable":true,"href":"https:\/\/audibax.com\/es\/wp-json\/wp\/v2\/comments?post=35181"}],"wp:featuredmedia":[{"embeddable":true,"href":"https:\/\/audibax.com\/es\/wp-json\/wp\/v2\/media\/16603"}],"wp:attachment":[{"href":"https:\/\/audibax.com\/es\/wp-json\/wp\/v2\/media?parent=35181"}],"wp:term":[{"taxonomy":"product_cat","embeddable":true,"href":"https:\/\/audibax.com\/es\/wp-json\/wp\/v2\/product_cat?post=35181"},{"taxonomy":"product_tag","embeddable":true,"href":"https:\/\/audibax.com\/es\/wp-json\/wp\/v2\/product_tag?post=35181"}],"curies":[{"name":"wp","href":"https:\/\/api.w.org\/{rel}","templated":true}]}}