{"id":35176,"date":"2023-12-11T15:04:32","date_gmt":"2023-12-11T14:04:32","guid":{"rendered":"https:\/\/audibax.com\/product\/iowa-pix-300-black-2\/"},"modified":"2025-05-20T14:37:36","modified_gmt":"2025-05-20T12:37:36","slug":"iowa-pix-300-black-2","status":"publish","type":"product","link":"https:\/\/audibax.com\/es\/producto\/iowa-pix-300-black-2\/","title":{"rendered":"Iowa Pix 300 Black"},"content":{"rendered":"<p><span style=\"font-size: 14px;\"><strong>Caracter\u00edsticas<\/strong><\/span><\/p>\n<p>La <strong>Audibax Iowa Pix 300<\/strong> es una cabeza m\u00f3vil wash que cuenta con 19 LED RGBW de 15W cada uno, con tecnolog\u00eda 4 en 1, lo que significa que cada LED puede producir una amplia gama de colores y mezclas sutiles de colores.<\/p>\n<p>Nuestra cabeza m\u00f3vil <strong>Iowa Pix 300 <\/strong>es ideal para aplicaciones m\u00f3viles como giras y eventos en vivo. Tambi\u00e9n cuenta con diversas caracter\u00edsticas avanzadas, como control DMX y efectos de iluminaci\u00f3n autom\u00e1ticos, lo que la hace f\u00e1cil de usar para principiantes y profesionales de la iluminaci\u00f3n por igual.<\/p>\n<p>Adem\u00e1s, la <strong>Iowa Pix 300<\/strong> ofrece una rotaci\u00f3n continua de 540 grados en pan y 280 grados en tilt, lo que permite una iluminaci\u00f3n din\u00e1mica y creativa en cualquier direcci\u00f3n. Tambi\u00e9n cuenta con un sistema de zoom motorizado que permite ajustar el \u00e1ngulo del haz de luz para adaptarse a diferentes tama\u00f1os de escenario y aplicaciones de iluminaci\u00f3n.<\/p>\n<p>La I<strong>owa Pix 300<\/strong> es una excelente opci\u00f3n para aquellos que buscan una cabeza m\u00f3vil wash potente y vers\u00e1til para una variedad de aplicaciones de iluminaci\u00f3n en vivo.<\/p>\n<p><span style=\"font-size: 14px;\"><strong>Especificaciones<\/strong><\/span><\/p>\n<ul>\n<li>Cabeza M\u00f3vil Wash<\/li>\n<li>Potencia: 250W<\/li>\n<li>Fuente de luz: 19 x 15W RGBW 4 en 1 Osram LED<\/li>\n<li>Ajusta la luz: 0-100 electrones ajusta la luz, varios colores pueden moverse solos tambi\u00e9n pueden mezclar el tono de color<\/li>\n<li>Luz estrobosc\u00f3pica: luz estrobosc\u00f3pica de alta velocidad de 1-25\/segundo, pero un solo color mezcla la luz estrobosc\u00f3pica de color<\/li>\n<li>Movimiento: nivel 540\u00b0, vertical 280\u00b0, horizontal y vertical utiliza la funci\u00f3n de reemplazo electr\u00f3nico<\/li>\n<li>\u00c1ngulo de Zoom: 7 \u2013 55 grados<\/li>\n<li>Canal: 15\/23CH, control de canal DMX512<\/li>\n<li>Modo de control: DMX512, Auto, Sonido, Maestro-esclavo<\/li>\n<li>Se\u00f1al de control: DMX 512, en conjuntos en el procedimiento autom\u00e1tico<\/li>\n<li>Color: 16,7 millones de tipos de cambios de colores<\/li>\n<li>Voltaje: AC110-260V 50\/60Hz<\/li>\n<li>Dimensiones:\u00a0 250mm Ancho x 380 Alto x 165 profundo<\/li>\n<li>Peso neto: 11Kg<\/li>\n<\/ul>\n","protected":false},"excerpt":{"rendered":"<ul>\n<li>Cabeza M\u00f3vil Wash<\/li>\n<li>Potencia: 250W<\/li>\n<li>Fuente de luz: 19 x 15W RGBW 4 en 1 Osram LED<\/li>\n<\/ul>\n","protected":false},"featured_media":18394,"comment_status":"open","ping_status":"closed","template":"","meta":{"_acf_changed":false},"product_cat":[366,360,350],"product_tag":[],"class_list":{"0":"post-35176","1":"product","2":"type-product","3":"status-publish","4":"has-post-thumbnail","6":"product_cat-cabeza-movil-wash","7":"product_cat-cabezas-moviles","8":"product_cat-iluminacion","10":"first","11":"instock","12":"shipping-taxable","13":"product-type-simple"},"acf":[],"yoast_head":"<!-- This site is optimized with the Yoast SEO plugin v27.0 - https:\/\/yoast.com\/product\/yoast-seo-wordpress\/ -->\n<title>Iowa Pix 300 Black - Audibax<\/title>\n<meta name=\"robots\" content=\"index, follow, max-snippet:-1, max-image-preview:large, max-video-preview:-1\" \/>\n<link rel=\"canonical\" href=\"https:\/\/audibax.com\/es\/producto\/iowa-pix-300-black-2\/\" \/>\n<meta property=\"og:locale\" content=\"es_ES\" \/>\n<meta property=\"og:type\" content=\"article\" \/>\n<meta property=\"og:title\" content=\"Iowa Pix 300 Black - Audibax\" \/>\n<meta property=\"og:description\" content=\"Cabeza M\u00f3vil Wash  Potencia: 250W  Fuente de luz: 19 x 15W RGBW 4 en 1 Osram LED\" \/>\n<meta property=\"og:url\" content=\"https:\/\/audibax.com\/es\/producto\/iowa-pix-300-black-2\/\" \/>\n<meta property=\"og:site_name\" content=\"Audibax\" \/>\n<meta property=\"article:modified_time\" content=\"2025-05-20T12:37:36+00:00\" \/>\n<meta property=\"og:image\" content=\"https:\/\/audibax.com\/wp-content\/uploads\/2023\/12\/Iowa-Pix-300-cabeza-movil-wash-efecto-verde-rojo.jpg\" \/>\n\t<meta property=\"og:image:width\" content=\"1000\" \/>\n\t<meta property=\"og:image:height\" content=\"500\" \/>\n\t<meta property=\"og:image:type\" content=\"image\/jpeg\" \/>\n<meta name=\"twitter:card\" content=\"summary_large_image\" \/>\n<meta name=\"twitter:label1\" content=\"Tiempo de lectura\" \/>\n\t<meta name=\"twitter:data1\" content=\"2 minutos\" \/>\n<script type=\"application\/ld+json\" class=\"yoast-schema-graph\">{\"@context\":\"https:\/\/schema.org\",\"@graph\":[{\"@type\":\"WebPage\",\"@id\":\"https:\/\/audibax.com\/es\/producto\/iowa-pix-300-black-2\/\",\"url\":\"https:\/\/audibax.com\/es\/producto\/iowa-pix-300-black-2\/\",\"name\":\"Iowa Pix 300 Black - Audibax\",\"isPartOf\":{\"@id\":\"https:\/\/audibax.com\/es\/#website\"},\"primaryImageOfPage\":{\"@id\":\"https:\/\/audibax.com\/es\/producto\/iowa-pix-300-black-2\/#primaryimage\"},\"image\":{\"@id\":\"https:\/\/audibax.com\/es\/producto\/iowa-pix-300-black-2\/#primaryimage\"},\"thumbnailUrl\":\"https:\/\/audibax.com\/wp-content\/uploads\/2023\/12\/Iowa-Pix-300-cabeza-movil-wash-efecto-verde-rojo.jpg\",\"datePublished\":\"2023-12-11T14:04:32+00:00\",\"dateModified\":\"2025-05-20T12:37:36+00:00\",\"breadcrumb\":{\"@id\":\"https:\/\/audibax.com\/es\/producto\/iowa-pix-300-black-2\/#breadcrumb\"},\"inLanguage\":\"es\",\"potentialAction\":[{\"@type\":\"ReadAction\",\"target\":[\"https:\/\/audibax.com\/es\/producto\/iowa-pix-300-black-2\/\"]}]},{\"@type\":\"ImageObject\",\"inLanguage\":\"es\",\"@id\":\"https:\/\/audibax.com\/es\/producto\/iowa-pix-300-black-2\/#primaryimage\",\"url\":\"https:\/\/audibax.com\/wp-content\/uploads\/2023\/12\/Iowa-Pix-300-cabeza-movil-wash-efecto-verde-rojo.jpg\",\"contentUrl\":\"https:\/\/audibax.com\/wp-content\/uploads\/2023\/12\/Iowa-Pix-300-cabeza-movil-wash-efecto-verde-rojo.jpg\",\"width\":1000,\"height\":500},{\"@type\":\"BreadcrumbList\",\"@id\":\"https:\/\/audibax.com\/es\/producto\/iowa-pix-300-black-2\/#breadcrumb\",\"itemListElement\":[{\"@type\":\"ListItem\",\"position\":1,\"name\":\"Portada\",\"item\":\"https:\/\/audibax.com\/es\/\"},{\"@type\":\"ListItem\",\"position\":2,\"name\":\"Productos\",\"item\":\"https:\/\/audibax.com\/es\/shop\/\"},{\"@type\":\"ListItem\",\"position\":3,\"name\":\"Iowa Pix 300 Black\"}]},{\"@type\":\"WebSite\",\"@id\":\"https:\/\/audibax.com\/es\/#website\",\"url\":\"https:\/\/audibax.com\/es\/\",\"name\":\"Audibax\",\"description\":\"\",\"publisher\":{\"@id\":\"https:\/\/audibax.com\/es\/#organization\"},\"potentialAction\":[{\"@type\":\"SearchAction\",\"target\":{\"@type\":\"EntryPoint\",\"urlTemplate\":\"https:\/\/audibax.com\/es\/?s={search_term_string}\"},\"query-input\":{\"@type\":\"PropertyValueSpecification\",\"valueRequired\":true,\"valueName\":\"search_term_string\"}}],\"inLanguage\":\"es\"},{\"@type\":\"Organization\",\"@id\":\"https:\/\/audibax.com\/es\/#organization\",\"name\":\"Audibax\",\"url\":\"https:\/\/audibax.com\/es\/\",\"logo\":{\"@type\":\"ImageObject\",\"inLanguage\":\"es\",\"@id\":\"https:\/\/audibax.com\/es\/#\/schema\/logo\/image\/\",\"url\":\"https:\/\/audibax.com\/wp-content\/uploads\/2023\/09\/logo-Audibax-BLANCO-SVG-1.svg\",\"contentUrl\":\"https:\/\/audibax.com\/wp-content\/uploads\/2023\/09\/logo-Audibax-BLANCO-SVG-1.svg\",\"caption\":\"Audibax\"},\"image\":{\"@id\":\"https:\/\/audibax.com\/es\/#\/schema\/logo\/image\/\"}}]}<\/script>\n<!-- \/ Yoast SEO plugin. -->","yoast_head_json":{"title":"Iowa Pix 300 Black - Audibax","robots":{"index":"index","follow":"follow","max-snippet":"max-snippet:-1","max-image-preview":"max-image-preview:large","max-video-preview":"max-video-preview:-1"},"canonical":"https:\/\/audibax.com\/es\/producto\/iowa-pix-300-black-2\/","og_locale":"es_ES","og_type":"article","og_title":"Iowa Pix 300 Black - Audibax","og_description":"Cabeza M\u00f3vil Wash  Potencia: 250W  Fuente de luz: 19 x 15W RGBW 4 en 1 Osram LED","og_url":"https:\/\/audibax.com\/es\/producto\/iowa-pix-300-black-2\/","og_site_name":"Audibax","article_modified_time":"2025-05-20T12:37:36+00:00","og_image":[{"width":1000,"height":500,"url":"https:\/\/audibax.com\/wp-content\/uploads\/2023\/12\/Iowa-Pix-300-cabeza-movil-wash-efecto-verde-rojo.jpg","type":"image\/jpeg"}],"twitter_card":"summary_large_image","twitter_misc":{"Tiempo de lectura":"2 minutos"},"schema":{"@context":"https:\/\/schema.org","@graph":[{"@type":"WebPage","@id":"https:\/\/audibax.com\/es\/producto\/iowa-pix-300-black-2\/","url":"https:\/\/audibax.com\/es\/producto\/iowa-pix-300-black-2\/","name":"Iowa Pix 300 Black - Audibax","isPartOf":{"@id":"https:\/\/audibax.com\/es\/#website"},"primaryImageOfPage":{"@id":"https:\/\/audibax.com\/es\/producto\/iowa-pix-300-black-2\/#primaryimage"},"image":{"@id":"https:\/\/audibax.com\/es\/producto\/iowa-pix-300-black-2\/#primaryimage"},"thumbnailUrl":"https:\/\/audibax.com\/wp-content\/uploads\/2023\/12\/Iowa-Pix-300-cabeza-movil-wash-efecto-verde-rojo.jpg","datePublished":"2023-12-11T14:04:32+00:00","dateModified":"2025-05-20T12:37:36+00:00","breadcrumb":{"@id":"https:\/\/audibax.com\/es\/producto\/iowa-pix-300-black-2\/#breadcrumb"},"inLanguage":"es","potentialAction":[{"@type":"ReadAction","target":["https:\/\/audibax.com\/es\/producto\/iowa-pix-300-black-2\/"]}]},{"@type":"ImageObject","inLanguage":"es","@id":"https:\/\/audibax.com\/es\/producto\/iowa-pix-300-black-2\/#primaryimage","url":"https:\/\/audibax.com\/wp-content\/uploads\/2023\/12\/Iowa-Pix-300-cabeza-movil-wash-efecto-verde-rojo.jpg","contentUrl":"https:\/\/audibax.com\/wp-content\/uploads\/2023\/12\/Iowa-Pix-300-cabeza-movil-wash-efecto-verde-rojo.jpg","width":1000,"height":500},{"@type":"BreadcrumbList","@id":"https:\/\/audibax.com\/es\/producto\/iowa-pix-300-black-2\/#breadcrumb","itemListElement":[{"@type":"ListItem","position":1,"name":"Portada","item":"https:\/\/audibax.com\/es\/"},{"@type":"ListItem","position":2,"name":"Productos","item":"https:\/\/audibax.com\/es\/shop\/"},{"@type":"ListItem","position":3,"name":"Iowa Pix 300 Black"}]},{"@type":"WebSite","@id":"https:\/\/audibax.com\/es\/#website","url":"https:\/\/audibax.com\/es\/","name":"Audibax","description":"","publisher":{"@id":"https:\/\/audibax.com\/es\/#organization"},"potentialAction":[{"@type":"SearchAction","target":{"@type":"EntryPoint","urlTemplate":"https:\/\/audibax.com\/es\/?s={search_term_string}"},"query-input":{"@type":"PropertyValueSpecification","valueRequired":true,"valueName":"search_term_string"}}],"inLanguage":"es"},{"@type":"Organization","@id":"https:\/\/audibax.com\/es\/#organization","name":"Audibax","url":"https:\/\/audibax.com\/es\/","logo":{"@type":"ImageObject","inLanguage":"es","@id":"https:\/\/audibax.com\/es\/#\/schema\/logo\/image\/","url":"https:\/\/audibax.com\/wp-content\/uploads\/2023\/09\/logo-Audibax-BLANCO-SVG-1.svg","contentUrl":"https:\/\/audibax.com\/wp-content\/uploads\/2023\/09\/logo-Audibax-BLANCO-SVG-1.svg","caption":"Audibax"},"image":{"@id":"https:\/\/audibax.com\/es\/#\/schema\/logo\/image\/"}}]}},"_links":{"self":[{"href":"https:\/\/audibax.com\/es\/wp-json\/wp\/v2\/product\/35176","targetHints":{"allow":["GET"]}}],"collection":[{"href":"https:\/\/audibax.com\/es\/wp-json\/wp\/v2\/product"}],"about":[{"href":"https:\/\/audibax.com\/es\/wp-json\/wp\/v2\/types\/product"}],"replies":[{"embeddable":true,"href":"https:\/\/audibax.com\/es\/wp-json\/wp\/v2\/comments?post=35176"}],"wp:featuredmedia":[{"embeddable":true,"href":"https:\/\/audibax.com\/es\/wp-json\/wp\/v2\/media\/18394"}],"wp:attachment":[{"href":"https:\/\/audibax.com\/es\/wp-json\/wp\/v2\/media?parent=35176"}],"wp:term":[{"taxonomy":"product_cat","embeddable":true,"href":"https:\/\/audibax.com\/es\/wp-json\/wp\/v2\/product_cat?post=35176"},{"taxonomy":"product_tag","embeddable":true,"href":"https:\/\/audibax.com\/es\/wp-json\/wp\/v2\/product_tag?post=35176"}],"curies":[{"name":"wp","href":"https:\/\/api.w.org\/{rel}","templated":true}]}}