{"id":35171,"date":"2023-12-11T15:04:16","date_gmt":"2023-12-11T14:04:16","guid":{"rendered":"https:\/\/audibax.com\/product\/iowa-70-white-2\/"},"modified":"2024-10-25T16:31:19","modified_gmt":"2024-10-25T14:31:19","slug":"iowa-70-white-2","status":"publish","type":"product","link":"https:\/\/audibax.com\/es\/producto\/iowa-70-white-2\/","title":{"rendered":"Iowa 70 White"},"content":{"rendered":"<p><strong>Caracter\u00edsticas<\/strong><\/p>\n<ul>\n<li>El <strong>Audibax Iowa 70 White<\/strong> es una peque\u00f1a cabeza m\u00f3vil Wash muy potente, que gracias a sus r\u00e1pidos movimientos es capaz de generar una experiencia lum\u00ednica inigualable.<\/li>\n<li>Nuestra cabeza m\u00f3vil <strong>Iowa 70 White\u00a0<\/strong>est\u00e1 equipada con con 7 LED multicolor RGBW 4 en 1 de 10W de potencia, que emiten una fuente de luz con colores vivos y brillantes.<\/li>\n<li>La cabeza est\u00e1 controlada por DMX, e incopora un indicador de temperatura y tiempo de utilizaci\u00f3n inteligente para prolongar la duraci\u00f3n de la vida del equipo.<\/li>\n<li>Cuenta con atenuaci\u00f3n electr\u00f3nica suave, estrobosc\u00f3pico electr\u00f3nico con pulso y efectos aleatorios.<\/li>\n<li>Funciona en modo DMX512, maestro-esclavo, aut\u00f3nomo y sonido.<\/li>\n<\/ul>\n<p><strong>Especificaciones<\/strong><\/p>\n<ul>\n<li>Voltaje: AC 90V-240V, 50-60HZ<\/li>\n<li>Potencia: 80W<\/li>\n<li>Fuente de luz: 7 x 10W LED RGBW 4 en 1<\/li>\n<li>Atenuaci\u00f3n electr\u00f3nica suave: 0-100%<\/li>\n<li>Estrobosc\u00f3pico electr\u00f3nico con pulso y efectos aleatorios.<\/li>\n<li>Horizontal\/Vertical: 6300\/2400, velocidad ajustable<\/li>\n<li>Canales DMX: 9CH\/14CH<\/li>\n<li>Modo control: DMX512, maestro-esclavo, AUTO, sonido<\/li>\n<li>Alta eficiencia, bajo consumo de energ\u00eda<\/li>\n<li>Estructura en fibra (poliuretano)<\/li>\n<li>Color: Blanco<\/li>\n<li>Medidas: 175 x 175 x 235 mm<\/li>\n<li>Peso: 3 kg<\/li>\n<\/ul>\n","protected":false},"excerpt":{"rendered":"<ul>\n<li>Cabeza m\u00f3vil wash<\/li>\n<li>Fuente de luz: 7 x 10W LED RGBW 4 en 1<\/li>\n<li>Canales DMX: 9CH\/14CH<\/li>\n<li>Modo control: DMX512, maestro-esclavo, AUTO, sonido<\/li>\n<\/ul>\n","protected":false},"featured_media":18385,"comment_status":"open","ping_status":"closed","template":"","meta":{"_acf_changed":false},"product_cat":[366],"product_tag":[],"class_list":{"0":"post-35171","1":"product","2":"type-product","3":"status-publish","4":"has-post-thumbnail","6":"product_cat-cabeza-movil-wash","8":"first","9":"instock","10":"shipping-taxable","11":"product-type-simple"},"acf":[],"yoast_head":"<!-- This site is optimized with the Yoast SEO plugin v27.0 - https:\/\/yoast.com\/product\/yoast-seo-wordpress\/ -->\n<title>Iowa 70 White - Audibax<\/title>\n<meta name=\"robots\" content=\"index, follow, max-snippet:-1, max-image-preview:large, max-video-preview:-1\" \/>\n<link rel=\"canonical\" href=\"https:\/\/audibax.com\/es\/producto\/iowa-70-white-2\/\" \/>\n<meta property=\"og:locale\" content=\"es_ES\" \/>\n<meta property=\"og:type\" content=\"article\" \/>\n<meta property=\"og:title\" content=\"Iowa 70 White - Audibax\" \/>\n<meta property=\"og:description\" content=\"Cabeza m\u00f3vil wash  Fuente de luz: 7 x 10W LED RGBW 4 en 1  Canales DMX: 9CH\/14CH  Modo control: DMX512, maestro-esclavo, AUTO, sonido\" \/>\n<meta property=\"og:url\" content=\"https:\/\/audibax.com\/es\/producto\/iowa-70-white-2\/\" \/>\n<meta property=\"og:site_name\" content=\"Audibax\" \/>\n<meta property=\"article:modified_time\" content=\"2024-10-25T14:31:19+00:00\" \/>\n<meta property=\"og:image\" content=\"https:\/\/audibax.com\/wp-content\/uploads\/2023\/12\/IOWA-70-WHITE-cabeza-movil-wash-luz-verde.jpg\" \/>\n\t<meta property=\"og:image:width\" content=\"1000\" \/>\n\t<meta property=\"og:image:height\" content=\"500\" \/>\n\t<meta property=\"og:image:type\" content=\"image\/jpeg\" \/>\n<meta name=\"twitter:card\" content=\"summary_large_image\" \/>\n<meta name=\"twitter:label1\" content=\"Tiempo de lectura\" \/>\n\t<meta name=\"twitter:data1\" content=\"1 minuto\" \/>\n<script type=\"application\/ld+json\" class=\"yoast-schema-graph\">{\"@context\":\"https:\/\/schema.org\",\"@graph\":[{\"@type\":\"WebPage\",\"@id\":\"https:\/\/audibax.com\/es\/producto\/iowa-70-white-2\/\",\"url\":\"https:\/\/audibax.com\/es\/producto\/iowa-70-white-2\/\",\"name\":\"Iowa 70 White - Audibax\",\"isPartOf\":{\"@id\":\"https:\/\/audibax.com\/es\/#website\"},\"primaryImageOfPage\":{\"@id\":\"https:\/\/audibax.com\/es\/producto\/iowa-70-white-2\/#primaryimage\"},\"image\":{\"@id\":\"https:\/\/audibax.com\/es\/producto\/iowa-70-white-2\/#primaryimage\"},\"thumbnailUrl\":\"https:\/\/audibax.com\/wp-content\/uploads\/2023\/12\/IOWA-70-WHITE-cabeza-movil-wash-luz-verde.jpg\",\"datePublished\":\"2023-12-11T14:04:16+00:00\",\"dateModified\":\"2024-10-25T14:31:19+00:00\",\"breadcrumb\":{\"@id\":\"https:\/\/audibax.com\/es\/producto\/iowa-70-white-2\/#breadcrumb\"},\"inLanguage\":\"es\",\"potentialAction\":[{\"@type\":\"ReadAction\",\"target\":[\"https:\/\/audibax.com\/es\/producto\/iowa-70-white-2\/\"]}]},{\"@type\":\"ImageObject\",\"inLanguage\":\"es\",\"@id\":\"https:\/\/audibax.com\/es\/producto\/iowa-70-white-2\/#primaryimage\",\"url\":\"https:\/\/audibax.com\/wp-content\/uploads\/2023\/12\/IOWA-70-WHITE-cabeza-movil-wash-luz-verde.jpg\",\"contentUrl\":\"https:\/\/audibax.com\/wp-content\/uploads\/2023\/12\/IOWA-70-WHITE-cabeza-movil-wash-luz-verde.jpg\",\"width\":1000,\"height\":500},{\"@type\":\"BreadcrumbList\",\"@id\":\"https:\/\/audibax.com\/es\/producto\/iowa-70-white-2\/#breadcrumb\",\"itemListElement\":[{\"@type\":\"ListItem\",\"position\":1,\"name\":\"Portada\",\"item\":\"https:\/\/audibax.com\/es\/\"},{\"@type\":\"ListItem\",\"position\":2,\"name\":\"Productos\",\"item\":\"https:\/\/audibax.com\/es\/shop\/\"},{\"@type\":\"ListItem\",\"position\":3,\"name\":\"Iowa 70 White\"}]},{\"@type\":\"WebSite\",\"@id\":\"https:\/\/audibax.com\/es\/#website\",\"url\":\"https:\/\/audibax.com\/es\/\",\"name\":\"Audibax\",\"description\":\"\",\"publisher\":{\"@id\":\"https:\/\/audibax.com\/es\/#organization\"},\"potentialAction\":[{\"@type\":\"SearchAction\",\"target\":{\"@type\":\"EntryPoint\",\"urlTemplate\":\"https:\/\/audibax.com\/es\/?s={search_term_string}\"},\"query-input\":{\"@type\":\"PropertyValueSpecification\",\"valueRequired\":true,\"valueName\":\"search_term_string\"}}],\"inLanguage\":\"es\"},{\"@type\":\"Organization\",\"@id\":\"https:\/\/audibax.com\/es\/#organization\",\"name\":\"Audibax\",\"url\":\"https:\/\/audibax.com\/es\/\",\"logo\":{\"@type\":\"ImageObject\",\"inLanguage\":\"es\",\"@id\":\"https:\/\/audibax.com\/es\/#\/schema\/logo\/image\/\",\"url\":\"https:\/\/audibax.com\/wp-content\/uploads\/2023\/09\/logo-Audibax-BLANCO-SVG-1.svg\",\"contentUrl\":\"https:\/\/audibax.com\/wp-content\/uploads\/2023\/09\/logo-Audibax-BLANCO-SVG-1.svg\",\"caption\":\"Audibax\"},\"image\":{\"@id\":\"https:\/\/audibax.com\/es\/#\/schema\/logo\/image\/\"}}]}<\/script>\n<!-- \/ Yoast SEO plugin. -->","yoast_head_json":{"title":"Iowa 70 White - Audibax","robots":{"index":"index","follow":"follow","max-snippet":"max-snippet:-1","max-image-preview":"max-image-preview:large","max-video-preview":"max-video-preview:-1"},"canonical":"https:\/\/audibax.com\/es\/producto\/iowa-70-white-2\/","og_locale":"es_ES","og_type":"article","og_title":"Iowa 70 White - Audibax","og_description":"Cabeza m\u00f3vil wash  Fuente de luz: 7 x 10W LED RGBW 4 en 1  Canales DMX: 9CH\/14CH  Modo control: DMX512, maestro-esclavo, AUTO, sonido","og_url":"https:\/\/audibax.com\/es\/producto\/iowa-70-white-2\/","og_site_name":"Audibax","article_modified_time":"2024-10-25T14:31:19+00:00","og_image":[{"width":1000,"height":500,"url":"https:\/\/audibax.com\/wp-content\/uploads\/2023\/12\/IOWA-70-WHITE-cabeza-movil-wash-luz-verde.jpg","type":"image\/jpeg"}],"twitter_card":"summary_large_image","twitter_misc":{"Tiempo de lectura":"1 minuto"},"schema":{"@context":"https:\/\/schema.org","@graph":[{"@type":"WebPage","@id":"https:\/\/audibax.com\/es\/producto\/iowa-70-white-2\/","url":"https:\/\/audibax.com\/es\/producto\/iowa-70-white-2\/","name":"Iowa 70 White - Audibax","isPartOf":{"@id":"https:\/\/audibax.com\/es\/#website"},"primaryImageOfPage":{"@id":"https:\/\/audibax.com\/es\/producto\/iowa-70-white-2\/#primaryimage"},"image":{"@id":"https:\/\/audibax.com\/es\/producto\/iowa-70-white-2\/#primaryimage"},"thumbnailUrl":"https:\/\/audibax.com\/wp-content\/uploads\/2023\/12\/IOWA-70-WHITE-cabeza-movil-wash-luz-verde.jpg","datePublished":"2023-12-11T14:04:16+00:00","dateModified":"2024-10-25T14:31:19+00:00","breadcrumb":{"@id":"https:\/\/audibax.com\/es\/producto\/iowa-70-white-2\/#breadcrumb"},"inLanguage":"es","potentialAction":[{"@type":"ReadAction","target":["https:\/\/audibax.com\/es\/producto\/iowa-70-white-2\/"]}]},{"@type":"ImageObject","inLanguage":"es","@id":"https:\/\/audibax.com\/es\/producto\/iowa-70-white-2\/#primaryimage","url":"https:\/\/audibax.com\/wp-content\/uploads\/2023\/12\/IOWA-70-WHITE-cabeza-movil-wash-luz-verde.jpg","contentUrl":"https:\/\/audibax.com\/wp-content\/uploads\/2023\/12\/IOWA-70-WHITE-cabeza-movil-wash-luz-verde.jpg","width":1000,"height":500},{"@type":"BreadcrumbList","@id":"https:\/\/audibax.com\/es\/producto\/iowa-70-white-2\/#breadcrumb","itemListElement":[{"@type":"ListItem","position":1,"name":"Portada","item":"https:\/\/audibax.com\/es\/"},{"@type":"ListItem","position":2,"name":"Productos","item":"https:\/\/audibax.com\/es\/shop\/"},{"@type":"ListItem","position":3,"name":"Iowa 70 White"}]},{"@type":"WebSite","@id":"https:\/\/audibax.com\/es\/#website","url":"https:\/\/audibax.com\/es\/","name":"Audibax","description":"","publisher":{"@id":"https:\/\/audibax.com\/es\/#organization"},"potentialAction":[{"@type":"SearchAction","target":{"@type":"EntryPoint","urlTemplate":"https:\/\/audibax.com\/es\/?s={search_term_string}"},"query-input":{"@type":"PropertyValueSpecification","valueRequired":true,"valueName":"search_term_string"}}],"inLanguage":"es"},{"@type":"Organization","@id":"https:\/\/audibax.com\/es\/#organization","name":"Audibax","url":"https:\/\/audibax.com\/es\/","logo":{"@type":"ImageObject","inLanguage":"es","@id":"https:\/\/audibax.com\/es\/#\/schema\/logo\/image\/","url":"https:\/\/audibax.com\/wp-content\/uploads\/2023\/09\/logo-Audibax-BLANCO-SVG-1.svg","contentUrl":"https:\/\/audibax.com\/wp-content\/uploads\/2023\/09\/logo-Audibax-BLANCO-SVG-1.svg","caption":"Audibax"},"image":{"@id":"https:\/\/audibax.com\/es\/#\/schema\/logo\/image\/"}}]}},"_links":{"self":[{"href":"https:\/\/audibax.com\/es\/wp-json\/wp\/v2\/product\/35171","targetHints":{"allow":["GET"]}}],"collection":[{"href":"https:\/\/audibax.com\/es\/wp-json\/wp\/v2\/product"}],"about":[{"href":"https:\/\/audibax.com\/es\/wp-json\/wp\/v2\/types\/product"}],"replies":[{"embeddable":true,"href":"https:\/\/audibax.com\/es\/wp-json\/wp\/v2\/comments?post=35171"}],"wp:featuredmedia":[{"embeddable":true,"href":"https:\/\/audibax.com\/es\/wp-json\/wp\/v2\/media\/18385"}],"wp:attachment":[{"href":"https:\/\/audibax.com\/es\/wp-json\/wp\/v2\/media?parent=35171"}],"wp:term":[{"taxonomy":"product_cat","embeddable":true,"href":"https:\/\/audibax.com\/es\/wp-json\/wp\/v2\/product_cat?post=35171"},{"taxonomy":"product_tag","embeddable":true,"href":"https:\/\/audibax.com\/es\/wp-json\/wp\/v2\/product_tag?post=35171"}],"curies":[{"name":"wp","href":"https:\/\/api.w.org\/{rel}","templated":true}]}}