{"id":35141,"date":"2023-12-11T13:34:20","date_gmt":"2023-12-11T12:34:20","guid":{"rendered":"https:\/\/audibax.com\/product\/thunder-250-black-2\/"},"modified":"2024-10-25T18:31:24","modified_gmt":"2024-10-25T16:31:24","slug":"thunder-250-black-2","status":"publish","type":"product","link":"https:\/\/audibax.com\/es\/producto\/thunder-250-black-2\/","title":{"rendered":"Thunder 250 Black"},"content":{"rendered":"<p><strong>Caracter\u00edsticas<\/strong><\/p>\n<ul>\n<li>La nueva l\u00ednea de\u00a0<strong>Audibax Thunder<\/strong>\u00a0destaca por los potentes estroboscopios con un potente dispositivo de mapeo de p\u00edxeles con efectos RGB.<\/li>\n<li>Nuestro estroboscopio\u00a0<strong>Thunder 250 RGB<\/strong>\u00a0est\u00e1 equipado con 960 luces LED RGB de 0.5W de potencia.<\/li>\n<li>Tiene atenuaci\u00f3n, frecuencia estrobosc\u00f3pica y la capacidad de funcionar en modo DMX512, aut\u00f3nomo, maestro-esclavo y control de voz.<\/li>\n<li>En la parte trasera tiene entrada y salida DMX512, y entrada y salida de alimentaci\u00f3n<\/li>\n<li>Tiene una carcasa compacta de metal negro.<\/li>\n<\/ul>\n<p><strong>Especificaciones<\/strong><\/p>\n<ul>\n<li>Voltaje: AC100~240V 50\/60HZ<\/li>\n<li>Potencia: 250W<\/li>\n<li>Fuente de luz: 960pcs 5050 c\u00e9lula SMD LED RGB<\/li>\n<li>Atenuaci\u00f3n: 32 bits 0 ~ 100% atenuaci\u00f3n lineal<\/li>\n<li>Frecuencia estrobosc\u00f3pica: 1~30HZ<\/li>\n<li>Canal: CH03, CH09, CH24<\/li>\n<li>Modo de control: DMX512, auto, maestro-esclavo, control de voz<\/li>\n<li>Efectos: pixelable en 8 secciones, efecto din\u00e1mico y estrobo<\/li>\n<li>Con funci\u00f3n RDM.<\/li>\n<li>Modo de conexi\u00f3n: entrada y salida DMX512\/entrada y salida de\u00a0alimentaci\u00f3n.<\/li>\n<li>Clasificaci\u00f3n IP: IP20<\/li>\n<li>Temperatura de trabajo: -30 grados a 50 grados<\/li>\n<li>Apariencia: metal, negro<\/li>\n<li>Medidas: 415 x 100 x 220 mm<\/li>\n<\/ul>\n","protected":false},"excerpt":{"rendered":"<ul>\n<li>Fuente de luz: 960pcs SMD 5050 LED RGB<\/li>\n<li>Horse racing de 8 segmentos + dyeing + parpadeo<\/li>\n<li>Canales DMX: 3\/9\/24 CH<\/li>\n<li>Modo de control: DMX512, auto, maestro-esclavo, control de voz<\/li>\n<\/ul>\n","protected":false},"featured_media":18673,"comment_status":"open","ping_status":"closed","template":"","meta":{"_acf_changed":false},"product_cat":[356],"product_tag":[],"class_list":{"0":"post-35141","1":"product","2":"type-product","3":"status-publish","4":"has-post-thumbnail","6":"product_cat-efectos-de-luces","8":"first","9":"instock","10":"shipping-taxable","11":"product-type-simple"},"acf":[],"yoast_head":"<!-- This site is optimized with the Yoast SEO plugin v27.0 - https:\/\/yoast.com\/product\/yoast-seo-wordpress\/ -->\n<title>Thunder 250 Black - Audibax<\/title>\n<meta name=\"robots\" content=\"index, follow, max-snippet:-1, max-image-preview:large, max-video-preview:-1\" \/>\n<link rel=\"canonical\" href=\"https:\/\/audibax.com\/es\/producto\/thunder-250-black-2\/\" \/>\n<meta property=\"og:locale\" content=\"es_ES\" \/>\n<meta property=\"og:type\" content=\"article\" \/>\n<meta property=\"og:title\" content=\"Thunder 250 Black - Audibax\" \/>\n<meta property=\"og:description\" content=\"Fuente de luz: 960pcs SMD 5050 LED RGB  Horse racing de 8 segmentos + dyeing + parpadeo  Canales DMX: 3\/9\/24 CH  Modo de control: DMX512, auto, maestro-esclavo, control de voz\" \/>\n<meta property=\"og:url\" content=\"https:\/\/audibax.com\/es\/producto\/thunder-250-black-2\/\" \/>\n<meta property=\"og:site_name\" content=\"Audibax\" \/>\n<meta property=\"article:modified_time\" content=\"2024-10-25T16:31:24+00:00\" \/>\n<meta property=\"og:image\" content=\"https:\/\/audibax.com\/wp-content\/uploads\/2023\/12\/Thunder-250-RGB-par-led-exterior-efecto-rojo.jpg\" \/>\n\t<meta property=\"og:image:width\" content=\"1000\" \/>\n\t<meta property=\"og:image:height\" content=\"500\" \/>\n\t<meta property=\"og:image:type\" content=\"image\/jpeg\" \/>\n<meta name=\"twitter:card\" content=\"summary_large_image\" \/>\n<meta name=\"twitter:label1\" content=\"Tiempo de lectura\" \/>\n\t<meta name=\"twitter:data1\" content=\"1 minuto\" \/>\n<script type=\"application\/ld+json\" class=\"yoast-schema-graph\">{\"@context\":\"https:\/\/schema.org\",\"@graph\":[{\"@type\":\"WebPage\",\"@id\":\"https:\/\/audibax.com\/es\/producto\/thunder-250-black-2\/\",\"url\":\"https:\/\/audibax.com\/es\/producto\/thunder-250-black-2\/\",\"name\":\"Thunder 250 Black - Audibax\",\"isPartOf\":{\"@id\":\"https:\/\/audibax.com\/es\/#website\"},\"primaryImageOfPage\":{\"@id\":\"https:\/\/audibax.com\/es\/producto\/thunder-250-black-2\/#primaryimage\"},\"image\":{\"@id\":\"https:\/\/audibax.com\/es\/producto\/thunder-250-black-2\/#primaryimage\"},\"thumbnailUrl\":\"https:\/\/audibax.com\/wp-content\/uploads\/2023\/12\/Thunder-250-RGB-par-led-exterior-efecto-rojo.jpg\",\"datePublished\":\"2023-12-11T12:34:20+00:00\",\"dateModified\":\"2024-10-25T16:31:24+00:00\",\"breadcrumb\":{\"@id\":\"https:\/\/audibax.com\/es\/producto\/thunder-250-black-2\/#breadcrumb\"},\"inLanguage\":\"es\",\"potentialAction\":[{\"@type\":\"ReadAction\",\"target\":[\"https:\/\/audibax.com\/es\/producto\/thunder-250-black-2\/\"]}]},{\"@type\":\"ImageObject\",\"inLanguage\":\"es\",\"@id\":\"https:\/\/audibax.com\/es\/producto\/thunder-250-black-2\/#primaryimage\",\"url\":\"https:\/\/audibax.com\/wp-content\/uploads\/2023\/12\/Thunder-250-RGB-par-led-exterior-efecto-rojo.jpg\",\"contentUrl\":\"https:\/\/audibax.com\/wp-content\/uploads\/2023\/12\/Thunder-250-RGB-par-led-exterior-efecto-rojo.jpg\",\"width\":1000,\"height\":500},{\"@type\":\"BreadcrumbList\",\"@id\":\"https:\/\/audibax.com\/es\/producto\/thunder-250-black-2\/#breadcrumb\",\"itemListElement\":[{\"@type\":\"ListItem\",\"position\":1,\"name\":\"Portada\",\"item\":\"https:\/\/audibax.com\/es\/\"},{\"@type\":\"ListItem\",\"position\":2,\"name\":\"Productos\",\"item\":\"https:\/\/audibax.com\/es\/shop\/\"},{\"@type\":\"ListItem\",\"position\":3,\"name\":\"Thunder 250 Black\"}]},{\"@type\":\"WebSite\",\"@id\":\"https:\/\/audibax.com\/es\/#website\",\"url\":\"https:\/\/audibax.com\/es\/\",\"name\":\"Audibax\",\"description\":\"\",\"publisher\":{\"@id\":\"https:\/\/audibax.com\/es\/#organization\"},\"potentialAction\":[{\"@type\":\"SearchAction\",\"target\":{\"@type\":\"EntryPoint\",\"urlTemplate\":\"https:\/\/audibax.com\/es\/?s={search_term_string}\"},\"query-input\":{\"@type\":\"PropertyValueSpecification\",\"valueRequired\":true,\"valueName\":\"search_term_string\"}}],\"inLanguage\":\"es\"},{\"@type\":\"Organization\",\"@id\":\"https:\/\/audibax.com\/es\/#organization\",\"name\":\"Audibax\",\"url\":\"https:\/\/audibax.com\/es\/\",\"logo\":{\"@type\":\"ImageObject\",\"inLanguage\":\"es\",\"@id\":\"https:\/\/audibax.com\/es\/#\/schema\/logo\/image\/\",\"url\":\"https:\/\/audibax.com\/wp-content\/uploads\/2023\/09\/logo-Audibax-BLANCO-SVG-1.svg\",\"contentUrl\":\"https:\/\/audibax.com\/wp-content\/uploads\/2023\/09\/logo-Audibax-BLANCO-SVG-1.svg\",\"caption\":\"Audibax\"},\"image\":{\"@id\":\"https:\/\/audibax.com\/es\/#\/schema\/logo\/image\/\"}}]}<\/script>\n<!-- \/ Yoast SEO plugin. -->","yoast_head_json":{"title":"Thunder 250 Black - Audibax","robots":{"index":"index","follow":"follow","max-snippet":"max-snippet:-1","max-image-preview":"max-image-preview:large","max-video-preview":"max-video-preview:-1"},"canonical":"https:\/\/audibax.com\/es\/producto\/thunder-250-black-2\/","og_locale":"es_ES","og_type":"article","og_title":"Thunder 250 Black - Audibax","og_description":"Fuente de luz: 960pcs SMD 5050 LED RGB  Horse racing de 8 segmentos + dyeing + parpadeo  Canales DMX: 3\/9\/24 CH  Modo de control: DMX512, auto, maestro-esclavo, control de voz","og_url":"https:\/\/audibax.com\/es\/producto\/thunder-250-black-2\/","og_site_name":"Audibax","article_modified_time":"2024-10-25T16:31:24+00:00","og_image":[{"width":1000,"height":500,"url":"https:\/\/audibax.com\/wp-content\/uploads\/2023\/12\/Thunder-250-RGB-par-led-exterior-efecto-rojo.jpg","type":"image\/jpeg"}],"twitter_card":"summary_large_image","twitter_misc":{"Tiempo de lectura":"1 minuto"},"schema":{"@context":"https:\/\/schema.org","@graph":[{"@type":"WebPage","@id":"https:\/\/audibax.com\/es\/producto\/thunder-250-black-2\/","url":"https:\/\/audibax.com\/es\/producto\/thunder-250-black-2\/","name":"Thunder 250 Black - Audibax","isPartOf":{"@id":"https:\/\/audibax.com\/es\/#website"},"primaryImageOfPage":{"@id":"https:\/\/audibax.com\/es\/producto\/thunder-250-black-2\/#primaryimage"},"image":{"@id":"https:\/\/audibax.com\/es\/producto\/thunder-250-black-2\/#primaryimage"},"thumbnailUrl":"https:\/\/audibax.com\/wp-content\/uploads\/2023\/12\/Thunder-250-RGB-par-led-exterior-efecto-rojo.jpg","datePublished":"2023-12-11T12:34:20+00:00","dateModified":"2024-10-25T16:31:24+00:00","breadcrumb":{"@id":"https:\/\/audibax.com\/es\/producto\/thunder-250-black-2\/#breadcrumb"},"inLanguage":"es","potentialAction":[{"@type":"ReadAction","target":["https:\/\/audibax.com\/es\/producto\/thunder-250-black-2\/"]}]},{"@type":"ImageObject","inLanguage":"es","@id":"https:\/\/audibax.com\/es\/producto\/thunder-250-black-2\/#primaryimage","url":"https:\/\/audibax.com\/wp-content\/uploads\/2023\/12\/Thunder-250-RGB-par-led-exterior-efecto-rojo.jpg","contentUrl":"https:\/\/audibax.com\/wp-content\/uploads\/2023\/12\/Thunder-250-RGB-par-led-exterior-efecto-rojo.jpg","width":1000,"height":500},{"@type":"BreadcrumbList","@id":"https:\/\/audibax.com\/es\/producto\/thunder-250-black-2\/#breadcrumb","itemListElement":[{"@type":"ListItem","position":1,"name":"Portada","item":"https:\/\/audibax.com\/es\/"},{"@type":"ListItem","position":2,"name":"Productos","item":"https:\/\/audibax.com\/es\/shop\/"},{"@type":"ListItem","position":3,"name":"Thunder 250 Black"}]},{"@type":"WebSite","@id":"https:\/\/audibax.com\/es\/#website","url":"https:\/\/audibax.com\/es\/","name":"Audibax","description":"","publisher":{"@id":"https:\/\/audibax.com\/es\/#organization"},"potentialAction":[{"@type":"SearchAction","target":{"@type":"EntryPoint","urlTemplate":"https:\/\/audibax.com\/es\/?s={search_term_string}"},"query-input":{"@type":"PropertyValueSpecification","valueRequired":true,"valueName":"search_term_string"}}],"inLanguage":"es"},{"@type":"Organization","@id":"https:\/\/audibax.com\/es\/#organization","name":"Audibax","url":"https:\/\/audibax.com\/es\/","logo":{"@type":"ImageObject","inLanguage":"es","@id":"https:\/\/audibax.com\/es\/#\/schema\/logo\/image\/","url":"https:\/\/audibax.com\/wp-content\/uploads\/2023\/09\/logo-Audibax-BLANCO-SVG-1.svg","contentUrl":"https:\/\/audibax.com\/wp-content\/uploads\/2023\/09\/logo-Audibax-BLANCO-SVG-1.svg","caption":"Audibax"},"image":{"@id":"https:\/\/audibax.com\/es\/#\/schema\/logo\/image\/"}}]}},"_links":{"self":[{"href":"https:\/\/audibax.com\/es\/wp-json\/wp\/v2\/product\/35141","targetHints":{"allow":["GET"]}}],"collection":[{"href":"https:\/\/audibax.com\/es\/wp-json\/wp\/v2\/product"}],"about":[{"href":"https:\/\/audibax.com\/es\/wp-json\/wp\/v2\/types\/product"}],"replies":[{"embeddable":true,"href":"https:\/\/audibax.com\/es\/wp-json\/wp\/v2\/comments?post=35141"}],"wp:featuredmedia":[{"embeddable":true,"href":"https:\/\/audibax.com\/es\/wp-json\/wp\/v2\/media\/18673"}],"wp:attachment":[{"href":"https:\/\/audibax.com\/es\/wp-json\/wp\/v2\/media?parent=35141"}],"wp:term":[{"taxonomy":"product_cat","embeddable":true,"href":"https:\/\/audibax.com\/es\/wp-json\/wp\/v2\/product_cat?post=35141"},{"taxonomy":"product_tag","embeddable":true,"href":"https:\/\/audibax.com\/es\/wp-json\/wp\/v2\/product_tag?post=35141"}],"curies":[{"name":"wp","href":"https:\/\/api.w.org\/{rel}","templated":true}]}}