{"id":35139,"date":"2023-12-11T13:34:14","date_gmt":"2023-12-11T12:34:14","guid":{"rendered":"https:\/\/audibax.com\/product\/thunder-350-black-2\/"},"modified":"2024-10-25T18:35:46","modified_gmt":"2024-10-25T16:35:46","slug":"thunder-350-black-2","status":"publish","type":"product","link":"https:\/\/audibax.com\/es\/producto\/thunder-350-black-2\/","title":{"rendered":"Thunder 350 Black"},"content":{"rendered":"<p><strong>Caracter\u00edsticas:<\/strong><\/p>\n<ul>\n<li>La nueva l\u00ednea de <strong>Audibax Thunder<\/strong> destaca por los potentes estroboscopios con un potente dispositivo de mapeo de p\u00edxeles con efectos RGB.<\/li>\n<li>Nuestro estroboscopio\u00a0<strong>Thunder 350 RGB<\/strong> est\u00e1 equipado con 864 luces LED SMD RGB de 0.4W de potencia, es uno de los estroboscopios con m\u00e1s luces en el mercado actual.<\/li>\n<li>El <strong>Audibax Thunder 350 RGB<\/strong> es un estroboscopio que a su vez es una Cegadora y \u00abWash\u00bb, todo incluido en un solo producto.<\/li>\n<li>Compuesto por 18 bloques de luz controlados individualmente que pueden llegar a hacer cientos de efectos especiales con diferentes colores con un \u00e1ngulo de haz de 120\u00ba.<\/li>\n<li>Tiene 8 modos DMX con dimmer, frecuencia y duraci\u00f3n de destellos y la capacidad de funcionar como maestro, esclavo o aut\u00f3nomo.<\/li>\n<li>Todo esto se puede configurar con los botones que tiene el estroboscopio en la parte trasera con una pantalla LED f\u00e1cil de leer, tiene disponibles los botones de Modo, Enter, Up y Down que se utiliza para cambiar los distintos modos de funcionamiento.<\/li>\n<li>En el funcionamiento manual, se puede configurar cada bloque de luz con estos botones.<\/li>\n<li>La carcasa es compacta y totalmente ign\u00edfuga con un color negro que dispone de un soporte de montaje universal con un movimiento de 180\u00ba.<\/li>\n<li>Es f\u00e1cil de transportar debido a que no es muy pesado y, adem\u00e1s, el soporte se puede utilizar como una asa que puede ayudar a mover el estroboscopio de lugar.<\/li>\n<li>En la parte trasera tiene tomas XLR de 3 pines realizados para entrada y salida de DMX para poder conectar una mesa DJ y de esa forma las luces seguir\u00e1n el ritmo de la m\u00fasica.<\/li>\n<\/ul>\n<p><strong>Especificaciones:<\/strong><\/p>\n<ul>\n<li>Potencia: 350W<\/li>\n<li>Fuente de iluminaci\u00f3n: 864pcs 0.4W RGB 3 en 1 LED<\/li>\n<li>0-100% atenuaci\u00f3n lineal<\/li>\n<li>Luz estrobosc\u00f3pica: 0-30 veces\/seg.<\/li>\n<li>\u00c1ngulo Beam: 120 grados<\/li>\n<li>Canal DMX: 5\/13\/54CH<\/li>\n<li>Modo de control: DMX 512\/Manual, Maestro &#8211; Esclavo, Autom\u00e1tico<\/li>\n<li>Efectos preprogramados en canal DMX efectos<\/li>\n<li>18 bloques controlados individualmente, pueden hacer cientos de\u00a0efectos especiales<\/li>\n<li>Temperatura de color: 6500-7500K<\/li>\n<li>Voltaje:\u00a0AC 100-240V,50\/60Hz<\/li>\n<li>Vida \u00fatil: 50.000 horas de vida \u00fatil, bajo consumo de energ\u00eda<\/li>\n<li>Refrigeraci\u00f3n: los ventiladores silenciosos mantienen los accesorios refrigerados<\/li>\n<li>Sistema de ventilaci\u00f3n eficaz y silencioso, para mantener la electr\u00f3nica a pleno rendimiento<\/li>\n<li>Medidas: 460 x 124 x 230 mm<\/li>\n<li>Peso: 4,3 kg<\/li>\n<\/ul>\n","protected":false},"excerpt":{"rendered":"<ul>\n<li>Fuente de iluminaci\u00f3n: 864pcs 0.4W RGB 3 en 1 LED<\/li>\n<li>\u00c1ngulo Beam: 120 grados<\/li>\n<li>Canal DMX: 5\/13\/54CH<\/li>\n<li>Modo de control: DMX 512\/Manual, Maestro &#8211; Esclavo, Autom\u00e1tico<\/li>\n<\/ul>\n","protected":false},"featured_media":18676,"comment_status":"open","ping_status":"closed","template":"","meta":{"_acf_changed":false},"product_cat":[356],"product_tag":[],"class_list":{"0":"post-35139","1":"product","2":"type-product","3":"status-publish","4":"has-post-thumbnail","6":"product_cat-efectos-de-luces","8":"first","9":"instock","10":"shipping-taxable","11":"product-type-simple"},"acf":[],"yoast_head":"<!-- This site is optimized with the Yoast SEO plugin v27.0 - https:\/\/yoast.com\/product\/yoast-seo-wordpress\/ -->\n<title>Thunder 350 Black - Audibax<\/title>\n<meta name=\"robots\" content=\"index, follow, max-snippet:-1, max-image-preview:large, max-video-preview:-1\" \/>\n<link rel=\"canonical\" href=\"https:\/\/audibax.com\/es\/producto\/thunder-350-black-2\/\" \/>\n<meta property=\"og:locale\" content=\"es_ES\" \/>\n<meta property=\"og:type\" content=\"article\" \/>\n<meta property=\"og:title\" content=\"Thunder 350 Black - Audibax\" \/>\n<meta property=\"og:description\" content=\"Fuente de iluminaci\u00f3n: 864pcs 0.4W RGB 3 en 1 LED  \u00c1ngulo Beam: 120 grados  Canal DMX: 5\/13\/54CH  Modo de control: DMX 512\/Manual, Maestro - Esclavo, Autom\u00e1tico\" \/>\n<meta property=\"og:url\" content=\"https:\/\/audibax.com\/es\/producto\/thunder-350-black-2\/\" \/>\n<meta property=\"og:site_name\" content=\"Audibax\" \/>\n<meta property=\"article:modified_time\" content=\"2024-10-25T16:35:46+00:00\" \/>\n<meta property=\"og:image\" content=\"https:\/\/audibax.com\/wp-content\/uploads\/2023\/12\/Thunder-350-RGB-efectos-varios-colores.jpg\" \/>\n\t<meta property=\"og:image:width\" content=\"1000\" \/>\n\t<meta property=\"og:image:height\" content=\"500\" \/>\n\t<meta property=\"og:image:type\" content=\"image\/jpeg\" \/>\n<meta name=\"twitter:card\" content=\"summary_large_image\" \/>\n<meta name=\"twitter:label1\" content=\"Tiempo de lectura\" \/>\n\t<meta name=\"twitter:data1\" content=\"2 minutos\" \/>\n<script type=\"application\/ld+json\" class=\"yoast-schema-graph\">{\"@context\":\"https:\/\/schema.org\",\"@graph\":[{\"@type\":\"WebPage\",\"@id\":\"https:\/\/audibax.com\/es\/producto\/thunder-350-black-2\/\",\"url\":\"https:\/\/audibax.com\/es\/producto\/thunder-350-black-2\/\",\"name\":\"Thunder 350 Black - Audibax\",\"isPartOf\":{\"@id\":\"https:\/\/audibax.com\/es\/#website\"},\"primaryImageOfPage\":{\"@id\":\"https:\/\/audibax.com\/es\/producto\/thunder-350-black-2\/#primaryimage\"},\"image\":{\"@id\":\"https:\/\/audibax.com\/es\/producto\/thunder-350-black-2\/#primaryimage\"},\"thumbnailUrl\":\"https:\/\/audibax.com\/wp-content\/uploads\/2023\/12\/Thunder-350-RGB-efectos-varios-colores.jpg\",\"datePublished\":\"2023-12-11T12:34:14+00:00\",\"dateModified\":\"2024-10-25T16:35:46+00:00\",\"breadcrumb\":{\"@id\":\"https:\/\/audibax.com\/es\/producto\/thunder-350-black-2\/#breadcrumb\"},\"inLanguage\":\"es\",\"potentialAction\":[{\"@type\":\"ReadAction\",\"target\":[\"https:\/\/audibax.com\/es\/producto\/thunder-350-black-2\/\"]}]},{\"@type\":\"ImageObject\",\"inLanguage\":\"es\",\"@id\":\"https:\/\/audibax.com\/es\/producto\/thunder-350-black-2\/#primaryimage\",\"url\":\"https:\/\/audibax.com\/wp-content\/uploads\/2023\/12\/Thunder-350-RGB-efectos-varios-colores.jpg\",\"contentUrl\":\"https:\/\/audibax.com\/wp-content\/uploads\/2023\/12\/Thunder-350-RGB-efectos-varios-colores.jpg\",\"width\":1000,\"height\":500},{\"@type\":\"BreadcrumbList\",\"@id\":\"https:\/\/audibax.com\/es\/producto\/thunder-350-black-2\/#breadcrumb\",\"itemListElement\":[{\"@type\":\"ListItem\",\"position\":1,\"name\":\"Portada\",\"item\":\"https:\/\/audibax.com\/es\/\"},{\"@type\":\"ListItem\",\"position\":2,\"name\":\"Productos\",\"item\":\"https:\/\/audibax.com\/es\/shop\/\"},{\"@type\":\"ListItem\",\"position\":3,\"name\":\"Thunder 350 Black\"}]},{\"@type\":\"WebSite\",\"@id\":\"https:\/\/audibax.com\/es\/#website\",\"url\":\"https:\/\/audibax.com\/es\/\",\"name\":\"Audibax\",\"description\":\"\",\"publisher\":{\"@id\":\"https:\/\/audibax.com\/es\/#organization\"},\"potentialAction\":[{\"@type\":\"SearchAction\",\"target\":{\"@type\":\"EntryPoint\",\"urlTemplate\":\"https:\/\/audibax.com\/es\/?s={search_term_string}\"},\"query-input\":{\"@type\":\"PropertyValueSpecification\",\"valueRequired\":true,\"valueName\":\"search_term_string\"}}],\"inLanguage\":\"es\"},{\"@type\":\"Organization\",\"@id\":\"https:\/\/audibax.com\/es\/#organization\",\"name\":\"Audibax\",\"url\":\"https:\/\/audibax.com\/es\/\",\"logo\":{\"@type\":\"ImageObject\",\"inLanguage\":\"es\",\"@id\":\"https:\/\/audibax.com\/es\/#\/schema\/logo\/image\/\",\"url\":\"https:\/\/audibax.com\/wp-content\/uploads\/2023\/09\/logo-Audibax-BLANCO-SVG-1.svg\",\"contentUrl\":\"https:\/\/audibax.com\/wp-content\/uploads\/2023\/09\/logo-Audibax-BLANCO-SVG-1.svg\",\"caption\":\"Audibax\"},\"image\":{\"@id\":\"https:\/\/audibax.com\/es\/#\/schema\/logo\/image\/\"}}]}<\/script>\n<!-- \/ Yoast SEO plugin. -->","yoast_head_json":{"title":"Thunder 350 Black - Audibax","robots":{"index":"index","follow":"follow","max-snippet":"max-snippet:-1","max-image-preview":"max-image-preview:large","max-video-preview":"max-video-preview:-1"},"canonical":"https:\/\/audibax.com\/es\/producto\/thunder-350-black-2\/","og_locale":"es_ES","og_type":"article","og_title":"Thunder 350 Black - Audibax","og_description":"Fuente de iluminaci\u00f3n: 864pcs 0.4W RGB 3 en 1 LED  \u00c1ngulo Beam: 120 grados  Canal DMX: 5\/13\/54CH  Modo de control: DMX 512\/Manual, Maestro - Esclavo, Autom\u00e1tico","og_url":"https:\/\/audibax.com\/es\/producto\/thunder-350-black-2\/","og_site_name":"Audibax","article_modified_time":"2024-10-25T16:35:46+00:00","og_image":[{"width":1000,"height":500,"url":"https:\/\/audibax.com\/wp-content\/uploads\/2023\/12\/Thunder-350-RGB-efectos-varios-colores.jpg","type":"image\/jpeg"}],"twitter_card":"summary_large_image","twitter_misc":{"Tiempo de lectura":"2 minutos"},"schema":{"@context":"https:\/\/schema.org","@graph":[{"@type":"WebPage","@id":"https:\/\/audibax.com\/es\/producto\/thunder-350-black-2\/","url":"https:\/\/audibax.com\/es\/producto\/thunder-350-black-2\/","name":"Thunder 350 Black - Audibax","isPartOf":{"@id":"https:\/\/audibax.com\/es\/#website"},"primaryImageOfPage":{"@id":"https:\/\/audibax.com\/es\/producto\/thunder-350-black-2\/#primaryimage"},"image":{"@id":"https:\/\/audibax.com\/es\/producto\/thunder-350-black-2\/#primaryimage"},"thumbnailUrl":"https:\/\/audibax.com\/wp-content\/uploads\/2023\/12\/Thunder-350-RGB-efectos-varios-colores.jpg","datePublished":"2023-12-11T12:34:14+00:00","dateModified":"2024-10-25T16:35:46+00:00","breadcrumb":{"@id":"https:\/\/audibax.com\/es\/producto\/thunder-350-black-2\/#breadcrumb"},"inLanguage":"es","potentialAction":[{"@type":"ReadAction","target":["https:\/\/audibax.com\/es\/producto\/thunder-350-black-2\/"]}]},{"@type":"ImageObject","inLanguage":"es","@id":"https:\/\/audibax.com\/es\/producto\/thunder-350-black-2\/#primaryimage","url":"https:\/\/audibax.com\/wp-content\/uploads\/2023\/12\/Thunder-350-RGB-efectos-varios-colores.jpg","contentUrl":"https:\/\/audibax.com\/wp-content\/uploads\/2023\/12\/Thunder-350-RGB-efectos-varios-colores.jpg","width":1000,"height":500},{"@type":"BreadcrumbList","@id":"https:\/\/audibax.com\/es\/producto\/thunder-350-black-2\/#breadcrumb","itemListElement":[{"@type":"ListItem","position":1,"name":"Portada","item":"https:\/\/audibax.com\/es\/"},{"@type":"ListItem","position":2,"name":"Productos","item":"https:\/\/audibax.com\/es\/shop\/"},{"@type":"ListItem","position":3,"name":"Thunder 350 Black"}]},{"@type":"WebSite","@id":"https:\/\/audibax.com\/es\/#website","url":"https:\/\/audibax.com\/es\/","name":"Audibax","description":"","publisher":{"@id":"https:\/\/audibax.com\/es\/#organization"},"potentialAction":[{"@type":"SearchAction","target":{"@type":"EntryPoint","urlTemplate":"https:\/\/audibax.com\/es\/?s={search_term_string}"},"query-input":{"@type":"PropertyValueSpecification","valueRequired":true,"valueName":"search_term_string"}}],"inLanguage":"es"},{"@type":"Organization","@id":"https:\/\/audibax.com\/es\/#organization","name":"Audibax","url":"https:\/\/audibax.com\/es\/","logo":{"@type":"ImageObject","inLanguage":"es","@id":"https:\/\/audibax.com\/es\/#\/schema\/logo\/image\/","url":"https:\/\/audibax.com\/wp-content\/uploads\/2023\/09\/logo-Audibax-BLANCO-SVG-1.svg","contentUrl":"https:\/\/audibax.com\/wp-content\/uploads\/2023\/09\/logo-Audibax-BLANCO-SVG-1.svg","caption":"Audibax"},"image":{"@id":"https:\/\/audibax.com\/es\/#\/schema\/logo\/image\/"}}]}},"_links":{"self":[{"href":"https:\/\/audibax.com\/es\/wp-json\/wp\/v2\/product\/35139","targetHints":{"allow":["GET"]}}],"collection":[{"href":"https:\/\/audibax.com\/es\/wp-json\/wp\/v2\/product"}],"about":[{"href":"https:\/\/audibax.com\/es\/wp-json\/wp\/v2\/types\/product"}],"replies":[{"embeddable":true,"href":"https:\/\/audibax.com\/es\/wp-json\/wp\/v2\/comments?post=35139"}],"wp:featuredmedia":[{"embeddable":true,"href":"https:\/\/audibax.com\/es\/wp-json\/wp\/v2\/media\/18676"}],"wp:attachment":[{"href":"https:\/\/audibax.com\/es\/wp-json\/wp\/v2\/media?parent=35139"}],"wp:term":[{"taxonomy":"product_cat","embeddable":true,"href":"https:\/\/audibax.com\/es\/wp-json\/wp\/v2\/product_cat?post=35139"},{"taxonomy":"product_tag","embeddable":true,"href":"https:\/\/audibax.com\/es\/wp-json\/wp\/v2\/product_tag?post=35139"}],"curies":[{"name":"wp","href":"https:\/\/api.w.org\/{rel}","templated":true}]}}