{"id":35133,"date":"2023-12-11T15:02:12","date_gmt":"2023-12-11T14:02:12","guid":{"rendered":"https:\/\/audibax.com\/product\/bar-243-black-2\/"},"modified":"2024-07-26T11:37:34","modified_gmt":"2024-07-26T09:37:34","slug":"bar-243-black-2","status":"publish","type":"product","link":"https:\/\/audibax.com\/es\/producto\/bar-243-black-2\/","title":{"rendered":"Bar 243"},"content":{"rendered":"<p><strong>Especificaciones<\/strong><\/p>\n<ul>\n<li>Barra led RGB,\u00a0 24 led 3 W<\/li>\n<li>Potencia:\u00a080W<\/li>\n<li>Fuente de luz: 24 x 3W LED RGB 3 en 1<\/li>\n<li>Modo DMX: 2, 4, 6, 7, 12, 24 CH<\/li>\n<li>Modo Control: DMX512, maestro-esclavo, AUTO, sonido<\/li>\n<li>Control pixel: 8 secciones de 3 led<\/li>\n<li>Voltaje: AC90V-240V 50HZ\/60HZ<\/li>\n<li>Incluye control remoto<\/li>\n<li>Fabricacion robusta<\/li>\n<li>Instalacion techo o suelo<\/li>\n<li>Color: Negro<\/li>\n<li>Medidas: 105 x 6.5 x 8 cm<\/li>\n<\/ul>\n","protected":false},"excerpt":{"rendered":"<ul>\n<li>El\u00a0Audibax Bar 243 RGB\u00a0es una barra de iluminaci\u00f3n que emite una potente fuente de luz LED de colores brillantes, generando combinaciones de colores que crear\u00e1n una fant\u00e1stica experiencia lum\u00ednica.<\/li>\n<li>Nuestra barra de iluminaci\u00f3n\u00a0Bar 243 RGB\u00a0est\u00e1 compuesta por 24 luces LED RGB 3 en 1 de 3W de potencia.<\/li>\n<li>Funciona en modo DMX512, maestro-esclavo, aut\u00f3nomo y sonido.<\/li>\n<li>Control pixel: 8 secciones de 3 led<\/li>\n<\/ul>\n","protected":false},"featured_media":17914,"comment_status":"open","ping_status":"closed","template":"","meta":{"_acf_changed":false},"product_cat":[354],"product_tag":[],"class_list":{"0":"post-35133","1":"product","2":"type-product","3":"status-publish","4":"has-post-thumbnail","6":"product_cat-barra-led","8":"first","9":"instock","10":"shipping-taxable","11":"product-type-simple"},"acf":[],"yoast_head":"<!-- This site is optimized with the Yoast SEO plugin v27.0 - https:\/\/yoast.com\/product\/yoast-seo-wordpress\/ -->\n<title>Bar 243 - Audibax<\/title>\n<meta name=\"robots\" content=\"index, follow, max-snippet:-1, max-image-preview:large, max-video-preview:-1\" \/>\n<link rel=\"canonical\" href=\"https:\/\/audibax.com\/es\/producto\/bar-243-black-2\/\" \/>\n<meta property=\"og:locale\" content=\"es_ES\" \/>\n<meta property=\"og:type\" content=\"article\" \/>\n<meta property=\"og:title\" content=\"Bar 243 - Audibax\" \/>\n<meta property=\"og:description\" content=\"El\u00a0Audibax Bar 243 RGB\u00a0es una barra de iluminaci\u00f3n que emite una potente fuente de luz LED de colores brillantes, generando combinaciones de colores que crear\u00e1n una fant\u00e1stica experiencia lum\u00ednica.  Nuestra barra de iluminaci\u00f3n\u00a0Bar 243 RGB\u00a0est\u00e1 compuesta por 24 luces LED RGB 3 en 1 de 3W de potencia.  Funciona en modo DMX512, maestro-esclavo, aut\u00f3nomo y sonido.  Control pixel: 8 secciones de 3 led\" \/>\n<meta property=\"og:url\" content=\"https:\/\/audibax.com\/es\/producto\/bar-243-black-2\/\" \/>\n<meta property=\"og:site_name\" content=\"Audibax\" \/>\n<meta property=\"article:modified_time\" content=\"2024-07-26T09:37:34+00:00\" \/>\n<meta property=\"og:image\" content=\"https:\/\/audibax.com\/wp-content\/uploads\/2023\/12\/Bar-243-RGB-barra-LED-pixel-to-pixel.jpg\" \/>\n\t<meta property=\"og:image:width\" content=\"1000\" \/>\n\t<meta property=\"og:image:height\" content=\"500\" \/>\n\t<meta property=\"og:image:type\" content=\"image\/jpeg\" \/>\n<meta name=\"twitter:card\" content=\"summary_large_image\" \/>\n<meta name=\"twitter:label1\" content=\"Tiempo de lectura\" \/>\n\t<meta name=\"twitter:data1\" content=\"1 minuto\" \/>\n<script type=\"application\/ld+json\" class=\"yoast-schema-graph\">{\"@context\":\"https:\/\/schema.org\",\"@graph\":[{\"@type\":\"WebPage\",\"@id\":\"https:\/\/audibax.com\/es\/producto\/bar-243-black-2\/\",\"url\":\"https:\/\/audibax.com\/es\/producto\/bar-243-black-2\/\",\"name\":\"Bar 243 - Audibax\",\"isPartOf\":{\"@id\":\"https:\/\/audibax.com\/es\/#website\"},\"primaryImageOfPage\":{\"@id\":\"https:\/\/audibax.com\/es\/producto\/bar-243-black-2\/#primaryimage\"},\"image\":{\"@id\":\"https:\/\/audibax.com\/es\/producto\/bar-243-black-2\/#primaryimage\"},\"thumbnailUrl\":\"https:\/\/audibax.com\/wp-content\/uploads\/2023\/12\/Bar-243-RGB-barra-LED-pixel-to-pixel.jpg\",\"datePublished\":\"2023-12-11T14:02:12+00:00\",\"dateModified\":\"2024-07-26T09:37:34+00:00\",\"breadcrumb\":{\"@id\":\"https:\/\/audibax.com\/es\/producto\/bar-243-black-2\/#breadcrumb\"},\"inLanguage\":\"es\",\"potentialAction\":[{\"@type\":\"ReadAction\",\"target\":[\"https:\/\/audibax.com\/es\/producto\/bar-243-black-2\/\"]}]},{\"@type\":\"ImageObject\",\"inLanguage\":\"es\",\"@id\":\"https:\/\/audibax.com\/es\/producto\/bar-243-black-2\/#primaryimage\",\"url\":\"https:\/\/audibax.com\/wp-content\/uploads\/2023\/12\/Bar-243-RGB-barra-LED-pixel-to-pixel.jpg\",\"contentUrl\":\"https:\/\/audibax.com\/wp-content\/uploads\/2023\/12\/Bar-243-RGB-barra-LED-pixel-to-pixel.jpg\",\"width\":1000,\"height\":500},{\"@type\":\"BreadcrumbList\",\"@id\":\"https:\/\/audibax.com\/es\/producto\/bar-243-black-2\/#breadcrumb\",\"itemListElement\":[{\"@type\":\"ListItem\",\"position\":1,\"name\":\"Portada\",\"item\":\"https:\/\/audibax.com\/es\/\"},{\"@type\":\"ListItem\",\"position\":2,\"name\":\"Productos\",\"item\":\"https:\/\/audibax.com\/es\/shop\/\"},{\"@type\":\"ListItem\",\"position\":3,\"name\":\"Bar 243\"}]},{\"@type\":\"WebSite\",\"@id\":\"https:\/\/audibax.com\/es\/#website\",\"url\":\"https:\/\/audibax.com\/es\/\",\"name\":\"Audibax\",\"description\":\"\",\"publisher\":{\"@id\":\"https:\/\/audibax.com\/es\/#organization\"},\"potentialAction\":[{\"@type\":\"SearchAction\",\"target\":{\"@type\":\"EntryPoint\",\"urlTemplate\":\"https:\/\/audibax.com\/es\/?s={search_term_string}\"},\"query-input\":{\"@type\":\"PropertyValueSpecification\",\"valueRequired\":true,\"valueName\":\"search_term_string\"}}],\"inLanguage\":\"es\"},{\"@type\":\"Organization\",\"@id\":\"https:\/\/audibax.com\/es\/#organization\",\"name\":\"Audibax\",\"url\":\"https:\/\/audibax.com\/es\/\",\"logo\":{\"@type\":\"ImageObject\",\"inLanguage\":\"es\",\"@id\":\"https:\/\/audibax.com\/es\/#\/schema\/logo\/image\/\",\"url\":\"https:\/\/audibax.com\/wp-content\/uploads\/2023\/09\/logo-Audibax-BLANCO-SVG-1.svg\",\"contentUrl\":\"https:\/\/audibax.com\/wp-content\/uploads\/2023\/09\/logo-Audibax-BLANCO-SVG-1.svg\",\"caption\":\"Audibax\"},\"image\":{\"@id\":\"https:\/\/audibax.com\/es\/#\/schema\/logo\/image\/\"}}]}<\/script>\n<!-- \/ Yoast SEO plugin. -->","yoast_head_json":{"title":"Bar 243 - Audibax","robots":{"index":"index","follow":"follow","max-snippet":"max-snippet:-1","max-image-preview":"max-image-preview:large","max-video-preview":"max-video-preview:-1"},"canonical":"https:\/\/audibax.com\/es\/producto\/bar-243-black-2\/","og_locale":"es_ES","og_type":"article","og_title":"Bar 243 - Audibax","og_description":"El\u00a0Audibax Bar 243 RGB\u00a0es una barra de iluminaci\u00f3n que emite una potente fuente de luz LED de colores brillantes, generando combinaciones de colores que crear\u00e1n una fant\u00e1stica experiencia lum\u00ednica.  Nuestra barra de iluminaci\u00f3n\u00a0Bar 243 RGB\u00a0est\u00e1 compuesta por 24 luces LED RGB 3 en 1 de 3W de potencia.  Funciona en modo DMX512, maestro-esclavo, aut\u00f3nomo y sonido.  Control pixel: 8 secciones de 3 led","og_url":"https:\/\/audibax.com\/es\/producto\/bar-243-black-2\/","og_site_name":"Audibax","article_modified_time":"2024-07-26T09:37:34+00:00","og_image":[{"width":1000,"height":500,"url":"https:\/\/audibax.com\/wp-content\/uploads\/2023\/12\/Bar-243-RGB-barra-LED-pixel-to-pixel.jpg","type":"image\/jpeg"}],"twitter_card":"summary_large_image","twitter_misc":{"Tiempo de lectura":"1 minuto"},"schema":{"@context":"https:\/\/schema.org","@graph":[{"@type":"WebPage","@id":"https:\/\/audibax.com\/es\/producto\/bar-243-black-2\/","url":"https:\/\/audibax.com\/es\/producto\/bar-243-black-2\/","name":"Bar 243 - Audibax","isPartOf":{"@id":"https:\/\/audibax.com\/es\/#website"},"primaryImageOfPage":{"@id":"https:\/\/audibax.com\/es\/producto\/bar-243-black-2\/#primaryimage"},"image":{"@id":"https:\/\/audibax.com\/es\/producto\/bar-243-black-2\/#primaryimage"},"thumbnailUrl":"https:\/\/audibax.com\/wp-content\/uploads\/2023\/12\/Bar-243-RGB-barra-LED-pixel-to-pixel.jpg","datePublished":"2023-12-11T14:02:12+00:00","dateModified":"2024-07-26T09:37:34+00:00","breadcrumb":{"@id":"https:\/\/audibax.com\/es\/producto\/bar-243-black-2\/#breadcrumb"},"inLanguage":"es","potentialAction":[{"@type":"ReadAction","target":["https:\/\/audibax.com\/es\/producto\/bar-243-black-2\/"]}]},{"@type":"ImageObject","inLanguage":"es","@id":"https:\/\/audibax.com\/es\/producto\/bar-243-black-2\/#primaryimage","url":"https:\/\/audibax.com\/wp-content\/uploads\/2023\/12\/Bar-243-RGB-barra-LED-pixel-to-pixel.jpg","contentUrl":"https:\/\/audibax.com\/wp-content\/uploads\/2023\/12\/Bar-243-RGB-barra-LED-pixel-to-pixel.jpg","width":1000,"height":500},{"@type":"BreadcrumbList","@id":"https:\/\/audibax.com\/es\/producto\/bar-243-black-2\/#breadcrumb","itemListElement":[{"@type":"ListItem","position":1,"name":"Portada","item":"https:\/\/audibax.com\/es\/"},{"@type":"ListItem","position":2,"name":"Productos","item":"https:\/\/audibax.com\/es\/shop\/"},{"@type":"ListItem","position":3,"name":"Bar 243"}]},{"@type":"WebSite","@id":"https:\/\/audibax.com\/es\/#website","url":"https:\/\/audibax.com\/es\/","name":"Audibax","description":"","publisher":{"@id":"https:\/\/audibax.com\/es\/#organization"},"potentialAction":[{"@type":"SearchAction","target":{"@type":"EntryPoint","urlTemplate":"https:\/\/audibax.com\/es\/?s={search_term_string}"},"query-input":{"@type":"PropertyValueSpecification","valueRequired":true,"valueName":"search_term_string"}}],"inLanguage":"es"},{"@type":"Organization","@id":"https:\/\/audibax.com\/es\/#organization","name":"Audibax","url":"https:\/\/audibax.com\/es\/","logo":{"@type":"ImageObject","inLanguage":"es","@id":"https:\/\/audibax.com\/es\/#\/schema\/logo\/image\/","url":"https:\/\/audibax.com\/wp-content\/uploads\/2023\/09\/logo-Audibax-BLANCO-SVG-1.svg","contentUrl":"https:\/\/audibax.com\/wp-content\/uploads\/2023\/09\/logo-Audibax-BLANCO-SVG-1.svg","caption":"Audibax"},"image":{"@id":"https:\/\/audibax.com\/es\/#\/schema\/logo\/image\/"}}]}},"_links":{"self":[{"href":"https:\/\/audibax.com\/es\/wp-json\/wp\/v2\/product\/35133","targetHints":{"allow":["GET"]}}],"collection":[{"href":"https:\/\/audibax.com\/es\/wp-json\/wp\/v2\/product"}],"about":[{"href":"https:\/\/audibax.com\/es\/wp-json\/wp\/v2\/types\/product"}],"replies":[{"embeddable":true,"href":"https:\/\/audibax.com\/es\/wp-json\/wp\/v2\/comments?post=35133"}],"wp:featuredmedia":[{"embeddable":true,"href":"https:\/\/audibax.com\/es\/wp-json\/wp\/v2\/media\/17914"}],"wp:attachment":[{"href":"https:\/\/audibax.com\/es\/wp-json\/wp\/v2\/media?parent=35133"}],"wp:term":[{"taxonomy":"product_cat","embeddable":true,"href":"https:\/\/audibax.com\/es\/wp-json\/wp\/v2\/product_cat?post=35133"},{"taxonomy":"product_tag","embeddable":true,"href":"https:\/\/audibax.com\/es\/wp-json\/wp\/v2\/product_tag?post=35133"}],"curies":[{"name":"wp","href":"https:\/\/api.w.org\/{rel}","templated":true}]}}