{"id":35101,"date":"2023-12-11T16:34:49","date_gmt":"2023-12-11T15:34:49","guid":{"rendered":"https:\/\/audibax.com\/product\/acp-4852100bk-2\/"},"modified":"2024-07-15T15:48:48","modified_gmt":"2024-07-15T13:48:48","slug":"acp-4852100bk-2","status":"publish","type":"product","link":"https:\/\/audibax.com\/es\/producto\/acp-4852100bk-2\/","title":{"rendered":"ACP-4852100BK"},"content":{"rendered":"<p><strong>Audibax ACP-4852100BK<\/strong><\/p>\n<p>El Audibax ACP-4852100BK es una garra truss de aluminio de alta resistencia. Est\u00e1 dise\u00f1ada para asegurar y elevar equipo de iluminaci\u00f3n, altavoces, pantallas, y otros dispositivos en eventos en vivo, conciertos, presentaciones, o producciones audiovisuales. Es una forma segura y estable de montar y suspender equipos en estructuras truss, optimizando el espacio y mejorando la visibilidad y sonoridad en el escenario. Su f\u00e1cil fijaci\u00f3n con palomilla y tuerca de doble seguridad junto con sus materiales de alta calidad, hacen de ella la elecci\u00f3n m\u00e1s fiable para tu equipo.<\/p>\n<ul>\n<li>Certificado de calidad T\u00dcV<\/li>\n<li>Material: Aluminio<\/li>\n<li>Di\u00e1metro: 48-52 mm<\/li>\n<li>Carga Segura de Trabajo (SWL): Hasta 100 kg<\/li>\n<li>Color: Negro<\/li>\n<li>Peso del producto: 0.17 kg<\/li>\n<\/ul>\n<p>*Fe de errata: La informaci\u00f3n del packaging del producto no corresponde con las medidas del producto real.<\/p>\n","protected":false},"excerpt":{"rendered":"<ul>\n<li>Certificado de calidad T\u00dcV<\/li>\n<li>Material: Aluminio<\/li>\n<li>Di\u00e1metro: 48-52 mm<\/li>\n<li>Carga Segura de Trabajo (SWL): Hasta 100 kg<\/li>\n<li>Color: Negro<\/li>\n<li>Peso del producto: 0.17 kg<\/li>\n<\/ul>\n<p>*Fe de errata: La informaci\u00f3n del packaging del producto no corresponde con las medidas del producto real.<\/p>\n","protected":false},"featured_media":16525,"comment_status":"open","ping_status":"closed","template":"","meta":{"_acf_changed":false},"product_cat":[615],"product_tag":[],"class_list":{"0":"post-35101","1":"product","2":"type-product","3":"status-publish","4":"has-post-thumbnail","6":"product_cat-accesorios-para-vigas","8":"first","9":"instock","10":"shipping-taxable","11":"product-type-simple"},"acf":[],"yoast_head":"<!-- This site is optimized with the Yoast SEO plugin v27.0 - https:\/\/yoast.com\/product\/yoast-seo-wordpress\/ -->\n<title>ACP-4852100BK - Audibax<\/title>\n<meta name=\"robots\" content=\"index, follow, max-snippet:-1, max-image-preview:large, max-video-preview:-1\" \/>\n<link rel=\"canonical\" href=\"https:\/\/audibax.com\/es\/producto\/acp-4852100bk-2\/\" \/>\n<meta property=\"og:locale\" content=\"es_ES\" \/>\n<meta property=\"og:type\" content=\"article\" \/>\n<meta property=\"og:title\" content=\"ACP-4852100BK - Audibax\" \/>\n<meta property=\"og:description\" content=\"Certificado de calidad T\u00dcV  Material: Aluminio  Di\u00e1metro: 48-52 mm  Carga Segura de Trabajo (SWL): Hasta 100 kg  Color: Negro  Peso del producto: 0.17 kg  *Fe de errata: La informaci\u00f3n del packaging del producto no corresponde con las medidas del producto real.\" \/>\n<meta property=\"og:url\" content=\"https:\/\/audibax.com\/es\/producto\/acp-4852100bk-2\/\" \/>\n<meta property=\"og:site_name\" content=\"Audibax\" \/>\n<meta property=\"article:modified_time\" content=\"2024-07-15T13:48:48+00:00\" \/>\n<meta property=\"og:image\" content=\"https:\/\/audibax.com\/wp-content\/uploads\/2023\/12\/Audibax-ACP-4852100BK-1.jpg\" \/>\n\t<meta property=\"og:image:width\" content=\"1000\" \/>\n\t<meta property=\"og:image:height\" content=\"500\" \/>\n\t<meta property=\"og:image:type\" content=\"image\/jpeg\" \/>\n<meta name=\"twitter:card\" content=\"summary_large_image\" \/>\n<meta name=\"twitter:label1\" content=\"Tiempo de lectura\" \/>\n\t<meta name=\"twitter:data1\" content=\"1 minuto\" \/>\n<script type=\"application\/ld+json\" class=\"yoast-schema-graph\">{\"@context\":\"https:\/\/schema.org\",\"@graph\":[{\"@type\":\"WebPage\",\"@id\":\"https:\/\/audibax.com\/es\/producto\/acp-4852100bk-2\/\",\"url\":\"https:\/\/audibax.com\/es\/producto\/acp-4852100bk-2\/\",\"name\":\"ACP-4852100BK - Audibax\",\"isPartOf\":{\"@id\":\"https:\/\/audibax.com\/es\/#website\"},\"primaryImageOfPage\":{\"@id\":\"https:\/\/audibax.com\/es\/producto\/acp-4852100bk-2\/#primaryimage\"},\"image\":{\"@id\":\"https:\/\/audibax.com\/es\/producto\/acp-4852100bk-2\/#primaryimage\"},\"thumbnailUrl\":\"https:\/\/audibax.com\/wp-content\/uploads\/2023\/12\/Audibax-ACP-4852100BK-1.jpg\",\"datePublished\":\"2023-12-11T15:34:49+00:00\",\"dateModified\":\"2024-07-15T13:48:48+00:00\",\"breadcrumb\":{\"@id\":\"https:\/\/audibax.com\/es\/producto\/acp-4852100bk-2\/#breadcrumb\"},\"inLanguage\":\"es\",\"potentialAction\":[{\"@type\":\"ReadAction\",\"target\":[\"https:\/\/audibax.com\/es\/producto\/acp-4852100bk-2\/\"]}]},{\"@type\":\"ImageObject\",\"inLanguage\":\"es\",\"@id\":\"https:\/\/audibax.com\/es\/producto\/acp-4852100bk-2\/#primaryimage\",\"url\":\"https:\/\/audibax.com\/wp-content\/uploads\/2023\/12\/Audibax-ACP-4852100BK-1.jpg\",\"contentUrl\":\"https:\/\/audibax.com\/wp-content\/uploads\/2023\/12\/Audibax-ACP-4852100BK-1.jpg\",\"width\":1000,\"height\":500},{\"@type\":\"BreadcrumbList\",\"@id\":\"https:\/\/audibax.com\/es\/producto\/acp-4852100bk-2\/#breadcrumb\",\"itemListElement\":[{\"@type\":\"ListItem\",\"position\":1,\"name\":\"Portada\",\"item\":\"https:\/\/audibax.com\/es\/\"},{\"@type\":\"ListItem\",\"position\":2,\"name\":\"Productos\",\"item\":\"https:\/\/audibax.com\/es\/shop\/\"},{\"@type\":\"ListItem\",\"position\":3,\"name\":\"ACP-4852100BK\"}]},{\"@type\":\"WebSite\",\"@id\":\"https:\/\/audibax.com\/es\/#website\",\"url\":\"https:\/\/audibax.com\/es\/\",\"name\":\"Audibax\",\"description\":\"\",\"publisher\":{\"@id\":\"https:\/\/audibax.com\/es\/#organization\"},\"potentialAction\":[{\"@type\":\"SearchAction\",\"target\":{\"@type\":\"EntryPoint\",\"urlTemplate\":\"https:\/\/audibax.com\/es\/?s={search_term_string}\"},\"query-input\":{\"@type\":\"PropertyValueSpecification\",\"valueRequired\":true,\"valueName\":\"search_term_string\"}}],\"inLanguage\":\"es\"},{\"@type\":\"Organization\",\"@id\":\"https:\/\/audibax.com\/es\/#organization\",\"name\":\"Audibax\",\"url\":\"https:\/\/audibax.com\/es\/\",\"logo\":{\"@type\":\"ImageObject\",\"inLanguage\":\"es\",\"@id\":\"https:\/\/audibax.com\/es\/#\/schema\/logo\/image\/\",\"url\":\"https:\/\/audibax.com\/wp-content\/uploads\/2023\/09\/logo-Audibax-BLANCO-SVG-1.svg\",\"contentUrl\":\"https:\/\/audibax.com\/wp-content\/uploads\/2023\/09\/logo-Audibax-BLANCO-SVG-1.svg\",\"caption\":\"Audibax\"},\"image\":{\"@id\":\"https:\/\/audibax.com\/es\/#\/schema\/logo\/image\/\"}}]}<\/script>\n<!-- \/ Yoast SEO plugin. -->","yoast_head_json":{"title":"ACP-4852100BK - Audibax","robots":{"index":"index","follow":"follow","max-snippet":"max-snippet:-1","max-image-preview":"max-image-preview:large","max-video-preview":"max-video-preview:-1"},"canonical":"https:\/\/audibax.com\/es\/producto\/acp-4852100bk-2\/","og_locale":"es_ES","og_type":"article","og_title":"ACP-4852100BK - Audibax","og_description":"Certificado de calidad T\u00dcV  Material: Aluminio  Di\u00e1metro: 48-52 mm  Carga Segura de Trabajo (SWL): Hasta 100 kg  Color: Negro  Peso del producto: 0.17 kg  *Fe de errata: La informaci\u00f3n del packaging del producto no corresponde con las medidas del producto real.","og_url":"https:\/\/audibax.com\/es\/producto\/acp-4852100bk-2\/","og_site_name":"Audibax","article_modified_time":"2024-07-15T13:48:48+00:00","og_image":[{"width":1000,"height":500,"url":"https:\/\/audibax.com\/wp-content\/uploads\/2023\/12\/Audibax-ACP-4852100BK-1.jpg","type":"image\/jpeg"}],"twitter_card":"summary_large_image","twitter_misc":{"Tiempo de lectura":"1 minuto"},"schema":{"@context":"https:\/\/schema.org","@graph":[{"@type":"WebPage","@id":"https:\/\/audibax.com\/es\/producto\/acp-4852100bk-2\/","url":"https:\/\/audibax.com\/es\/producto\/acp-4852100bk-2\/","name":"ACP-4852100BK - Audibax","isPartOf":{"@id":"https:\/\/audibax.com\/es\/#website"},"primaryImageOfPage":{"@id":"https:\/\/audibax.com\/es\/producto\/acp-4852100bk-2\/#primaryimage"},"image":{"@id":"https:\/\/audibax.com\/es\/producto\/acp-4852100bk-2\/#primaryimage"},"thumbnailUrl":"https:\/\/audibax.com\/wp-content\/uploads\/2023\/12\/Audibax-ACP-4852100BK-1.jpg","datePublished":"2023-12-11T15:34:49+00:00","dateModified":"2024-07-15T13:48:48+00:00","breadcrumb":{"@id":"https:\/\/audibax.com\/es\/producto\/acp-4852100bk-2\/#breadcrumb"},"inLanguage":"es","potentialAction":[{"@type":"ReadAction","target":["https:\/\/audibax.com\/es\/producto\/acp-4852100bk-2\/"]}]},{"@type":"ImageObject","inLanguage":"es","@id":"https:\/\/audibax.com\/es\/producto\/acp-4852100bk-2\/#primaryimage","url":"https:\/\/audibax.com\/wp-content\/uploads\/2023\/12\/Audibax-ACP-4852100BK-1.jpg","contentUrl":"https:\/\/audibax.com\/wp-content\/uploads\/2023\/12\/Audibax-ACP-4852100BK-1.jpg","width":1000,"height":500},{"@type":"BreadcrumbList","@id":"https:\/\/audibax.com\/es\/producto\/acp-4852100bk-2\/#breadcrumb","itemListElement":[{"@type":"ListItem","position":1,"name":"Portada","item":"https:\/\/audibax.com\/es\/"},{"@type":"ListItem","position":2,"name":"Productos","item":"https:\/\/audibax.com\/es\/shop\/"},{"@type":"ListItem","position":3,"name":"ACP-4852100BK"}]},{"@type":"WebSite","@id":"https:\/\/audibax.com\/es\/#website","url":"https:\/\/audibax.com\/es\/","name":"Audibax","description":"","publisher":{"@id":"https:\/\/audibax.com\/es\/#organization"},"potentialAction":[{"@type":"SearchAction","target":{"@type":"EntryPoint","urlTemplate":"https:\/\/audibax.com\/es\/?s={search_term_string}"},"query-input":{"@type":"PropertyValueSpecification","valueRequired":true,"valueName":"search_term_string"}}],"inLanguage":"es"},{"@type":"Organization","@id":"https:\/\/audibax.com\/es\/#organization","name":"Audibax","url":"https:\/\/audibax.com\/es\/","logo":{"@type":"ImageObject","inLanguage":"es","@id":"https:\/\/audibax.com\/es\/#\/schema\/logo\/image\/","url":"https:\/\/audibax.com\/wp-content\/uploads\/2023\/09\/logo-Audibax-BLANCO-SVG-1.svg","contentUrl":"https:\/\/audibax.com\/wp-content\/uploads\/2023\/09\/logo-Audibax-BLANCO-SVG-1.svg","caption":"Audibax"},"image":{"@id":"https:\/\/audibax.com\/es\/#\/schema\/logo\/image\/"}}]}},"_links":{"self":[{"href":"https:\/\/audibax.com\/es\/wp-json\/wp\/v2\/product\/35101","targetHints":{"allow":["GET"]}}],"collection":[{"href":"https:\/\/audibax.com\/es\/wp-json\/wp\/v2\/product"}],"about":[{"href":"https:\/\/audibax.com\/es\/wp-json\/wp\/v2\/types\/product"}],"replies":[{"embeddable":true,"href":"https:\/\/audibax.com\/es\/wp-json\/wp\/v2\/comments?post=35101"}],"wp:featuredmedia":[{"embeddable":true,"href":"https:\/\/audibax.com\/es\/wp-json\/wp\/v2\/media\/16525"}],"wp:attachment":[{"href":"https:\/\/audibax.com\/es\/wp-json\/wp\/v2\/media?parent=35101"}],"wp:term":[{"taxonomy":"product_cat","embeddable":true,"href":"https:\/\/audibax.com\/es\/wp-json\/wp\/v2\/product_cat?post=35101"},{"taxonomy":"product_tag","embeddable":true,"href":"https:\/\/audibax.com\/es\/wp-json\/wp\/v2\/product_tag?post=35101"}],"curies":[{"name":"wp","href":"https:\/\/api.w.org\/{rel}","templated":true}]}}