{"id":35097,"date":"2023-12-11T13:31:29","date_gmt":"2023-12-11T12:31:29","guid":{"rendered":"https:\/\/audibax.com\/product\/ha4000-v2-black-2\/"},"modified":"2024-03-05T13:37:36","modified_gmt":"2024-03-05T12:37:36","slug":"ha4000-v2-black-2","status":"publish","type":"product","link":"https:\/\/audibax.com\/es\/producto\/ha4000-v2-black-2\/","title":{"rendered":"HA4000 v2"},"content":{"rendered":"<p><strong>Amplificador Auriculares Audibax HA4000 v2<\/strong><\/p>\n<p>El <strong>Audibax HA4000 v2<\/strong> es un amplificador de auriculares multicanal de alta potencia extremadamente compacto. Alimentado por un adaptador CC, cuenta con cuatro amplificadores de auriculares de alta potencia que son controlables de manera independiente. Cuenta con un interruptor est\u00e9reo\/mono para usar cuando sea necesario. Este amplificador es ideal para cualquier tipo de auriculares, ya que siempre mantiene la mayor calidad de audio, incluso al m\u00e1ximo volumen.<\/p>\n<p>\u00bfCu\u00e1ntas veces has querido escuchar la mezcla o la reproducci\u00f3n a trav\u00e9s de unos auriculares al mismo tiempo que otra persona pero no era posible?<br \/>\n\u00a1Con el HA4000 v2 tienes la soluci\u00f3n perfecta! Ya que le permite que hasta 4 personas diferentes escuchen la mezcla principal mientras se graba y, m\u00e1s a\u00fan, que cada oyente pueda adecuar el nivel de volumen a su gusto independientemente del resto de auriculares.<\/p>\n<h2>Especificaciones T\u00e9cnicas<\/h2>\n<p>&nbsp;<\/p>\n<ul>\n<li>Amplificador de auriculares de 4 canales<\/li>\n<li>Medidas: 6cm (profundo) x 10.5cm (ancho) x 3.5cm (alto)<\/li>\n<li>Conector de entrada: 3.5mm, RCA<\/li>\n<li>Impedancia de entrada: 1000k ohm<\/li>\n<li>Output m\u00e1ximo: +22dB<\/li>\n<li>Conector output: 6.3mm stereo<\/li>\n<li>Impedancia de salida: min\u00edmo 10ohm cada canal<\/li>\n<li>Ganancia m\u00e1xima: 20 dB cada canal<\/li>\n<li>Ratio de la se\u00f1al de ruido: &gt;98dB<\/li>\n<li>Suministro: 12-18v DC Adaptador<\/li>\n<\/ul>\n","protected":false},"excerpt":{"rendered":"<p>Amplificador de auriculares de 4 canales<\/p>\n","protected":false},"featured_media":16468,"comment_status":"open","ping_status":"closed","template":"","meta":{"_acf_changed":false},"product_cat":[348],"product_tag":[],"class_list":{"0":"post-35097","1":"product","2":"type-product","3":"status-publish","4":"has-post-thumbnail","6":"product_cat-amplificadores-de-auriculares","8":"first","9":"instock","10":"shipping-taxable","11":"product-type-simple"},"acf":[],"yoast_head":"<!-- This site is optimized with the Yoast SEO plugin v27.0 - https:\/\/yoast.com\/product\/yoast-seo-wordpress\/ -->\n<title>HA4000 v2 - Audibax<\/title>\n<meta name=\"robots\" content=\"index, follow, max-snippet:-1, max-image-preview:large, max-video-preview:-1\" \/>\n<link rel=\"canonical\" href=\"https:\/\/audibax.com\/es\/producto\/ha4000-v2-black-2\/\" \/>\n<meta property=\"og:locale\" content=\"es_ES\" \/>\n<meta property=\"og:type\" content=\"article\" \/>\n<meta property=\"og:title\" content=\"HA4000 v2 - Audibax\" \/>\n<meta property=\"og:description\" content=\"Amplificador de auriculares de 4 canales\" \/>\n<meta property=\"og:url\" content=\"https:\/\/audibax.com\/es\/producto\/ha4000-v2-black-2\/\" \/>\n<meta property=\"og:site_name\" content=\"Audibax\" \/>\n<meta property=\"article:modified_time\" content=\"2024-03-05T12:37:36+00:00\" \/>\n<meta property=\"og:image\" content=\"https:\/\/audibax.com\/wp-content\/uploads\/2023\/12\/amplificador-auricular-ha4000-v2-audibax.png\" \/>\n\t<meta property=\"og:image:width\" content=\"1000\" \/>\n\t<meta property=\"og:image:height\" content=\"500\" \/>\n\t<meta property=\"og:image:type\" content=\"image\/png\" \/>\n<meta name=\"twitter:card\" content=\"summary_large_image\" \/>\n<meta name=\"twitter:label1\" content=\"Tiempo de lectura\" \/>\n\t<meta name=\"twitter:data1\" content=\"2 minutos\" \/>\n<script type=\"application\/ld+json\" class=\"yoast-schema-graph\">{\"@context\":\"https:\/\/schema.org\",\"@graph\":[{\"@type\":\"WebPage\",\"@id\":\"https:\/\/audibax.com\/es\/producto\/ha4000-v2-black-2\/\",\"url\":\"https:\/\/audibax.com\/es\/producto\/ha4000-v2-black-2\/\",\"name\":\"HA4000 v2 - Audibax\",\"isPartOf\":{\"@id\":\"https:\/\/audibax.com\/es\/#website\"},\"primaryImageOfPage\":{\"@id\":\"https:\/\/audibax.com\/es\/producto\/ha4000-v2-black-2\/#primaryimage\"},\"image\":{\"@id\":\"https:\/\/audibax.com\/es\/producto\/ha4000-v2-black-2\/#primaryimage\"},\"thumbnailUrl\":\"https:\/\/audibax.com\/wp-content\/uploads\/2023\/12\/amplificador-auricular-ha4000-v2-audibax.png\",\"datePublished\":\"2023-12-11T12:31:29+00:00\",\"dateModified\":\"2024-03-05T12:37:36+00:00\",\"breadcrumb\":{\"@id\":\"https:\/\/audibax.com\/es\/producto\/ha4000-v2-black-2\/#breadcrumb\"},\"inLanguage\":\"es\",\"potentialAction\":[{\"@type\":\"ReadAction\",\"target\":[\"https:\/\/audibax.com\/es\/producto\/ha4000-v2-black-2\/\"]}]},{\"@type\":\"ImageObject\",\"inLanguage\":\"es\",\"@id\":\"https:\/\/audibax.com\/es\/producto\/ha4000-v2-black-2\/#primaryimage\",\"url\":\"https:\/\/audibax.com\/wp-content\/uploads\/2023\/12\/amplificador-auricular-ha4000-v2-audibax.png\",\"contentUrl\":\"https:\/\/audibax.com\/wp-content\/uploads\/2023\/12\/amplificador-auricular-ha4000-v2-audibax.png\",\"width\":1000,\"height\":500},{\"@type\":\"BreadcrumbList\",\"@id\":\"https:\/\/audibax.com\/es\/producto\/ha4000-v2-black-2\/#breadcrumb\",\"itemListElement\":[{\"@type\":\"ListItem\",\"position\":1,\"name\":\"Portada\",\"item\":\"https:\/\/audibax.com\/es\/\"},{\"@type\":\"ListItem\",\"position\":2,\"name\":\"Productos\",\"item\":\"https:\/\/audibax.com\/es\/shop\/\"},{\"@type\":\"ListItem\",\"position\":3,\"name\":\"HA4000 v2\"}]},{\"@type\":\"WebSite\",\"@id\":\"https:\/\/audibax.com\/es\/#website\",\"url\":\"https:\/\/audibax.com\/es\/\",\"name\":\"Audibax\",\"description\":\"\",\"publisher\":{\"@id\":\"https:\/\/audibax.com\/es\/#organization\"},\"potentialAction\":[{\"@type\":\"SearchAction\",\"target\":{\"@type\":\"EntryPoint\",\"urlTemplate\":\"https:\/\/audibax.com\/es\/?s={search_term_string}\"},\"query-input\":{\"@type\":\"PropertyValueSpecification\",\"valueRequired\":true,\"valueName\":\"search_term_string\"}}],\"inLanguage\":\"es\"},{\"@type\":\"Organization\",\"@id\":\"https:\/\/audibax.com\/es\/#organization\",\"name\":\"Audibax\",\"url\":\"https:\/\/audibax.com\/es\/\",\"logo\":{\"@type\":\"ImageObject\",\"inLanguage\":\"es\",\"@id\":\"https:\/\/audibax.com\/es\/#\/schema\/logo\/image\/\",\"url\":\"https:\/\/audibax.com\/wp-content\/uploads\/2023\/09\/logo-Audibax-BLANCO-SVG-1.svg\",\"contentUrl\":\"https:\/\/audibax.com\/wp-content\/uploads\/2023\/09\/logo-Audibax-BLANCO-SVG-1.svg\",\"caption\":\"Audibax\"},\"image\":{\"@id\":\"https:\/\/audibax.com\/es\/#\/schema\/logo\/image\/\"}}]}<\/script>\n<!-- \/ Yoast SEO plugin. -->","yoast_head_json":{"title":"HA4000 v2 - Audibax","robots":{"index":"index","follow":"follow","max-snippet":"max-snippet:-1","max-image-preview":"max-image-preview:large","max-video-preview":"max-video-preview:-1"},"canonical":"https:\/\/audibax.com\/es\/producto\/ha4000-v2-black-2\/","og_locale":"es_ES","og_type":"article","og_title":"HA4000 v2 - Audibax","og_description":"Amplificador de auriculares de 4 canales","og_url":"https:\/\/audibax.com\/es\/producto\/ha4000-v2-black-2\/","og_site_name":"Audibax","article_modified_time":"2024-03-05T12:37:36+00:00","og_image":[{"width":1000,"height":500,"url":"https:\/\/audibax.com\/wp-content\/uploads\/2023\/12\/amplificador-auricular-ha4000-v2-audibax.png","type":"image\/png"}],"twitter_card":"summary_large_image","twitter_misc":{"Tiempo de lectura":"2 minutos"},"schema":{"@context":"https:\/\/schema.org","@graph":[{"@type":"WebPage","@id":"https:\/\/audibax.com\/es\/producto\/ha4000-v2-black-2\/","url":"https:\/\/audibax.com\/es\/producto\/ha4000-v2-black-2\/","name":"HA4000 v2 - Audibax","isPartOf":{"@id":"https:\/\/audibax.com\/es\/#website"},"primaryImageOfPage":{"@id":"https:\/\/audibax.com\/es\/producto\/ha4000-v2-black-2\/#primaryimage"},"image":{"@id":"https:\/\/audibax.com\/es\/producto\/ha4000-v2-black-2\/#primaryimage"},"thumbnailUrl":"https:\/\/audibax.com\/wp-content\/uploads\/2023\/12\/amplificador-auricular-ha4000-v2-audibax.png","datePublished":"2023-12-11T12:31:29+00:00","dateModified":"2024-03-05T12:37:36+00:00","breadcrumb":{"@id":"https:\/\/audibax.com\/es\/producto\/ha4000-v2-black-2\/#breadcrumb"},"inLanguage":"es","potentialAction":[{"@type":"ReadAction","target":["https:\/\/audibax.com\/es\/producto\/ha4000-v2-black-2\/"]}]},{"@type":"ImageObject","inLanguage":"es","@id":"https:\/\/audibax.com\/es\/producto\/ha4000-v2-black-2\/#primaryimage","url":"https:\/\/audibax.com\/wp-content\/uploads\/2023\/12\/amplificador-auricular-ha4000-v2-audibax.png","contentUrl":"https:\/\/audibax.com\/wp-content\/uploads\/2023\/12\/amplificador-auricular-ha4000-v2-audibax.png","width":1000,"height":500},{"@type":"BreadcrumbList","@id":"https:\/\/audibax.com\/es\/producto\/ha4000-v2-black-2\/#breadcrumb","itemListElement":[{"@type":"ListItem","position":1,"name":"Portada","item":"https:\/\/audibax.com\/es\/"},{"@type":"ListItem","position":2,"name":"Productos","item":"https:\/\/audibax.com\/es\/shop\/"},{"@type":"ListItem","position":3,"name":"HA4000 v2"}]},{"@type":"WebSite","@id":"https:\/\/audibax.com\/es\/#website","url":"https:\/\/audibax.com\/es\/","name":"Audibax","description":"","publisher":{"@id":"https:\/\/audibax.com\/es\/#organization"},"potentialAction":[{"@type":"SearchAction","target":{"@type":"EntryPoint","urlTemplate":"https:\/\/audibax.com\/es\/?s={search_term_string}"},"query-input":{"@type":"PropertyValueSpecification","valueRequired":true,"valueName":"search_term_string"}}],"inLanguage":"es"},{"@type":"Organization","@id":"https:\/\/audibax.com\/es\/#organization","name":"Audibax","url":"https:\/\/audibax.com\/es\/","logo":{"@type":"ImageObject","inLanguage":"es","@id":"https:\/\/audibax.com\/es\/#\/schema\/logo\/image\/","url":"https:\/\/audibax.com\/wp-content\/uploads\/2023\/09\/logo-Audibax-BLANCO-SVG-1.svg","contentUrl":"https:\/\/audibax.com\/wp-content\/uploads\/2023\/09\/logo-Audibax-BLANCO-SVG-1.svg","caption":"Audibax"},"image":{"@id":"https:\/\/audibax.com\/es\/#\/schema\/logo\/image\/"}}]}},"_links":{"self":[{"href":"https:\/\/audibax.com\/es\/wp-json\/wp\/v2\/product\/35097","targetHints":{"allow":["GET"]}}],"collection":[{"href":"https:\/\/audibax.com\/es\/wp-json\/wp\/v2\/product"}],"about":[{"href":"https:\/\/audibax.com\/es\/wp-json\/wp\/v2\/types\/product"}],"replies":[{"embeddable":true,"href":"https:\/\/audibax.com\/es\/wp-json\/wp\/v2\/comments?post=35097"}],"wp:featuredmedia":[{"embeddable":true,"href":"https:\/\/audibax.com\/es\/wp-json\/wp\/v2\/media\/16468"}],"wp:attachment":[{"href":"https:\/\/audibax.com\/es\/wp-json\/wp\/v2\/media?parent=35097"}],"wp:term":[{"taxonomy":"product_cat","embeddable":true,"href":"https:\/\/audibax.com\/es\/wp-json\/wp\/v2\/product_cat?post=35097"},{"taxonomy":"product_tag","embeddable":true,"href":"https:\/\/audibax.com\/es\/wp-json\/wp\/v2\/product_tag?post=35097"}],"curies":[{"name":"wp","href":"https:\/\/api.w.org\/{rel}","templated":true}]}}