{"id":35096,"date":"2023-12-11T13:31:20","date_gmt":"2023-12-11T12:31:20","guid":{"rendered":"https:\/\/audibax.com\/product\/rh10-black-2\/"},"modified":"2024-03-05T13:38:14","modified_gmt":"2024-03-05T12:38:14","slug":"rh10-black-2","status":"publish","type":"product","link":"https:\/\/audibax.com\/es\/producto\/rh10-black-2\/","title":{"rendered":"RH10"},"content":{"rendered":"<p><span style=\"color: #333333; font-family: arial,sans-serif; font-size: 10.0pt;\">Los<\/span><strong><span style=\"color: #333333; font-family: arial,sans-serif; font-size: 10.0pt;\"> Audibax RH10 <\/span><\/strong><span style=\"color: #333333; font-family: arial,sans-serif; font-size: 10.0pt;\">son unos auriculares de dise\u00f1o semi-abierto ideales\u00a0ya sea para mezclar una grabaci\u00f3n o para escuchar y disfrutar de su canci\u00f3n favorita, son c\u00f3modos y proporcionan una respuesta de frecuencia amplia y un alto rango din\u00e1mico.\u00a0<\/span><\/p>\n<p><span style=\"color: #333333; font-family: arial,sans-serif; font-size: 10.0pt;\"><strong><span style=\"font-family: arial,sans-serif;\">Los auriculares cerrados Audibax RH10<\/span><\/strong>\u00a0son perfectos para ello y ofrecen todo lo necesario para disfrutar de una escucha c\u00f3moda: peso ligero, dos controladores de monitor, diadema ultra c\u00f3moda y, lo m\u00e1s importante, un sonido de alta calidad que le proporciona todos los matices del sonido.<\/span><\/p>\n<p><span style=\"color: #333333; font-family: arial,sans-serif; font-size: 10.0pt;\">El dise\u00f1o de la orejera cerrada permite eliminar cualquier ruido procedente del exterior y darle la oportunidad de sumergerse por completo en la reproducci\u00f3n. Estos auriculares te aseguran un perfecto ajuste para escuchar m\u00fasica c\u00f3modamente durante el tiempo que quiera.<\/span><\/p>\n<p><span style=\"color: #333333; font-family: arial,sans-serif; font-size: 10.0pt;\">Los auriculares RH10 ofrecen un excepcional rendimiento de alta resoluci\u00f3n, ya sea desde la pr\u00e1ctica de instrumentos musicales a reproducciones de audio, que le invitan a viajar dentro del mundo de la m\u00fasica.<\/span><\/p>\n<p style=\"text-align: start;\"><span style=\"color: #333333; font-family: arial,sans-serif; font-size: 10.0pt;\">Su rendimiento, su calidad y su comodidad convierten a los auriculares RH10 en la opci\u00f3n ideal para el estudio de grabaci\u00f3n, mezcla o escucha.<\/span><\/p>\n<p><span style=\"color: #333333; font-family: arial,sans-serif; font-size: 10.0pt;\">Especificaciones RH-10 Audibax Auricular Estudio:<\/span><\/p>\n<ul>\n<li><span style=\"color: #333333; font-family: arial,sans-serif; font-size: 10.0pt;\">Tipo: Semi-abierto<\/span><\/li>\n<li><span style=\"color: #333333; font-family: arial,sans-serif; font-size: 10.0pt;\">Driver de neodimio de 50mm<\/span><\/li>\n<li><span style=\"color: #333333; font-family: arial,sans-serif; font-size: 10.0pt;\">Dise\u00f1o circumarual semi-abierto<\/span><\/li>\n<li><span style=\"color: #333333; font-family: arial,sans-serif; font-size: 10.0pt;\">Diadema ajsutable<\/span><\/li>\n<li><span style=\"color: #333333; font-family: arial,sans-serif; font-size: 10.0pt;\">Bolsa de transporte inclu\u00edda<\/span><\/li>\n<li><span style=\"color: #333333; font-family: arial,sans-serif; font-size: 10.0pt;\">Impedancia: 32ohm\u00a0+-\u00a015% \/at 1KHz<\/span><\/li>\n<li><span style=\"color: #333333; font-family: arial,sans-serif; font-size: 10.0pt;\">Ratio de potencia del imput: 15mW<\/span><\/li>\n<li><span style=\"color: #333333; font-family: arial,sans-serif; font-size: 10.0pt;\">M\u00e1xima potencia del imput: 30mW<\/span><\/li>\n<li><span style=\"color: #333333; font-family: arial,sans-serif; font-size: 10.0pt;\">SPL: 98dB\u00a0+-\u00a03dB \/at 1KHz<\/span><\/li>\n<li><span style=\"color: #333333; font-family: arial,sans-serif; font-size: 10.0pt;\">Frecuencia de respuesta: 20Hz-20KHz<\/span><\/li>\n<li><span style=\"color: #333333; font-family: arial,sans-serif; font-size: 10.0pt;\">Ratio de distorsi\u00f3n: No m\u00e1s de 5% a 1KHz<\/span><\/li>\n<li><span style=\"color: #333333; font-family: arial,sans-serif; font-size: 10.0pt;\">Conducci\u00f3n: 50mm<\/span><\/li>\n<li><span style=\"color: #333333; font-family: arial,sans-serif; font-size: 10.0pt;\">Longitud del cable: 3m\u00a0<\/span><\/li>\n<li><span style=\"color: #333333; font-family: arial,sans-serif; font-size: 10.0pt;\">Enchufe: 3.5mm<\/span><\/li>\n<li><span style=\"color: #333333; font-family: arial,sans-serif; font-size: 10.0pt;\">Incluye Adaptador a 6,3mm<\/span><\/li>\n<\/ul>\n","protected":false},"excerpt":{"rendered":"<p>Auridculares profesionales para escuhcha de musica y monitoreo de mezcla.<\/p>\n<ul>\n<li><span style=\"font-family: arial,sans-serif; font-size: 10pt;\">Tipo: Semi-abierto<\/span><\/li>\n<li><span style=\"font-family: arial,sans-serif; font-size: 10pt;\">Driver de neodimio de 50mm<\/span><\/li>\n<li><span style=\"font-family: arial,sans-serif; font-size: 10pt;\">Dise\u00f1o circumarual semi-abierto<\/span><\/li>\n<li><span style=\"font-family: arial,sans-serif; font-size: 10pt;\">Diadema ajsutable<\/span><\/li>\n<\/ul>\n","protected":false},"featured_media":17609,"comment_status":"open","ping_status":"closed","template":"","meta":{"_acf_changed":false},"product_cat":[346],"product_tag":[],"class_list":{"0":"post-35096","1":"product","2":"type-product","3":"status-publish","4":"has-post-thumbnail","6":"product_cat-auriculares-dj","8":"first","9":"instock","10":"shipping-taxable","11":"product-type-simple"},"acf":[],"yoast_head":"<!-- This site is optimized with the Yoast SEO plugin v27.0 - https:\/\/yoast.com\/product\/yoast-seo-wordpress\/ -->\n<title>RH10 - Audibax<\/title>\n<meta name=\"robots\" content=\"index, follow, max-snippet:-1, max-image-preview:large, max-video-preview:-1\" \/>\n<link rel=\"canonical\" href=\"https:\/\/audibax.com\/es\/producto\/rh10-black-2\/\" \/>\n<meta property=\"og:locale\" content=\"es_ES\" \/>\n<meta property=\"og:type\" content=\"article\" \/>\n<meta property=\"og:title\" content=\"RH10 - Audibax\" \/>\n<meta property=\"og:description\" content=\"Auridculares profesionales para escuhcha de musica y monitoreo de mezcla.   Tipo: Semi-abierto  Driver de neodimio de 50mm  Dise\u00f1o circumarual semi-abierto  Diadema ajsutable\" \/>\n<meta property=\"og:url\" content=\"https:\/\/audibax.com\/es\/producto\/rh10-black-2\/\" \/>\n<meta property=\"og:site_name\" content=\"Audibax\" \/>\n<meta property=\"article:modified_time\" content=\"2024-03-05T12:38:14+00:00\" \/>\n<meta property=\"og:image\" content=\"https:\/\/audibax.com\/wp-content\/uploads\/2023\/12\/audibax-rh10-auriculares-studio.jpg\" \/>\n\t<meta property=\"og:image:width\" content=\"934\" \/>\n\t<meta property=\"og:image:height\" content=\"1000\" \/>\n\t<meta property=\"og:image:type\" content=\"image\/jpeg\" \/>\n<meta name=\"twitter:card\" content=\"summary_large_image\" \/>\n<meta name=\"twitter:label1\" content=\"Tiempo de lectura\" \/>\n\t<meta name=\"twitter:data1\" content=\"2 minutos\" \/>\n<script type=\"application\/ld+json\" class=\"yoast-schema-graph\">{\"@context\":\"https:\/\/schema.org\",\"@graph\":[{\"@type\":\"WebPage\",\"@id\":\"https:\/\/audibax.com\/es\/producto\/rh10-black-2\/\",\"url\":\"https:\/\/audibax.com\/es\/producto\/rh10-black-2\/\",\"name\":\"RH10 - Audibax\",\"isPartOf\":{\"@id\":\"https:\/\/audibax.com\/es\/#website\"},\"primaryImageOfPage\":{\"@id\":\"https:\/\/audibax.com\/es\/producto\/rh10-black-2\/#primaryimage\"},\"image\":{\"@id\":\"https:\/\/audibax.com\/es\/producto\/rh10-black-2\/#primaryimage\"},\"thumbnailUrl\":\"https:\/\/audibax.com\/wp-content\/uploads\/2023\/12\/audibax-rh10-auriculares-studio.jpg\",\"datePublished\":\"2023-12-11T12:31:20+00:00\",\"dateModified\":\"2024-03-05T12:38:14+00:00\",\"breadcrumb\":{\"@id\":\"https:\/\/audibax.com\/es\/producto\/rh10-black-2\/#breadcrumb\"},\"inLanguage\":\"es\",\"potentialAction\":[{\"@type\":\"ReadAction\",\"target\":[\"https:\/\/audibax.com\/es\/producto\/rh10-black-2\/\"]}]},{\"@type\":\"ImageObject\",\"inLanguage\":\"es\",\"@id\":\"https:\/\/audibax.com\/es\/producto\/rh10-black-2\/#primaryimage\",\"url\":\"https:\/\/audibax.com\/wp-content\/uploads\/2023\/12\/audibax-rh10-auriculares-studio.jpg\",\"contentUrl\":\"https:\/\/audibax.com\/wp-content\/uploads\/2023\/12\/audibax-rh10-auriculares-studio.jpg\",\"width\":934,\"height\":1000},{\"@type\":\"BreadcrumbList\",\"@id\":\"https:\/\/audibax.com\/es\/producto\/rh10-black-2\/#breadcrumb\",\"itemListElement\":[{\"@type\":\"ListItem\",\"position\":1,\"name\":\"Portada\",\"item\":\"https:\/\/audibax.com\/es\/\"},{\"@type\":\"ListItem\",\"position\":2,\"name\":\"Productos\",\"item\":\"https:\/\/audibax.com\/es\/shop\/\"},{\"@type\":\"ListItem\",\"position\":3,\"name\":\"RH10\"}]},{\"@type\":\"WebSite\",\"@id\":\"https:\/\/audibax.com\/es\/#website\",\"url\":\"https:\/\/audibax.com\/es\/\",\"name\":\"Audibax\",\"description\":\"\",\"publisher\":{\"@id\":\"https:\/\/audibax.com\/es\/#organization\"},\"potentialAction\":[{\"@type\":\"SearchAction\",\"target\":{\"@type\":\"EntryPoint\",\"urlTemplate\":\"https:\/\/audibax.com\/es\/?s={search_term_string}\"},\"query-input\":{\"@type\":\"PropertyValueSpecification\",\"valueRequired\":true,\"valueName\":\"search_term_string\"}}],\"inLanguage\":\"es\"},{\"@type\":\"Organization\",\"@id\":\"https:\/\/audibax.com\/es\/#organization\",\"name\":\"Audibax\",\"url\":\"https:\/\/audibax.com\/es\/\",\"logo\":{\"@type\":\"ImageObject\",\"inLanguage\":\"es\",\"@id\":\"https:\/\/audibax.com\/es\/#\/schema\/logo\/image\/\",\"url\":\"https:\/\/audibax.com\/wp-content\/uploads\/2023\/09\/logo-Audibax-BLANCO-SVG-1.svg\",\"contentUrl\":\"https:\/\/audibax.com\/wp-content\/uploads\/2023\/09\/logo-Audibax-BLANCO-SVG-1.svg\",\"caption\":\"Audibax\"},\"image\":{\"@id\":\"https:\/\/audibax.com\/es\/#\/schema\/logo\/image\/\"}}]}<\/script>\n<!-- \/ Yoast SEO plugin. -->","yoast_head_json":{"title":"RH10 - Audibax","robots":{"index":"index","follow":"follow","max-snippet":"max-snippet:-1","max-image-preview":"max-image-preview:large","max-video-preview":"max-video-preview:-1"},"canonical":"https:\/\/audibax.com\/es\/producto\/rh10-black-2\/","og_locale":"es_ES","og_type":"article","og_title":"RH10 - Audibax","og_description":"Auridculares profesionales para escuhcha de musica y monitoreo de mezcla.   Tipo: Semi-abierto  Driver de neodimio de 50mm  Dise\u00f1o circumarual semi-abierto  Diadema ajsutable","og_url":"https:\/\/audibax.com\/es\/producto\/rh10-black-2\/","og_site_name":"Audibax","article_modified_time":"2024-03-05T12:38:14+00:00","og_image":[{"width":934,"height":1000,"url":"https:\/\/audibax.com\/wp-content\/uploads\/2023\/12\/audibax-rh10-auriculares-studio.jpg","type":"image\/jpeg"}],"twitter_card":"summary_large_image","twitter_misc":{"Tiempo de lectura":"2 minutos"},"schema":{"@context":"https:\/\/schema.org","@graph":[{"@type":"WebPage","@id":"https:\/\/audibax.com\/es\/producto\/rh10-black-2\/","url":"https:\/\/audibax.com\/es\/producto\/rh10-black-2\/","name":"RH10 - Audibax","isPartOf":{"@id":"https:\/\/audibax.com\/es\/#website"},"primaryImageOfPage":{"@id":"https:\/\/audibax.com\/es\/producto\/rh10-black-2\/#primaryimage"},"image":{"@id":"https:\/\/audibax.com\/es\/producto\/rh10-black-2\/#primaryimage"},"thumbnailUrl":"https:\/\/audibax.com\/wp-content\/uploads\/2023\/12\/audibax-rh10-auriculares-studio.jpg","datePublished":"2023-12-11T12:31:20+00:00","dateModified":"2024-03-05T12:38:14+00:00","breadcrumb":{"@id":"https:\/\/audibax.com\/es\/producto\/rh10-black-2\/#breadcrumb"},"inLanguage":"es","potentialAction":[{"@type":"ReadAction","target":["https:\/\/audibax.com\/es\/producto\/rh10-black-2\/"]}]},{"@type":"ImageObject","inLanguage":"es","@id":"https:\/\/audibax.com\/es\/producto\/rh10-black-2\/#primaryimage","url":"https:\/\/audibax.com\/wp-content\/uploads\/2023\/12\/audibax-rh10-auriculares-studio.jpg","contentUrl":"https:\/\/audibax.com\/wp-content\/uploads\/2023\/12\/audibax-rh10-auriculares-studio.jpg","width":934,"height":1000},{"@type":"BreadcrumbList","@id":"https:\/\/audibax.com\/es\/producto\/rh10-black-2\/#breadcrumb","itemListElement":[{"@type":"ListItem","position":1,"name":"Portada","item":"https:\/\/audibax.com\/es\/"},{"@type":"ListItem","position":2,"name":"Productos","item":"https:\/\/audibax.com\/es\/shop\/"},{"@type":"ListItem","position":3,"name":"RH10"}]},{"@type":"WebSite","@id":"https:\/\/audibax.com\/es\/#website","url":"https:\/\/audibax.com\/es\/","name":"Audibax","description":"","publisher":{"@id":"https:\/\/audibax.com\/es\/#organization"},"potentialAction":[{"@type":"SearchAction","target":{"@type":"EntryPoint","urlTemplate":"https:\/\/audibax.com\/es\/?s={search_term_string}"},"query-input":{"@type":"PropertyValueSpecification","valueRequired":true,"valueName":"search_term_string"}}],"inLanguage":"es"},{"@type":"Organization","@id":"https:\/\/audibax.com\/es\/#organization","name":"Audibax","url":"https:\/\/audibax.com\/es\/","logo":{"@type":"ImageObject","inLanguage":"es","@id":"https:\/\/audibax.com\/es\/#\/schema\/logo\/image\/","url":"https:\/\/audibax.com\/wp-content\/uploads\/2023\/09\/logo-Audibax-BLANCO-SVG-1.svg","contentUrl":"https:\/\/audibax.com\/wp-content\/uploads\/2023\/09\/logo-Audibax-BLANCO-SVG-1.svg","caption":"Audibax"},"image":{"@id":"https:\/\/audibax.com\/es\/#\/schema\/logo\/image\/"}}]}},"_links":{"self":[{"href":"https:\/\/audibax.com\/es\/wp-json\/wp\/v2\/product\/35096","targetHints":{"allow":["GET"]}}],"collection":[{"href":"https:\/\/audibax.com\/es\/wp-json\/wp\/v2\/product"}],"about":[{"href":"https:\/\/audibax.com\/es\/wp-json\/wp\/v2\/types\/product"}],"replies":[{"embeddable":true,"href":"https:\/\/audibax.com\/es\/wp-json\/wp\/v2\/comments?post=35096"}],"wp:featuredmedia":[{"embeddable":true,"href":"https:\/\/audibax.com\/es\/wp-json\/wp\/v2\/media\/17609"}],"wp:attachment":[{"href":"https:\/\/audibax.com\/es\/wp-json\/wp\/v2\/media?parent=35096"}],"wp:term":[{"taxonomy":"product_cat","embeddable":true,"href":"https:\/\/audibax.com\/es\/wp-json\/wp\/v2\/product_cat?post=35096"},{"taxonomy":"product_tag","embeddable":true,"href":"https:\/\/audibax.com\/es\/wp-json\/wp\/v2\/product_tag?post=35096"}],"curies":[{"name":"wp","href":"https:\/\/api.w.org\/{rel}","templated":true}]}}