{"id":35095,"date":"2023-12-11T13:31:18","date_gmt":"2023-12-11T12:31:18","guid":{"rendered":"https:\/\/audibax.com\/product\/rh5-black-2\/"},"modified":"2024-03-05T13:38:16","modified_gmt":"2024-03-05T12:38:16","slug":"rh5-black-2","status":"publish","type":"product","link":"https:\/\/audibax.com\/es\/producto\/rh5-black-2\/","title":{"rendered":"RH5"},"content":{"rendered":"<p><strong>Audibax RH5<\/strong> ya sea para mezclar una grabaci\u00f3n o para escuchar y disfrutar de su canci\u00f3n favorita, desea que los auriculares sean c\u00f3modos y proporcionen una respuesta de frecuencia amplia y un alto rango din\u00e1mico. <strong>Los auriculares cerrados Audibax RH-5<\/strong> son perfectos para ello y ofrecen todo lo necesario para disfrutar de una escucha c\u00f3moda: peso ligero, dos controladores de monitor, diadema ultra c\u00f3moda y, lo m\u00e1s importante, un sonido de alta calidad que le proporciona todos los matices del sonido. El dise\u00f1o de la orejera cerrada permite eliminar cualquier ruido procedente del exterior y darle la oportunidad de sumergerse por completo en la reproducci\u00f3n. Estos auriculares te aseguran un perfecto ajuste para escuchar m\u00fasica c\u00f3modamente durante el tiempo que quiera. Los auriculares RH-5 ofrecen un excepcional rendimiento de alta resoluci\u00f3n, ya sea desde la pr\u00e1ctica de instrumentos musicales a reproducciones de audio, que le invitan a viajar dentro del mundo de la m\u00fasica.<\/p>\n<p>Su rendimiento, su calidad y su comodidad convierten a los auriculares RH-5 en la opci\u00f3n ideal as\u00ed que no lo dudes y, \u00a1sum\u00e9rjase en el mundo de la m\u00fasica con los auriculares RH-5 a un precio muy asequible!<\/p>\n<h2>Especificaciones T\u00e9cnicas<\/h2>\n<p>&nbsp;<\/p>\n<ul>\n<li>Tipo: Cerrado<\/li>\n<li>Principales aplicaciones :\u00a0 Estudio \/ Teclados \/ Pianos \/ Monitoraje \/ Baterias Electronicas.<\/li>\n<li>Impedancia: 32<span style=\"font-size: 14px;\">ohm<\/span>\u00a0<span style=\"font-size: 16px;\">+-<\/span>\u00a015% \/at 1KHz<\/li>\n<li>Ratio de potencia del imput: 15mW<\/li>\n<li>M\u00e1xima potencia del imput: 30mW<\/li>\n<li>SPL: 115dB<span style=\"font-size: 16px;\">\u00a0+-\u00a0<\/span>3dB \/at 1KHz<\/li>\n<li>Frecuencia de respuesta: 20Hz-20KHz<\/li>\n<li>Ratio de distorsi\u00f3n: No m\u00e1s de 5% a 1KHz<\/li>\n<li>Conducci\u00f3n: 50mm<\/li>\n<li>Longitud del cable: 3m<\/li>\n<li>Enchufe: 3.5mm<\/li>\n<li>Incluye Adaptador a 6,3mm<\/li>\n<\/ul>\n<p><img decoding=\"async\" style=\"height: 461px; width: 500px;\" src=\"\/crm\/documents\/fckeditor\/image\/MRA-3\/audibax-rh5-auricular.png\" alt=\"\" \/><\/p>\n<p><img decoding=\"async\" style=\"height: 640px; width: 675px;\" src=\"\/crm\/documents\/fckeditor\/image\/MRA-3\/rh5-audibax-auricular-profesional.jpg\" alt=\"\" \/><\/p>\n","protected":false},"excerpt":{"rendered":"<ul>\n<li>Auriculares tipo Cerrado<\/li>\n<li>Ideal para\u00a0 Estudio\/ Teclados \/ Pianos \/ Monitoraje \/ Baterias Electronicas<\/li>\n<li>Calidad Excepcional<\/li>\n<li>Plegable<\/li>\n<\/ul>\n","protected":false},"featured_media":17606,"comment_status":"open","ping_status":"closed","template":"","meta":{"_acf_changed":false},"product_cat":[346],"product_tag":[],"class_list":{"0":"post-35095","1":"product","2":"type-product","3":"status-publish","4":"has-post-thumbnail","6":"product_cat-auriculares-dj","8":"first","9":"instock","10":"shipping-taxable","11":"product-type-simple"},"acf":[],"yoast_head":"<!-- This site is optimized with the Yoast SEO plugin v27.0 - https:\/\/yoast.com\/product\/yoast-seo-wordpress\/ -->\n<title>RH5 - Audibax<\/title>\n<meta name=\"robots\" content=\"index, follow, max-snippet:-1, max-image-preview:large, max-video-preview:-1\" \/>\n<link rel=\"canonical\" href=\"https:\/\/audibax.com\/es\/producto\/rh5-black-2\/\" \/>\n<meta property=\"og:locale\" content=\"es_ES\" \/>\n<meta property=\"og:type\" content=\"article\" \/>\n<meta property=\"og:title\" content=\"RH5 - Audibax\" \/>\n<meta property=\"og:description\" content=\"Auriculares tipo Cerrado  Ideal para\u00a0 Estudio\/ Teclados \/ Pianos \/ Monitoraje \/ Baterias Electronicas  Calidad Excepcional  Plegable\" \/>\n<meta property=\"og:url\" content=\"https:\/\/audibax.com\/es\/producto\/rh5-black-2\/\" \/>\n<meta property=\"og:site_name\" content=\"Audibax\" \/>\n<meta property=\"article:modified_time\" content=\"2024-03-05T12:38:16+00:00\" \/>\n<meta property=\"og:image\" content=\"https:\/\/audibax.com\/wp-content\/uploads\/2023\/12\/audibaxRH5-auricular.png\" \/>\n\t<meta property=\"og:image:width\" content=\"3000\" \/>\n\t<meta property=\"og:image:height\" content=\"2169\" \/>\n\t<meta property=\"og:image:type\" content=\"image\/png\" \/>\n<meta name=\"twitter:card\" content=\"summary_large_image\" \/>\n<meta name=\"twitter:label1\" content=\"Tiempo de lectura\" \/>\n\t<meta name=\"twitter:data1\" content=\"2 minutos\" \/>\n<script type=\"application\/ld+json\" class=\"yoast-schema-graph\">{\"@context\":\"https:\/\/schema.org\",\"@graph\":[{\"@type\":\"WebPage\",\"@id\":\"https:\/\/audibax.com\/es\/producto\/rh5-black-2\/\",\"url\":\"https:\/\/audibax.com\/es\/producto\/rh5-black-2\/\",\"name\":\"RH5 - Audibax\",\"isPartOf\":{\"@id\":\"https:\/\/audibax.com\/es\/#website\"},\"primaryImageOfPage\":{\"@id\":\"https:\/\/audibax.com\/es\/producto\/rh5-black-2\/#primaryimage\"},\"image\":{\"@id\":\"https:\/\/audibax.com\/es\/producto\/rh5-black-2\/#primaryimage\"},\"thumbnailUrl\":\"https:\/\/audibax.com\/wp-content\/uploads\/2023\/12\/audibaxRH5-auricular.png\",\"datePublished\":\"2023-12-11T12:31:18+00:00\",\"dateModified\":\"2024-03-05T12:38:16+00:00\",\"breadcrumb\":{\"@id\":\"https:\/\/audibax.com\/es\/producto\/rh5-black-2\/#breadcrumb\"},\"inLanguage\":\"es\",\"potentialAction\":[{\"@type\":\"ReadAction\",\"target\":[\"https:\/\/audibax.com\/es\/producto\/rh5-black-2\/\"]}]},{\"@type\":\"ImageObject\",\"inLanguage\":\"es\",\"@id\":\"https:\/\/audibax.com\/es\/producto\/rh5-black-2\/#primaryimage\",\"url\":\"https:\/\/audibax.com\/wp-content\/uploads\/2023\/12\/audibaxRH5-auricular.png\",\"contentUrl\":\"https:\/\/audibax.com\/wp-content\/uploads\/2023\/12\/audibaxRH5-auricular.png\",\"width\":3000,\"height\":2169},{\"@type\":\"BreadcrumbList\",\"@id\":\"https:\/\/audibax.com\/es\/producto\/rh5-black-2\/#breadcrumb\",\"itemListElement\":[{\"@type\":\"ListItem\",\"position\":1,\"name\":\"Portada\",\"item\":\"https:\/\/audibax.com\/es\/\"},{\"@type\":\"ListItem\",\"position\":2,\"name\":\"Productos\",\"item\":\"https:\/\/audibax.com\/es\/shop\/\"},{\"@type\":\"ListItem\",\"position\":3,\"name\":\"RH5\"}]},{\"@type\":\"WebSite\",\"@id\":\"https:\/\/audibax.com\/es\/#website\",\"url\":\"https:\/\/audibax.com\/es\/\",\"name\":\"Audibax\",\"description\":\"\",\"publisher\":{\"@id\":\"https:\/\/audibax.com\/es\/#organization\"},\"potentialAction\":[{\"@type\":\"SearchAction\",\"target\":{\"@type\":\"EntryPoint\",\"urlTemplate\":\"https:\/\/audibax.com\/es\/?s={search_term_string}\"},\"query-input\":{\"@type\":\"PropertyValueSpecification\",\"valueRequired\":true,\"valueName\":\"search_term_string\"}}],\"inLanguage\":\"es\"},{\"@type\":\"Organization\",\"@id\":\"https:\/\/audibax.com\/es\/#organization\",\"name\":\"Audibax\",\"url\":\"https:\/\/audibax.com\/es\/\",\"logo\":{\"@type\":\"ImageObject\",\"inLanguage\":\"es\",\"@id\":\"https:\/\/audibax.com\/es\/#\/schema\/logo\/image\/\",\"url\":\"https:\/\/audibax.com\/wp-content\/uploads\/2023\/09\/logo-Audibax-BLANCO-SVG-1.svg\",\"contentUrl\":\"https:\/\/audibax.com\/wp-content\/uploads\/2023\/09\/logo-Audibax-BLANCO-SVG-1.svg\",\"caption\":\"Audibax\"},\"image\":{\"@id\":\"https:\/\/audibax.com\/es\/#\/schema\/logo\/image\/\"}}]}<\/script>\n<!-- \/ Yoast SEO plugin. -->","yoast_head_json":{"title":"RH5 - Audibax","robots":{"index":"index","follow":"follow","max-snippet":"max-snippet:-1","max-image-preview":"max-image-preview:large","max-video-preview":"max-video-preview:-1"},"canonical":"https:\/\/audibax.com\/es\/producto\/rh5-black-2\/","og_locale":"es_ES","og_type":"article","og_title":"RH5 - Audibax","og_description":"Auriculares tipo Cerrado  Ideal para\u00a0 Estudio\/ Teclados \/ Pianos \/ Monitoraje \/ Baterias Electronicas  Calidad Excepcional  Plegable","og_url":"https:\/\/audibax.com\/es\/producto\/rh5-black-2\/","og_site_name":"Audibax","article_modified_time":"2024-03-05T12:38:16+00:00","og_image":[{"width":3000,"height":2169,"url":"https:\/\/audibax.com\/wp-content\/uploads\/2023\/12\/audibaxRH5-auricular.png","type":"image\/png"}],"twitter_card":"summary_large_image","twitter_misc":{"Tiempo de lectura":"2 minutos"},"schema":{"@context":"https:\/\/schema.org","@graph":[{"@type":"WebPage","@id":"https:\/\/audibax.com\/es\/producto\/rh5-black-2\/","url":"https:\/\/audibax.com\/es\/producto\/rh5-black-2\/","name":"RH5 - Audibax","isPartOf":{"@id":"https:\/\/audibax.com\/es\/#website"},"primaryImageOfPage":{"@id":"https:\/\/audibax.com\/es\/producto\/rh5-black-2\/#primaryimage"},"image":{"@id":"https:\/\/audibax.com\/es\/producto\/rh5-black-2\/#primaryimage"},"thumbnailUrl":"https:\/\/audibax.com\/wp-content\/uploads\/2023\/12\/audibaxRH5-auricular.png","datePublished":"2023-12-11T12:31:18+00:00","dateModified":"2024-03-05T12:38:16+00:00","breadcrumb":{"@id":"https:\/\/audibax.com\/es\/producto\/rh5-black-2\/#breadcrumb"},"inLanguage":"es","potentialAction":[{"@type":"ReadAction","target":["https:\/\/audibax.com\/es\/producto\/rh5-black-2\/"]}]},{"@type":"ImageObject","inLanguage":"es","@id":"https:\/\/audibax.com\/es\/producto\/rh5-black-2\/#primaryimage","url":"https:\/\/audibax.com\/wp-content\/uploads\/2023\/12\/audibaxRH5-auricular.png","contentUrl":"https:\/\/audibax.com\/wp-content\/uploads\/2023\/12\/audibaxRH5-auricular.png","width":3000,"height":2169},{"@type":"BreadcrumbList","@id":"https:\/\/audibax.com\/es\/producto\/rh5-black-2\/#breadcrumb","itemListElement":[{"@type":"ListItem","position":1,"name":"Portada","item":"https:\/\/audibax.com\/es\/"},{"@type":"ListItem","position":2,"name":"Productos","item":"https:\/\/audibax.com\/es\/shop\/"},{"@type":"ListItem","position":3,"name":"RH5"}]},{"@type":"WebSite","@id":"https:\/\/audibax.com\/es\/#website","url":"https:\/\/audibax.com\/es\/","name":"Audibax","description":"","publisher":{"@id":"https:\/\/audibax.com\/es\/#organization"},"potentialAction":[{"@type":"SearchAction","target":{"@type":"EntryPoint","urlTemplate":"https:\/\/audibax.com\/es\/?s={search_term_string}"},"query-input":{"@type":"PropertyValueSpecification","valueRequired":true,"valueName":"search_term_string"}}],"inLanguage":"es"},{"@type":"Organization","@id":"https:\/\/audibax.com\/es\/#organization","name":"Audibax","url":"https:\/\/audibax.com\/es\/","logo":{"@type":"ImageObject","inLanguage":"es","@id":"https:\/\/audibax.com\/es\/#\/schema\/logo\/image\/","url":"https:\/\/audibax.com\/wp-content\/uploads\/2023\/09\/logo-Audibax-BLANCO-SVG-1.svg","contentUrl":"https:\/\/audibax.com\/wp-content\/uploads\/2023\/09\/logo-Audibax-BLANCO-SVG-1.svg","caption":"Audibax"},"image":{"@id":"https:\/\/audibax.com\/es\/#\/schema\/logo\/image\/"}}]}},"_links":{"self":[{"href":"https:\/\/audibax.com\/es\/wp-json\/wp\/v2\/product\/35095","targetHints":{"allow":["GET"]}}],"collection":[{"href":"https:\/\/audibax.com\/es\/wp-json\/wp\/v2\/product"}],"about":[{"href":"https:\/\/audibax.com\/es\/wp-json\/wp\/v2\/types\/product"}],"replies":[{"embeddable":true,"href":"https:\/\/audibax.com\/es\/wp-json\/wp\/v2\/comments?post=35095"}],"wp:featuredmedia":[{"embeddable":true,"href":"https:\/\/audibax.com\/es\/wp-json\/wp\/v2\/media\/17606"}],"wp:attachment":[{"href":"https:\/\/audibax.com\/es\/wp-json\/wp\/v2\/media?parent=35095"}],"wp:term":[{"taxonomy":"product_cat","embeddable":true,"href":"https:\/\/audibax.com\/es\/wp-json\/wp\/v2\/product_cat?post=35095"},{"taxonomy":"product_tag","embeddable":true,"href":"https:\/\/audibax.com\/es\/wp-json\/wp\/v2\/product_tag?post=35095"}],"curies":[{"name":"wp","href":"https:\/\/api.w.org\/{rel}","templated":true}]}}