{"id":35090,"date":"2023-12-11T13:31:04","date_gmt":"2023-12-11T12:31:04","guid":{"rendered":"https:\/\/audibax.com\/product\/onyx-bag-88-black-2\/"},"modified":"2024-03-05T13:35:59","modified_gmt":"2024-03-05T12:35:59","slug":"onyx-bag-88-black-2","status":"publish","type":"product","link":"https:\/\/audibax.com\/es\/producto\/onyx-bag-88-black-2\/","title":{"rendered":"Onyx Bag 88"},"content":{"rendered":"<p>La\u00a0<strong>Onyx Bag 88 de Audibax<\/strong>\u00a0es una funda protectora para teclados de 88 teclas que se adapta a la mayor\u00eda de las marcas. Con su dise\u00f1o fresco y est\u00e9tico, protege tu teclado de cualquier da\u00f1o durante el transporte ya que est\u00e1 dise\u00f1ada para evitar que el polvo y la humedad lleguen al instrumento, y es una funda resistente al agua. Su limpieza es f\u00e1cil y sencilla ya que puede limpiarse utilizando \u00fanicamente un pa\u00f1o h\u00famedo.<\/p>\n<p>La funda Onyx Bag 88 incluye dos bolsillos exteriores (uno con cremallera y otro con velcro) para guardar libros, bol\u00edgrafos, fuentes de alimentaci\u00f3n, bater\u00edas de repuesto, cables, placas de pedales, etc. Adem\u00e1s, la apertura est\u00e1 formada por dos cremalleras de metal resistentes para un mejor acceso al piano.<\/p>\n<p>Se trata de una funda pr\u00e1ctica, muy espaciosa y port\u00e1til, siendo su transporte sencillo ya que cuenta con dos correas de asa fuertes y c\u00f3modas, haciendo que puedas llevar tu teclado en cualquier momento y a cualquier lugar donde vayas. Adem\u00e1s, tiene una instalaci\u00f3n muy f\u00e1cil y r\u00e1pida, pudi\u00e9ndose plegar y almacenar cuando no est\u00e9 en uso.<\/p>\n<p>Con la Onyx Bag 88 de Audibax mant\u00e9n tu teclado limpio y seguro de polvo, suciedad o cualquier da\u00f1o o rasgu\u00f1o y disfruta de una prolongada vida \u00fatil de tu instrumento.<\/p>\n<h3>Especificaciones<\/h3>\n<ul>\n<li>Color : Negro<\/li>\n<li>Material : Poli\u00e9ster<\/li>\n<li>Acolchado: 5mm<\/li>\n<li>Dimensiones :\n<ul style=\"list-style-type: disc;\">\n<li>Alto : 33cm<\/li>\n<li>Ancho : 136cm<\/li>\n<li>Profundo : 16cm<\/li>\n<\/ul>\n<\/li>\n<li>Resistente al agua<\/li>\n<\/ul>\n","protected":false},"excerpt":{"rendered":"<ul>\n<li>Funda para teclados de 88 teclas<\/li>\n<li>Color : Negro<\/li>\n<li>Material : Poli\u00e9ster<\/li>\n<li>Resistente al agua<\/li>\n<\/ul>\n","protected":false},"featured_media":16676,"comment_status":"open","ping_status":"closed","template":"","meta":{"_acf_changed":false},"product_cat":[338],"product_tag":[],"class_list":{"0":"post-35090","1":"product","2":"type-product","3":"status-publish","4":"has-post-thumbnail","6":"product_cat-fundas-para-teclado","8":"first","9":"instock","10":"shipping-taxable","11":"product-type-simple"},"acf":[],"yoast_head":"<!-- This site is optimized with the Yoast SEO plugin v27.0 - https:\/\/yoast.com\/product\/yoast-seo-wordpress\/ -->\n<title>Onyx Bag 88 - Audibax<\/title>\n<meta name=\"robots\" content=\"index, follow, max-snippet:-1, max-image-preview:large, max-video-preview:-1\" \/>\n<link rel=\"canonical\" href=\"https:\/\/audibax.com\/es\/producto\/onyx-bag-88-black-2\/\" \/>\n<meta property=\"og:locale\" content=\"es_ES\" \/>\n<meta property=\"og:type\" content=\"article\" \/>\n<meta property=\"og:title\" content=\"Onyx Bag 88 - Audibax\" \/>\n<meta property=\"og:description\" content=\"Funda para teclados de 88 teclas  Color : Negro  Material : Poli\u00e9ster  Resistente al agua\" \/>\n<meta property=\"og:url\" content=\"https:\/\/audibax.com\/es\/producto\/onyx-bag-88-black-2\/\" \/>\n<meta property=\"og:site_name\" content=\"Audibax\" \/>\n<meta property=\"article:modified_time\" content=\"2024-03-05T12:35:59+00:00\" \/>\n<meta property=\"og:image\" content=\"https:\/\/audibax.com\/wp-content\/uploads\/2023\/12\/audibax_Onyx_Bag_88_funda_teclado_asas.jpg\" \/>\n\t<meta property=\"og:image:width\" content=\"1500\" \/>\n\t<meta property=\"og:image:height\" content=\"863\" \/>\n\t<meta property=\"og:image:type\" content=\"image\/jpeg\" \/>\n<meta name=\"twitter:card\" content=\"summary_large_image\" \/>\n<meta name=\"twitter:label1\" content=\"Tiempo de lectura\" \/>\n\t<meta name=\"twitter:data1\" content=\"2 minutos\" \/>\n<script type=\"application\/ld+json\" class=\"yoast-schema-graph\">{\"@context\":\"https:\/\/schema.org\",\"@graph\":[{\"@type\":\"WebPage\",\"@id\":\"https:\/\/audibax.com\/es\/producto\/onyx-bag-88-black-2\/\",\"url\":\"https:\/\/audibax.com\/es\/producto\/onyx-bag-88-black-2\/\",\"name\":\"Onyx Bag 88 - Audibax\",\"isPartOf\":{\"@id\":\"https:\/\/audibax.com\/es\/#website\"},\"primaryImageOfPage\":{\"@id\":\"https:\/\/audibax.com\/es\/producto\/onyx-bag-88-black-2\/#primaryimage\"},\"image\":{\"@id\":\"https:\/\/audibax.com\/es\/producto\/onyx-bag-88-black-2\/#primaryimage\"},\"thumbnailUrl\":\"https:\/\/audibax.com\/wp-content\/uploads\/2023\/12\/audibax_Onyx_Bag_88_funda_teclado_asas.jpg\",\"datePublished\":\"2023-12-11T12:31:04+00:00\",\"dateModified\":\"2024-03-05T12:35:59+00:00\",\"breadcrumb\":{\"@id\":\"https:\/\/audibax.com\/es\/producto\/onyx-bag-88-black-2\/#breadcrumb\"},\"inLanguage\":\"es\",\"potentialAction\":[{\"@type\":\"ReadAction\",\"target\":[\"https:\/\/audibax.com\/es\/producto\/onyx-bag-88-black-2\/\"]}]},{\"@type\":\"ImageObject\",\"inLanguage\":\"es\",\"@id\":\"https:\/\/audibax.com\/es\/producto\/onyx-bag-88-black-2\/#primaryimage\",\"url\":\"https:\/\/audibax.com\/wp-content\/uploads\/2023\/12\/audibax_Onyx_Bag_88_funda_teclado_asas.jpg\",\"contentUrl\":\"https:\/\/audibax.com\/wp-content\/uploads\/2023\/12\/audibax_Onyx_Bag_88_funda_teclado_asas.jpg\",\"width\":1500,\"height\":863},{\"@type\":\"BreadcrumbList\",\"@id\":\"https:\/\/audibax.com\/es\/producto\/onyx-bag-88-black-2\/#breadcrumb\",\"itemListElement\":[{\"@type\":\"ListItem\",\"position\":1,\"name\":\"Portada\",\"item\":\"https:\/\/audibax.com\/es\/\"},{\"@type\":\"ListItem\",\"position\":2,\"name\":\"Productos\",\"item\":\"https:\/\/audibax.com\/es\/shop\/\"},{\"@type\":\"ListItem\",\"position\":3,\"name\":\"Onyx Bag 88\"}]},{\"@type\":\"WebSite\",\"@id\":\"https:\/\/audibax.com\/es\/#website\",\"url\":\"https:\/\/audibax.com\/es\/\",\"name\":\"Audibax\",\"description\":\"\",\"publisher\":{\"@id\":\"https:\/\/audibax.com\/es\/#organization\"},\"potentialAction\":[{\"@type\":\"SearchAction\",\"target\":{\"@type\":\"EntryPoint\",\"urlTemplate\":\"https:\/\/audibax.com\/es\/?s={search_term_string}\"},\"query-input\":{\"@type\":\"PropertyValueSpecification\",\"valueRequired\":true,\"valueName\":\"search_term_string\"}}],\"inLanguage\":\"es\"},{\"@type\":\"Organization\",\"@id\":\"https:\/\/audibax.com\/es\/#organization\",\"name\":\"Audibax\",\"url\":\"https:\/\/audibax.com\/es\/\",\"logo\":{\"@type\":\"ImageObject\",\"inLanguage\":\"es\",\"@id\":\"https:\/\/audibax.com\/es\/#\/schema\/logo\/image\/\",\"url\":\"https:\/\/audibax.com\/wp-content\/uploads\/2023\/09\/logo-Audibax-BLANCO-SVG-1.svg\",\"contentUrl\":\"https:\/\/audibax.com\/wp-content\/uploads\/2023\/09\/logo-Audibax-BLANCO-SVG-1.svg\",\"caption\":\"Audibax\"},\"image\":{\"@id\":\"https:\/\/audibax.com\/es\/#\/schema\/logo\/image\/\"}}]}<\/script>\n<!-- \/ Yoast SEO plugin. -->","yoast_head_json":{"title":"Onyx Bag 88 - Audibax","robots":{"index":"index","follow":"follow","max-snippet":"max-snippet:-1","max-image-preview":"max-image-preview:large","max-video-preview":"max-video-preview:-1"},"canonical":"https:\/\/audibax.com\/es\/producto\/onyx-bag-88-black-2\/","og_locale":"es_ES","og_type":"article","og_title":"Onyx Bag 88 - Audibax","og_description":"Funda para teclados de 88 teclas  Color : Negro  Material : Poli\u00e9ster  Resistente al agua","og_url":"https:\/\/audibax.com\/es\/producto\/onyx-bag-88-black-2\/","og_site_name":"Audibax","article_modified_time":"2024-03-05T12:35:59+00:00","og_image":[{"width":1500,"height":863,"url":"https:\/\/audibax.com\/wp-content\/uploads\/2023\/12\/audibax_Onyx_Bag_88_funda_teclado_asas.jpg","type":"image\/jpeg"}],"twitter_card":"summary_large_image","twitter_misc":{"Tiempo de lectura":"2 minutos"},"schema":{"@context":"https:\/\/schema.org","@graph":[{"@type":"WebPage","@id":"https:\/\/audibax.com\/es\/producto\/onyx-bag-88-black-2\/","url":"https:\/\/audibax.com\/es\/producto\/onyx-bag-88-black-2\/","name":"Onyx Bag 88 - Audibax","isPartOf":{"@id":"https:\/\/audibax.com\/es\/#website"},"primaryImageOfPage":{"@id":"https:\/\/audibax.com\/es\/producto\/onyx-bag-88-black-2\/#primaryimage"},"image":{"@id":"https:\/\/audibax.com\/es\/producto\/onyx-bag-88-black-2\/#primaryimage"},"thumbnailUrl":"https:\/\/audibax.com\/wp-content\/uploads\/2023\/12\/audibax_Onyx_Bag_88_funda_teclado_asas.jpg","datePublished":"2023-12-11T12:31:04+00:00","dateModified":"2024-03-05T12:35:59+00:00","breadcrumb":{"@id":"https:\/\/audibax.com\/es\/producto\/onyx-bag-88-black-2\/#breadcrumb"},"inLanguage":"es","potentialAction":[{"@type":"ReadAction","target":["https:\/\/audibax.com\/es\/producto\/onyx-bag-88-black-2\/"]}]},{"@type":"ImageObject","inLanguage":"es","@id":"https:\/\/audibax.com\/es\/producto\/onyx-bag-88-black-2\/#primaryimage","url":"https:\/\/audibax.com\/wp-content\/uploads\/2023\/12\/audibax_Onyx_Bag_88_funda_teclado_asas.jpg","contentUrl":"https:\/\/audibax.com\/wp-content\/uploads\/2023\/12\/audibax_Onyx_Bag_88_funda_teclado_asas.jpg","width":1500,"height":863},{"@type":"BreadcrumbList","@id":"https:\/\/audibax.com\/es\/producto\/onyx-bag-88-black-2\/#breadcrumb","itemListElement":[{"@type":"ListItem","position":1,"name":"Portada","item":"https:\/\/audibax.com\/es\/"},{"@type":"ListItem","position":2,"name":"Productos","item":"https:\/\/audibax.com\/es\/shop\/"},{"@type":"ListItem","position":3,"name":"Onyx Bag 88"}]},{"@type":"WebSite","@id":"https:\/\/audibax.com\/es\/#website","url":"https:\/\/audibax.com\/es\/","name":"Audibax","description":"","publisher":{"@id":"https:\/\/audibax.com\/es\/#organization"},"potentialAction":[{"@type":"SearchAction","target":{"@type":"EntryPoint","urlTemplate":"https:\/\/audibax.com\/es\/?s={search_term_string}"},"query-input":{"@type":"PropertyValueSpecification","valueRequired":true,"valueName":"search_term_string"}}],"inLanguage":"es"},{"@type":"Organization","@id":"https:\/\/audibax.com\/es\/#organization","name":"Audibax","url":"https:\/\/audibax.com\/es\/","logo":{"@type":"ImageObject","inLanguage":"es","@id":"https:\/\/audibax.com\/es\/#\/schema\/logo\/image\/","url":"https:\/\/audibax.com\/wp-content\/uploads\/2023\/09\/logo-Audibax-BLANCO-SVG-1.svg","contentUrl":"https:\/\/audibax.com\/wp-content\/uploads\/2023\/09\/logo-Audibax-BLANCO-SVG-1.svg","caption":"Audibax"},"image":{"@id":"https:\/\/audibax.com\/es\/#\/schema\/logo\/image\/"}}]}},"_links":{"self":[{"href":"https:\/\/audibax.com\/es\/wp-json\/wp\/v2\/product\/35090","targetHints":{"allow":["GET"]}}],"collection":[{"href":"https:\/\/audibax.com\/es\/wp-json\/wp\/v2\/product"}],"about":[{"href":"https:\/\/audibax.com\/es\/wp-json\/wp\/v2\/types\/product"}],"replies":[{"embeddable":true,"href":"https:\/\/audibax.com\/es\/wp-json\/wp\/v2\/comments?post=35090"}],"wp:featuredmedia":[{"embeddable":true,"href":"https:\/\/audibax.com\/es\/wp-json\/wp\/v2\/media\/16676"}],"wp:attachment":[{"href":"https:\/\/audibax.com\/es\/wp-json\/wp\/v2\/media?parent=35090"}],"wp:term":[{"taxonomy":"product_cat","embeddable":true,"href":"https:\/\/audibax.com\/es\/wp-json\/wp\/v2\/product_cat?post=35090"},{"taxonomy":"product_tag","embeddable":true,"href":"https:\/\/audibax.com\/es\/wp-json\/wp\/v2\/product_tag?post=35090"}],"curies":[{"name":"wp","href":"https:\/\/api.w.org\/{rel}","templated":true}]}}