{"id":35088,"date":"2023-12-11T13:30:54","date_gmt":"2023-12-11T12:30:54","guid":{"rendered":"https:\/\/audibax.com\/product\/onyx-bag-88-plus-black-2\/"},"modified":"2024-03-05T13:36:04","modified_gmt":"2024-03-05T12:36:04","slug":"onyx-bag-88-plus-black-2","status":"publish","type":"product","link":"https:\/\/audibax.com\/es\/producto\/onyx-bag-88-plus-black-2\/","title":{"rendered":"Onyx Bag 88 Plus"},"content":{"rendered":"<p><strong>Audibax Onyx Bag 88 Plus\u00a0Funda para Teclados \/ Pianos 88 Teclas<\/strong><\/p>\n<p><strong>Audibax Onyx 88 Plus<\/strong> es una funda de teclado muy ligera, duradera y de tejido impermeable\u00a0que se adapta a la mayor\u00eda de las marcas. Cuenta con un dise\u00f1o\u00a0sencillo y elegante en color negro. Tiene un acolchado interior de 5mm para que tu teclado siempre est\u00e9 protegido evitando as\u00ed posibles ara\u00f1azos o rozaduras a la hora de transportarlo. Adem\u00e1s, cuenta con tejido resistente al agua con el objetivo de que est\u00e9 libre de polvo, suciedad y humedad, \u00a1disfruta de una prolongada vida \u00fatil de tu instrumento!.<\/p>\n<p>Esta funda es realmente pr\u00e1ctica y espaciosa. Ha sido dise\u00f1ada pensando tambi\u00e9n en los accesorios que necesitas llevar contigo cuando trasladas tu teclado. Por ello, cuenta con un bolsillo exterior con cremallera para que puedas llevar todo lo necesario a tus actuaciones o clases en un \u00fanico lugar.<\/p>\n<p>Sus dos asas llevan un refuerzo acolchado para proporcionar m\u00e1s comodidad a la hora de transportarlo. Adicionalmente esta funda est\u00e1 dotada tambi\u00e9n de una correa de hombro extra\u00edble para facilitar el traslado de tu instrumento en distancias largas.<\/p>\n<p>Audibax Onyx 88 Plus es perfecta tanto para principiantes, estudiantes y para m\u00fasicos profesionales que buscan mantener protegido su teclado y su objetivo sea la comodidad a la hora de transportarlo a cualquier parte.<\/p>\n<h3>Caracter\u00edsticas Audibax Onyx Bag 88 Plus:<\/h3>\n<ul>\n<li>Funda para teclados de 88 teclas<\/li>\n<li>Color: Negro<\/li>\n<li>Material: Tejido<\/li>\n<li>Resistente al agua<\/li>\n<li>Dos asas de mano con refuerzo acolchado<\/li>\n<li>Un asa de hombro extra\u00edble<\/li>\n<li>Compartimento exterior para guardar accesorios<\/li>\n<li>Dimensiones:\n<ul style=\"list-style-type: disc;\">\n<li>Alto: 41cm<\/li>\n<li>Ancho: 147cm<\/li>\n<li>Profundo: 19cm<\/li>\n<li>Acolchado: 5mm<\/li>\n<\/ul>\n<\/li>\n<\/ul>\n","protected":false},"excerpt":{"rendered":"<ul>\n<li>Funda para teclados de 88 teclas<\/li>\n<li>Color: Negro<\/li>\n<li>Material: Tejido<\/li>\n<li>Resistente al agua<\/li>\n<li>Dos asas de mano con refuerzo acolchado<\/li>\n<li>Un asa de hombro extra\u00edble<\/li>\n<li>Compartimento exterior para guardar accesorios<\/li>\n<\/ul>\n","protected":false},"featured_media":16679,"comment_status":"open","ping_status":"closed","template":"","meta":{"_acf_changed":false},"product_cat":[338],"product_tag":[],"class_list":{"0":"post-35088","1":"product","2":"type-product","3":"status-publish","4":"has-post-thumbnail","6":"product_cat-fundas-para-teclado","8":"first","9":"instock","10":"shipping-taxable","11":"product-type-simple"},"acf":[],"yoast_head":"<!-- This site is optimized with the Yoast SEO plugin v27.0 - https:\/\/yoast.com\/product\/yoast-seo-wordpress\/ -->\n<title>Onyx Bag 88 Plus - Audibax<\/title>\n<meta name=\"robots\" content=\"index, follow, max-snippet:-1, max-image-preview:large, max-video-preview:-1\" \/>\n<link rel=\"canonical\" href=\"https:\/\/audibax.com\/es\/producto\/onyx-bag-88-plus-black-2\/\" \/>\n<meta property=\"og:locale\" content=\"es_ES\" \/>\n<meta property=\"og:type\" content=\"article\" \/>\n<meta property=\"og:title\" content=\"Onyx Bag 88 Plus - Audibax\" \/>\n<meta property=\"og:description\" content=\"Funda para teclados de 88 teclas  Color: Negro  Material: Tejido  Resistente al agua  Dos asas de mano con refuerzo acolchado  Un asa de hombro extra\u00edble  Compartimento exterior para guardar accesorios\" \/>\n<meta property=\"og:url\" content=\"https:\/\/audibax.com\/es\/producto\/onyx-bag-88-plus-black-2\/\" \/>\n<meta property=\"og:site_name\" content=\"Audibax\" \/>\n<meta property=\"article:modified_time\" content=\"2024-03-05T12:36:04+00:00\" \/>\n<meta property=\"og:image\" content=\"https:\/\/audibax.com\/wp-content\/uploads\/2023\/12\/audibax_Onyx_Bag_88_Plus_funda_teclado_88teclas_profesional.jpg\" \/>\n\t<meta property=\"og:image:width\" content=\"1500\" \/>\n\t<meta property=\"og:image:height\" content=\"846\" \/>\n\t<meta property=\"og:image:type\" content=\"image\/jpeg\" \/>\n<meta name=\"twitter:card\" content=\"summary_large_image\" \/>\n<meta name=\"twitter:label1\" content=\"Tiempo de lectura\" \/>\n\t<meta name=\"twitter:data1\" content=\"2 minutos\" \/>\n<script type=\"application\/ld+json\" class=\"yoast-schema-graph\">{\"@context\":\"https:\/\/schema.org\",\"@graph\":[{\"@type\":\"WebPage\",\"@id\":\"https:\/\/audibax.com\/es\/producto\/onyx-bag-88-plus-black-2\/\",\"url\":\"https:\/\/audibax.com\/es\/producto\/onyx-bag-88-plus-black-2\/\",\"name\":\"Onyx Bag 88 Plus - Audibax\",\"isPartOf\":{\"@id\":\"https:\/\/audibax.com\/es\/#website\"},\"primaryImageOfPage\":{\"@id\":\"https:\/\/audibax.com\/es\/producto\/onyx-bag-88-plus-black-2\/#primaryimage\"},\"image\":{\"@id\":\"https:\/\/audibax.com\/es\/producto\/onyx-bag-88-plus-black-2\/#primaryimage\"},\"thumbnailUrl\":\"https:\/\/audibax.com\/wp-content\/uploads\/2023\/12\/audibax_Onyx_Bag_88_Plus_funda_teclado_88teclas_profesional.jpg\",\"datePublished\":\"2023-12-11T12:30:54+00:00\",\"dateModified\":\"2024-03-05T12:36:04+00:00\",\"breadcrumb\":{\"@id\":\"https:\/\/audibax.com\/es\/producto\/onyx-bag-88-plus-black-2\/#breadcrumb\"},\"inLanguage\":\"es\",\"potentialAction\":[{\"@type\":\"ReadAction\",\"target\":[\"https:\/\/audibax.com\/es\/producto\/onyx-bag-88-plus-black-2\/\"]}]},{\"@type\":\"ImageObject\",\"inLanguage\":\"es\",\"@id\":\"https:\/\/audibax.com\/es\/producto\/onyx-bag-88-plus-black-2\/#primaryimage\",\"url\":\"https:\/\/audibax.com\/wp-content\/uploads\/2023\/12\/audibax_Onyx_Bag_88_Plus_funda_teclado_88teclas_profesional.jpg\",\"contentUrl\":\"https:\/\/audibax.com\/wp-content\/uploads\/2023\/12\/audibax_Onyx_Bag_88_Plus_funda_teclado_88teclas_profesional.jpg\",\"width\":1500,\"height\":846},{\"@type\":\"BreadcrumbList\",\"@id\":\"https:\/\/audibax.com\/es\/producto\/onyx-bag-88-plus-black-2\/#breadcrumb\",\"itemListElement\":[{\"@type\":\"ListItem\",\"position\":1,\"name\":\"Portada\",\"item\":\"https:\/\/audibax.com\/es\/\"},{\"@type\":\"ListItem\",\"position\":2,\"name\":\"Productos\",\"item\":\"https:\/\/audibax.com\/es\/shop\/\"},{\"@type\":\"ListItem\",\"position\":3,\"name\":\"Onyx Bag 88 Plus\"}]},{\"@type\":\"WebSite\",\"@id\":\"https:\/\/audibax.com\/es\/#website\",\"url\":\"https:\/\/audibax.com\/es\/\",\"name\":\"Audibax\",\"description\":\"\",\"publisher\":{\"@id\":\"https:\/\/audibax.com\/es\/#organization\"},\"potentialAction\":[{\"@type\":\"SearchAction\",\"target\":{\"@type\":\"EntryPoint\",\"urlTemplate\":\"https:\/\/audibax.com\/es\/?s={search_term_string}\"},\"query-input\":{\"@type\":\"PropertyValueSpecification\",\"valueRequired\":true,\"valueName\":\"search_term_string\"}}],\"inLanguage\":\"es\"},{\"@type\":\"Organization\",\"@id\":\"https:\/\/audibax.com\/es\/#organization\",\"name\":\"Audibax\",\"url\":\"https:\/\/audibax.com\/es\/\",\"logo\":{\"@type\":\"ImageObject\",\"inLanguage\":\"es\",\"@id\":\"https:\/\/audibax.com\/es\/#\/schema\/logo\/image\/\",\"url\":\"https:\/\/audibax.com\/wp-content\/uploads\/2023\/09\/logo-Audibax-BLANCO-SVG-1.svg\",\"contentUrl\":\"https:\/\/audibax.com\/wp-content\/uploads\/2023\/09\/logo-Audibax-BLANCO-SVG-1.svg\",\"caption\":\"Audibax\"},\"image\":{\"@id\":\"https:\/\/audibax.com\/es\/#\/schema\/logo\/image\/\"}}]}<\/script>\n<!-- \/ Yoast SEO plugin. -->","yoast_head_json":{"title":"Onyx Bag 88 Plus - Audibax","robots":{"index":"index","follow":"follow","max-snippet":"max-snippet:-1","max-image-preview":"max-image-preview:large","max-video-preview":"max-video-preview:-1"},"canonical":"https:\/\/audibax.com\/es\/producto\/onyx-bag-88-plus-black-2\/","og_locale":"es_ES","og_type":"article","og_title":"Onyx Bag 88 Plus - Audibax","og_description":"Funda para teclados de 88 teclas  Color: Negro  Material: Tejido  Resistente al agua  Dos asas de mano con refuerzo acolchado  Un asa de hombro extra\u00edble  Compartimento exterior para guardar accesorios","og_url":"https:\/\/audibax.com\/es\/producto\/onyx-bag-88-plus-black-2\/","og_site_name":"Audibax","article_modified_time":"2024-03-05T12:36:04+00:00","og_image":[{"width":1500,"height":846,"url":"https:\/\/audibax.com\/wp-content\/uploads\/2023\/12\/audibax_Onyx_Bag_88_Plus_funda_teclado_88teclas_profesional.jpg","type":"image\/jpeg"}],"twitter_card":"summary_large_image","twitter_misc":{"Tiempo de lectura":"2 minutos"},"schema":{"@context":"https:\/\/schema.org","@graph":[{"@type":"WebPage","@id":"https:\/\/audibax.com\/es\/producto\/onyx-bag-88-plus-black-2\/","url":"https:\/\/audibax.com\/es\/producto\/onyx-bag-88-plus-black-2\/","name":"Onyx Bag 88 Plus - Audibax","isPartOf":{"@id":"https:\/\/audibax.com\/es\/#website"},"primaryImageOfPage":{"@id":"https:\/\/audibax.com\/es\/producto\/onyx-bag-88-plus-black-2\/#primaryimage"},"image":{"@id":"https:\/\/audibax.com\/es\/producto\/onyx-bag-88-plus-black-2\/#primaryimage"},"thumbnailUrl":"https:\/\/audibax.com\/wp-content\/uploads\/2023\/12\/audibax_Onyx_Bag_88_Plus_funda_teclado_88teclas_profesional.jpg","datePublished":"2023-12-11T12:30:54+00:00","dateModified":"2024-03-05T12:36:04+00:00","breadcrumb":{"@id":"https:\/\/audibax.com\/es\/producto\/onyx-bag-88-plus-black-2\/#breadcrumb"},"inLanguage":"es","potentialAction":[{"@type":"ReadAction","target":["https:\/\/audibax.com\/es\/producto\/onyx-bag-88-plus-black-2\/"]}]},{"@type":"ImageObject","inLanguage":"es","@id":"https:\/\/audibax.com\/es\/producto\/onyx-bag-88-plus-black-2\/#primaryimage","url":"https:\/\/audibax.com\/wp-content\/uploads\/2023\/12\/audibax_Onyx_Bag_88_Plus_funda_teclado_88teclas_profesional.jpg","contentUrl":"https:\/\/audibax.com\/wp-content\/uploads\/2023\/12\/audibax_Onyx_Bag_88_Plus_funda_teclado_88teclas_profesional.jpg","width":1500,"height":846},{"@type":"BreadcrumbList","@id":"https:\/\/audibax.com\/es\/producto\/onyx-bag-88-plus-black-2\/#breadcrumb","itemListElement":[{"@type":"ListItem","position":1,"name":"Portada","item":"https:\/\/audibax.com\/es\/"},{"@type":"ListItem","position":2,"name":"Productos","item":"https:\/\/audibax.com\/es\/shop\/"},{"@type":"ListItem","position":3,"name":"Onyx Bag 88 Plus"}]},{"@type":"WebSite","@id":"https:\/\/audibax.com\/es\/#website","url":"https:\/\/audibax.com\/es\/","name":"Audibax","description":"","publisher":{"@id":"https:\/\/audibax.com\/es\/#organization"},"potentialAction":[{"@type":"SearchAction","target":{"@type":"EntryPoint","urlTemplate":"https:\/\/audibax.com\/es\/?s={search_term_string}"},"query-input":{"@type":"PropertyValueSpecification","valueRequired":true,"valueName":"search_term_string"}}],"inLanguage":"es"},{"@type":"Organization","@id":"https:\/\/audibax.com\/es\/#organization","name":"Audibax","url":"https:\/\/audibax.com\/es\/","logo":{"@type":"ImageObject","inLanguage":"es","@id":"https:\/\/audibax.com\/es\/#\/schema\/logo\/image\/","url":"https:\/\/audibax.com\/wp-content\/uploads\/2023\/09\/logo-Audibax-BLANCO-SVG-1.svg","contentUrl":"https:\/\/audibax.com\/wp-content\/uploads\/2023\/09\/logo-Audibax-BLANCO-SVG-1.svg","caption":"Audibax"},"image":{"@id":"https:\/\/audibax.com\/es\/#\/schema\/logo\/image\/"}}]}},"_links":{"self":[{"href":"https:\/\/audibax.com\/es\/wp-json\/wp\/v2\/product\/35088","targetHints":{"allow":["GET"]}}],"collection":[{"href":"https:\/\/audibax.com\/es\/wp-json\/wp\/v2\/product"}],"about":[{"href":"https:\/\/audibax.com\/es\/wp-json\/wp\/v2\/types\/product"}],"replies":[{"embeddable":true,"href":"https:\/\/audibax.com\/es\/wp-json\/wp\/v2\/comments?post=35088"}],"wp:featuredmedia":[{"embeddable":true,"href":"https:\/\/audibax.com\/es\/wp-json\/wp\/v2\/media\/16679"}],"wp:attachment":[{"href":"https:\/\/audibax.com\/es\/wp-json\/wp\/v2\/media?parent=35088"}],"wp:term":[{"taxonomy":"product_cat","embeddable":true,"href":"https:\/\/audibax.com\/es\/wp-json\/wp\/v2\/product_cat?post=35088"},{"taxonomy":"product_tag","embeddable":true,"href":"https:\/\/audibax.com\/es\/wp-json\/wp\/v2\/product_tag?post=35088"}],"curies":[{"name":"wp","href":"https:\/\/api.w.org\/{rel}","templated":true}]}}