{"id":35084,"date":"2023-12-11T13:30:42","date_gmt":"2023-12-11T12:30:42","guid":{"rendered":"https:\/\/audibax.com\/product\/onyx-pack-single-black-2\/"},"modified":"2026-03-02T09:51:06","modified_gmt":"2026-03-02T08:51:06","slug":"onyx-pack-single-black-2","status":"publish","type":"product","link":"https:\/\/audibax.com\/es\/producto\/onyx-pack-single-black-2\/","title":{"rendered":"Onyx Pack Single"},"content":{"rendered":"<p><strong>Onyx Pack Single soporte Teclado \/ Piano + Funda Teclado 61 Teclas Audibax<\/strong><\/p>\n<p>El\u00a0<strong>Onyx Pack Single de Audibax<\/strong>\u00a0incluye el soporte para el teclado y la funda del teclado (Onyx Bag 61)<\/p>\n<p>Soporte<\/p>\n<p>Es un soporte de teclado profesional de tijera simple. Cuenta con un sistema de regulaci\u00f3n de altura y es un dise\u00f1o de doble estructura, lo que asegura una estabilidad excelente. Las tapas de goma antideslizantes que lleva en la parte inferior evitan que la base del teclado se mueva durante el funcionamiento.<\/p>\n<p>Funda<\/p>\n<p>Es una funda protectora para teclados de 61 teclas que se adapta a la mayor\u00eda de las marcas. Protege tu teclado de cualquier da\u00f1o durante el transporte ya que est\u00e1 dise\u00f1ada para evitar que el polvo y la humedad lleguen al instrumento, y \u00a0es una funda resistente al agua. Su limpieza es f\u00e1cil y sencilla ya que puede limpiarse utilizando \u00fanicamente un pa\u00f1o h\u00famedo.<\/p>\n<p>Incluye dos bolsillos exteriores (uno con cremallera y otro con velcro) y la apertura est\u00e1 formada por dos cremalleras de metal resistentes para un mejor acceso al piano. Es una funda pr\u00e1ctica, muy espaciosa y port\u00e1til, siendo su transporte sencillo ya que cuenta con dos correas de asa fuertes y c\u00f3modas. Adem\u00e1s, tiene una instalaci\u00f3n muy f\u00e1cil y r\u00e1pida, pudi\u00e9ndose plegar y almacenar cuando no est\u00e9 en uso.<\/p>\n<p>Especificaciones<\/p>\n<ul>\n<li>El pack incluye el soporte para el teclado y la funda del teclado<\/li>\n<li>Dimensiones de la funda :\n<ul>\n<li>Alto : 12cm<\/li>\n<li>Ancho : 97cm<\/li>\n<li>Profundo : 42cm<\/li>\n<\/ul>\n<\/li>\n<li>Dimensiones del soporte :\n<ul>\n<li>Base de la parte inferior (apoyo al suelo) : 40cm de largo x 3.5cm de grosor<\/li>\n<li>Base de la parte superior (apoyo el teclado) : 35.5cm de largo x 3.5cm de grosor<\/li>\n<li>Dimensiones de las patas : 94cm de largo x 3cm de ancho x 1.5cm de profundo<\/li>\n<li>Peso m\u00e1ximo soportado:35Kg<\/li>\n<\/ul>\n<\/li>\n<\/ul>\n","protected":false},"excerpt":{"rendered":"<p>El\u00a0<strong>Onyx Pack Single de Audibax<\/strong>\u00a0compuesto por:<\/p>\n<ul>\n<li>Soporte para el teclado<\/li>\n<li>Funda del teclado (Onyx Bag 61)<\/li>\n<\/ul>\n","protected":false},"featured_media":18517,"comment_status":"open","ping_status":"closed","template":"","meta":{"_acf_changed":false},"product_cat":[338],"product_tag":[],"class_list":{"0":"post-35084","1":"product","2":"type-product","3":"status-publish","4":"has-post-thumbnail","6":"product_cat-fundas-para-teclado","8":"first","9":"instock","10":"shipping-taxable","11":"product-type-simple"},"acf":[],"yoast_head":"<!-- This site is optimized with the Yoast SEO plugin v27.0 - https:\/\/yoast.com\/product\/yoast-seo-wordpress\/ -->\n<title>Onyx Pack Single - Audibax<\/title>\n<meta name=\"robots\" content=\"index, follow, max-snippet:-1, max-image-preview:large, max-video-preview:-1\" \/>\n<link rel=\"canonical\" href=\"https:\/\/audibax.com\/es\/producto\/onyx-pack-single-black-2\/\" \/>\n<meta property=\"og:locale\" content=\"es_ES\" \/>\n<meta property=\"og:type\" content=\"article\" \/>\n<meta property=\"og:title\" content=\"Onyx Pack Single - Audibax\" \/>\n<meta property=\"og:description\" content=\"El\u00a0Onyx Pack Single de Audibax\u00a0compuesto por:   Soporte para el teclado  Funda del teclado (Onyx Bag 61)\" \/>\n<meta property=\"og:url\" content=\"https:\/\/audibax.com\/es\/producto\/onyx-pack-single-black-2\/\" \/>\n<meta property=\"og:site_name\" content=\"Audibax\" \/>\n<meta property=\"article:modified_time\" content=\"2026-03-02T08:51:06+00:00\" \/>\n<meta property=\"og:image\" content=\"https:\/\/audibax.com\/wp-content\/uploads\/2023\/12\/Ony-Pack-teclado-funda-soporte.jpg\" \/>\n\t<meta property=\"og:image:width\" content=\"1000\" \/>\n\t<meta property=\"og:image:height\" content=\"500\" \/>\n\t<meta property=\"og:image:type\" content=\"image\/jpeg\" \/>\n<meta name=\"twitter:card\" content=\"summary_large_image\" \/>\n<meta name=\"twitter:label1\" content=\"Tiempo de lectura\" \/>\n\t<meta name=\"twitter:data1\" content=\"2 minutos\" \/>\n<script type=\"application\/ld+json\" class=\"yoast-schema-graph\">{\"@context\":\"https:\/\/schema.org\",\"@graph\":[{\"@type\":\"WebPage\",\"@id\":\"https:\/\/audibax.com\/es\/producto\/onyx-pack-single-black-2\/\",\"url\":\"https:\/\/audibax.com\/es\/producto\/onyx-pack-single-black-2\/\",\"name\":\"Onyx Pack Single - Audibax\",\"isPartOf\":{\"@id\":\"https:\/\/audibax.com\/es\/#website\"},\"primaryImageOfPage\":{\"@id\":\"https:\/\/audibax.com\/es\/producto\/onyx-pack-single-black-2\/#primaryimage\"},\"image\":{\"@id\":\"https:\/\/audibax.com\/es\/producto\/onyx-pack-single-black-2\/#primaryimage\"},\"thumbnailUrl\":\"https:\/\/audibax.com\/wp-content\/uploads\/2023\/12\/Ony-Pack-teclado-funda-soporte.jpg\",\"datePublished\":\"2023-12-11T12:30:42+00:00\",\"dateModified\":\"2026-03-02T08:51:06+00:00\",\"breadcrumb\":{\"@id\":\"https:\/\/audibax.com\/es\/producto\/onyx-pack-single-black-2\/#breadcrumb\"},\"inLanguage\":\"es\",\"potentialAction\":[{\"@type\":\"ReadAction\",\"target\":[\"https:\/\/audibax.com\/es\/producto\/onyx-pack-single-black-2\/\"]}]},{\"@type\":\"ImageObject\",\"inLanguage\":\"es\",\"@id\":\"https:\/\/audibax.com\/es\/producto\/onyx-pack-single-black-2\/#primaryimage\",\"url\":\"https:\/\/audibax.com\/wp-content\/uploads\/2023\/12\/Ony-Pack-teclado-funda-soporte.jpg\",\"contentUrl\":\"https:\/\/audibax.com\/wp-content\/uploads\/2023\/12\/Ony-Pack-teclado-funda-soporte.jpg\",\"width\":1000,\"height\":500},{\"@type\":\"BreadcrumbList\",\"@id\":\"https:\/\/audibax.com\/es\/producto\/onyx-pack-single-black-2\/#breadcrumb\",\"itemListElement\":[{\"@type\":\"ListItem\",\"position\":1,\"name\":\"Portada\",\"item\":\"https:\/\/audibax.com\/es\/\"},{\"@type\":\"ListItem\",\"position\":2,\"name\":\"Productos\",\"item\":\"https:\/\/audibax.com\/es\/shop\/\"},{\"@type\":\"ListItem\",\"position\":3,\"name\":\"Onyx Pack Single\"}]},{\"@type\":\"WebSite\",\"@id\":\"https:\/\/audibax.com\/es\/#website\",\"url\":\"https:\/\/audibax.com\/es\/\",\"name\":\"Audibax\",\"description\":\"\",\"publisher\":{\"@id\":\"https:\/\/audibax.com\/es\/#organization\"},\"potentialAction\":[{\"@type\":\"SearchAction\",\"target\":{\"@type\":\"EntryPoint\",\"urlTemplate\":\"https:\/\/audibax.com\/es\/?s={search_term_string}\"},\"query-input\":{\"@type\":\"PropertyValueSpecification\",\"valueRequired\":true,\"valueName\":\"search_term_string\"}}],\"inLanguage\":\"es\"},{\"@type\":\"Organization\",\"@id\":\"https:\/\/audibax.com\/es\/#organization\",\"name\":\"Audibax\",\"url\":\"https:\/\/audibax.com\/es\/\",\"logo\":{\"@type\":\"ImageObject\",\"inLanguage\":\"es\",\"@id\":\"https:\/\/audibax.com\/es\/#\/schema\/logo\/image\/\",\"url\":\"https:\/\/audibax.com\/wp-content\/uploads\/2023\/09\/logo-Audibax-BLANCO-SVG-1.svg\",\"contentUrl\":\"https:\/\/audibax.com\/wp-content\/uploads\/2023\/09\/logo-Audibax-BLANCO-SVG-1.svg\",\"caption\":\"Audibax\"},\"image\":{\"@id\":\"https:\/\/audibax.com\/es\/#\/schema\/logo\/image\/\"}}]}<\/script>\n<!-- \/ Yoast SEO plugin. -->","yoast_head_json":{"title":"Onyx Pack Single - Audibax","robots":{"index":"index","follow":"follow","max-snippet":"max-snippet:-1","max-image-preview":"max-image-preview:large","max-video-preview":"max-video-preview:-1"},"canonical":"https:\/\/audibax.com\/es\/producto\/onyx-pack-single-black-2\/","og_locale":"es_ES","og_type":"article","og_title":"Onyx Pack Single - Audibax","og_description":"El\u00a0Onyx Pack Single de Audibax\u00a0compuesto por:   Soporte para el teclado  Funda del teclado (Onyx Bag 61)","og_url":"https:\/\/audibax.com\/es\/producto\/onyx-pack-single-black-2\/","og_site_name":"Audibax","article_modified_time":"2026-03-02T08:51:06+00:00","og_image":[{"width":1000,"height":500,"url":"https:\/\/audibax.com\/wp-content\/uploads\/2023\/12\/Ony-Pack-teclado-funda-soporte.jpg","type":"image\/jpeg"}],"twitter_card":"summary_large_image","twitter_misc":{"Tiempo de lectura":"2 minutos"},"schema":{"@context":"https:\/\/schema.org","@graph":[{"@type":"WebPage","@id":"https:\/\/audibax.com\/es\/producto\/onyx-pack-single-black-2\/","url":"https:\/\/audibax.com\/es\/producto\/onyx-pack-single-black-2\/","name":"Onyx Pack Single - Audibax","isPartOf":{"@id":"https:\/\/audibax.com\/es\/#website"},"primaryImageOfPage":{"@id":"https:\/\/audibax.com\/es\/producto\/onyx-pack-single-black-2\/#primaryimage"},"image":{"@id":"https:\/\/audibax.com\/es\/producto\/onyx-pack-single-black-2\/#primaryimage"},"thumbnailUrl":"https:\/\/audibax.com\/wp-content\/uploads\/2023\/12\/Ony-Pack-teclado-funda-soporte.jpg","datePublished":"2023-12-11T12:30:42+00:00","dateModified":"2026-03-02T08:51:06+00:00","breadcrumb":{"@id":"https:\/\/audibax.com\/es\/producto\/onyx-pack-single-black-2\/#breadcrumb"},"inLanguage":"es","potentialAction":[{"@type":"ReadAction","target":["https:\/\/audibax.com\/es\/producto\/onyx-pack-single-black-2\/"]}]},{"@type":"ImageObject","inLanguage":"es","@id":"https:\/\/audibax.com\/es\/producto\/onyx-pack-single-black-2\/#primaryimage","url":"https:\/\/audibax.com\/wp-content\/uploads\/2023\/12\/Ony-Pack-teclado-funda-soporte.jpg","contentUrl":"https:\/\/audibax.com\/wp-content\/uploads\/2023\/12\/Ony-Pack-teclado-funda-soporte.jpg","width":1000,"height":500},{"@type":"BreadcrumbList","@id":"https:\/\/audibax.com\/es\/producto\/onyx-pack-single-black-2\/#breadcrumb","itemListElement":[{"@type":"ListItem","position":1,"name":"Portada","item":"https:\/\/audibax.com\/es\/"},{"@type":"ListItem","position":2,"name":"Productos","item":"https:\/\/audibax.com\/es\/shop\/"},{"@type":"ListItem","position":3,"name":"Onyx Pack Single"}]},{"@type":"WebSite","@id":"https:\/\/audibax.com\/es\/#website","url":"https:\/\/audibax.com\/es\/","name":"Audibax","description":"","publisher":{"@id":"https:\/\/audibax.com\/es\/#organization"},"potentialAction":[{"@type":"SearchAction","target":{"@type":"EntryPoint","urlTemplate":"https:\/\/audibax.com\/es\/?s={search_term_string}"},"query-input":{"@type":"PropertyValueSpecification","valueRequired":true,"valueName":"search_term_string"}}],"inLanguage":"es"},{"@type":"Organization","@id":"https:\/\/audibax.com\/es\/#organization","name":"Audibax","url":"https:\/\/audibax.com\/es\/","logo":{"@type":"ImageObject","inLanguage":"es","@id":"https:\/\/audibax.com\/es\/#\/schema\/logo\/image\/","url":"https:\/\/audibax.com\/wp-content\/uploads\/2023\/09\/logo-Audibax-BLANCO-SVG-1.svg","contentUrl":"https:\/\/audibax.com\/wp-content\/uploads\/2023\/09\/logo-Audibax-BLANCO-SVG-1.svg","caption":"Audibax"},"image":{"@id":"https:\/\/audibax.com\/es\/#\/schema\/logo\/image\/"}}]}},"_links":{"self":[{"href":"https:\/\/audibax.com\/es\/wp-json\/wp\/v2\/product\/35084","targetHints":{"allow":["GET"]}}],"collection":[{"href":"https:\/\/audibax.com\/es\/wp-json\/wp\/v2\/product"}],"about":[{"href":"https:\/\/audibax.com\/es\/wp-json\/wp\/v2\/types\/product"}],"replies":[{"embeddable":true,"href":"https:\/\/audibax.com\/es\/wp-json\/wp\/v2\/comments?post=35084"}],"wp:featuredmedia":[{"embeddable":true,"href":"https:\/\/audibax.com\/es\/wp-json\/wp\/v2\/media\/18517"}],"wp:attachment":[{"href":"https:\/\/audibax.com\/es\/wp-json\/wp\/v2\/media?parent=35084"}],"wp:term":[{"taxonomy":"product_cat","embeddable":true,"href":"https:\/\/audibax.com\/es\/wp-json\/wp\/v2\/product_cat?post=35084"},{"taxonomy":"product_tag","embeddable":true,"href":"https:\/\/audibax.com\/es\/wp-json\/wp\/v2\/product_tag?post=35084"}],"curies":[{"name":"wp","href":"https:\/\/api.w.org\/{rel}","templated":true}]}}