{"id":35082,"date":"2023-12-11T13:30:38","date_gmt":"2023-12-11T12:30:38","guid":{"rendered":"https:\/\/audibax.com\/product\/atlanta-case-40-black-2\/"},"modified":"2024-03-05T13:35:24","modified_gmt":"2024-03-05T12:35:24","slug":"atlanta-case-40-black-2","status":"publish","type":"product","link":"https:\/\/audibax.com\/es\/producto\/atlanta-case-40-black-2\/","title":{"rendered":"Atlanta Case 40"},"content":{"rendered":"<p><strong>Audibax Atlanta Case 40<\/strong> es la funda perfecta para tus delicados auriculares DJ. Dise\u00f1o robusto, fabricada en DuraShock espuma Eva moldeada, ofrece m\u00e1xima protecci\u00f3n para su transporte o para almacenarlos de forma segura de golpes, l\u00edquidos y rasgu\u00f1os. Destaca su interior de lana suave, bolsillo interior para peque\u00f1os accesorios y su asa de transporte.<\/p>\n<p>Su forma de D es compatible con la mayor\u00eda de los modelos de auriculares DJ plegables.<\/p>\n<p><strong>Caracter\u00edsticas:\u00a0<\/strong><\/p>\n<ul>\n<li>Material: DuraShock espuma EVA moldeada. Nylon 600D<\/li>\n<li>Acolchado: 5mm<\/li>\n<li>Compatibilidad: \u00a0Apto para auriculares DJ plegables como Sennheiser HD 25, Sennheiser HD 25 PLUS, Audibax RH5, Audio Technica ATH-M50X, Audio Technica ATH-M50X-BT, Audio Technica ATH-M40X, Pioneer Dj HDJ-X5K, Pioneer Dj HDJ-X5BT-W, BEHRINGER HC 200, BEHRINGER HPX4000, BEHRINGER HPX6000, Pioneer Dj HDJ-CUE1, Pioneer Dj HDJ-CUE1BT BK o similares.<\/li>\n<li>Otras caracter\u00edsticas: Bolsillo interior de malla y asa de transporte.<\/li>\n<li>Dimensiones interiores:\u00a0195 x 205 x 85 mm<\/li>\n<li>Dimensiones exteriores: 200 x 210 x 97 mm<\/li>\n<li>Color: Negro<\/li>\n<li>Peso: 0,30 kg<\/li>\n<li>Auriculares no incluidos<\/li>\n<\/ul>\n","protected":false},"excerpt":{"rendered":"<ul>\n<li>Funda para auriculares profesionales DJ plegables<\/li>\n<li>Dise\u00f1o robusto<\/li>\n<li>Color negro<\/li>\n<li>Dimensiones\u00a0interiores:\u00a0195 x 205 x 85 mm<\/li>\n<li>Dimensiones\u00a0exteriores:\u00a0200 x 210 x 97 mm<\/li>\n<li>Color: Negro<\/li>\n<\/ul>\n<p>&nbsp;<\/p>\n","protected":false},"featured_media":16490,"comment_status":"open","ping_status":"closed","template":"","meta":{"_acf_changed":false},"product_cat":[336],"product_tag":[],"class_list":{"0":"post-35082","1":"product","2":"type-product","3":"status-publish","4":"has-post-thumbnail","6":"product_cat-funda-para-auriculares","8":"first","9":"instock","10":"shipping-taxable","11":"product-type-simple"},"acf":[],"yoast_head":"<!-- This site is optimized with the Yoast SEO plugin v27.0 - https:\/\/yoast.com\/product\/yoast-seo-wordpress\/ -->\n<title>Atlanta Case 40 - Audibax<\/title>\n<meta name=\"robots\" content=\"index, follow, max-snippet:-1, max-image-preview:large, max-video-preview:-1\" \/>\n<link rel=\"canonical\" href=\"https:\/\/audibax.com\/es\/producto\/atlanta-case-40-black-2\/\" \/>\n<meta property=\"og:locale\" content=\"es_ES\" \/>\n<meta property=\"og:type\" content=\"article\" \/>\n<meta property=\"og:title\" content=\"Atlanta Case 40 - Audibax\" \/>\n<meta property=\"og:description\" content=\"Funda para auriculares profesionales DJ plegables  Dise\u00f1o robusto  Color negro  Dimensiones\u00a0interiores:\u00a0195 x 205 x 85 mm  Dimensiones\u00a0exteriores:\u00a0200 x 210 x 97 mm  Color: Negro  &nbsp;\" \/>\n<meta property=\"og:url\" content=\"https:\/\/audibax.com\/es\/producto\/atlanta-case-40-black-2\/\" \/>\n<meta property=\"og:site_name\" content=\"Audibax\" \/>\n<meta property=\"article:modified_time\" content=\"2024-03-05T12:35:24+00:00\" \/>\n<meta property=\"og:image\" content=\"https:\/\/audibax.com\/wp-content\/uploads\/2023\/12\/Atlanta-Case-40-case-headphones.jpg\" \/>\n\t<meta property=\"og:image:width\" content=\"1246\" \/>\n\t<meta property=\"og:image:height\" content=\"1500\" \/>\n\t<meta property=\"og:image:type\" content=\"image\/jpeg\" \/>\n<meta name=\"twitter:card\" content=\"summary_large_image\" \/>\n<meta name=\"twitter:label1\" content=\"Tiempo de lectura\" \/>\n\t<meta name=\"twitter:data1\" content=\"1 minuto\" \/>\n<script type=\"application\/ld+json\" class=\"yoast-schema-graph\">{\"@context\":\"https:\/\/schema.org\",\"@graph\":[{\"@type\":\"WebPage\",\"@id\":\"https:\/\/audibax.com\/es\/producto\/atlanta-case-40-black-2\/\",\"url\":\"https:\/\/audibax.com\/es\/producto\/atlanta-case-40-black-2\/\",\"name\":\"Atlanta Case 40 - Audibax\",\"isPartOf\":{\"@id\":\"https:\/\/audibax.com\/es\/#website\"},\"primaryImageOfPage\":{\"@id\":\"https:\/\/audibax.com\/es\/producto\/atlanta-case-40-black-2\/#primaryimage\"},\"image\":{\"@id\":\"https:\/\/audibax.com\/es\/producto\/atlanta-case-40-black-2\/#primaryimage\"},\"thumbnailUrl\":\"https:\/\/audibax.com\/wp-content\/uploads\/2023\/12\/Atlanta-Case-40-case-headphones.jpg\",\"datePublished\":\"2023-12-11T12:30:38+00:00\",\"dateModified\":\"2024-03-05T12:35:24+00:00\",\"breadcrumb\":{\"@id\":\"https:\/\/audibax.com\/es\/producto\/atlanta-case-40-black-2\/#breadcrumb\"},\"inLanguage\":\"es\",\"potentialAction\":[{\"@type\":\"ReadAction\",\"target\":[\"https:\/\/audibax.com\/es\/producto\/atlanta-case-40-black-2\/\"]}]},{\"@type\":\"ImageObject\",\"inLanguage\":\"es\",\"@id\":\"https:\/\/audibax.com\/es\/producto\/atlanta-case-40-black-2\/#primaryimage\",\"url\":\"https:\/\/audibax.com\/wp-content\/uploads\/2023\/12\/Atlanta-Case-40-case-headphones.jpg\",\"contentUrl\":\"https:\/\/audibax.com\/wp-content\/uploads\/2023\/12\/Atlanta-Case-40-case-headphones.jpg\",\"width\":1246,\"height\":1500},{\"@type\":\"BreadcrumbList\",\"@id\":\"https:\/\/audibax.com\/es\/producto\/atlanta-case-40-black-2\/#breadcrumb\",\"itemListElement\":[{\"@type\":\"ListItem\",\"position\":1,\"name\":\"Portada\",\"item\":\"https:\/\/audibax.com\/es\/\"},{\"@type\":\"ListItem\",\"position\":2,\"name\":\"Productos\",\"item\":\"https:\/\/audibax.com\/es\/shop\/\"},{\"@type\":\"ListItem\",\"position\":3,\"name\":\"Atlanta Case 40\"}]},{\"@type\":\"WebSite\",\"@id\":\"https:\/\/audibax.com\/es\/#website\",\"url\":\"https:\/\/audibax.com\/es\/\",\"name\":\"Audibax\",\"description\":\"\",\"publisher\":{\"@id\":\"https:\/\/audibax.com\/es\/#organization\"},\"potentialAction\":[{\"@type\":\"SearchAction\",\"target\":{\"@type\":\"EntryPoint\",\"urlTemplate\":\"https:\/\/audibax.com\/es\/?s={search_term_string}\"},\"query-input\":{\"@type\":\"PropertyValueSpecification\",\"valueRequired\":true,\"valueName\":\"search_term_string\"}}],\"inLanguage\":\"es\"},{\"@type\":\"Organization\",\"@id\":\"https:\/\/audibax.com\/es\/#organization\",\"name\":\"Audibax\",\"url\":\"https:\/\/audibax.com\/es\/\",\"logo\":{\"@type\":\"ImageObject\",\"inLanguage\":\"es\",\"@id\":\"https:\/\/audibax.com\/es\/#\/schema\/logo\/image\/\",\"url\":\"https:\/\/audibax.com\/wp-content\/uploads\/2023\/09\/logo-Audibax-BLANCO-SVG-1.svg\",\"contentUrl\":\"https:\/\/audibax.com\/wp-content\/uploads\/2023\/09\/logo-Audibax-BLANCO-SVG-1.svg\",\"caption\":\"Audibax\"},\"image\":{\"@id\":\"https:\/\/audibax.com\/es\/#\/schema\/logo\/image\/\"}}]}<\/script>\n<!-- \/ Yoast SEO plugin. -->","yoast_head_json":{"title":"Atlanta Case 40 - Audibax","robots":{"index":"index","follow":"follow","max-snippet":"max-snippet:-1","max-image-preview":"max-image-preview:large","max-video-preview":"max-video-preview:-1"},"canonical":"https:\/\/audibax.com\/es\/producto\/atlanta-case-40-black-2\/","og_locale":"es_ES","og_type":"article","og_title":"Atlanta Case 40 - Audibax","og_description":"Funda para auriculares profesionales DJ plegables  Dise\u00f1o robusto  Color negro  Dimensiones\u00a0interiores:\u00a0195 x 205 x 85 mm  Dimensiones\u00a0exteriores:\u00a0200 x 210 x 97 mm  Color: Negro  &nbsp;","og_url":"https:\/\/audibax.com\/es\/producto\/atlanta-case-40-black-2\/","og_site_name":"Audibax","article_modified_time":"2024-03-05T12:35:24+00:00","og_image":[{"width":1246,"height":1500,"url":"https:\/\/audibax.com\/wp-content\/uploads\/2023\/12\/Atlanta-Case-40-case-headphones.jpg","type":"image\/jpeg"}],"twitter_card":"summary_large_image","twitter_misc":{"Tiempo de lectura":"1 minuto"},"schema":{"@context":"https:\/\/schema.org","@graph":[{"@type":"WebPage","@id":"https:\/\/audibax.com\/es\/producto\/atlanta-case-40-black-2\/","url":"https:\/\/audibax.com\/es\/producto\/atlanta-case-40-black-2\/","name":"Atlanta Case 40 - Audibax","isPartOf":{"@id":"https:\/\/audibax.com\/es\/#website"},"primaryImageOfPage":{"@id":"https:\/\/audibax.com\/es\/producto\/atlanta-case-40-black-2\/#primaryimage"},"image":{"@id":"https:\/\/audibax.com\/es\/producto\/atlanta-case-40-black-2\/#primaryimage"},"thumbnailUrl":"https:\/\/audibax.com\/wp-content\/uploads\/2023\/12\/Atlanta-Case-40-case-headphones.jpg","datePublished":"2023-12-11T12:30:38+00:00","dateModified":"2024-03-05T12:35:24+00:00","breadcrumb":{"@id":"https:\/\/audibax.com\/es\/producto\/atlanta-case-40-black-2\/#breadcrumb"},"inLanguage":"es","potentialAction":[{"@type":"ReadAction","target":["https:\/\/audibax.com\/es\/producto\/atlanta-case-40-black-2\/"]}]},{"@type":"ImageObject","inLanguage":"es","@id":"https:\/\/audibax.com\/es\/producto\/atlanta-case-40-black-2\/#primaryimage","url":"https:\/\/audibax.com\/wp-content\/uploads\/2023\/12\/Atlanta-Case-40-case-headphones.jpg","contentUrl":"https:\/\/audibax.com\/wp-content\/uploads\/2023\/12\/Atlanta-Case-40-case-headphones.jpg","width":1246,"height":1500},{"@type":"BreadcrumbList","@id":"https:\/\/audibax.com\/es\/producto\/atlanta-case-40-black-2\/#breadcrumb","itemListElement":[{"@type":"ListItem","position":1,"name":"Portada","item":"https:\/\/audibax.com\/es\/"},{"@type":"ListItem","position":2,"name":"Productos","item":"https:\/\/audibax.com\/es\/shop\/"},{"@type":"ListItem","position":3,"name":"Atlanta Case 40"}]},{"@type":"WebSite","@id":"https:\/\/audibax.com\/es\/#website","url":"https:\/\/audibax.com\/es\/","name":"Audibax","description":"","publisher":{"@id":"https:\/\/audibax.com\/es\/#organization"},"potentialAction":[{"@type":"SearchAction","target":{"@type":"EntryPoint","urlTemplate":"https:\/\/audibax.com\/es\/?s={search_term_string}"},"query-input":{"@type":"PropertyValueSpecification","valueRequired":true,"valueName":"search_term_string"}}],"inLanguage":"es"},{"@type":"Organization","@id":"https:\/\/audibax.com\/es\/#organization","name":"Audibax","url":"https:\/\/audibax.com\/es\/","logo":{"@type":"ImageObject","inLanguage":"es","@id":"https:\/\/audibax.com\/es\/#\/schema\/logo\/image\/","url":"https:\/\/audibax.com\/wp-content\/uploads\/2023\/09\/logo-Audibax-BLANCO-SVG-1.svg","contentUrl":"https:\/\/audibax.com\/wp-content\/uploads\/2023\/09\/logo-Audibax-BLANCO-SVG-1.svg","caption":"Audibax"},"image":{"@id":"https:\/\/audibax.com\/es\/#\/schema\/logo\/image\/"}}]}},"_links":{"self":[{"href":"https:\/\/audibax.com\/es\/wp-json\/wp\/v2\/product\/35082","targetHints":{"allow":["GET"]}}],"collection":[{"href":"https:\/\/audibax.com\/es\/wp-json\/wp\/v2\/product"}],"about":[{"href":"https:\/\/audibax.com\/es\/wp-json\/wp\/v2\/types\/product"}],"replies":[{"embeddable":true,"href":"https:\/\/audibax.com\/es\/wp-json\/wp\/v2\/comments?post=35082"}],"wp:featuredmedia":[{"embeddable":true,"href":"https:\/\/audibax.com\/es\/wp-json\/wp\/v2\/media\/16490"}],"wp:attachment":[{"href":"https:\/\/audibax.com\/es\/wp-json\/wp\/v2\/media?parent=35082"}],"wp:term":[{"taxonomy":"product_cat","embeddable":true,"href":"https:\/\/audibax.com\/es\/wp-json\/wp\/v2\/product_cat?post=35082"},{"taxonomy":"product_tag","embeddable":true,"href":"https:\/\/audibax.com\/es\/wp-json\/wp\/v2\/product_tag?post=35082"}],"curies":[{"name":"wp","href":"https:\/\/api.w.org\/{rel}","templated":true}]}}