{"id":35079,"date":"2023-12-11T13:30:23","date_gmt":"2023-12-11T12:30:23","guid":{"rendered":"https:\/\/audibax.com\/product\/easy-electric-black-2\/"},"modified":"2024-03-05T13:31:55","modified_gmt":"2024-03-05T12:31:55","slug":"easy-electric-black-2","status":"publish","type":"product","link":"https:\/\/audibax.com\/es\/producto\/easy-electric-black-2\/","title":{"rendered":"Easy Electric"},"content":{"rendered":"<p><strong>Audibax Easy Electric Funda para Guitarra El\u00e9ctrica<\/strong><\/p>\n<p>La <strong>Easy Electric de Audibax<\/strong> es una funda para guitarra que gracias a sus medidas hace que sea una funda compatible con la mayor\u00eda de guitarras el\u00e9ctricas. Su dise\u00f1o cl\u00e1sico y ligero hace que sea la opci\u00f3n ideal para cualquier guitarrista ya que proporciona una f\u00e1cil portabilidad para largas distancias. Adem\u00e1s, gracias a los tirantes ajustables tipo mochila que lleva incluidos hace que su transporte sea m\u00e1s f\u00e1cil y c\u00f3modo.<\/p>\n<p>Cuenta con varias asas con un material muy resistente que ofrecen m\u00faltiples modos de transporte. La funda Easy Electric lleva incorporado un compartimento de almacenamiento en la parte frontal de la funda que facilita el transporte de partituras musicales, afinadores, p\u00faas u otros accesorios.<\/p>\n<p>La Audibax Easy Electric es un elemento imprescindible para cualquier guitarrista ya que mantendr\u00e1 su guitarra libre de ara\u00f1azos y suciedad y el material de la funda, resistente al agua, garantiza una mayor protecci\u00f3n y m\u00e1s duradera.<\/p>\n<h3>Especificaciones Audibax Easy Electric:<\/h3>\n<ul>\n<li>Funda para guitarra el\u00e9ctrica<\/li>\n<li>Material: Poli\u00e9ster<\/li>\n<li>Acolchado: 5mm<\/li>\n<li>Color: Negro<\/li>\n<li>Medidas aproximadamente:\n<ul>\n<li>Ancho: 40cm<\/li>\n<li>Profundo: 8cm<\/li>\n<li>Alto: 103cm<\/li>\n<\/ul>\n<\/li>\n<li>Peso: 0,60kg<\/li>\n<li>Un compartimento<\/li>\n<li>Tirantes ajustables<\/li>\n<li>Material resistente al agua<\/li>\n<li>Alfombrilla de goma antideslizante<\/li>\n<li>El producto se vende por unidad<\/li>\n<\/ul>\n","protected":false},"excerpt":{"rendered":"<ul>\n<li>Funda para guitarra el\u00e9ctrica<\/li>\n<li>Material: Poli\u00e9ster<\/li>\n<li>Acolchado: 5mm<\/li>\n<li>Color: Negro<\/li>\n<\/ul>\n","protected":false},"featured_media":17105,"comment_status":"open","ping_status":"closed","template":"","meta":{"_acf_changed":false},"product_cat":[334],"product_tag":[],"class_list":{"0":"post-35079","1":"product","2":"type-product","3":"status-publish","4":"has-post-thumbnail","6":"product_cat-bolsa-de-guitarra","8":"first","9":"instock","10":"shipping-taxable","11":"product-type-simple"},"acf":[],"yoast_head":"<!-- This site is optimized with the Yoast SEO plugin v27.0 - https:\/\/yoast.com\/product\/yoast-seo-wordpress\/ -->\n<title>Easy Electric - Audibax<\/title>\n<meta name=\"robots\" content=\"index, follow, max-snippet:-1, max-image-preview:large, max-video-preview:-1\" \/>\n<link rel=\"canonical\" href=\"https:\/\/audibax.com\/es\/producto\/easy-electric-black-2\/\" \/>\n<meta property=\"og:locale\" content=\"es_ES\" \/>\n<meta property=\"og:type\" content=\"article\" \/>\n<meta property=\"og:title\" content=\"Easy Electric - Audibax\" \/>\n<meta property=\"og:description\" content=\"Funda para guitarra el\u00e9ctrica  Material: Poli\u00e9ster  Acolchado: 5mm  Color: Negro\" \/>\n<meta property=\"og:url\" content=\"https:\/\/audibax.com\/es\/producto\/easy-electric-black-2\/\" \/>\n<meta property=\"og:site_name\" content=\"Audibax\" \/>\n<meta property=\"article:modified_time\" content=\"2024-03-05T12:31:55+00:00\" \/>\n<meta property=\"og:image\" content=\"https:\/\/audibax.com\/wp-content\/uploads\/2023\/12\/audibax-Easy-Electric-funda-guitarra-electrica-duradera-oferta.jpg\" \/>\n\t<meta property=\"og:image:width\" content=\"1500\" \/>\n\t<meta property=\"og:image:height\" content=\"677\" \/>\n\t<meta property=\"og:image:type\" content=\"image\/jpeg\" \/>\n<meta name=\"twitter:card\" content=\"summary_large_image\" \/>\n<meta name=\"twitter:label1\" content=\"Tiempo de lectura\" \/>\n\t<meta name=\"twitter:data1\" content=\"2 minutos\" \/>\n<script type=\"application\/ld+json\" class=\"yoast-schema-graph\">{\"@context\":\"https:\/\/schema.org\",\"@graph\":[{\"@type\":\"WebPage\",\"@id\":\"https:\/\/audibax.com\/es\/producto\/easy-electric-black-2\/\",\"url\":\"https:\/\/audibax.com\/es\/producto\/easy-electric-black-2\/\",\"name\":\"Easy Electric - Audibax\",\"isPartOf\":{\"@id\":\"https:\/\/audibax.com\/es\/#website\"},\"primaryImageOfPage\":{\"@id\":\"https:\/\/audibax.com\/es\/producto\/easy-electric-black-2\/#primaryimage\"},\"image\":{\"@id\":\"https:\/\/audibax.com\/es\/producto\/easy-electric-black-2\/#primaryimage\"},\"thumbnailUrl\":\"https:\/\/audibax.com\/wp-content\/uploads\/2023\/12\/audibax-Easy-Electric-funda-guitarra-electrica-duradera-oferta.jpg\",\"datePublished\":\"2023-12-11T12:30:23+00:00\",\"dateModified\":\"2024-03-05T12:31:55+00:00\",\"breadcrumb\":{\"@id\":\"https:\/\/audibax.com\/es\/producto\/easy-electric-black-2\/#breadcrumb\"},\"inLanguage\":\"es\",\"potentialAction\":[{\"@type\":\"ReadAction\",\"target\":[\"https:\/\/audibax.com\/es\/producto\/easy-electric-black-2\/\"]}]},{\"@type\":\"ImageObject\",\"inLanguage\":\"es\",\"@id\":\"https:\/\/audibax.com\/es\/producto\/easy-electric-black-2\/#primaryimage\",\"url\":\"https:\/\/audibax.com\/wp-content\/uploads\/2023\/12\/audibax-Easy-Electric-funda-guitarra-electrica-duradera-oferta.jpg\",\"contentUrl\":\"https:\/\/audibax.com\/wp-content\/uploads\/2023\/12\/audibax-Easy-Electric-funda-guitarra-electrica-duradera-oferta.jpg\",\"width\":1500,\"height\":677},{\"@type\":\"BreadcrumbList\",\"@id\":\"https:\/\/audibax.com\/es\/producto\/easy-electric-black-2\/#breadcrumb\",\"itemListElement\":[{\"@type\":\"ListItem\",\"position\":1,\"name\":\"Portada\",\"item\":\"https:\/\/audibax.com\/es\/\"},{\"@type\":\"ListItem\",\"position\":2,\"name\":\"Productos\",\"item\":\"https:\/\/audibax.com\/es\/shop\/\"},{\"@type\":\"ListItem\",\"position\":3,\"name\":\"Easy Electric\"}]},{\"@type\":\"WebSite\",\"@id\":\"https:\/\/audibax.com\/es\/#website\",\"url\":\"https:\/\/audibax.com\/es\/\",\"name\":\"Audibax\",\"description\":\"\",\"publisher\":{\"@id\":\"https:\/\/audibax.com\/es\/#organization\"},\"potentialAction\":[{\"@type\":\"SearchAction\",\"target\":{\"@type\":\"EntryPoint\",\"urlTemplate\":\"https:\/\/audibax.com\/es\/?s={search_term_string}\"},\"query-input\":{\"@type\":\"PropertyValueSpecification\",\"valueRequired\":true,\"valueName\":\"search_term_string\"}}],\"inLanguage\":\"es\"},{\"@type\":\"Organization\",\"@id\":\"https:\/\/audibax.com\/es\/#organization\",\"name\":\"Audibax\",\"url\":\"https:\/\/audibax.com\/es\/\",\"logo\":{\"@type\":\"ImageObject\",\"inLanguage\":\"es\",\"@id\":\"https:\/\/audibax.com\/es\/#\/schema\/logo\/image\/\",\"url\":\"https:\/\/audibax.com\/wp-content\/uploads\/2023\/09\/logo-Audibax-BLANCO-SVG-1.svg\",\"contentUrl\":\"https:\/\/audibax.com\/wp-content\/uploads\/2023\/09\/logo-Audibax-BLANCO-SVG-1.svg\",\"caption\":\"Audibax\"},\"image\":{\"@id\":\"https:\/\/audibax.com\/es\/#\/schema\/logo\/image\/\"}}]}<\/script>\n<!-- \/ Yoast SEO plugin. -->","yoast_head_json":{"title":"Easy Electric - Audibax","robots":{"index":"index","follow":"follow","max-snippet":"max-snippet:-1","max-image-preview":"max-image-preview:large","max-video-preview":"max-video-preview:-1"},"canonical":"https:\/\/audibax.com\/es\/producto\/easy-electric-black-2\/","og_locale":"es_ES","og_type":"article","og_title":"Easy Electric - Audibax","og_description":"Funda para guitarra el\u00e9ctrica  Material: Poli\u00e9ster  Acolchado: 5mm  Color: Negro","og_url":"https:\/\/audibax.com\/es\/producto\/easy-electric-black-2\/","og_site_name":"Audibax","article_modified_time":"2024-03-05T12:31:55+00:00","og_image":[{"width":1500,"height":677,"url":"https:\/\/audibax.com\/wp-content\/uploads\/2023\/12\/audibax-Easy-Electric-funda-guitarra-electrica-duradera-oferta.jpg","type":"image\/jpeg"}],"twitter_card":"summary_large_image","twitter_misc":{"Tiempo de lectura":"2 minutos"},"schema":{"@context":"https:\/\/schema.org","@graph":[{"@type":"WebPage","@id":"https:\/\/audibax.com\/es\/producto\/easy-electric-black-2\/","url":"https:\/\/audibax.com\/es\/producto\/easy-electric-black-2\/","name":"Easy Electric - Audibax","isPartOf":{"@id":"https:\/\/audibax.com\/es\/#website"},"primaryImageOfPage":{"@id":"https:\/\/audibax.com\/es\/producto\/easy-electric-black-2\/#primaryimage"},"image":{"@id":"https:\/\/audibax.com\/es\/producto\/easy-electric-black-2\/#primaryimage"},"thumbnailUrl":"https:\/\/audibax.com\/wp-content\/uploads\/2023\/12\/audibax-Easy-Electric-funda-guitarra-electrica-duradera-oferta.jpg","datePublished":"2023-12-11T12:30:23+00:00","dateModified":"2024-03-05T12:31:55+00:00","breadcrumb":{"@id":"https:\/\/audibax.com\/es\/producto\/easy-electric-black-2\/#breadcrumb"},"inLanguage":"es","potentialAction":[{"@type":"ReadAction","target":["https:\/\/audibax.com\/es\/producto\/easy-electric-black-2\/"]}]},{"@type":"ImageObject","inLanguage":"es","@id":"https:\/\/audibax.com\/es\/producto\/easy-electric-black-2\/#primaryimage","url":"https:\/\/audibax.com\/wp-content\/uploads\/2023\/12\/audibax-Easy-Electric-funda-guitarra-electrica-duradera-oferta.jpg","contentUrl":"https:\/\/audibax.com\/wp-content\/uploads\/2023\/12\/audibax-Easy-Electric-funda-guitarra-electrica-duradera-oferta.jpg","width":1500,"height":677},{"@type":"BreadcrumbList","@id":"https:\/\/audibax.com\/es\/producto\/easy-electric-black-2\/#breadcrumb","itemListElement":[{"@type":"ListItem","position":1,"name":"Portada","item":"https:\/\/audibax.com\/es\/"},{"@type":"ListItem","position":2,"name":"Productos","item":"https:\/\/audibax.com\/es\/shop\/"},{"@type":"ListItem","position":3,"name":"Easy Electric"}]},{"@type":"WebSite","@id":"https:\/\/audibax.com\/es\/#website","url":"https:\/\/audibax.com\/es\/","name":"Audibax","description":"","publisher":{"@id":"https:\/\/audibax.com\/es\/#organization"},"potentialAction":[{"@type":"SearchAction","target":{"@type":"EntryPoint","urlTemplate":"https:\/\/audibax.com\/es\/?s={search_term_string}"},"query-input":{"@type":"PropertyValueSpecification","valueRequired":true,"valueName":"search_term_string"}}],"inLanguage":"es"},{"@type":"Organization","@id":"https:\/\/audibax.com\/es\/#organization","name":"Audibax","url":"https:\/\/audibax.com\/es\/","logo":{"@type":"ImageObject","inLanguage":"es","@id":"https:\/\/audibax.com\/es\/#\/schema\/logo\/image\/","url":"https:\/\/audibax.com\/wp-content\/uploads\/2023\/09\/logo-Audibax-BLANCO-SVG-1.svg","contentUrl":"https:\/\/audibax.com\/wp-content\/uploads\/2023\/09\/logo-Audibax-BLANCO-SVG-1.svg","caption":"Audibax"},"image":{"@id":"https:\/\/audibax.com\/es\/#\/schema\/logo\/image\/"}}]}},"_links":{"self":[{"href":"https:\/\/audibax.com\/es\/wp-json\/wp\/v2\/product\/35079","targetHints":{"allow":["GET"]}}],"collection":[{"href":"https:\/\/audibax.com\/es\/wp-json\/wp\/v2\/product"}],"about":[{"href":"https:\/\/audibax.com\/es\/wp-json\/wp\/v2\/types\/product"}],"replies":[{"embeddable":true,"href":"https:\/\/audibax.com\/es\/wp-json\/wp\/v2\/comments?post=35079"}],"wp:featuredmedia":[{"embeddable":true,"href":"https:\/\/audibax.com\/es\/wp-json\/wp\/v2\/media\/17105"}],"wp:attachment":[{"href":"https:\/\/audibax.com\/es\/wp-json\/wp\/v2\/media?parent=35079"}],"wp:term":[{"taxonomy":"product_cat","embeddable":true,"href":"https:\/\/audibax.com\/es\/wp-json\/wp\/v2\/product_cat?post=35079"},{"taxonomy":"product_tag","embeddable":true,"href":"https:\/\/audibax.com\/es\/wp-json\/wp\/v2\/product_tag?post=35079"}],"curies":[{"name":"wp","href":"https:\/\/api.w.org\/{rel}","templated":true}]}}