{"id":35075,"date":"2023-12-11T13:30:11","date_gmt":"2023-12-11T12:30:11","guid":{"rendered":"https:\/\/audibax.com\/product\/pro-12-black-2\/"},"modified":"2024-03-05T13:33:29","modified_gmt":"2024-03-05T12:33:29","slug":"pro-12-black-2","status":"publish","type":"product","link":"https:\/\/audibax.com\/es\/producto\/pro-12-black-2\/","title":{"rendered":"Pro 12"},"content":{"rendered":"<p>Audibax PRO-12 Flight Case para Mezcladores y CDs formato 12&#8243;<\/p>\n<p>Flight Case de transporte para Mezcladores y CDs de gran formato 12&#8243;.<\/p>\n<p>L\u00e1minas de 7mm de Plywood. Tapa extra\u00edble para su f\u00e1cil acceso, con posibilidad de colocaci\u00f3n debajo de la unidad principal para aumentar la altura.<br \/>\nAcabado interior con foam de diferentes densidades.<\/p>\n<p><strong>Totalmente compatibles :<\/strong><\/p>\n<ul>\n<li>Pioneer CDJ2000 NXS2<\/li>\n<li>Allen Head XONE 92<\/li>\n<li>Denon SC5000<\/li>\n<li>CD y Mesas Tama\u00f1o 12 Pulgadas<\/li>\n<\/ul>\n<p>&nbsp;<\/p>\n<p><strong>Caracteristicas Tecnicas PRO-12<\/strong><\/p>\n<ul>\n<li>Contrachapado de abedul de 7 mm<\/li>\n<li>Cantos de aluminio 30 x 30 mm<\/li>\n<li>Acolchado de espuma en el interior<\/li>\n<li>Esquinas de bola de acero medium<\/li>\n<li>Puerta frontal extra\u00edble.<\/li>\n<li>Cierres de tipo mariposa.<\/li>\n<li>Asa embutida en su panel y dotadas de muelles retr\u00e1ctiles.<\/li>\n<li>Espacio Interior 331w x 378d x 107h mm.<\/li>\n<li>Medidas internas tapa 325w x 425d x 70hmm.<\/li>\n<li>Medidas exteriores: 364w x 464d x 213h mm.<\/li>\n<li>Medidas interiores: 331w x 378d x 107h mm.<\/li>\n<li>Peso: 3 Kg<\/li>\n<li>Acabado Negro<\/li>\n<\/ul>\n<p>&nbsp;<\/p>\n<p><img decoding=\"async\" style=\"height: 669px; width: 700px;\" src=\"\/crm\/documents\/fckeditor\/image\/AUDIBAX-FLIGHT-CASE-PIONEER-DENON-12-PULGADAS-tex.jpg\" alt=\"\" \/><\/p>\n<p><img decoding=\"async\" style=\"height: 481px; width: 700px;\" src=\"\/crm\/documents\/fckeditor\/image\/AUDIBAX-MALETA-12-PULGADAS-FLIGHTCASE-tex.jpg\" alt=\"\" \/><\/p>\n","protected":false},"excerpt":{"rendered":"<p>Audibax PRO-12 Flight Case para Mezcladores y CDs formato 12&#8243; Flight Case de transporte para Mezcladores y CDs de gran formato 12&#8243;. L\u00e1minas de 7mm de Plywood. Tapa extra\u00edble para su f\u00e1cil acceso, con posibilidad de colocaci\u00f3n debajo de la unidad principal para aumentar la altura. Acabado interior con foam de diferentes densidades. Totalmente compatibles [&hellip;]<\/p>\n","protected":false},"featured_media":17180,"comment_status":"open","ping_status":"closed","template":"","meta":{"_acf_changed":false},"product_cat":[332],"product_tag":[],"class_list":{"0":"post-35075","1":"product","2":"type-product","3":"status-publish","4":"has-post-thumbnail","6":"product_cat-dj-flightcase-es","8":"first","9":"instock","10":"shipping-taxable","11":"product-type-simple"},"acf":[],"yoast_head":"<!-- This site is optimized with the Yoast SEO plugin v27.0 - https:\/\/yoast.com\/product\/yoast-seo-wordpress\/ -->\n<title>Pro 12 - Audibax<\/title>\n<meta name=\"robots\" content=\"index, follow, max-snippet:-1, max-image-preview:large, max-video-preview:-1\" \/>\n<link rel=\"canonical\" href=\"https:\/\/audibax.com\/es\/producto\/pro-12-black-2\/\" \/>\n<meta property=\"og:locale\" content=\"es_ES\" \/>\n<meta property=\"og:type\" content=\"article\" \/>\n<meta property=\"og:title\" content=\"Pro 12 - Audibax\" \/>\n<meta property=\"og:description\" content=\"Audibax PRO-12 Flight Case para Mezcladores y CDs formato 12&#8243; Flight Case de transporte para Mezcladores y CDs de gran formato 12&#8243;. L\u00e1minas de 7mm de Plywood. Tapa extra\u00edble para su f\u00e1cil acceso, con posibilidad de colocaci\u00f3n debajo de la unidad principal para aumentar la altura. Acabado interior con foam de diferentes densidades. Totalmente compatibles [&hellip;]\" \/>\n<meta property=\"og:url\" content=\"https:\/\/audibax.com\/es\/producto\/pro-12-black-2\/\" \/>\n<meta property=\"og:site_name\" content=\"Audibax\" \/>\n<meta property=\"article:modified_time\" content=\"2024-03-05T12:33:29+00:00\" \/>\n<meta property=\"og:image\" content=\"https:\/\/audibax.com\/wp-content\/uploads\/2023\/12\/AUDIBAX-FLIGHTCASE-PIONEER-CDJ-2000-NXS2.jpg\" \/>\n\t<meta property=\"og:image:width\" content=\"2048\" \/>\n\t<meta property=\"og:image:height\" content=\"2048\" \/>\n\t<meta property=\"og:image:type\" content=\"image\/jpeg\" \/>\n<meta name=\"twitter:card\" content=\"summary_large_image\" \/>\n<meta name=\"twitter:label1\" content=\"Tiempo de lectura\" \/>\n\t<meta name=\"twitter:data1\" content=\"2 minutos\" \/>\n<script type=\"application\/ld+json\" class=\"yoast-schema-graph\">{\"@context\":\"https:\/\/schema.org\",\"@graph\":[{\"@type\":\"WebPage\",\"@id\":\"https:\/\/audibax.com\/es\/producto\/pro-12-black-2\/\",\"url\":\"https:\/\/audibax.com\/es\/producto\/pro-12-black-2\/\",\"name\":\"Pro 12 - Audibax\",\"isPartOf\":{\"@id\":\"https:\/\/audibax.com\/es\/#website\"},\"primaryImageOfPage\":{\"@id\":\"https:\/\/audibax.com\/es\/producto\/pro-12-black-2\/#primaryimage\"},\"image\":{\"@id\":\"https:\/\/audibax.com\/es\/producto\/pro-12-black-2\/#primaryimage\"},\"thumbnailUrl\":\"https:\/\/audibax.com\/wp-content\/uploads\/2023\/12\/AUDIBAX-FLIGHTCASE-PIONEER-CDJ-2000-NXS2.jpg\",\"datePublished\":\"2023-12-11T12:30:11+00:00\",\"dateModified\":\"2024-03-05T12:33:29+00:00\",\"breadcrumb\":{\"@id\":\"https:\/\/audibax.com\/es\/producto\/pro-12-black-2\/#breadcrumb\"},\"inLanguage\":\"es\",\"potentialAction\":[{\"@type\":\"ReadAction\",\"target\":[\"https:\/\/audibax.com\/es\/producto\/pro-12-black-2\/\"]}]},{\"@type\":\"ImageObject\",\"inLanguage\":\"es\",\"@id\":\"https:\/\/audibax.com\/es\/producto\/pro-12-black-2\/#primaryimage\",\"url\":\"https:\/\/audibax.com\/wp-content\/uploads\/2023\/12\/AUDIBAX-FLIGHTCASE-PIONEER-CDJ-2000-NXS2.jpg\",\"contentUrl\":\"https:\/\/audibax.com\/wp-content\/uploads\/2023\/12\/AUDIBAX-FLIGHTCASE-PIONEER-CDJ-2000-NXS2.jpg\",\"width\":2048,\"height\":2048},{\"@type\":\"BreadcrumbList\",\"@id\":\"https:\/\/audibax.com\/es\/producto\/pro-12-black-2\/#breadcrumb\",\"itemListElement\":[{\"@type\":\"ListItem\",\"position\":1,\"name\":\"Portada\",\"item\":\"https:\/\/audibax.com\/es\/\"},{\"@type\":\"ListItem\",\"position\":2,\"name\":\"Productos\",\"item\":\"https:\/\/audibax.com\/es\/shop\/\"},{\"@type\":\"ListItem\",\"position\":3,\"name\":\"Pro 12\"}]},{\"@type\":\"WebSite\",\"@id\":\"https:\/\/audibax.com\/es\/#website\",\"url\":\"https:\/\/audibax.com\/es\/\",\"name\":\"Audibax\",\"description\":\"\",\"publisher\":{\"@id\":\"https:\/\/audibax.com\/es\/#organization\"},\"potentialAction\":[{\"@type\":\"SearchAction\",\"target\":{\"@type\":\"EntryPoint\",\"urlTemplate\":\"https:\/\/audibax.com\/es\/?s={search_term_string}\"},\"query-input\":{\"@type\":\"PropertyValueSpecification\",\"valueRequired\":true,\"valueName\":\"search_term_string\"}}],\"inLanguage\":\"es\"},{\"@type\":\"Organization\",\"@id\":\"https:\/\/audibax.com\/es\/#organization\",\"name\":\"Audibax\",\"url\":\"https:\/\/audibax.com\/es\/\",\"logo\":{\"@type\":\"ImageObject\",\"inLanguage\":\"es\",\"@id\":\"https:\/\/audibax.com\/es\/#\/schema\/logo\/image\/\",\"url\":\"https:\/\/audibax.com\/wp-content\/uploads\/2023\/09\/logo-Audibax-BLANCO-SVG-1.svg\",\"contentUrl\":\"https:\/\/audibax.com\/wp-content\/uploads\/2023\/09\/logo-Audibax-BLANCO-SVG-1.svg\",\"caption\":\"Audibax\"},\"image\":{\"@id\":\"https:\/\/audibax.com\/es\/#\/schema\/logo\/image\/\"}}]}<\/script>\n<!-- \/ Yoast SEO plugin. -->","yoast_head_json":{"title":"Pro 12 - Audibax","robots":{"index":"index","follow":"follow","max-snippet":"max-snippet:-1","max-image-preview":"max-image-preview:large","max-video-preview":"max-video-preview:-1"},"canonical":"https:\/\/audibax.com\/es\/producto\/pro-12-black-2\/","og_locale":"es_ES","og_type":"article","og_title":"Pro 12 - Audibax","og_description":"Audibax PRO-12 Flight Case para Mezcladores y CDs formato 12&#8243; Flight Case de transporte para Mezcladores y CDs de gran formato 12&#8243;. L\u00e1minas de 7mm de Plywood. Tapa extra\u00edble para su f\u00e1cil acceso, con posibilidad de colocaci\u00f3n debajo de la unidad principal para aumentar la altura. Acabado interior con foam de diferentes densidades. Totalmente compatibles [&hellip;]","og_url":"https:\/\/audibax.com\/es\/producto\/pro-12-black-2\/","og_site_name":"Audibax","article_modified_time":"2024-03-05T12:33:29+00:00","og_image":[{"width":2048,"height":2048,"url":"https:\/\/audibax.com\/wp-content\/uploads\/2023\/12\/AUDIBAX-FLIGHTCASE-PIONEER-CDJ-2000-NXS2.jpg","type":"image\/jpeg"}],"twitter_card":"summary_large_image","twitter_misc":{"Tiempo de lectura":"2 minutos"},"schema":{"@context":"https:\/\/schema.org","@graph":[{"@type":"WebPage","@id":"https:\/\/audibax.com\/es\/producto\/pro-12-black-2\/","url":"https:\/\/audibax.com\/es\/producto\/pro-12-black-2\/","name":"Pro 12 - Audibax","isPartOf":{"@id":"https:\/\/audibax.com\/es\/#website"},"primaryImageOfPage":{"@id":"https:\/\/audibax.com\/es\/producto\/pro-12-black-2\/#primaryimage"},"image":{"@id":"https:\/\/audibax.com\/es\/producto\/pro-12-black-2\/#primaryimage"},"thumbnailUrl":"https:\/\/audibax.com\/wp-content\/uploads\/2023\/12\/AUDIBAX-FLIGHTCASE-PIONEER-CDJ-2000-NXS2.jpg","datePublished":"2023-12-11T12:30:11+00:00","dateModified":"2024-03-05T12:33:29+00:00","breadcrumb":{"@id":"https:\/\/audibax.com\/es\/producto\/pro-12-black-2\/#breadcrumb"},"inLanguage":"es","potentialAction":[{"@type":"ReadAction","target":["https:\/\/audibax.com\/es\/producto\/pro-12-black-2\/"]}]},{"@type":"ImageObject","inLanguage":"es","@id":"https:\/\/audibax.com\/es\/producto\/pro-12-black-2\/#primaryimage","url":"https:\/\/audibax.com\/wp-content\/uploads\/2023\/12\/AUDIBAX-FLIGHTCASE-PIONEER-CDJ-2000-NXS2.jpg","contentUrl":"https:\/\/audibax.com\/wp-content\/uploads\/2023\/12\/AUDIBAX-FLIGHTCASE-PIONEER-CDJ-2000-NXS2.jpg","width":2048,"height":2048},{"@type":"BreadcrumbList","@id":"https:\/\/audibax.com\/es\/producto\/pro-12-black-2\/#breadcrumb","itemListElement":[{"@type":"ListItem","position":1,"name":"Portada","item":"https:\/\/audibax.com\/es\/"},{"@type":"ListItem","position":2,"name":"Productos","item":"https:\/\/audibax.com\/es\/shop\/"},{"@type":"ListItem","position":3,"name":"Pro 12"}]},{"@type":"WebSite","@id":"https:\/\/audibax.com\/es\/#website","url":"https:\/\/audibax.com\/es\/","name":"Audibax","description":"","publisher":{"@id":"https:\/\/audibax.com\/es\/#organization"},"potentialAction":[{"@type":"SearchAction","target":{"@type":"EntryPoint","urlTemplate":"https:\/\/audibax.com\/es\/?s={search_term_string}"},"query-input":{"@type":"PropertyValueSpecification","valueRequired":true,"valueName":"search_term_string"}}],"inLanguage":"es"},{"@type":"Organization","@id":"https:\/\/audibax.com\/es\/#organization","name":"Audibax","url":"https:\/\/audibax.com\/es\/","logo":{"@type":"ImageObject","inLanguage":"es","@id":"https:\/\/audibax.com\/es\/#\/schema\/logo\/image\/","url":"https:\/\/audibax.com\/wp-content\/uploads\/2023\/09\/logo-Audibax-BLANCO-SVG-1.svg","contentUrl":"https:\/\/audibax.com\/wp-content\/uploads\/2023\/09\/logo-Audibax-BLANCO-SVG-1.svg","caption":"Audibax"},"image":{"@id":"https:\/\/audibax.com\/es\/#\/schema\/logo\/image\/"}}]}},"_links":{"self":[{"href":"https:\/\/audibax.com\/es\/wp-json\/wp\/v2\/product\/35075","targetHints":{"allow":["GET"]}}],"collection":[{"href":"https:\/\/audibax.com\/es\/wp-json\/wp\/v2\/product"}],"about":[{"href":"https:\/\/audibax.com\/es\/wp-json\/wp\/v2\/types\/product"}],"replies":[{"embeddable":true,"href":"https:\/\/audibax.com\/es\/wp-json\/wp\/v2\/comments?post=35075"}],"wp:featuredmedia":[{"embeddable":true,"href":"https:\/\/audibax.com\/es\/wp-json\/wp\/v2\/media\/17180"}],"wp:attachment":[{"href":"https:\/\/audibax.com\/es\/wp-json\/wp\/v2\/media?parent=35075"}],"wp:term":[{"taxonomy":"product_cat","embeddable":true,"href":"https:\/\/audibax.com\/es\/wp-json\/wp\/v2\/product_cat?post=35075"},{"taxonomy":"product_tag","embeddable":true,"href":"https:\/\/audibax.com\/es\/wp-json\/wp\/v2\/product_tag?post=35075"}],"curies":[{"name":"wp","href":"https:\/\/api.w.org\/{rel}","templated":true}]}}