{"id":35070,"date":"2023-12-11T13:29:51","date_gmt":"2023-12-11T12:29:51","guid":{"rendered":"https:\/\/audibax.com\/product\/atlanta-case-120-black-2\/"},"modified":"2024-06-24T15:54:03","modified_gmt":"2024-06-24T13:54:03","slug":"atlanta-case-120-black-2","status":"publish","type":"product","link":"https:\/\/audibax.com\/es\/producto\/atlanta-case-120-black-2\/","title":{"rendered":"Atlanta Case 120"},"content":{"rendered":"<p>La\u00a0<strong>Audibax Atlanta Case 120 <\/strong>es una soluci\u00f3n de transporte s\u00faper liviana y compacta para proteger su controladora y modelos m\u00e1s peque\u00f1os. Fabricado con espuma EVA moldeada resistente y liviana Durashock y exterior de poli\u00e9ster que rechaza el agua. Adem\u00e1s, est\u00e1 equipado con un kit de espuma ajustable que proporciona protecci\u00f3n adicional para todas las perillas de control, faders y jog wheels.<\/p>\n<p>&nbsp;<\/p>\n<ul>\n<li>Ligero Durashock moldeado espuma de EVA de 5 mm y carcasa exterior de poli\u00e9ster<\/li>\n<li>Incl. kit de espuma ajustable para adaptarse a modelos m\u00e1s peque\u00f1os y para proteger las perillas de control, los atenuadores y las ruedas de desplazamiento<\/li>\n<li>Cremallera resistente y asas de transporte c\u00f3modas<\/li>\n<li>Medidas exteriores: 50 x 34 x 9 cm<\/li>\n<li>Medidas interiores: 50 x 33 x 7 cm<\/li>\n<li>Peso: 1,0 kg<\/li>\n<li>Color negro<\/li>\n<\/ul>\n<p>&nbsp;<\/p>\n<h2>Compatible Para<\/h2>\n<ul>\n<li>Native Instruments Kontrol S2MK3<\/li>\n<li>Native Kompelte A25<\/li>\n<li>Novation Launchkey 25<\/li>\n<li>Novation Bass Station II<\/li>\n<li>Roland\u00a0System 1 Aira<\/li>\n<li>Roland DJ-202<\/li>\n<li>Akai MPK-225<\/li>\n<li>Denon MC-4000<\/li>\n<li>Numark Mixdeck II<\/li>\n<li>American Audio VMS4<\/li>\n<li>Vestax VCI-400<\/li>\n<li>Akai MPC Renaissance<\/li>\n<li>Gemini GV 2<\/li>\n<li>Gemini Slate 4<\/li>\n<li>Gemini Slate 2<\/li>\n<li>Reloop Jockey 3 RMX<\/li>\n<\/ul>\n<p>&nbsp;<\/p>\n","protected":false},"excerpt":{"rendered":"<ul>\n<li>Ligero Durashock moldeado espuma de EVA de 5 mm y carcasa exterior de poli\u00e9ster<\/li>\n<li>Incl. kit de espuma ajustable para adaptarse a modelos m\u00e1s peque\u00f1os y para proteger las perillas de control, los atenuadores y las ruedas de desplazamiento<\/li>\n<li>Cremallera resistente y asas de transporte c\u00f3modas<\/li>\n<li>Medidas exteriores: 53 x 35 x 8 cm<\/li>\n<li>Medidas interiores: 50,5 x 33 x 7 cm<\/li>\n<\/ul>\n","protected":false},"featured_media":16567,"comment_status":"open","ping_status":"closed","template":"","meta":{"_acf_changed":false},"product_cat":[330],"product_tag":[],"class_list":{"0":"post-35070","1":"product","2":"type-product","3":"status-publish","4":"has-post-thumbnail","6":"product_cat-bolsas-dj","8":"first","9":"instock","10":"shipping-taxable","11":"product-type-simple"},"acf":[],"yoast_head":"<!-- This site is optimized with the Yoast SEO plugin v27.0 - https:\/\/yoast.com\/product\/yoast-seo-wordpress\/ -->\n<title>Atlanta Case 120 - Audibax<\/title>\n<meta name=\"robots\" content=\"index, follow, max-snippet:-1, max-image-preview:large, max-video-preview:-1\" \/>\n<link rel=\"canonical\" href=\"https:\/\/audibax.com\/es\/producto\/atlanta-case-120-black-2\/\" \/>\n<meta property=\"og:locale\" content=\"es_ES\" \/>\n<meta property=\"og:type\" content=\"article\" \/>\n<meta property=\"og:title\" content=\"Atlanta Case 120 - Audibax\" \/>\n<meta property=\"og:description\" content=\"Ligero Durashock moldeado espuma de EVA de 5 mm y carcasa exterior de poli\u00e9ster  Incl. kit de espuma ajustable para adaptarse a modelos m\u00e1s peque\u00f1os y para proteger las perillas de control, los atenuadores y las ruedas de desplazamiento  Cremallera resistente y asas de transporte c\u00f3modas  Medidas exteriores: 53 x 35 x 8 cm  Medidas interiores: 50,5 x 33 x 7 cm\" \/>\n<meta property=\"og:url\" content=\"https:\/\/audibax.com\/es\/producto\/atlanta-case-120-black-2\/\" \/>\n<meta property=\"og:site_name\" content=\"Audibax\" \/>\n<meta property=\"article:modified_time\" content=\"2024-06-24T13:54:03+00:00\" \/>\n<meta property=\"og:image\" content=\"https:\/\/audibax.com\/wp-content\/uploads\/2023\/12\/audibax_atlanta_case_120_bolsa_controlador_oferta.jpg\" \/>\n\t<meta property=\"og:image:width\" content=\"1000\" \/>\n\t<meta property=\"og:image:height\" content=\"500\" \/>\n\t<meta property=\"og:image:type\" content=\"image\/jpeg\" \/>\n<meta name=\"twitter:card\" content=\"summary_large_image\" \/>\n<meta name=\"twitter:label1\" content=\"Tiempo de lectura\" \/>\n\t<meta name=\"twitter:data1\" content=\"1 minuto\" \/>\n<script type=\"application\/ld+json\" class=\"yoast-schema-graph\">{\"@context\":\"https:\/\/schema.org\",\"@graph\":[{\"@type\":\"WebPage\",\"@id\":\"https:\/\/audibax.com\/es\/producto\/atlanta-case-120-black-2\/\",\"url\":\"https:\/\/audibax.com\/es\/producto\/atlanta-case-120-black-2\/\",\"name\":\"Atlanta Case 120 - Audibax\",\"isPartOf\":{\"@id\":\"https:\/\/audibax.com\/es\/#website\"},\"primaryImageOfPage\":{\"@id\":\"https:\/\/audibax.com\/es\/producto\/atlanta-case-120-black-2\/#primaryimage\"},\"image\":{\"@id\":\"https:\/\/audibax.com\/es\/producto\/atlanta-case-120-black-2\/#primaryimage\"},\"thumbnailUrl\":\"https:\/\/audibax.com\/wp-content\/uploads\/2023\/12\/audibax_atlanta_case_120_bolsa_controlador_oferta.jpg\",\"datePublished\":\"2023-12-11T12:29:51+00:00\",\"dateModified\":\"2024-06-24T13:54:03+00:00\",\"breadcrumb\":{\"@id\":\"https:\/\/audibax.com\/es\/producto\/atlanta-case-120-black-2\/#breadcrumb\"},\"inLanguage\":\"es\",\"potentialAction\":[{\"@type\":\"ReadAction\",\"target\":[\"https:\/\/audibax.com\/es\/producto\/atlanta-case-120-black-2\/\"]}]},{\"@type\":\"ImageObject\",\"inLanguage\":\"es\",\"@id\":\"https:\/\/audibax.com\/es\/producto\/atlanta-case-120-black-2\/#primaryimage\",\"url\":\"https:\/\/audibax.com\/wp-content\/uploads\/2023\/12\/audibax_atlanta_case_120_bolsa_controlador_oferta.jpg\",\"contentUrl\":\"https:\/\/audibax.com\/wp-content\/uploads\/2023\/12\/audibax_atlanta_case_120_bolsa_controlador_oferta.jpg\",\"width\":1000,\"height\":500},{\"@type\":\"BreadcrumbList\",\"@id\":\"https:\/\/audibax.com\/es\/producto\/atlanta-case-120-black-2\/#breadcrumb\",\"itemListElement\":[{\"@type\":\"ListItem\",\"position\":1,\"name\":\"Portada\",\"item\":\"https:\/\/audibax.com\/es\/\"},{\"@type\":\"ListItem\",\"position\":2,\"name\":\"Productos\",\"item\":\"https:\/\/audibax.com\/es\/shop\/\"},{\"@type\":\"ListItem\",\"position\":3,\"name\":\"Atlanta Case 120\"}]},{\"@type\":\"WebSite\",\"@id\":\"https:\/\/audibax.com\/es\/#website\",\"url\":\"https:\/\/audibax.com\/es\/\",\"name\":\"Audibax\",\"description\":\"\",\"publisher\":{\"@id\":\"https:\/\/audibax.com\/es\/#organization\"},\"potentialAction\":[{\"@type\":\"SearchAction\",\"target\":{\"@type\":\"EntryPoint\",\"urlTemplate\":\"https:\/\/audibax.com\/es\/?s={search_term_string}\"},\"query-input\":{\"@type\":\"PropertyValueSpecification\",\"valueRequired\":true,\"valueName\":\"search_term_string\"}}],\"inLanguage\":\"es\"},{\"@type\":\"Organization\",\"@id\":\"https:\/\/audibax.com\/es\/#organization\",\"name\":\"Audibax\",\"url\":\"https:\/\/audibax.com\/es\/\",\"logo\":{\"@type\":\"ImageObject\",\"inLanguage\":\"es\",\"@id\":\"https:\/\/audibax.com\/es\/#\/schema\/logo\/image\/\",\"url\":\"https:\/\/audibax.com\/wp-content\/uploads\/2023\/09\/logo-Audibax-BLANCO-SVG-1.svg\",\"contentUrl\":\"https:\/\/audibax.com\/wp-content\/uploads\/2023\/09\/logo-Audibax-BLANCO-SVG-1.svg\",\"caption\":\"Audibax\"},\"image\":{\"@id\":\"https:\/\/audibax.com\/es\/#\/schema\/logo\/image\/\"}}]}<\/script>\n<!-- \/ Yoast SEO plugin. -->","yoast_head_json":{"title":"Atlanta Case 120 - Audibax","robots":{"index":"index","follow":"follow","max-snippet":"max-snippet:-1","max-image-preview":"max-image-preview:large","max-video-preview":"max-video-preview:-1"},"canonical":"https:\/\/audibax.com\/es\/producto\/atlanta-case-120-black-2\/","og_locale":"es_ES","og_type":"article","og_title":"Atlanta Case 120 - Audibax","og_description":"Ligero Durashock moldeado espuma de EVA de 5 mm y carcasa exterior de poli\u00e9ster  Incl. kit de espuma ajustable para adaptarse a modelos m\u00e1s peque\u00f1os y para proteger las perillas de control, los atenuadores y las ruedas de desplazamiento  Cremallera resistente y asas de transporte c\u00f3modas  Medidas exteriores: 53 x 35 x 8 cm  Medidas interiores: 50,5 x 33 x 7 cm","og_url":"https:\/\/audibax.com\/es\/producto\/atlanta-case-120-black-2\/","og_site_name":"Audibax","article_modified_time":"2024-06-24T13:54:03+00:00","og_image":[{"width":1000,"height":500,"url":"https:\/\/audibax.com\/wp-content\/uploads\/2023\/12\/audibax_atlanta_case_120_bolsa_controlador_oferta.jpg","type":"image\/jpeg"}],"twitter_card":"summary_large_image","twitter_misc":{"Tiempo de lectura":"1 minuto"},"schema":{"@context":"https:\/\/schema.org","@graph":[{"@type":"WebPage","@id":"https:\/\/audibax.com\/es\/producto\/atlanta-case-120-black-2\/","url":"https:\/\/audibax.com\/es\/producto\/atlanta-case-120-black-2\/","name":"Atlanta Case 120 - Audibax","isPartOf":{"@id":"https:\/\/audibax.com\/es\/#website"},"primaryImageOfPage":{"@id":"https:\/\/audibax.com\/es\/producto\/atlanta-case-120-black-2\/#primaryimage"},"image":{"@id":"https:\/\/audibax.com\/es\/producto\/atlanta-case-120-black-2\/#primaryimage"},"thumbnailUrl":"https:\/\/audibax.com\/wp-content\/uploads\/2023\/12\/audibax_atlanta_case_120_bolsa_controlador_oferta.jpg","datePublished":"2023-12-11T12:29:51+00:00","dateModified":"2024-06-24T13:54:03+00:00","breadcrumb":{"@id":"https:\/\/audibax.com\/es\/producto\/atlanta-case-120-black-2\/#breadcrumb"},"inLanguage":"es","potentialAction":[{"@type":"ReadAction","target":["https:\/\/audibax.com\/es\/producto\/atlanta-case-120-black-2\/"]}]},{"@type":"ImageObject","inLanguage":"es","@id":"https:\/\/audibax.com\/es\/producto\/atlanta-case-120-black-2\/#primaryimage","url":"https:\/\/audibax.com\/wp-content\/uploads\/2023\/12\/audibax_atlanta_case_120_bolsa_controlador_oferta.jpg","contentUrl":"https:\/\/audibax.com\/wp-content\/uploads\/2023\/12\/audibax_atlanta_case_120_bolsa_controlador_oferta.jpg","width":1000,"height":500},{"@type":"BreadcrumbList","@id":"https:\/\/audibax.com\/es\/producto\/atlanta-case-120-black-2\/#breadcrumb","itemListElement":[{"@type":"ListItem","position":1,"name":"Portada","item":"https:\/\/audibax.com\/es\/"},{"@type":"ListItem","position":2,"name":"Productos","item":"https:\/\/audibax.com\/es\/shop\/"},{"@type":"ListItem","position":3,"name":"Atlanta Case 120"}]},{"@type":"WebSite","@id":"https:\/\/audibax.com\/es\/#website","url":"https:\/\/audibax.com\/es\/","name":"Audibax","description":"","publisher":{"@id":"https:\/\/audibax.com\/es\/#organization"},"potentialAction":[{"@type":"SearchAction","target":{"@type":"EntryPoint","urlTemplate":"https:\/\/audibax.com\/es\/?s={search_term_string}"},"query-input":{"@type":"PropertyValueSpecification","valueRequired":true,"valueName":"search_term_string"}}],"inLanguage":"es"},{"@type":"Organization","@id":"https:\/\/audibax.com\/es\/#organization","name":"Audibax","url":"https:\/\/audibax.com\/es\/","logo":{"@type":"ImageObject","inLanguage":"es","@id":"https:\/\/audibax.com\/es\/#\/schema\/logo\/image\/","url":"https:\/\/audibax.com\/wp-content\/uploads\/2023\/09\/logo-Audibax-BLANCO-SVG-1.svg","contentUrl":"https:\/\/audibax.com\/wp-content\/uploads\/2023\/09\/logo-Audibax-BLANCO-SVG-1.svg","caption":"Audibax"},"image":{"@id":"https:\/\/audibax.com\/es\/#\/schema\/logo\/image\/"}}]}},"_links":{"self":[{"href":"https:\/\/audibax.com\/es\/wp-json\/wp\/v2\/product\/35070","targetHints":{"allow":["GET"]}}],"collection":[{"href":"https:\/\/audibax.com\/es\/wp-json\/wp\/v2\/product"}],"about":[{"href":"https:\/\/audibax.com\/es\/wp-json\/wp\/v2\/types\/product"}],"replies":[{"embeddable":true,"href":"https:\/\/audibax.com\/es\/wp-json\/wp\/v2\/comments?post=35070"}],"wp:featuredmedia":[{"embeddable":true,"href":"https:\/\/audibax.com\/es\/wp-json\/wp\/v2\/media\/16567"}],"wp:attachment":[{"href":"https:\/\/audibax.com\/es\/wp-json\/wp\/v2\/media?parent=35070"}],"wp:term":[{"taxonomy":"product_cat","embeddable":true,"href":"https:\/\/audibax.com\/es\/wp-json\/wp\/v2\/product_cat?post=35070"},{"taxonomy":"product_tag","embeddable":true,"href":"https:\/\/audibax.com\/es\/wp-json\/wp\/v2\/product_tag?post=35070"}],"curies":[{"name":"wp","href":"https:\/\/api.w.org\/{rel}","templated":true}]}}