{"id":34968,"date":"2023-12-11T10:53:33","date_gmt":"2023-12-11T09:53:33","guid":{"rendered":"https:\/\/audibax.com\/product\/silver-2-x-rca-2-x-rca-3m-black-10145101-2\/"},"modified":"2024-03-05T13:29:33","modified_gmt":"2024-03-05T12:29:33","slug":"silver-2-x-rca-2-x-rca-3m-black-10145101-2","status":"publish","type":"product","link":"https:\/\/audibax.com\/es\/producto\/silver-2-x-rca-2-x-rca-3m-black-10145101-2\/","title":{"rendered":"Silver 2 x RCA 2 x RCA 3m 10145101"},"content":{"rendered":"<p><strong>Audibax Silver Cable 2 RCA a 2 RCA Stereo 3 Metros Negro<\/strong><\/p>\n<p>La serie\u00a0<strong>Silver de Audibax<\/strong>\u00a0es una gama para el d\u00eda a d\u00eda de los m\u00fasicos y profesionales del sonido que buscan una calidad muy buena pero a un precio econ\u00f3mico. Cuenta con unos conectores OFC (cobre libre de ox\u00edgeno) de gran calidad que proporcionan una alta transmisi\u00f3n de la se\u00f1al. Posee un duro recubrimiento de PVC que aportan al cable el m\u00e1ximo de aislamiento.<\/p>\n<h2><\/h2>\n<h2>Caracter\u00edsticas del cable<\/h2>\n<p>&nbsp;<\/p>\n<ul>\n<li>Serie : Silver<\/li>\n<li>Tipo : 2 RCA<\/li>\n<li>Longitud : 3m<\/li>\n<li>Color : Negro<\/li>\n<li>Di\u00e1metro del Cable : 8 mm<\/li>\n<li>Recubrimiento PVC<\/li>\n<\/ul>\n<p>&nbsp;<\/p>\n<h2>Caracter\u00edsticas Conector A<\/h2>\n<p>&nbsp;<\/p>\n<ul>\n<li>Conector : 2 RCA<\/li>\n<li>N\u00famero de Pines : 1<\/li>\n<li>Contactos de Conector : Plateado<\/li>\n<li>Color : Gris<\/li>\n<li>Fabricante Conector A : Audibax<\/li>\n<li>Serie Conector A : Silver<\/li>\n<\/ul>\n<p>&nbsp;<\/p>\n<h2>Caracter\u00edsticas Conector B<\/h2>\n<p>&nbsp;<\/p>\n<ul>\n<li>Conector : 2 RCA<\/li>\n<li>N\u00famero de Pines : 1<\/li>\n<li>Contactos de Conector : Plateado<\/li>\n<li>Color : Gris<\/li>\n<li>Fabricante Conector B : Audibax<\/li>\n<li>Serie Conector B : Silver<\/li>\n<\/ul>\n<p>&nbsp;<\/p>\n<p><img decoding=\"async\" style=\"height: 507px; width: 675px;\" src=\"\/crm\/documents\/fckeditor\/image\/1-MRA\/cable-rca-rca-estereo-3-metros.png\" alt=\"\" \/><\/p>\n","protected":false},"excerpt":{"rendered":"<ul>\n<li>Serie : Silver<\/li>\n<li>Tipo : 2 RCA a 2 RCA<\/li>\n<li>Longitud : 3m<\/li>\n<li>Color : Negro<\/li>\n<li>Di\u00e1metro del Cable : 8 mm<\/li>\n<\/ul>\n","protected":false},"featured_media":18089,"comment_status":"open","ping_status":"closed","template":"","meta":{"_acf_changed":false},"product_cat":[322],"product_tag":[],"class_list":{"0":"post-34968","1":"product","2":"type-product","3":"status-publish","4":"has-post-thumbnail","6":"product_cat-rca-cable-es","8":"first","9":"instock","10":"shipping-taxable","11":"product-type-simple"},"acf":[],"yoast_head":"<!-- This site is optimized with the Yoast SEO plugin v27.0 - https:\/\/yoast.com\/product\/yoast-seo-wordpress\/ -->\n<title>Silver 2 x RCA 2 x RCA 3m 10145101 - Audibax<\/title>\n<meta name=\"robots\" content=\"index, follow, max-snippet:-1, max-image-preview:large, max-video-preview:-1\" \/>\n<link rel=\"canonical\" href=\"https:\/\/audibax.com\/es\/producto\/silver-2-x-rca-2-x-rca-3m-black-10145101-2\/\" \/>\n<meta property=\"og:locale\" content=\"es_ES\" \/>\n<meta property=\"og:type\" content=\"article\" \/>\n<meta property=\"og:title\" content=\"Silver 2 x RCA 2 x RCA 3m 10145101 - Audibax\" \/>\n<meta property=\"og:description\" content=\"Serie : Silver  Tipo : 2 RCA a 2 RCA  Longitud : 3m  Color : Negro  Di\u00e1metro del Cable : 8 mm\" \/>\n<meta property=\"og:url\" content=\"https:\/\/audibax.com\/es\/producto\/silver-2-x-rca-2-x-rca-3m-black-10145101-2\/\" \/>\n<meta property=\"og:site_name\" content=\"Audibax\" \/>\n<meta property=\"article:modified_time\" content=\"2024-03-05T12:29:33+00:00\" \/>\n<meta property=\"og:image\" content=\"https:\/\/audibax.com\/wp-content\/uploads\/2023\/12\/cable-rca-stereo-3-metros-negro-1024x770.png\" \/>\n\t<meta property=\"og:image:width\" content=\"1024\" \/>\n\t<meta property=\"og:image:height\" content=\"770\" \/>\n\t<meta property=\"og:image:type\" content=\"image\/png\" \/>\n<meta name=\"twitter:card\" content=\"summary_large_image\" \/>\n<meta name=\"twitter:label1\" content=\"Tiempo de lectura\" \/>\n\t<meta name=\"twitter:data1\" content=\"2 minutos\" \/>\n<script type=\"application\/ld+json\" class=\"yoast-schema-graph\">{\"@context\":\"https:\/\/schema.org\",\"@graph\":[{\"@type\":\"WebPage\",\"@id\":\"https:\/\/audibax.com\/es\/producto\/silver-2-x-rca-2-x-rca-3m-black-10145101-2\/\",\"url\":\"https:\/\/audibax.com\/es\/producto\/silver-2-x-rca-2-x-rca-3m-black-10145101-2\/\",\"name\":\"Silver 2 x RCA 2 x RCA 3m 10145101 - Audibax\",\"isPartOf\":{\"@id\":\"https:\/\/audibax.com\/es\/#website\"},\"primaryImageOfPage\":{\"@id\":\"https:\/\/audibax.com\/es\/producto\/silver-2-x-rca-2-x-rca-3m-black-10145101-2\/#primaryimage\"},\"image\":{\"@id\":\"https:\/\/audibax.com\/es\/producto\/silver-2-x-rca-2-x-rca-3m-black-10145101-2\/#primaryimage\"},\"thumbnailUrl\":\"https:\/\/audibax.com\/wp-content\/uploads\/2023\/12\/cable-rca-stereo-3-metros-negro.png\",\"datePublished\":\"2023-12-11T09:53:33+00:00\",\"dateModified\":\"2024-03-05T12:29:33+00:00\",\"breadcrumb\":{\"@id\":\"https:\/\/audibax.com\/es\/producto\/silver-2-x-rca-2-x-rca-3m-black-10145101-2\/#breadcrumb\"},\"inLanguage\":\"es\",\"potentialAction\":[{\"@type\":\"ReadAction\",\"target\":[\"https:\/\/audibax.com\/es\/producto\/silver-2-x-rca-2-x-rca-3m-black-10145101-2\/\"]}]},{\"@type\":\"ImageObject\",\"inLanguage\":\"es\",\"@id\":\"https:\/\/audibax.com\/es\/producto\/silver-2-x-rca-2-x-rca-3m-black-10145101-2\/#primaryimage\",\"url\":\"https:\/\/audibax.com\/wp-content\/uploads\/2023\/12\/cable-rca-stereo-3-metros-negro.png\",\"contentUrl\":\"https:\/\/audibax.com\/wp-content\/uploads\/2023\/12\/cable-rca-stereo-3-metros-negro.png\",\"width\":3840,\"height\":2887},{\"@type\":\"BreadcrumbList\",\"@id\":\"https:\/\/audibax.com\/es\/producto\/silver-2-x-rca-2-x-rca-3m-black-10145101-2\/#breadcrumb\",\"itemListElement\":[{\"@type\":\"ListItem\",\"position\":1,\"name\":\"Portada\",\"item\":\"https:\/\/audibax.com\/es\/\"},{\"@type\":\"ListItem\",\"position\":2,\"name\":\"Productos\",\"item\":\"https:\/\/audibax.com\/es\/shop\/\"},{\"@type\":\"ListItem\",\"position\":3,\"name\":\"Silver 2 x RCA 2 x RCA 3m 10145101\"}]},{\"@type\":\"WebSite\",\"@id\":\"https:\/\/audibax.com\/es\/#website\",\"url\":\"https:\/\/audibax.com\/es\/\",\"name\":\"Audibax\",\"description\":\"\",\"publisher\":{\"@id\":\"https:\/\/audibax.com\/es\/#organization\"},\"potentialAction\":[{\"@type\":\"SearchAction\",\"target\":{\"@type\":\"EntryPoint\",\"urlTemplate\":\"https:\/\/audibax.com\/es\/?s={search_term_string}\"},\"query-input\":{\"@type\":\"PropertyValueSpecification\",\"valueRequired\":true,\"valueName\":\"search_term_string\"}}],\"inLanguage\":\"es\"},{\"@type\":\"Organization\",\"@id\":\"https:\/\/audibax.com\/es\/#organization\",\"name\":\"Audibax\",\"url\":\"https:\/\/audibax.com\/es\/\",\"logo\":{\"@type\":\"ImageObject\",\"inLanguage\":\"es\",\"@id\":\"https:\/\/audibax.com\/es\/#\/schema\/logo\/image\/\",\"url\":\"https:\/\/audibax.com\/wp-content\/uploads\/2023\/09\/logo-Audibax-BLANCO-SVG-1.svg\",\"contentUrl\":\"https:\/\/audibax.com\/wp-content\/uploads\/2023\/09\/logo-Audibax-BLANCO-SVG-1.svg\",\"caption\":\"Audibax\"},\"image\":{\"@id\":\"https:\/\/audibax.com\/es\/#\/schema\/logo\/image\/\"}}]}<\/script>\n<!-- \/ Yoast SEO plugin. -->","yoast_head_json":{"title":"Silver 2 x RCA 2 x RCA 3m 10145101 - Audibax","robots":{"index":"index","follow":"follow","max-snippet":"max-snippet:-1","max-image-preview":"max-image-preview:large","max-video-preview":"max-video-preview:-1"},"canonical":"https:\/\/audibax.com\/es\/producto\/silver-2-x-rca-2-x-rca-3m-black-10145101-2\/","og_locale":"es_ES","og_type":"article","og_title":"Silver 2 x RCA 2 x RCA 3m 10145101 - Audibax","og_description":"Serie : Silver  Tipo : 2 RCA a 2 RCA  Longitud : 3m  Color : Negro  Di\u00e1metro del Cable : 8 mm","og_url":"https:\/\/audibax.com\/es\/producto\/silver-2-x-rca-2-x-rca-3m-black-10145101-2\/","og_site_name":"Audibax","article_modified_time":"2024-03-05T12:29:33+00:00","og_image":[{"width":1024,"height":770,"url":"https:\/\/audibax.com\/wp-content\/uploads\/2023\/12\/cable-rca-stereo-3-metros-negro-1024x770.png","type":"image\/png"}],"twitter_card":"summary_large_image","twitter_misc":{"Tiempo de lectura":"2 minutos"},"schema":{"@context":"https:\/\/schema.org","@graph":[{"@type":"WebPage","@id":"https:\/\/audibax.com\/es\/producto\/silver-2-x-rca-2-x-rca-3m-black-10145101-2\/","url":"https:\/\/audibax.com\/es\/producto\/silver-2-x-rca-2-x-rca-3m-black-10145101-2\/","name":"Silver 2 x RCA 2 x RCA 3m 10145101 - Audibax","isPartOf":{"@id":"https:\/\/audibax.com\/es\/#website"},"primaryImageOfPage":{"@id":"https:\/\/audibax.com\/es\/producto\/silver-2-x-rca-2-x-rca-3m-black-10145101-2\/#primaryimage"},"image":{"@id":"https:\/\/audibax.com\/es\/producto\/silver-2-x-rca-2-x-rca-3m-black-10145101-2\/#primaryimage"},"thumbnailUrl":"https:\/\/audibax.com\/wp-content\/uploads\/2023\/12\/cable-rca-stereo-3-metros-negro.png","datePublished":"2023-12-11T09:53:33+00:00","dateModified":"2024-03-05T12:29:33+00:00","breadcrumb":{"@id":"https:\/\/audibax.com\/es\/producto\/silver-2-x-rca-2-x-rca-3m-black-10145101-2\/#breadcrumb"},"inLanguage":"es","potentialAction":[{"@type":"ReadAction","target":["https:\/\/audibax.com\/es\/producto\/silver-2-x-rca-2-x-rca-3m-black-10145101-2\/"]}]},{"@type":"ImageObject","inLanguage":"es","@id":"https:\/\/audibax.com\/es\/producto\/silver-2-x-rca-2-x-rca-3m-black-10145101-2\/#primaryimage","url":"https:\/\/audibax.com\/wp-content\/uploads\/2023\/12\/cable-rca-stereo-3-metros-negro.png","contentUrl":"https:\/\/audibax.com\/wp-content\/uploads\/2023\/12\/cable-rca-stereo-3-metros-negro.png","width":3840,"height":2887},{"@type":"BreadcrumbList","@id":"https:\/\/audibax.com\/es\/producto\/silver-2-x-rca-2-x-rca-3m-black-10145101-2\/#breadcrumb","itemListElement":[{"@type":"ListItem","position":1,"name":"Portada","item":"https:\/\/audibax.com\/es\/"},{"@type":"ListItem","position":2,"name":"Productos","item":"https:\/\/audibax.com\/es\/shop\/"},{"@type":"ListItem","position":3,"name":"Silver 2 x RCA 2 x RCA 3m 10145101"}]},{"@type":"WebSite","@id":"https:\/\/audibax.com\/es\/#website","url":"https:\/\/audibax.com\/es\/","name":"Audibax","description":"","publisher":{"@id":"https:\/\/audibax.com\/es\/#organization"},"potentialAction":[{"@type":"SearchAction","target":{"@type":"EntryPoint","urlTemplate":"https:\/\/audibax.com\/es\/?s={search_term_string}"},"query-input":{"@type":"PropertyValueSpecification","valueRequired":true,"valueName":"search_term_string"}}],"inLanguage":"es"},{"@type":"Organization","@id":"https:\/\/audibax.com\/es\/#organization","name":"Audibax","url":"https:\/\/audibax.com\/es\/","logo":{"@type":"ImageObject","inLanguage":"es","@id":"https:\/\/audibax.com\/es\/#\/schema\/logo\/image\/","url":"https:\/\/audibax.com\/wp-content\/uploads\/2023\/09\/logo-Audibax-BLANCO-SVG-1.svg","contentUrl":"https:\/\/audibax.com\/wp-content\/uploads\/2023\/09\/logo-Audibax-BLANCO-SVG-1.svg","caption":"Audibax"},"image":{"@id":"https:\/\/audibax.com\/es\/#\/schema\/logo\/image\/"}}]}},"_links":{"self":[{"href":"https:\/\/audibax.com\/es\/wp-json\/wp\/v2\/product\/34968","targetHints":{"allow":["GET"]}}],"collection":[{"href":"https:\/\/audibax.com\/es\/wp-json\/wp\/v2\/product"}],"about":[{"href":"https:\/\/audibax.com\/es\/wp-json\/wp\/v2\/types\/product"}],"replies":[{"embeddable":true,"href":"https:\/\/audibax.com\/es\/wp-json\/wp\/v2\/comments?post=34968"}],"wp:featuredmedia":[{"embeddable":true,"href":"https:\/\/audibax.com\/es\/wp-json\/wp\/v2\/media\/18089"}],"wp:attachment":[{"href":"https:\/\/audibax.com\/es\/wp-json\/wp\/v2\/media?parent=34968"}],"wp:term":[{"taxonomy":"product_cat","embeddable":true,"href":"https:\/\/audibax.com\/es\/wp-json\/wp\/v2\/product_cat?post=34968"},{"taxonomy":"product_tag","embeddable":true,"href":"https:\/\/audibax.com\/es\/wp-json\/wp\/v2\/product_tag?post=34968"}],"curies":[{"name":"wp","href":"https:\/\/api.w.org\/{rel}","templated":true}]}}