{"id":34940,"date":"2023-12-11T10:52:28","date_gmt":"2023-12-11T09:52:28","guid":{"rendered":"https:\/\/audibax.com\/product\/pro-mono-jack-mono-jack-6m-black-10093025-2\/"},"modified":"2024-03-05T13:26:10","modified_gmt":"2024-03-05T12:26:10","slug":"pro-mono-jack-mono-jack-6m-black-10093025-2","status":"publish","type":"product","link":"https:\/\/audibax.com\/es\/producto\/pro-mono-jack-mono-jack-6m-black-10093025-2\/","title":{"rendered":"Pro Mono Jack Mono Jack 6m 10093025"},"content":{"rendered":"<p><strong>Audibax Pro Cable Jack Mono a Jack Mono 1 metro<\/strong>\u00a0<strong>Negro<\/strong><\/p>\n<p>La serie\u00a0<strong>Pro de Audibax<\/strong>\u00a0proporciona una transmisi\u00f3n de se\u00f1al ultrapura y precisa. Estos cables incluyen conectores de alta calidad y un dise\u00f1o de baja capacitancia, lo que ofrece un rendimiento fiable y un sonido superior en todas las conexiones de tus equipos. Posee una configuraci\u00f3n que elimina cualquier ruido no deseado.<\/p>\n<p>La serie Pro est\u00e1 dise\u00f1ada para aquellas personas que est\u00e1n buscando una alta calidad de sonido y no quieren renunciar al m\u00e1s m\u00ednimo detalle. Los componentes adicionales de alta calidad proporcionan una reproducci\u00f3n de sonido limpia y precisa.<\/p>\n<p>&nbsp;<\/p>\n<h2>Caracter\u00edsticas generales de la serie Pro<\/h2>\n<p>&nbsp;<\/p>\n<ul>\n<li>Dise\u00f1o de bajo ruido con reproducci\u00f3n din\u00e1mica completa<\/li>\n<li>Conectores Pro Jack Mono de alta calidad<\/li>\n<li>Conectores de alto rendimiento<\/li>\n<\/ul>\n<h2>Caracter\u00edsticas del cable<\/h2>\n<p>&nbsp;<\/p>\n<ul>\n<li>Serie : Pro<\/li>\n<li>Tipo : Jack Mono<\/li>\n<li>Dise\u00f1o de bajo ruido con reproducci\u00f3n din\u00e1mica completa<\/li>\n<li>Cable con m\u00e1ximo aislamiento.<\/li>\n<li>Conectores de alto rendimiento<\/li>\n<li>Diametro de cable 6 mm.<\/li>\n<li>Secci\u00f3n del conductor 0.76 mm.<\/li>\n<li>Recubrimento de PVC de gran durabilidad.<\/li>\n<li>Longitud : 6 metros.<\/li>\n<li>Color : Negro<\/li>\n<\/ul>\n<p>&nbsp;<\/p>\n<h2>Caracter\u00edsticas Conector A<\/h2>\n<p>&nbsp;<\/p>\n<ul>\n<li>Conector :\u00a0Jack<\/li>\n<li>Tipo : Mono<\/li>\n<li>N\u00famero de Pines : 1<\/li>\n<li>Contactos de Conector : Plateado<\/li>\n<li>Color : Plateado \/ Negro<\/li>\n<li>Fabricante Conector A : Audibax<\/li>\n<li>Serie Conector A : Pro<\/li>\n<\/ul>\n<h2><\/h2>\n<h2>Caracter\u00edsticas Conector B<\/h2>\n<ul>\n<li>Conector :\u00a0Jack<\/li>\n<li>Tipo : Mono<\/li>\n<li>N\u00famero de Pines : 1<\/li>\n<li>Contactos de Conector : Plateado<\/li>\n<li>Color : Plateado \/ Negro<\/li>\n<li>Fabricante Conector B : Audibax<\/li>\n<li>Serie Conector B : Pro<\/li>\n<\/ul>\n","protected":false},"excerpt":{"rendered":"<ul>\n<li>Serie : Pro<\/li>\n<li>Tipo : Jack Mono a Jack Mono<\/li>\n<li>Longitud : 6m<\/li>\n<li>Color : Negro<\/li>\n<li>Di\u00e1metro del Cable : 6 mm<\/li>\n<\/ul>\n","protected":false},"featured_media":17563,"comment_status":"open","ping_status":"closed","template":"","meta":{"_acf_changed":false},"product_cat":[314],"product_tag":[],"class_list":{"0":"post-34940","1":"product","2":"type-product","3":"status-publish","4":"has-post-thumbnail","6":"product_cat-jack-cable-es","8":"first","9":"instock","10":"shipping-taxable","11":"product-type-simple"},"acf":[],"yoast_head":"<!-- This site is optimized with the Yoast SEO plugin v27.0 - https:\/\/yoast.com\/product\/yoast-seo-wordpress\/ -->\n<title>Pro Mono Jack Mono Jack 6m 10093025 - Audibax<\/title>\n<meta name=\"robots\" content=\"index, follow, max-snippet:-1, max-image-preview:large, max-video-preview:-1\" \/>\n<link rel=\"canonical\" href=\"https:\/\/audibax.com\/es\/producto\/pro-mono-jack-mono-jack-6m-black-10093025-2\/\" \/>\n<meta property=\"og:locale\" content=\"es_ES\" \/>\n<meta property=\"og:type\" content=\"article\" \/>\n<meta property=\"og:title\" content=\"Pro Mono Jack Mono Jack 6m 10093025 - Audibax\" \/>\n<meta property=\"og:description\" content=\"Serie : Pro  Tipo : Jack Mono a Jack Mono  Longitud : 6m  Color : Negro  Di\u00e1metro del Cable : 6 mm\" \/>\n<meta property=\"og:url\" content=\"https:\/\/audibax.com\/es\/producto\/pro-mono-jack-mono-jack-6m-black-10093025-2\/\" \/>\n<meta property=\"og:site_name\" content=\"Audibax\" \/>\n<meta property=\"article:modified_time\" content=\"2024-03-05T12:26:10+00:00\" \/>\n<meta property=\"og:image\" content=\"https:\/\/audibax.com\/wp-content\/uploads\/2023\/12\/Audibax-pro-cable-jack-mono-jack-mono-6m.png\" \/>\n\t<meta property=\"og:image:width\" content=\"1000\" \/>\n\t<meta property=\"og:image:height\" content=\"500\" \/>\n\t<meta property=\"og:image:type\" content=\"image\/png\" \/>\n<meta name=\"twitter:card\" content=\"summary_large_image\" \/>\n<meta name=\"twitter:label1\" content=\"Tiempo de lectura\" \/>\n\t<meta name=\"twitter:data1\" content=\"2 minutos\" \/>\n<script type=\"application\/ld+json\" class=\"yoast-schema-graph\">{\"@context\":\"https:\/\/schema.org\",\"@graph\":[{\"@type\":\"WebPage\",\"@id\":\"https:\/\/audibax.com\/es\/producto\/pro-mono-jack-mono-jack-6m-black-10093025-2\/\",\"url\":\"https:\/\/audibax.com\/es\/producto\/pro-mono-jack-mono-jack-6m-black-10093025-2\/\",\"name\":\"Pro Mono Jack Mono Jack 6m 10093025 - Audibax\",\"isPartOf\":{\"@id\":\"https:\/\/audibax.com\/es\/#website\"},\"primaryImageOfPage\":{\"@id\":\"https:\/\/audibax.com\/es\/producto\/pro-mono-jack-mono-jack-6m-black-10093025-2\/#primaryimage\"},\"image\":{\"@id\":\"https:\/\/audibax.com\/es\/producto\/pro-mono-jack-mono-jack-6m-black-10093025-2\/#primaryimage\"},\"thumbnailUrl\":\"https:\/\/audibax.com\/wp-content\/uploads\/2023\/12\/Audibax-pro-cable-jack-mono-jack-mono-6m.png\",\"datePublished\":\"2023-12-11T09:52:28+00:00\",\"dateModified\":\"2024-03-05T12:26:10+00:00\",\"breadcrumb\":{\"@id\":\"https:\/\/audibax.com\/es\/producto\/pro-mono-jack-mono-jack-6m-black-10093025-2\/#breadcrumb\"},\"inLanguage\":\"es\",\"potentialAction\":[{\"@type\":\"ReadAction\",\"target\":[\"https:\/\/audibax.com\/es\/producto\/pro-mono-jack-mono-jack-6m-black-10093025-2\/\"]}]},{\"@type\":\"ImageObject\",\"inLanguage\":\"es\",\"@id\":\"https:\/\/audibax.com\/es\/producto\/pro-mono-jack-mono-jack-6m-black-10093025-2\/#primaryimage\",\"url\":\"https:\/\/audibax.com\/wp-content\/uploads\/2023\/12\/Audibax-pro-cable-jack-mono-jack-mono-6m.png\",\"contentUrl\":\"https:\/\/audibax.com\/wp-content\/uploads\/2023\/12\/Audibax-pro-cable-jack-mono-jack-mono-6m.png\",\"width\":1000,\"height\":500},{\"@type\":\"BreadcrumbList\",\"@id\":\"https:\/\/audibax.com\/es\/producto\/pro-mono-jack-mono-jack-6m-black-10093025-2\/#breadcrumb\",\"itemListElement\":[{\"@type\":\"ListItem\",\"position\":1,\"name\":\"Portada\",\"item\":\"https:\/\/audibax.com\/es\/\"},{\"@type\":\"ListItem\",\"position\":2,\"name\":\"Productos\",\"item\":\"https:\/\/audibax.com\/es\/shop\/\"},{\"@type\":\"ListItem\",\"position\":3,\"name\":\"Pro Mono Jack Mono Jack 6m 10093025\"}]},{\"@type\":\"WebSite\",\"@id\":\"https:\/\/audibax.com\/es\/#website\",\"url\":\"https:\/\/audibax.com\/es\/\",\"name\":\"Audibax\",\"description\":\"\",\"publisher\":{\"@id\":\"https:\/\/audibax.com\/es\/#organization\"},\"potentialAction\":[{\"@type\":\"SearchAction\",\"target\":{\"@type\":\"EntryPoint\",\"urlTemplate\":\"https:\/\/audibax.com\/es\/?s={search_term_string}\"},\"query-input\":{\"@type\":\"PropertyValueSpecification\",\"valueRequired\":true,\"valueName\":\"search_term_string\"}}],\"inLanguage\":\"es\"},{\"@type\":\"Organization\",\"@id\":\"https:\/\/audibax.com\/es\/#organization\",\"name\":\"Audibax\",\"url\":\"https:\/\/audibax.com\/es\/\",\"logo\":{\"@type\":\"ImageObject\",\"inLanguage\":\"es\",\"@id\":\"https:\/\/audibax.com\/es\/#\/schema\/logo\/image\/\",\"url\":\"https:\/\/audibax.com\/wp-content\/uploads\/2023\/09\/logo-Audibax-BLANCO-SVG-1.svg\",\"contentUrl\":\"https:\/\/audibax.com\/wp-content\/uploads\/2023\/09\/logo-Audibax-BLANCO-SVG-1.svg\",\"caption\":\"Audibax\"},\"image\":{\"@id\":\"https:\/\/audibax.com\/es\/#\/schema\/logo\/image\/\"}}]}<\/script>\n<!-- \/ Yoast SEO plugin. -->","yoast_head_json":{"title":"Pro Mono Jack Mono Jack 6m 10093025 - Audibax","robots":{"index":"index","follow":"follow","max-snippet":"max-snippet:-1","max-image-preview":"max-image-preview:large","max-video-preview":"max-video-preview:-1"},"canonical":"https:\/\/audibax.com\/es\/producto\/pro-mono-jack-mono-jack-6m-black-10093025-2\/","og_locale":"es_ES","og_type":"article","og_title":"Pro Mono Jack Mono Jack 6m 10093025 - Audibax","og_description":"Serie : Pro  Tipo : Jack Mono a Jack Mono  Longitud : 6m  Color : Negro  Di\u00e1metro del Cable : 6 mm","og_url":"https:\/\/audibax.com\/es\/producto\/pro-mono-jack-mono-jack-6m-black-10093025-2\/","og_site_name":"Audibax","article_modified_time":"2024-03-05T12:26:10+00:00","og_image":[{"width":1000,"height":500,"url":"https:\/\/audibax.com\/wp-content\/uploads\/2023\/12\/Audibax-pro-cable-jack-mono-jack-mono-6m.png","type":"image\/png"}],"twitter_card":"summary_large_image","twitter_misc":{"Tiempo de lectura":"2 minutos"},"schema":{"@context":"https:\/\/schema.org","@graph":[{"@type":"WebPage","@id":"https:\/\/audibax.com\/es\/producto\/pro-mono-jack-mono-jack-6m-black-10093025-2\/","url":"https:\/\/audibax.com\/es\/producto\/pro-mono-jack-mono-jack-6m-black-10093025-2\/","name":"Pro Mono Jack Mono Jack 6m 10093025 - Audibax","isPartOf":{"@id":"https:\/\/audibax.com\/es\/#website"},"primaryImageOfPage":{"@id":"https:\/\/audibax.com\/es\/producto\/pro-mono-jack-mono-jack-6m-black-10093025-2\/#primaryimage"},"image":{"@id":"https:\/\/audibax.com\/es\/producto\/pro-mono-jack-mono-jack-6m-black-10093025-2\/#primaryimage"},"thumbnailUrl":"https:\/\/audibax.com\/wp-content\/uploads\/2023\/12\/Audibax-pro-cable-jack-mono-jack-mono-6m.png","datePublished":"2023-12-11T09:52:28+00:00","dateModified":"2024-03-05T12:26:10+00:00","breadcrumb":{"@id":"https:\/\/audibax.com\/es\/producto\/pro-mono-jack-mono-jack-6m-black-10093025-2\/#breadcrumb"},"inLanguage":"es","potentialAction":[{"@type":"ReadAction","target":["https:\/\/audibax.com\/es\/producto\/pro-mono-jack-mono-jack-6m-black-10093025-2\/"]}]},{"@type":"ImageObject","inLanguage":"es","@id":"https:\/\/audibax.com\/es\/producto\/pro-mono-jack-mono-jack-6m-black-10093025-2\/#primaryimage","url":"https:\/\/audibax.com\/wp-content\/uploads\/2023\/12\/Audibax-pro-cable-jack-mono-jack-mono-6m.png","contentUrl":"https:\/\/audibax.com\/wp-content\/uploads\/2023\/12\/Audibax-pro-cable-jack-mono-jack-mono-6m.png","width":1000,"height":500},{"@type":"BreadcrumbList","@id":"https:\/\/audibax.com\/es\/producto\/pro-mono-jack-mono-jack-6m-black-10093025-2\/#breadcrumb","itemListElement":[{"@type":"ListItem","position":1,"name":"Portada","item":"https:\/\/audibax.com\/es\/"},{"@type":"ListItem","position":2,"name":"Productos","item":"https:\/\/audibax.com\/es\/shop\/"},{"@type":"ListItem","position":3,"name":"Pro Mono Jack Mono Jack 6m 10093025"}]},{"@type":"WebSite","@id":"https:\/\/audibax.com\/es\/#website","url":"https:\/\/audibax.com\/es\/","name":"Audibax","description":"","publisher":{"@id":"https:\/\/audibax.com\/es\/#organization"},"potentialAction":[{"@type":"SearchAction","target":{"@type":"EntryPoint","urlTemplate":"https:\/\/audibax.com\/es\/?s={search_term_string}"},"query-input":{"@type":"PropertyValueSpecification","valueRequired":true,"valueName":"search_term_string"}}],"inLanguage":"es"},{"@type":"Organization","@id":"https:\/\/audibax.com\/es\/#organization","name":"Audibax","url":"https:\/\/audibax.com\/es\/","logo":{"@type":"ImageObject","inLanguage":"es","@id":"https:\/\/audibax.com\/es\/#\/schema\/logo\/image\/","url":"https:\/\/audibax.com\/wp-content\/uploads\/2023\/09\/logo-Audibax-BLANCO-SVG-1.svg","contentUrl":"https:\/\/audibax.com\/wp-content\/uploads\/2023\/09\/logo-Audibax-BLANCO-SVG-1.svg","caption":"Audibax"},"image":{"@id":"https:\/\/audibax.com\/es\/#\/schema\/logo\/image\/"}}]}},"_links":{"self":[{"href":"https:\/\/audibax.com\/es\/wp-json\/wp\/v2\/product\/34940","targetHints":{"allow":["GET"]}}],"collection":[{"href":"https:\/\/audibax.com\/es\/wp-json\/wp\/v2\/product"}],"about":[{"href":"https:\/\/audibax.com\/es\/wp-json\/wp\/v2\/types\/product"}],"replies":[{"embeddable":true,"href":"https:\/\/audibax.com\/es\/wp-json\/wp\/v2\/comments?post=34940"}],"wp:featuredmedia":[{"embeddable":true,"href":"https:\/\/audibax.com\/es\/wp-json\/wp\/v2\/media\/17563"}],"wp:attachment":[{"href":"https:\/\/audibax.com\/es\/wp-json\/wp\/v2\/media?parent=34940"}],"wp:term":[{"taxonomy":"product_cat","embeddable":true,"href":"https:\/\/audibax.com\/es\/wp-json\/wp\/v2\/product_cat?post=34940"},{"taxonomy":"product_tag","embeddable":true,"href":"https:\/\/audibax.com\/es\/wp-json\/wp\/v2\/product_tag?post=34940"}],"curies":[{"name":"wp","href":"https:\/\/api.w.org\/{rel}","templated":true}]}}