{"id":34882,"date":"2023-12-11T10:38:45","date_gmt":"2023-12-11T09:38:45","guid":{"rendered":"https:\/\/audibax.com\/product\/bronze-gold-stereo-jack-stereo-jack-15m-black-10145084-2\/"},"modified":"2024-03-05T13:23:36","modified_gmt":"2024-03-05T12:23:36","slug":"bronze-gold-stereo-jack-stereo-jack-15m-black-10145084-2","status":"publish","type":"product","link":"https:\/\/audibax.com\/es\/producto\/bronze-gold-stereo-jack-stereo-jack-15m-black-10145084-2\/","title":{"rendered":"Bronze Gold Stereo Jack Stereo Jack 1,5m 10145084"},"content":{"rendered":"<p><strong>Audibax Bronze Gold Cable Jack Stereo a Jack Stereo 1.5 Metros Negro<\/strong><\/p>\n<p>Los cables de la serie\u00a0<strong>Bronze de Audibax<\/strong>\u00a0es la gama con mejor calidad-precio del mercado. Tiene un duro recubrimiento de PVC que aportan el m\u00e1ximo aislamiento al cable. Si lo que buscas es un cable con buena calidad al mejor precio, esta gama es la perfecta.<\/p>\n<h2>Caracter\u00edsticas del cable<\/h2>\n<p>&nbsp;<\/p>\n<ul>\n<li>Serie : Bronze Gold<\/li>\n<li>Tipo :\u00a0Jack Stereo a Jack Stereo<\/li>\n<li>Dise\u00f1o de bajo ruido con reproducci\u00f3n din\u00e1mica completa<\/li>\n<li>Cable con m\u00e1ximo aislamiento.<\/li>\n<li>Conectores de alto rendimiento<\/li>\n<li>Di\u00e1metro exterior: 8 mm<\/li>\n<li>Recubrimento de PVC de gran durabilidad.<\/li>\n<li>Terminaci\u00f3n Bronze Gold<\/li>\n<li>Longitud : 1.5 metros.<\/li>\n<li>Color : Negro<\/li>\n<\/ul>\n<p>&nbsp;<\/p>\n<h2>Caracter\u00edsticas Conector A<\/h2>\n<p>&nbsp;<\/p>\n<ul>\n<li>Conector :\u00a0Jack<\/li>\n<li>Tipo : Stereo<\/li>\n<li>N\u00famero de Pines : 1<\/li>\n<li>Contactos de Conector :\u00a0Ba\u00f1ado en Oro de 24k<\/li>\n<li>Color : Negro<\/li>\n<li>Fabricante Conector A : Audibax<\/li>\n<li>Serie Conector A : Bronze Gold<\/li>\n<\/ul>\n<h2><\/h2>\n<h2>Caracter\u00edsticas Conector B<\/h2>\n<ul>\n<li>Conector :\u00a0Jack<\/li>\n<li>Tipo :\u00a0Stereo<\/li>\n<li>N\u00famero de Pines : 1<\/li>\n<li>Contactos de Conector : Ba\u00f1ado en Oro de 24k<\/li>\n<li>Color : Negro<\/li>\n<li>Fabricante Conector B : Audibax<\/li>\n<li>Serie Conector B : Bronze Gold<\/li>\n<\/ul>\n","protected":false},"excerpt":{"rendered":"<ul>\n<li>Serie : Bronze Gold<\/li>\n<li>Tipo :\u00a0Jack Stereo a Jack Stereo<\/li>\n<li>Longitud : 1.5 m<\/li>\n<li>Color : Negro<\/li>\n<li>Di\u00e1metro del Cable : 8 mm<\/li>\n<\/ul>\n","protected":false},"featured_media":16883,"comment_status":"open","ping_status":"closed","template":"","meta":{"_acf_changed":false},"product_cat":[314],"product_tag":[],"class_list":{"0":"post-34882","1":"product","2":"type-product","3":"status-publish","4":"has-post-thumbnail","6":"product_cat-jack-cable-es","8":"first","9":"instock","10":"shipping-taxable","11":"product-type-simple"},"acf":[],"yoast_head":"<!-- This site is optimized with the Yoast SEO plugin v27.0 - https:\/\/yoast.com\/product\/yoast-seo-wordpress\/ -->\n<title>Bronze Gold Stereo Jack Stereo Jack 1,5m 10145084 - Audibax<\/title>\n<meta name=\"robots\" content=\"index, follow, max-snippet:-1, max-image-preview:large, max-video-preview:-1\" \/>\n<link rel=\"canonical\" href=\"https:\/\/audibax.com\/es\/producto\/bronze-gold-stereo-jack-stereo-jack-15m-black-10145084-2\/\" \/>\n<meta property=\"og:locale\" content=\"es_ES\" \/>\n<meta property=\"og:type\" content=\"article\" \/>\n<meta property=\"og:title\" content=\"Bronze Gold Stereo Jack Stereo Jack 1,5m 10145084 - Audibax\" \/>\n<meta property=\"og:description\" content=\"Serie : Bronze Gold  Tipo :\u00a0Jack Stereo a Jack Stereo  Longitud : 1.5 m  Color : Negro  Di\u00e1metro del Cable : 8 mm\" \/>\n<meta property=\"og:url\" content=\"https:\/\/audibax.com\/es\/producto\/bronze-gold-stereo-jack-stereo-jack-15m-black-10145084-2\/\" \/>\n<meta property=\"og:site_name\" content=\"Audibax\" \/>\n<meta property=\"article:modified_time\" content=\"2024-03-05T12:23:36+00:00\" \/>\n<meta property=\"og:image\" content=\"https:\/\/audibax.com\/wp-content\/uploads\/2023\/12\/audibax-bronze-gold-cable-jack-stereo-a-jack-stereo-1.5-metros-negro-1024x770.png\" \/>\n\t<meta property=\"og:image:width\" content=\"1024\" \/>\n\t<meta property=\"og:image:height\" content=\"770\" \/>\n\t<meta property=\"og:image:type\" content=\"image\/png\" \/>\n<meta name=\"twitter:card\" content=\"summary_large_image\" \/>\n<meta name=\"twitter:label1\" content=\"Tiempo de lectura\" \/>\n\t<meta name=\"twitter:data1\" content=\"1 minuto\" \/>\n<script type=\"application\/ld+json\" class=\"yoast-schema-graph\">{\"@context\":\"https:\/\/schema.org\",\"@graph\":[{\"@type\":\"WebPage\",\"@id\":\"https:\/\/audibax.com\/es\/producto\/bronze-gold-stereo-jack-stereo-jack-15m-black-10145084-2\/\",\"url\":\"https:\/\/audibax.com\/es\/producto\/bronze-gold-stereo-jack-stereo-jack-15m-black-10145084-2\/\",\"name\":\"Bronze Gold Stereo Jack Stereo Jack 1,5m 10145084 - Audibax\",\"isPartOf\":{\"@id\":\"https:\/\/audibax.com\/es\/#website\"},\"primaryImageOfPage\":{\"@id\":\"https:\/\/audibax.com\/es\/producto\/bronze-gold-stereo-jack-stereo-jack-15m-black-10145084-2\/#primaryimage\"},\"image\":{\"@id\":\"https:\/\/audibax.com\/es\/producto\/bronze-gold-stereo-jack-stereo-jack-15m-black-10145084-2\/#primaryimage\"},\"thumbnailUrl\":\"https:\/\/audibax.com\/wp-content\/uploads\/2023\/12\/audibax-bronze-gold-cable-jack-stereo-a-jack-stereo-1.5-metros-negro.png\",\"datePublished\":\"2023-12-11T09:38:45+00:00\",\"dateModified\":\"2024-03-05T12:23:36+00:00\",\"breadcrumb\":{\"@id\":\"https:\/\/audibax.com\/es\/producto\/bronze-gold-stereo-jack-stereo-jack-15m-black-10145084-2\/#breadcrumb\"},\"inLanguage\":\"es\",\"potentialAction\":[{\"@type\":\"ReadAction\",\"target\":[\"https:\/\/audibax.com\/es\/producto\/bronze-gold-stereo-jack-stereo-jack-15m-black-10145084-2\/\"]}]},{\"@type\":\"ImageObject\",\"inLanguage\":\"es\",\"@id\":\"https:\/\/audibax.com\/es\/producto\/bronze-gold-stereo-jack-stereo-jack-15m-black-10145084-2\/#primaryimage\",\"url\":\"https:\/\/audibax.com\/wp-content\/uploads\/2023\/12\/audibax-bronze-gold-cable-jack-stereo-a-jack-stereo-1.5-metros-negro.png\",\"contentUrl\":\"https:\/\/audibax.com\/wp-content\/uploads\/2023\/12\/audibax-bronze-gold-cable-jack-stereo-a-jack-stereo-1.5-metros-negro.png\",\"width\":3840,\"height\":2887},{\"@type\":\"BreadcrumbList\",\"@id\":\"https:\/\/audibax.com\/es\/producto\/bronze-gold-stereo-jack-stereo-jack-15m-black-10145084-2\/#breadcrumb\",\"itemListElement\":[{\"@type\":\"ListItem\",\"position\":1,\"name\":\"Portada\",\"item\":\"https:\/\/audibax.com\/es\/\"},{\"@type\":\"ListItem\",\"position\":2,\"name\":\"Productos\",\"item\":\"https:\/\/audibax.com\/es\/shop\/\"},{\"@type\":\"ListItem\",\"position\":3,\"name\":\"Bronze Gold Stereo Jack Stereo Jack 1,5m 10145084\"}]},{\"@type\":\"WebSite\",\"@id\":\"https:\/\/audibax.com\/es\/#website\",\"url\":\"https:\/\/audibax.com\/es\/\",\"name\":\"Audibax\",\"description\":\"\",\"publisher\":{\"@id\":\"https:\/\/audibax.com\/es\/#organization\"},\"potentialAction\":[{\"@type\":\"SearchAction\",\"target\":{\"@type\":\"EntryPoint\",\"urlTemplate\":\"https:\/\/audibax.com\/es\/?s={search_term_string}\"},\"query-input\":{\"@type\":\"PropertyValueSpecification\",\"valueRequired\":true,\"valueName\":\"search_term_string\"}}],\"inLanguage\":\"es\"},{\"@type\":\"Organization\",\"@id\":\"https:\/\/audibax.com\/es\/#organization\",\"name\":\"Audibax\",\"url\":\"https:\/\/audibax.com\/es\/\",\"logo\":{\"@type\":\"ImageObject\",\"inLanguage\":\"es\",\"@id\":\"https:\/\/audibax.com\/es\/#\/schema\/logo\/image\/\",\"url\":\"https:\/\/audibax.com\/wp-content\/uploads\/2023\/09\/logo-Audibax-BLANCO-SVG-1.svg\",\"contentUrl\":\"https:\/\/audibax.com\/wp-content\/uploads\/2023\/09\/logo-Audibax-BLANCO-SVG-1.svg\",\"caption\":\"Audibax\"},\"image\":{\"@id\":\"https:\/\/audibax.com\/es\/#\/schema\/logo\/image\/\"}}]}<\/script>\n<!-- \/ Yoast SEO plugin. -->","yoast_head_json":{"title":"Bronze Gold Stereo Jack Stereo Jack 1,5m 10145084 - Audibax","robots":{"index":"index","follow":"follow","max-snippet":"max-snippet:-1","max-image-preview":"max-image-preview:large","max-video-preview":"max-video-preview:-1"},"canonical":"https:\/\/audibax.com\/es\/producto\/bronze-gold-stereo-jack-stereo-jack-15m-black-10145084-2\/","og_locale":"es_ES","og_type":"article","og_title":"Bronze Gold Stereo Jack Stereo Jack 1,5m 10145084 - Audibax","og_description":"Serie : Bronze Gold  Tipo :\u00a0Jack Stereo a Jack Stereo  Longitud : 1.5 m  Color : Negro  Di\u00e1metro del Cable : 8 mm","og_url":"https:\/\/audibax.com\/es\/producto\/bronze-gold-stereo-jack-stereo-jack-15m-black-10145084-2\/","og_site_name":"Audibax","article_modified_time":"2024-03-05T12:23:36+00:00","og_image":[{"width":1024,"height":770,"url":"https:\/\/audibax.com\/wp-content\/uploads\/2023\/12\/audibax-bronze-gold-cable-jack-stereo-a-jack-stereo-1.5-metros-negro-1024x770.png","type":"image\/png"}],"twitter_card":"summary_large_image","twitter_misc":{"Tiempo de lectura":"1 minuto"},"schema":{"@context":"https:\/\/schema.org","@graph":[{"@type":"WebPage","@id":"https:\/\/audibax.com\/es\/producto\/bronze-gold-stereo-jack-stereo-jack-15m-black-10145084-2\/","url":"https:\/\/audibax.com\/es\/producto\/bronze-gold-stereo-jack-stereo-jack-15m-black-10145084-2\/","name":"Bronze Gold Stereo Jack Stereo Jack 1,5m 10145084 - Audibax","isPartOf":{"@id":"https:\/\/audibax.com\/es\/#website"},"primaryImageOfPage":{"@id":"https:\/\/audibax.com\/es\/producto\/bronze-gold-stereo-jack-stereo-jack-15m-black-10145084-2\/#primaryimage"},"image":{"@id":"https:\/\/audibax.com\/es\/producto\/bronze-gold-stereo-jack-stereo-jack-15m-black-10145084-2\/#primaryimage"},"thumbnailUrl":"https:\/\/audibax.com\/wp-content\/uploads\/2023\/12\/audibax-bronze-gold-cable-jack-stereo-a-jack-stereo-1.5-metros-negro.png","datePublished":"2023-12-11T09:38:45+00:00","dateModified":"2024-03-05T12:23:36+00:00","breadcrumb":{"@id":"https:\/\/audibax.com\/es\/producto\/bronze-gold-stereo-jack-stereo-jack-15m-black-10145084-2\/#breadcrumb"},"inLanguage":"es","potentialAction":[{"@type":"ReadAction","target":["https:\/\/audibax.com\/es\/producto\/bronze-gold-stereo-jack-stereo-jack-15m-black-10145084-2\/"]}]},{"@type":"ImageObject","inLanguage":"es","@id":"https:\/\/audibax.com\/es\/producto\/bronze-gold-stereo-jack-stereo-jack-15m-black-10145084-2\/#primaryimage","url":"https:\/\/audibax.com\/wp-content\/uploads\/2023\/12\/audibax-bronze-gold-cable-jack-stereo-a-jack-stereo-1.5-metros-negro.png","contentUrl":"https:\/\/audibax.com\/wp-content\/uploads\/2023\/12\/audibax-bronze-gold-cable-jack-stereo-a-jack-stereo-1.5-metros-negro.png","width":3840,"height":2887},{"@type":"BreadcrumbList","@id":"https:\/\/audibax.com\/es\/producto\/bronze-gold-stereo-jack-stereo-jack-15m-black-10145084-2\/#breadcrumb","itemListElement":[{"@type":"ListItem","position":1,"name":"Portada","item":"https:\/\/audibax.com\/es\/"},{"@type":"ListItem","position":2,"name":"Productos","item":"https:\/\/audibax.com\/es\/shop\/"},{"@type":"ListItem","position":3,"name":"Bronze Gold Stereo Jack Stereo Jack 1,5m 10145084"}]},{"@type":"WebSite","@id":"https:\/\/audibax.com\/es\/#website","url":"https:\/\/audibax.com\/es\/","name":"Audibax","description":"","publisher":{"@id":"https:\/\/audibax.com\/es\/#organization"},"potentialAction":[{"@type":"SearchAction","target":{"@type":"EntryPoint","urlTemplate":"https:\/\/audibax.com\/es\/?s={search_term_string}"},"query-input":{"@type":"PropertyValueSpecification","valueRequired":true,"valueName":"search_term_string"}}],"inLanguage":"es"},{"@type":"Organization","@id":"https:\/\/audibax.com\/es\/#organization","name":"Audibax","url":"https:\/\/audibax.com\/es\/","logo":{"@type":"ImageObject","inLanguage":"es","@id":"https:\/\/audibax.com\/es\/#\/schema\/logo\/image\/","url":"https:\/\/audibax.com\/wp-content\/uploads\/2023\/09\/logo-Audibax-BLANCO-SVG-1.svg","contentUrl":"https:\/\/audibax.com\/wp-content\/uploads\/2023\/09\/logo-Audibax-BLANCO-SVG-1.svg","caption":"Audibax"},"image":{"@id":"https:\/\/audibax.com\/es\/#\/schema\/logo\/image\/"}}]}},"_links":{"self":[{"href":"https:\/\/audibax.com\/es\/wp-json\/wp\/v2\/product\/34882","targetHints":{"allow":["GET"]}}],"collection":[{"href":"https:\/\/audibax.com\/es\/wp-json\/wp\/v2\/product"}],"about":[{"href":"https:\/\/audibax.com\/es\/wp-json\/wp\/v2\/types\/product"}],"replies":[{"embeddable":true,"href":"https:\/\/audibax.com\/es\/wp-json\/wp\/v2\/comments?post=34882"}],"wp:featuredmedia":[{"embeddable":true,"href":"https:\/\/audibax.com\/es\/wp-json\/wp\/v2\/media\/16883"}],"wp:attachment":[{"href":"https:\/\/audibax.com\/es\/wp-json\/wp\/v2\/media?parent=34882"}],"wp:term":[{"taxonomy":"product_cat","embeddable":true,"href":"https:\/\/audibax.com\/es\/wp-json\/wp\/v2\/product_cat?post=34882"},{"taxonomy":"product_tag","embeddable":true,"href":"https:\/\/audibax.com\/es\/wp-json\/wp\/v2\/product_tag?post=34882"}],"curies":[{"name":"wp","href":"https:\/\/api.w.org\/{rel}","templated":true}]}}