{"id":34879,"date":"2023-12-11T10:38:34","date_gmt":"2023-12-11T09:38:34","guid":{"rendered":"https:\/\/audibax.com\/product\/bronze-mono-jack-mono-jack-6m-black-10145074-2\/"},"modified":"2024-03-05T13:23:54","modified_gmt":"2024-03-05T12:23:54","slug":"bronze-mono-jack-mono-jack-6m-black-10145074-2","status":"publish","type":"product","link":"https:\/\/audibax.com\/es\/producto\/bronze-mono-jack-mono-jack-6m-black-10145074-2\/","title":{"rendered":"Bronze Mono Jack Mono Jack 6m 10145074"},"content":{"rendered":"<p><strong>Audibax Bronze Cable Jack Mono a Jack Mono 6 Metro Negro<\/strong><\/p>\n<p>Los cables de la serie\u00a0<strong>Bronze de Audibax<\/strong>\u00a0es la gama con mejor calidad-precio del mercado. Tiene un duro recubrimiento de PVC que aportan el m\u00e1ximo aislamiento al cable. Si lo que buscas es un cable con buena calidad al mejor precio, esta gama es la perfecta.<\/p>\n<h2><\/h2>\n<h2>Caracter\u00edsticas del cable<\/h2>\n<p>&nbsp;<\/p>\n<ul>\n<li>Serie : Bronze<\/li>\n<li>Tipo :\u00a0Jack Mono a Jack Mono<\/li>\n<li>Dise\u00f1o de bajo ruido con reproducci\u00f3n din\u00e1mica completa<\/li>\n<li>Cable con m\u00e1ximo aislamiento.<\/li>\n<li>Conectores de alto rendimiento<\/li>\n<li>Di\u00e1metro exterior: 6 mm<\/li>\n<li>Recubrimento de PVC de gran durabilidad.<\/li>\n<li>Longitud : 6 metros.<\/li>\n<li>Color : Negro<\/li>\n<\/ul>\n<p>&nbsp;<\/p>\n<h2>Caracter\u00edsticas Conector A<\/h2>\n<p>&nbsp;<\/p>\n<ul>\n<li>Conector :\u00a0Jack<\/li>\n<li>Tipo : Mono<\/li>\n<li>N\u00famero de Pines : 1<\/li>\n<li>Contactos de Conector : Plateado<\/li>\n<li>Color : Gris<\/li>\n<li>Fabricante Conector A : Audibax<\/li>\n<li>Serie Conector A : Bronze<\/li>\n<\/ul>\n<h2><\/h2>\n<h2>Caracter\u00edsticas Conector B<\/h2>\n<ul>\n<li>Conector : Jack<\/li>\n<li>Tipo : Mono<\/li>\n<li>N\u00famero de Pines : 1<\/li>\n<li>Contactos de Conector : Plateado<\/li>\n<li>Color : Gris<\/li>\n<li>Fabricante Conector B : Audibax<\/li>\n<li>Serie Conector B : Bronze<\/li>\n<\/ul>\n","protected":false},"excerpt":{"rendered":"<ul>\n<li>Serie : Bronze<\/li>\n<li>Tipo : Jack Mono a Jack Mono<\/li>\n<li>Longitud : 6 m<\/li>\n<li>Color : Negro<\/li>\n<li>Di\u00e1metro del Cable : 6 mm<\/li>\n<\/ul>\n","protected":false},"featured_media":18031,"comment_status":"open","ping_status":"closed","template":"","meta":{"_acf_changed":false},"product_cat":[314],"product_tag":[],"class_list":{"0":"post-34879","1":"product","2":"type-product","3":"status-publish","4":"has-post-thumbnail","6":"product_cat-jack-cable-es","8":"first","9":"instock","10":"shipping-taxable","11":"product-type-simple"},"acf":[],"yoast_head":"<!-- This site is optimized with the Yoast SEO plugin v27.0 - https:\/\/yoast.com\/product\/yoast-seo-wordpress\/ -->\n<title>Bronze Mono Jack Mono Jack 6m 10145074 - Audibax<\/title>\n<meta name=\"robots\" content=\"index, follow, max-snippet:-1, max-image-preview:large, max-video-preview:-1\" \/>\n<link rel=\"canonical\" href=\"https:\/\/audibax.com\/es\/producto\/bronze-mono-jack-mono-jack-6m-black-10145074-2\/\" \/>\n<meta property=\"og:locale\" content=\"es_ES\" \/>\n<meta property=\"og:type\" content=\"article\" \/>\n<meta property=\"og:title\" content=\"Bronze Mono Jack Mono Jack 6m 10145074 - Audibax\" \/>\n<meta property=\"og:description\" content=\"Serie : Bronze  Tipo : Jack Mono a Jack Mono  Longitud : 6 m  Color : Negro  Di\u00e1metro del Cable : 6 mm\" \/>\n<meta property=\"og:url\" content=\"https:\/\/audibax.com\/es\/producto\/bronze-mono-jack-mono-jack-6m-black-10145074-2\/\" \/>\n<meta property=\"og:site_name\" content=\"Audibax\" \/>\n<meta property=\"article:modified_time\" content=\"2024-03-05T12:23:54+00:00\" \/>\n<meta property=\"og:image\" content=\"https:\/\/audibax.com\/wp-content\/uploads\/2023\/12\/cable-jack-mono-a-jack-mono-6-metro-negro-audibax.png\" \/>\n\t<meta property=\"og:image:width\" content=\"1000\" \/>\n\t<meta property=\"og:image:height\" content=\"500\" \/>\n\t<meta property=\"og:image:type\" content=\"image\/png\" \/>\n<meta name=\"twitter:card\" content=\"summary_large_image\" \/>\n<meta name=\"twitter:label1\" content=\"Tiempo de lectura\" \/>\n\t<meta name=\"twitter:data1\" content=\"1 minuto\" \/>\n<script type=\"application\/ld+json\" class=\"yoast-schema-graph\">{\"@context\":\"https:\/\/schema.org\",\"@graph\":[{\"@type\":\"WebPage\",\"@id\":\"https:\/\/audibax.com\/es\/producto\/bronze-mono-jack-mono-jack-6m-black-10145074-2\/\",\"url\":\"https:\/\/audibax.com\/es\/producto\/bronze-mono-jack-mono-jack-6m-black-10145074-2\/\",\"name\":\"Bronze Mono Jack Mono Jack 6m 10145074 - Audibax\",\"isPartOf\":{\"@id\":\"https:\/\/audibax.com\/es\/#website\"},\"primaryImageOfPage\":{\"@id\":\"https:\/\/audibax.com\/es\/producto\/bronze-mono-jack-mono-jack-6m-black-10145074-2\/#primaryimage\"},\"image\":{\"@id\":\"https:\/\/audibax.com\/es\/producto\/bronze-mono-jack-mono-jack-6m-black-10145074-2\/#primaryimage\"},\"thumbnailUrl\":\"https:\/\/audibax.com\/wp-content\/uploads\/2023\/12\/cable-jack-mono-a-jack-mono-6-metro-negro-audibax.png\",\"datePublished\":\"2023-12-11T09:38:34+00:00\",\"dateModified\":\"2024-03-05T12:23:54+00:00\",\"breadcrumb\":{\"@id\":\"https:\/\/audibax.com\/es\/producto\/bronze-mono-jack-mono-jack-6m-black-10145074-2\/#breadcrumb\"},\"inLanguage\":\"es\",\"potentialAction\":[{\"@type\":\"ReadAction\",\"target\":[\"https:\/\/audibax.com\/es\/producto\/bronze-mono-jack-mono-jack-6m-black-10145074-2\/\"]}]},{\"@type\":\"ImageObject\",\"inLanguage\":\"es\",\"@id\":\"https:\/\/audibax.com\/es\/producto\/bronze-mono-jack-mono-jack-6m-black-10145074-2\/#primaryimage\",\"url\":\"https:\/\/audibax.com\/wp-content\/uploads\/2023\/12\/cable-jack-mono-a-jack-mono-6-metro-negro-audibax.png\",\"contentUrl\":\"https:\/\/audibax.com\/wp-content\/uploads\/2023\/12\/cable-jack-mono-a-jack-mono-6-metro-negro-audibax.png\",\"width\":1000,\"height\":500},{\"@type\":\"BreadcrumbList\",\"@id\":\"https:\/\/audibax.com\/es\/producto\/bronze-mono-jack-mono-jack-6m-black-10145074-2\/#breadcrumb\",\"itemListElement\":[{\"@type\":\"ListItem\",\"position\":1,\"name\":\"Portada\",\"item\":\"https:\/\/audibax.com\/es\/\"},{\"@type\":\"ListItem\",\"position\":2,\"name\":\"Productos\",\"item\":\"https:\/\/audibax.com\/es\/shop\/\"},{\"@type\":\"ListItem\",\"position\":3,\"name\":\"Bronze Mono Jack Mono Jack 6m 10145074\"}]},{\"@type\":\"WebSite\",\"@id\":\"https:\/\/audibax.com\/es\/#website\",\"url\":\"https:\/\/audibax.com\/es\/\",\"name\":\"Audibax\",\"description\":\"\",\"publisher\":{\"@id\":\"https:\/\/audibax.com\/es\/#organization\"},\"potentialAction\":[{\"@type\":\"SearchAction\",\"target\":{\"@type\":\"EntryPoint\",\"urlTemplate\":\"https:\/\/audibax.com\/es\/?s={search_term_string}\"},\"query-input\":{\"@type\":\"PropertyValueSpecification\",\"valueRequired\":true,\"valueName\":\"search_term_string\"}}],\"inLanguage\":\"es\"},{\"@type\":\"Organization\",\"@id\":\"https:\/\/audibax.com\/es\/#organization\",\"name\":\"Audibax\",\"url\":\"https:\/\/audibax.com\/es\/\",\"logo\":{\"@type\":\"ImageObject\",\"inLanguage\":\"es\",\"@id\":\"https:\/\/audibax.com\/es\/#\/schema\/logo\/image\/\",\"url\":\"https:\/\/audibax.com\/wp-content\/uploads\/2023\/09\/logo-Audibax-BLANCO-SVG-1.svg\",\"contentUrl\":\"https:\/\/audibax.com\/wp-content\/uploads\/2023\/09\/logo-Audibax-BLANCO-SVG-1.svg\",\"caption\":\"Audibax\"},\"image\":{\"@id\":\"https:\/\/audibax.com\/es\/#\/schema\/logo\/image\/\"}}]}<\/script>\n<!-- \/ Yoast SEO plugin. -->","yoast_head_json":{"title":"Bronze Mono Jack Mono Jack 6m 10145074 - Audibax","robots":{"index":"index","follow":"follow","max-snippet":"max-snippet:-1","max-image-preview":"max-image-preview:large","max-video-preview":"max-video-preview:-1"},"canonical":"https:\/\/audibax.com\/es\/producto\/bronze-mono-jack-mono-jack-6m-black-10145074-2\/","og_locale":"es_ES","og_type":"article","og_title":"Bronze Mono Jack Mono Jack 6m 10145074 - Audibax","og_description":"Serie : Bronze  Tipo : Jack Mono a Jack Mono  Longitud : 6 m  Color : Negro  Di\u00e1metro del Cable : 6 mm","og_url":"https:\/\/audibax.com\/es\/producto\/bronze-mono-jack-mono-jack-6m-black-10145074-2\/","og_site_name":"Audibax","article_modified_time":"2024-03-05T12:23:54+00:00","og_image":[{"width":1000,"height":500,"url":"https:\/\/audibax.com\/wp-content\/uploads\/2023\/12\/cable-jack-mono-a-jack-mono-6-metro-negro-audibax.png","type":"image\/png"}],"twitter_card":"summary_large_image","twitter_misc":{"Tiempo de lectura":"1 minuto"},"schema":{"@context":"https:\/\/schema.org","@graph":[{"@type":"WebPage","@id":"https:\/\/audibax.com\/es\/producto\/bronze-mono-jack-mono-jack-6m-black-10145074-2\/","url":"https:\/\/audibax.com\/es\/producto\/bronze-mono-jack-mono-jack-6m-black-10145074-2\/","name":"Bronze Mono Jack Mono Jack 6m 10145074 - Audibax","isPartOf":{"@id":"https:\/\/audibax.com\/es\/#website"},"primaryImageOfPage":{"@id":"https:\/\/audibax.com\/es\/producto\/bronze-mono-jack-mono-jack-6m-black-10145074-2\/#primaryimage"},"image":{"@id":"https:\/\/audibax.com\/es\/producto\/bronze-mono-jack-mono-jack-6m-black-10145074-2\/#primaryimage"},"thumbnailUrl":"https:\/\/audibax.com\/wp-content\/uploads\/2023\/12\/cable-jack-mono-a-jack-mono-6-metro-negro-audibax.png","datePublished":"2023-12-11T09:38:34+00:00","dateModified":"2024-03-05T12:23:54+00:00","breadcrumb":{"@id":"https:\/\/audibax.com\/es\/producto\/bronze-mono-jack-mono-jack-6m-black-10145074-2\/#breadcrumb"},"inLanguage":"es","potentialAction":[{"@type":"ReadAction","target":["https:\/\/audibax.com\/es\/producto\/bronze-mono-jack-mono-jack-6m-black-10145074-2\/"]}]},{"@type":"ImageObject","inLanguage":"es","@id":"https:\/\/audibax.com\/es\/producto\/bronze-mono-jack-mono-jack-6m-black-10145074-2\/#primaryimage","url":"https:\/\/audibax.com\/wp-content\/uploads\/2023\/12\/cable-jack-mono-a-jack-mono-6-metro-negro-audibax.png","contentUrl":"https:\/\/audibax.com\/wp-content\/uploads\/2023\/12\/cable-jack-mono-a-jack-mono-6-metro-negro-audibax.png","width":1000,"height":500},{"@type":"BreadcrumbList","@id":"https:\/\/audibax.com\/es\/producto\/bronze-mono-jack-mono-jack-6m-black-10145074-2\/#breadcrumb","itemListElement":[{"@type":"ListItem","position":1,"name":"Portada","item":"https:\/\/audibax.com\/es\/"},{"@type":"ListItem","position":2,"name":"Productos","item":"https:\/\/audibax.com\/es\/shop\/"},{"@type":"ListItem","position":3,"name":"Bronze Mono Jack Mono Jack 6m 10145074"}]},{"@type":"WebSite","@id":"https:\/\/audibax.com\/es\/#website","url":"https:\/\/audibax.com\/es\/","name":"Audibax","description":"","publisher":{"@id":"https:\/\/audibax.com\/es\/#organization"},"potentialAction":[{"@type":"SearchAction","target":{"@type":"EntryPoint","urlTemplate":"https:\/\/audibax.com\/es\/?s={search_term_string}"},"query-input":{"@type":"PropertyValueSpecification","valueRequired":true,"valueName":"search_term_string"}}],"inLanguage":"es"},{"@type":"Organization","@id":"https:\/\/audibax.com\/es\/#organization","name":"Audibax","url":"https:\/\/audibax.com\/es\/","logo":{"@type":"ImageObject","inLanguage":"es","@id":"https:\/\/audibax.com\/es\/#\/schema\/logo\/image\/","url":"https:\/\/audibax.com\/wp-content\/uploads\/2023\/09\/logo-Audibax-BLANCO-SVG-1.svg","contentUrl":"https:\/\/audibax.com\/wp-content\/uploads\/2023\/09\/logo-Audibax-BLANCO-SVG-1.svg","caption":"Audibax"},"image":{"@id":"https:\/\/audibax.com\/es\/#\/schema\/logo\/image\/"}}]}},"_links":{"self":[{"href":"https:\/\/audibax.com\/es\/wp-json\/wp\/v2\/product\/34879","targetHints":{"allow":["GET"]}}],"collection":[{"href":"https:\/\/audibax.com\/es\/wp-json\/wp\/v2\/product"}],"about":[{"href":"https:\/\/audibax.com\/es\/wp-json\/wp\/v2\/types\/product"}],"replies":[{"embeddable":true,"href":"https:\/\/audibax.com\/es\/wp-json\/wp\/v2\/comments?post=34879"}],"wp:featuredmedia":[{"embeddable":true,"href":"https:\/\/audibax.com\/es\/wp-json\/wp\/v2\/media\/18031"}],"wp:attachment":[{"href":"https:\/\/audibax.com\/es\/wp-json\/wp\/v2\/media?parent=34879"}],"wp:term":[{"taxonomy":"product_cat","embeddable":true,"href":"https:\/\/audibax.com\/es\/wp-json\/wp\/v2\/product_cat?post=34879"},{"taxonomy":"product_tag","embeddable":true,"href":"https:\/\/audibax.com\/es\/wp-json\/wp\/v2\/product_tag?post=34879"}],"curies":[{"name":"wp","href":"https:\/\/api.w.org\/{rel}","templated":true}]}}