{"id":34836,"date":"2023-12-11T10:36:04","date_gmt":"2023-12-11T09:36:04","guid":{"rendered":"https:\/\/audibax.com\/product\/pp4000-black-2\/"},"modified":"2024-01-03T18:38:57","modified_gmt":"2024-01-03T17:38:57","slug":"pp4000-black-2","status":"publish","type":"product","link":"https:\/\/audibax.com\/es\/producto\/pp4000-black-2\/","title":{"rendered":"PP4000 Black"},"content":{"rendered":"<p><strong>Audibax PP4000 Preamplificador Previo Phono RIAA.<\/strong><br \/>\n<span style=\"color: #008080;\">\u00danico en el mercado con Interruptor ON\/OFF<\/span><\/p>\n<ul>\n<li><strong>Convierte se\u00f1al la phono a nivel de l\u00ednea<\/strong> para cualquier uso.<\/li>\n<li>Relaci\u00f3n se\u00f1al\/ruido extremadamente alta para una calidad superior<\/li>\n<li>Salida y entrada RCA stereo con toma de tierra<\/li>\n<li>Salida Jack Stereo 6,35 para auriculares<\/li>\n<li><strong>Interruptor encendido \/ apagado<\/strong><\/li>\n<li>Incluye fuente de <strong>alimentaci\u00f3n 12V DC<\/strong><\/li>\n<\/ul>\n<p><span style=\"color: #008080;\"><strong>ESPECIFICACIONES TECNICAS PP4000 Audibax<\/strong><\/span><\/p>\n<ul>\n<li>Relaci\u00f3n se\u00f1al\/ruido: 70dB<\/li>\n<li>Distorsi\u00f3n (THD): &lt;0,05%<\/li>\n<li>Respuesta en frecuencia: <strong>curva RIAA Hz<\/strong><\/li>\n<li>Nivel de entrada m\u00e1x.: -23,5dBV<\/li>\n<li>Nivel m\u00e1ximo de salida: +10dBV<\/li>\n<li>Diafon\u00eda entre canales: -75dB<\/li>\n<li>Impedancia de entrada (kohmios): <strong>47 Kohmios<\/strong><\/li>\n<li>Impedancia de salida: <strong>50 Ohmio(s)<\/strong><\/li>\n<li>Indicaci\u00f3n: LED de encendido<\/li>\n<li><strong>Interruptor: On \/ Off<\/strong><\/li>\n<li>Entradas: 1 est\u00e9reo Phono en RCA + terminal de tierra<\/li>\n<li>Salidas de l\u00ednea: Auriculares, l\u00ednea est\u00e9reo<\/li>\n<li>Conexiones de salida de l\u00ednea: 2 x RCA<\/li>\n<li>Alimentaci\u00f3n el\u00e9ctrica: 12 VDC ( alimentador incluido )<\/li>\n<li>Consumo de corriente: \u00a0\u00a0 \u00a00,15A<\/li>\n<li>Color: Negro<\/li>\n<\/ul>\n<p>&nbsp;<\/p>\n<p><img decoding=\"async\" style=\"height: 524px; width: 576px;\" src=\"\/crm\/documents\/fckeditor\/image\/audibax-pp4000-conexiones.jpg\" alt=\"\" \/><\/p>\n<p>&nbsp;<\/p>\n<p>La\u00a0 mayor\u00eda\u00a0 de\u00a0 los\u00a0 equipos\u00a0 de\u00a0 audio\u00a0 s\u00f3lo\u00a0 pueden\u00a0 trabajar\u00a0 con se\u00f1ales\u00a0 de\u00a0 nivel\u00a0 de\u00a0 l\u00ednea,\u00a0 el\u00a0 nivel\u00a0 de\u00a0 las\u00a0 se\u00f1ales\u00a0 de\u00a0 un tocadiscos\u00a0 es\u00a0 muy\u00a0 bajo,\u00a0 por\u00a0 lo\u00a0 que\u00a0 siempre\u00a0 es\u00a0 necesario\u00a0 utilizar el <strong>preamplificador de phono<\/strong> Audibax PP4000.<\/p>\n<p>El Audibax PP4000 es una interface para el giradiscos, la cual modifica la se\u00f1al para poder usarlo con los diferentes equipos como mezcladores, amplificadores o grabadores.<\/p>\n<p>El <strong>Audibax PP4000<\/strong> es un preamplificador compacto, adapta la se\u00f1al de salida de nivel bajo de un tocadiscos al est\u00e1ndar RIAA.<\/p>\n<p>Tanto entrada phono como salida de linea es por <strong>conector RCA Stereo<\/strong>, tambien dispone de una toma de tierra para que tu giradiscos no tenga ningun ruido inducido.<\/p>\n<p>El Jack Stereo de 6,35 puedes conectar unos auriculares y monitorizar la se\u00f1al ya convertida.<\/p>\n<p>El Audibax funciona con el adaptador de corriente suministrado de 12 Voltios, tambien dispone de un Led indicador de funcionamiento en la parte superior.<\/p>\n<p><strong>Audibax PP4000<\/strong> tiene una caracteristica a destacar frente a los otros preamplificadores RIAA , es su <strong>interruptor de encendido\/apagado<\/strong>, en la mayoria del mercado hay que desconectar el alimentador de corriente.<\/p>\n<p>&nbsp;<\/p>\n<p><img decoding=\"async\" style=\"height: 340px; width: 668px;\" src=\"\/crm\/documents\/fckeditor\/image\/audibax-pp4000-ESQUEMA.jpg\" alt=\"\" \/><\/p>\n<p>&nbsp;<\/p>\n<p>&nbsp;<\/p>\n","protected":false},"excerpt":{"rendered":"<p>Previo Phono Audibax<br \/>\n<span style=\"color: #008080;\">\u00danico en el mercado con interruptor ON\/OFF<\/span><\/p>\n","protected":false},"featured_media":18193,"comment_status":"open","ping_status":"closed","template":"","meta":{"_acf_changed":false},"product_cat":[15],"product_tag":[],"class_list":{"0":"post-34836","1":"product","2":"type-product","3":"status-publish","4":"has-post-thumbnail","6":"product_cat-sin-categorizar","8":"first","9":"instock","10":"shipping-taxable","11":"product-type-simple"},"acf":[],"yoast_head":"<!-- This site is optimized with the Yoast SEO plugin v27.0 - https:\/\/yoast.com\/product\/yoast-seo-wordpress\/ -->\n<title>PP4000 Black - Audibax<\/title>\n<meta name=\"robots\" content=\"index, follow, max-snippet:-1, max-image-preview:large, max-video-preview:-1\" \/>\n<link rel=\"canonical\" href=\"https:\/\/audibax.com\/es\/producto\/pp4000-black-2\/\" \/>\n<meta property=\"og:locale\" content=\"es_ES\" \/>\n<meta property=\"og:type\" content=\"article\" \/>\n<meta property=\"og:title\" content=\"PP4000 Black - Audibax\" \/>\n<meta property=\"og:description\" content=\"Previo Phono Audibax \u00danico en el mercado con interruptor ON\/OFF\" \/>\n<meta property=\"og:url\" content=\"https:\/\/audibax.com\/es\/producto\/pp4000-black-2\/\" \/>\n<meta property=\"og:site_name\" content=\"Audibax\" \/>\n<meta property=\"article:modified_time\" content=\"2024-01-03T17:38:57+00:00\" \/>\n<meta property=\"og:image\" content=\"https:\/\/audibax.com\/wp-content\/uploads\/2023\/12\/comprar-audibax-pp4000.jpg\" \/>\n\t<meta property=\"og:image:width\" content=\"1000\" \/>\n\t<meta property=\"og:image:height\" content=\"500\" \/>\n\t<meta property=\"og:image:type\" content=\"image\/jpeg\" \/>\n<meta name=\"twitter:card\" content=\"summary_large_image\" \/>\n<meta name=\"twitter:label1\" content=\"Tiempo de lectura\" \/>\n\t<meta name=\"twitter:data1\" content=\"3 minutos\" \/>\n<script type=\"application\/ld+json\" class=\"yoast-schema-graph\">{\"@context\":\"https:\/\/schema.org\",\"@graph\":[{\"@type\":\"WebPage\",\"@id\":\"https:\/\/audibax.com\/es\/producto\/pp4000-black-2\/\",\"url\":\"https:\/\/audibax.com\/es\/producto\/pp4000-black-2\/\",\"name\":\"PP4000 Black - Audibax\",\"isPartOf\":{\"@id\":\"https:\/\/audibax.com\/es\/#website\"},\"primaryImageOfPage\":{\"@id\":\"https:\/\/audibax.com\/es\/producto\/pp4000-black-2\/#primaryimage\"},\"image\":{\"@id\":\"https:\/\/audibax.com\/es\/producto\/pp4000-black-2\/#primaryimage\"},\"thumbnailUrl\":\"https:\/\/audibax.com\/wp-content\/uploads\/2023\/12\/comprar-audibax-pp4000.jpg\",\"datePublished\":\"2023-12-11T09:36:04+00:00\",\"dateModified\":\"2024-01-03T17:38:57+00:00\",\"breadcrumb\":{\"@id\":\"https:\/\/audibax.com\/es\/producto\/pp4000-black-2\/#breadcrumb\"},\"inLanguage\":\"es\",\"potentialAction\":[{\"@type\":\"ReadAction\",\"target\":[\"https:\/\/audibax.com\/es\/producto\/pp4000-black-2\/\"]}]},{\"@type\":\"ImageObject\",\"inLanguage\":\"es\",\"@id\":\"https:\/\/audibax.com\/es\/producto\/pp4000-black-2\/#primaryimage\",\"url\":\"https:\/\/audibax.com\/wp-content\/uploads\/2023\/12\/comprar-audibax-pp4000.jpg\",\"contentUrl\":\"https:\/\/audibax.com\/wp-content\/uploads\/2023\/12\/comprar-audibax-pp4000.jpg\",\"width\":1000,\"height\":500},{\"@type\":\"BreadcrumbList\",\"@id\":\"https:\/\/audibax.com\/es\/producto\/pp4000-black-2\/#breadcrumb\",\"itemListElement\":[{\"@type\":\"ListItem\",\"position\":1,\"name\":\"Portada\",\"item\":\"https:\/\/audibax.com\/es\/\"},{\"@type\":\"ListItem\",\"position\":2,\"name\":\"Productos\",\"item\":\"https:\/\/audibax.com\/es\/shop\/\"},{\"@type\":\"ListItem\",\"position\":3,\"name\":\"PP4000 Black\"}]},{\"@type\":\"WebSite\",\"@id\":\"https:\/\/audibax.com\/es\/#website\",\"url\":\"https:\/\/audibax.com\/es\/\",\"name\":\"Audibax\",\"description\":\"\",\"publisher\":{\"@id\":\"https:\/\/audibax.com\/es\/#organization\"},\"potentialAction\":[{\"@type\":\"SearchAction\",\"target\":{\"@type\":\"EntryPoint\",\"urlTemplate\":\"https:\/\/audibax.com\/es\/?s={search_term_string}\"},\"query-input\":{\"@type\":\"PropertyValueSpecification\",\"valueRequired\":true,\"valueName\":\"search_term_string\"}}],\"inLanguage\":\"es\"},{\"@type\":\"Organization\",\"@id\":\"https:\/\/audibax.com\/es\/#organization\",\"name\":\"Audibax\",\"url\":\"https:\/\/audibax.com\/es\/\",\"logo\":{\"@type\":\"ImageObject\",\"inLanguage\":\"es\",\"@id\":\"https:\/\/audibax.com\/es\/#\/schema\/logo\/image\/\",\"url\":\"https:\/\/audibax.com\/wp-content\/uploads\/2023\/09\/logo-Audibax-BLANCO-SVG-1.svg\",\"contentUrl\":\"https:\/\/audibax.com\/wp-content\/uploads\/2023\/09\/logo-Audibax-BLANCO-SVG-1.svg\",\"caption\":\"Audibax\"},\"image\":{\"@id\":\"https:\/\/audibax.com\/es\/#\/schema\/logo\/image\/\"}}]}<\/script>\n<!-- \/ Yoast SEO plugin. -->","yoast_head_json":{"title":"PP4000 Black - Audibax","robots":{"index":"index","follow":"follow","max-snippet":"max-snippet:-1","max-image-preview":"max-image-preview:large","max-video-preview":"max-video-preview:-1"},"canonical":"https:\/\/audibax.com\/es\/producto\/pp4000-black-2\/","og_locale":"es_ES","og_type":"article","og_title":"PP4000 Black - Audibax","og_description":"Previo Phono Audibax \u00danico en el mercado con interruptor ON\/OFF","og_url":"https:\/\/audibax.com\/es\/producto\/pp4000-black-2\/","og_site_name":"Audibax","article_modified_time":"2024-01-03T17:38:57+00:00","og_image":[{"width":1000,"height":500,"url":"https:\/\/audibax.com\/wp-content\/uploads\/2023\/12\/comprar-audibax-pp4000.jpg","type":"image\/jpeg"}],"twitter_card":"summary_large_image","twitter_misc":{"Tiempo de lectura":"3 minutos"},"schema":{"@context":"https:\/\/schema.org","@graph":[{"@type":"WebPage","@id":"https:\/\/audibax.com\/es\/producto\/pp4000-black-2\/","url":"https:\/\/audibax.com\/es\/producto\/pp4000-black-2\/","name":"PP4000 Black - Audibax","isPartOf":{"@id":"https:\/\/audibax.com\/es\/#website"},"primaryImageOfPage":{"@id":"https:\/\/audibax.com\/es\/producto\/pp4000-black-2\/#primaryimage"},"image":{"@id":"https:\/\/audibax.com\/es\/producto\/pp4000-black-2\/#primaryimage"},"thumbnailUrl":"https:\/\/audibax.com\/wp-content\/uploads\/2023\/12\/comprar-audibax-pp4000.jpg","datePublished":"2023-12-11T09:36:04+00:00","dateModified":"2024-01-03T17:38:57+00:00","breadcrumb":{"@id":"https:\/\/audibax.com\/es\/producto\/pp4000-black-2\/#breadcrumb"},"inLanguage":"es","potentialAction":[{"@type":"ReadAction","target":["https:\/\/audibax.com\/es\/producto\/pp4000-black-2\/"]}]},{"@type":"ImageObject","inLanguage":"es","@id":"https:\/\/audibax.com\/es\/producto\/pp4000-black-2\/#primaryimage","url":"https:\/\/audibax.com\/wp-content\/uploads\/2023\/12\/comprar-audibax-pp4000.jpg","contentUrl":"https:\/\/audibax.com\/wp-content\/uploads\/2023\/12\/comprar-audibax-pp4000.jpg","width":1000,"height":500},{"@type":"BreadcrumbList","@id":"https:\/\/audibax.com\/es\/producto\/pp4000-black-2\/#breadcrumb","itemListElement":[{"@type":"ListItem","position":1,"name":"Portada","item":"https:\/\/audibax.com\/es\/"},{"@type":"ListItem","position":2,"name":"Productos","item":"https:\/\/audibax.com\/es\/shop\/"},{"@type":"ListItem","position":3,"name":"PP4000 Black"}]},{"@type":"WebSite","@id":"https:\/\/audibax.com\/es\/#website","url":"https:\/\/audibax.com\/es\/","name":"Audibax","description":"","publisher":{"@id":"https:\/\/audibax.com\/es\/#organization"},"potentialAction":[{"@type":"SearchAction","target":{"@type":"EntryPoint","urlTemplate":"https:\/\/audibax.com\/es\/?s={search_term_string}"},"query-input":{"@type":"PropertyValueSpecification","valueRequired":true,"valueName":"search_term_string"}}],"inLanguage":"es"},{"@type":"Organization","@id":"https:\/\/audibax.com\/es\/#organization","name":"Audibax","url":"https:\/\/audibax.com\/es\/","logo":{"@type":"ImageObject","inLanguage":"es","@id":"https:\/\/audibax.com\/es\/#\/schema\/logo\/image\/","url":"https:\/\/audibax.com\/wp-content\/uploads\/2023\/09\/logo-Audibax-BLANCO-SVG-1.svg","contentUrl":"https:\/\/audibax.com\/wp-content\/uploads\/2023\/09\/logo-Audibax-BLANCO-SVG-1.svg","caption":"Audibax"},"image":{"@id":"https:\/\/audibax.com\/es\/#\/schema\/logo\/image\/"}}]}},"_links":{"self":[{"href":"https:\/\/audibax.com\/es\/wp-json\/wp\/v2\/product\/34836","targetHints":{"allow":["GET"]}}],"collection":[{"href":"https:\/\/audibax.com\/es\/wp-json\/wp\/v2\/product"}],"about":[{"href":"https:\/\/audibax.com\/es\/wp-json\/wp\/v2\/types\/product"}],"replies":[{"embeddable":true,"href":"https:\/\/audibax.com\/es\/wp-json\/wp\/v2\/comments?post=34836"}],"wp:featuredmedia":[{"embeddable":true,"href":"https:\/\/audibax.com\/es\/wp-json\/wp\/v2\/media\/18193"}],"wp:attachment":[{"href":"https:\/\/audibax.com\/es\/wp-json\/wp\/v2\/media?parent=34836"}],"wp:term":[{"taxonomy":"product_cat","embeddable":true,"href":"https:\/\/audibax.com\/es\/wp-json\/wp\/v2\/product_cat?post=34836"},{"taxonomy":"product_tag","embeddable":true,"href":"https:\/\/audibax.com\/es\/wp-json\/wp\/v2\/product_tag?post=34836"}],"curies":[{"name":"wp","href":"https:\/\/api.w.org\/{rel}","templated":true}]}}