{"id":32306,"date":"2023-12-18T12:40:59","date_gmt":"2023-12-18T11:40:59","guid":{"rendered":"https:\/\/audibax.com\/warranty-conditions\/"},"modified":"2024-02-27T19:13:04","modified_gmt":"2024-02-27T18:13:04","slug":"warranty-conditions","status":"publish","type":"page","link":"https:\/\/audibax.com\/es\/warranty-conditions\/","title":{"rendered":"Condiciones de la Garant\u00eda"},"content":{"rendered":"\t\t<div data-elementor-type=\"wp-page\" data-elementor-id=\"32306\" class=\"elementor elementor-32306 elementor-32296\" data-elementor-post-type=\"page\">\n\t\t\t\t<div class=\"elementor-element elementor-element-f596023 e-flex e-con-boxed e-con e-parent\" data-id=\"f596023\" data-element_type=\"container\" data-core-v316-plus=\"true\">\n\t\t\t\t\t<div class=\"e-con-inner\">\n\t\t\t\t<div class=\"elementor-element elementor-element-f12061b elementor-widget elementor-widget-heading\" data-id=\"f12061b\" data-element_type=\"widget\" data-widget_type=\"heading.default\">\n\t\t\t\t<div class=\"elementor-widget-container\">\n\t\t\t<style>\/*! elementor - v3.20.0 - 26-03-2024 *\/\n.elementor-heading-title{padding:0;margin:0;line-height:1}.elementor-widget-heading .elementor-heading-title[class*=elementor-size-]>a{color:inherit;font-size:inherit;line-height:inherit}.elementor-widget-heading .elementor-heading-title.elementor-size-small{font-size:15px}.elementor-widget-heading .elementor-heading-title.elementor-size-medium{font-size:19px}.elementor-widget-heading .elementor-heading-title.elementor-size-large{font-size:29px}.elementor-widget-heading .elementor-heading-title.elementor-size-xl{font-size:39px}.elementor-widget-heading .elementor-heading-title.elementor-size-xxl{font-size:59px}<\/style><h2 class=\"elementor-heading-title elementor-size-default\">Condiciones de la Garant\u00eda<\/h2>\t\t<\/div>\n\t\t\t\t<\/div>\n\t\t\t\t\t<\/div>\n\t\t\t\t<\/div>\n\t\t<div class=\"elementor-element elementor-element-7a93350 e-flex e-con-boxed e-con e-parent\" data-id=\"7a93350\" data-element_type=\"container\" data-core-v316-plus=\"true\">\n\t\t\t\t\t<div class=\"e-con-inner\">\n\t\t\t\t<div class=\"elementor-element elementor-element-00f263c elementor-widget elementor-widget-text-editor\" data-id=\"00f263c\" data-element_type=\"widget\" data-widget_type=\"text-editor.default\">\n\t\t\t\t<div class=\"elementor-widget-container\">\n\t\t\t<style>\/*! elementor - v3.20.0 - 26-03-2024 *\/\n.elementor-widget-text-editor.elementor-drop-cap-view-stacked .elementor-drop-cap{background-color:#69727d;color:#fff}.elementor-widget-text-editor.elementor-drop-cap-view-framed .elementor-drop-cap{color:#69727d;border:3px solid;background-color:transparent}.elementor-widget-text-editor:not(.elementor-drop-cap-view-default) .elementor-drop-cap{margin-top:8px}.elementor-widget-text-editor:not(.elementor-drop-cap-view-default) .elementor-drop-cap-letter{width:1em;height:1em}.elementor-widget-text-editor .elementor-drop-cap{float:left;text-align:center;line-height:1;font-size:50px}.elementor-widget-text-editor .elementor-drop-cap-letter{display:inline-block}<\/style>\t\t\t\t<\/p>\n<p><b>Condiciones de la Garant\u00eda<\/b><\/p>\n<p><span style=\"font-weight: 400;\">MH Group es el creador y fabricante de los equipos de audio profesional, iluminaci\u00f3n y accesorios bajo la marca Audibax. La empresa se compromete a mantener la excelencia de los productos Audibax a trav\u00e9s de exhaustivas pruebas de fiabilidad y rigurosos procedimientos de control de calidad de cada uno de los productos fabricados.<\/span><\/p>\n<p><span style=\"font-weight: 400;\">Sin embargo, si necesita asistencia para su producto Audibax, incluso despu\u00e9s de que haya vencido el per\u00edodo de garant\u00eda, aseg\u00farese de seguir estos pasos: &#8211; Conserve el embalaje original para proteger adecuadamente su producto. <\/span><\/p>\n<p><span style=\"font-weight: 400;\">Env\u00ede su producto a un centro de servicio autorizado, asumiendo los costos de env\u00edo y seguro. Incluya una descripci\u00f3n detallada del problema experimentado, junto con una copia de su recibo de compra y, cuando corresponda, la tarjeta de garant\u00eda o el n\u00famero de registro en Internet asociado con su garant\u00eda.<\/span><\/p>\n<\/p>\n<p><b>Centros de Servicio Autorizados<\/b><\/p>\n<p><span style=\"font-weight: 400;\">Para mantener la validez de la garant\u00eda de los productos Audibax, es esencial que cualquier reparaci\u00f3n o servicio se realice exclusivamente en un centro de servicio autorizado por MH Group. Para obtener informaci\u00f3n sobre los centros de servicio aprobados en su pa\u00eds, comun\u00edquese con el distribuidor oficial de Audibax.<\/span><\/p>\n<\/p>\n<p><strong>T\u00e9rminos y Condiciones de la Garant\u00eda<\/strong><\/p>\n<p><span style=\"font-weight: 400;\">MH Group ofrece una garant\u00eda de tres a\u00f1os contra defectos de fabricaci\u00f3n para los productos Audibax, v\u00e1lida para el comprador minorista original a partir de la fecha de compra.<\/span><\/p>\n<p><span style=\"font-weight: 400;\">Si el producto presenta problemas operativos durante el per\u00edodo de garant\u00eda, MH Group, a su discreci\u00f3n, reparar\u00e1 o reemplazar\u00e1 el producto defectuoso sin coste alguno. La garant\u00eda est\u00e1 disponible exclusivamente para el comprador minorista original que conserve un comprobante de compra v\u00e1lido del producto Audibax. Esta garant\u00eda no es transferible y se aplica \u00fanicamente al comprador original que adquiri\u00f3 el producto de un distribuidor autorizado de Audibax.<br \/><\/span><\/p>\n<p><span style=\"text-decoration: underline;\">Excepciones:<\/span><\/p>\n<p>Products such as batteries, lamps, headphones, and consumables will have a warranty of only 3 months.<\/p>\n<\/p>\n<p><b>Exclusiones de esta Garant\u00eda<\/b><\/p>\n<p><span style=\"font-weight: 400;\">Esta garant\u00eda no cubre lo siguiente:<\/span><\/p>\n<ul>\n<li><span style=\"font-weight: 400;\">Da\u00f1os resultantes de un funcionamiento inadecuado, negligencia, cuidado insuficiente, falta de seguimiento de las instrucciones detalladas en el manual del propietario correspondiente, conexiones incorrectas o accidentes. MH Group no se hace responsable de p\u00e9rdidas, da\u00f1os o lesiones directos o indirectos relacionados con o causados por productos Audibax.<\/span><\/li>\n<li><span style=\"font-weight: 400;\">Productos que hayan sido manipulados, modificados o reparados por personas o entidades distintas de los centros de servicio autorizados.<\/span><\/li>\n<li><span style=\"font-weight: 400;\">Carcasa externa, componentes electromec\u00e1nicos y desgaste debido al uso normal.<\/span><\/li>\n<li><span style=\"font-weight: 400;\">Gastos de env\u00edo y seguro, as\u00ed como da\u00f1os que puedan ocurrir al producto durante el transporte.<\/span><\/li>\n<\/ul>\n<p><span style=\"font-weight: 400;\">Esta garant\u00eda sigue siendo v\u00e1lida si las reparaciones o servicios son realizados por MH Group o un centro de servicio autorizado espec\u00edficamente designado para productos Audibax.<\/span><\/p>\n<p><span style=\"font-weight: 400;\">Esta garant\u00eda es completa y reemplaza a todas las dem\u00e1s garant\u00edas, ya sean expresas o impl\u00edcitas, incluyendo las garant\u00edas de comerciabilidad para un prop\u00f3sito particular, anul\u00e1ndolas.<\/span><\/p>\n<p><span style=\"font-weight: 400;\">MH Group tambi\u00e9n renuncia a cualquier responsabilidad por da\u00f1os incidentales o consecuentes que resulten de un incumplimiento de esta garant\u00eda. Es importante tener en cuenta que en algunos pa\u00edses, la exclusi\u00f3n de da\u00f1os incidentales o consecuentes puede no ser aplicable, por lo que esta limitaci\u00f3n podr\u00eda no ser v\u00e1lida para usted.<\/span><\/p>\n<\/p>\n<p><span style=\"font-weight: 400;\">*Para los dispositivos Audibax comprados antes del 1 de enero de 2023, el per\u00edodo de garant\u00eda es de dos a\u00f1os a partir de la fecha de compra.<\/span><\/p>\n\t\t\t\t\t\t<\/div>\n\t\t\t\t<\/div>\n\t\t\t\t\t<\/div>\n\t\t\t\t<\/div>\n\t\t\t\t<\/div>\n\t\t","protected":false},"excerpt":{"rendered":"<p>Condiciones de la Garant\u00eda Condiciones de la Garant\u00eda MH Group es el creador y fabricante de los equipos de audio profesional, iluminaci\u00f3n y accesorios bajo la marca Audibax. La empresa se compromete a mantener la excelencia de los productos Audibax a trav\u00e9s de exhaustivas pruebas de fiabilidad y rigurosos procedimientos de control de calidad de [&hellip;]<\/p>\n","protected":false},"author":1,"featured_media":0,"parent":0,"menu_order":0,"comment_status":"closed","ping_status":"closed","template":"","meta":{"_acf_changed":false,"footnotes":""},"class_list":["post-32306","page","type-page","status-publish","hentry"],"acf":[],"yoast_head":"<!-- This site is optimized with the Yoast SEO plugin v27.0 - https:\/\/yoast.com\/product\/yoast-seo-wordpress\/ -->\n<title>Condiciones de la Garant\u00eda - Audibax<\/title>\n<meta name=\"robots\" content=\"index, follow, max-snippet:-1, max-image-preview:large, max-video-preview:-1\" \/>\n<link rel=\"canonical\" href=\"https:\/\/audibax.com\/es\/warranty-conditions\/\" \/>\n<meta property=\"og:locale\" content=\"es_ES\" \/>\n<meta property=\"og:type\" content=\"article\" \/>\n<meta property=\"og:title\" content=\"Condiciones de la Garant\u00eda - Audibax\" \/>\n<meta property=\"og:description\" content=\"Condiciones de la Garant\u00eda Condiciones de la Garant\u00eda MH Group es el creador y fabricante de los equipos de audio profesional, iluminaci\u00f3n y accesorios bajo la marca Audibax. La empresa se compromete a mantener la excelencia de los productos Audibax a trav\u00e9s de exhaustivas pruebas de fiabilidad y rigurosos procedimientos de control de calidad de [&hellip;]\" \/>\n<meta property=\"og:url\" content=\"https:\/\/audibax.com\/es\/warranty-conditions\/\" \/>\n<meta property=\"og:site_name\" content=\"Audibax\" \/>\n<meta property=\"article:modified_time\" content=\"2024-02-27T18:13:04+00:00\" \/>\n<meta name=\"twitter:card\" content=\"summary_large_image\" \/>\n<meta name=\"twitter:label1\" content=\"Tiempo de lectura\" \/>\n\t<meta name=\"twitter:data1\" content=\"3 minutos\" \/>\n<script type=\"application\/ld+json\" class=\"yoast-schema-graph\">{\"@context\":\"https:\/\/schema.org\",\"@graph\":[{\"@type\":\"WebPage\",\"@id\":\"https:\/\/audibax.com\/es\/warranty-conditions\/\",\"url\":\"https:\/\/audibax.com\/es\/warranty-conditions\/\",\"name\":\"Condiciones de la Garant\u00eda - Audibax\",\"isPartOf\":{\"@id\":\"https:\/\/audibax.com\/es\/#website\"},\"datePublished\":\"2023-12-18T11:40:59+00:00\",\"dateModified\":\"2024-02-27T18:13:04+00:00\",\"breadcrumb\":{\"@id\":\"https:\/\/audibax.com\/es\/warranty-conditions\/#breadcrumb\"},\"inLanguage\":\"es\",\"potentialAction\":[{\"@type\":\"ReadAction\",\"target\":[\"https:\/\/audibax.com\/es\/warranty-conditions\/\"]}]},{\"@type\":\"BreadcrumbList\",\"@id\":\"https:\/\/audibax.com\/es\/warranty-conditions\/#breadcrumb\",\"itemListElement\":[{\"@type\":\"ListItem\",\"position\":1,\"name\":\"Portada\",\"item\":\"https:\/\/audibax.com\/es\/\"},{\"@type\":\"ListItem\",\"position\":2,\"name\":\"Condiciones de la Garant\u00eda\"}]},{\"@type\":\"WebSite\",\"@id\":\"https:\/\/audibax.com\/es\/#website\",\"url\":\"https:\/\/audibax.com\/es\/\",\"name\":\"Audibax\",\"description\":\"\",\"publisher\":{\"@id\":\"https:\/\/audibax.com\/es\/#organization\"},\"potentialAction\":[{\"@type\":\"SearchAction\",\"target\":{\"@type\":\"EntryPoint\",\"urlTemplate\":\"https:\/\/audibax.com\/es\/?s={search_term_string}\"},\"query-input\":{\"@type\":\"PropertyValueSpecification\",\"valueRequired\":true,\"valueName\":\"search_term_string\"}}],\"inLanguage\":\"es\"},{\"@type\":\"Organization\",\"@id\":\"https:\/\/audibax.com\/es\/#organization\",\"name\":\"Audibax\",\"url\":\"https:\/\/audibax.com\/es\/\",\"logo\":{\"@type\":\"ImageObject\",\"inLanguage\":\"es\",\"@id\":\"https:\/\/audibax.com\/es\/#\/schema\/logo\/image\/\",\"url\":\"https:\/\/audibax.com\/wp-content\/uploads\/2023\/09\/logo-Audibax-BLANCO-SVG-1.svg\",\"contentUrl\":\"https:\/\/audibax.com\/wp-content\/uploads\/2023\/09\/logo-Audibax-BLANCO-SVG-1.svg\",\"caption\":\"Audibax\"},\"image\":{\"@id\":\"https:\/\/audibax.com\/es\/#\/schema\/logo\/image\/\"}}]}<\/script>\n<!-- \/ Yoast SEO plugin. -->","yoast_head_json":{"title":"Condiciones de la Garant\u00eda - Audibax","robots":{"index":"index","follow":"follow","max-snippet":"max-snippet:-1","max-image-preview":"max-image-preview:large","max-video-preview":"max-video-preview:-1"},"canonical":"https:\/\/audibax.com\/es\/warranty-conditions\/","og_locale":"es_ES","og_type":"article","og_title":"Condiciones de la Garant\u00eda - Audibax","og_description":"Condiciones de la Garant\u00eda Condiciones de la Garant\u00eda MH Group es el creador y fabricante de los equipos de audio profesional, iluminaci\u00f3n y accesorios bajo la marca Audibax. La empresa se compromete a mantener la excelencia de los productos Audibax a trav\u00e9s de exhaustivas pruebas de fiabilidad y rigurosos procedimientos de control de calidad de [&hellip;]","og_url":"https:\/\/audibax.com\/es\/warranty-conditions\/","og_site_name":"Audibax","article_modified_time":"2024-02-27T18:13:04+00:00","twitter_card":"summary_large_image","twitter_misc":{"Tiempo de lectura":"3 minutos"},"schema":{"@context":"https:\/\/schema.org","@graph":[{"@type":"WebPage","@id":"https:\/\/audibax.com\/es\/warranty-conditions\/","url":"https:\/\/audibax.com\/es\/warranty-conditions\/","name":"Condiciones de la Garant\u00eda - Audibax","isPartOf":{"@id":"https:\/\/audibax.com\/es\/#website"},"datePublished":"2023-12-18T11:40:59+00:00","dateModified":"2024-02-27T18:13:04+00:00","breadcrumb":{"@id":"https:\/\/audibax.com\/es\/warranty-conditions\/#breadcrumb"},"inLanguage":"es","potentialAction":[{"@type":"ReadAction","target":["https:\/\/audibax.com\/es\/warranty-conditions\/"]}]},{"@type":"BreadcrumbList","@id":"https:\/\/audibax.com\/es\/warranty-conditions\/#breadcrumb","itemListElement":[{"@type":"ListItem","position":1,"name":"Portada","item":"https:\/\/audibax.com\/es\/"},{"@type":"ListItem","position":2,"name":"Condiciones de la Garant\u00eda"}]},{"@type":"WebSite","@id":"https:\/\/audibax.com\/es\/#website","url":"https:\/\/audibax.com\/es\/","name":"Audibax","description":"","publisher":{"@id":"https:\/\/audibax.com\/es\/#organization"},"potentialAction":[{"@type":"SearchAction","target":{"@type":"EntryPoint","urlTemplate":"https:\/\/audibax.com\/es\/?s={search_term_string}"},"query-input":{"@type":"PropertyValueSpecification","valueRequired":true,"valueName":"search_term_string"}}],"inLanguage":"es"},{"@type":"Organization","@id":"https:\/\/audibax.com\/es\/#organization","name":"Audibax","url":"https:\/\/audibax.com\/es\/","logo":{"@type":"ImageObject","inLanguage":"es","@id":"https:\/\/audibax.com\/es\/#\/schema\/logo\/image\/","url":"https:\/\/audibax.com\/wp-content\/uploads\/2023\/09\/logo-Audibax-BLANCO-SVG-1.svg","contentUrl":"https:\/\/audibax.com\/wp-content\/uploads\/2023\/09\/logo-Audibax-BLANCO-SVG-1.svg","caption":"Audibax"},"image":{"@id":"https:\/\/audibax.com\/es\/#\/schema\/logo\/image\/"}}]}},"_links":{"self":[{"href":"https:\/\/audibax.com\/es\/wp-json\/wp\/v2\/pages\/32306","targetHints":{"allow":["GET"]}}],"collection":[{"href":"https:\/\/audibax.com\/es\/wp-json\/wp\/v2\/pages"}],"about":[{"href":"https:\/\/audibax.com\/es\/wp-json\/wp\/v2\/types\/page"}],"author":[{"embeddable":true,"href":"https:\/\/audibax.com\/es\/wp-json\/wp\/v2\/users\/1"}],"replies":[{"embeddable":true,"href":"https:\/\/audibax.com\/es\/wp-json\/wp\/v2\/comments?post=32306"}],"version-history":[{"count":15,"href":"https:\/\/audibax.com\/es\/wp-json\/wp\/v2\/pages\/32306\/revisions"}],"predecessor-version":[{"id":41857,"href":"https:\/\/audibax.com\/es\/wp-json\/wp\/v2\/pages\/32306\/revisions\/41857"}],"wp:attachment":[{"href":"https:\/\/audibax.com\/es\/wp-json\/wp\/v2\/media?parent=32306"}],"curies":[{"name":"wp","href":"https:\/\/api.w.org\/{rel}","templated":true}]}}