{"id":32232,"date":"2023-12-18T11:48:23","date_gmt":"2023-12-18T10:48:23","guid":{"rendered":"https:\/\/audibax.com\/privacy-policy\/"},"modified":"2025-03-05T13:17:38","modified_gmt":"2025-03-05T12:17:38","slug":"privacy-policy","status":"publish","type":"page","link":"https:\/\/audibax.com\/es\/privacy-policy\/","title":{"rendered":"Privacy Policy"},"content":{"rendered":"\t\t<div data-elementor-type=\"wp-page\" data-elementor-id=\"32232\" class=\"elementor elementor-32232 elementor-32226\" data-elementor-post-type=\"page\">\n\t\t\t\t<div class=\"elementor-element elementor-element-4c65006 e-flex e-con-boxed e-con e-parent\" data-id=\"4c65006\" data-element_type=\"container\" data-core-v316-plus=\"true\">\n\t\t\t\t\t<div class=\"e-con-inner\">\n\t\t\t\t<div class=\"elementor-element elementor-element-a67d632 elementor-widget elementor-widget-heading\" data-id=\"a67d632\" data-element_type=\"widget\" data-widget_type=\"heading.default\">\n\t\t\t\t<div class=\"elementor-widget-container\">\n\t\t\t<style>\/*! elementor - v3.20.0 - 26-03-2024 *\/\n.elementor-heading-title{padding:0;margin:0;line-height:1}.elementor-widget-heading .elementor-heading-title[class*=elementor-size-]>a{color:inherit;font-size:inherit;line-height:inherit}.elementor-widget-heading .elementor-heading-title.elementor-size-small{font-size:15px}.elementor-widget-heading .elementor-heading-title.elementor-size-medium{font-size:19px}.elementor-widget-heading .elementor-heading-title.elementor-size-large{font-size:29px}.elementor-widget-heading .elementor-heading-title.elementor-size-xl{font-size:39px}.elementor-widget-heading .elementor-heading-title.elementor-size-xxl{font-size:59px}<\/style><h2 class=\"elementor-heading-title elementor-size-default\">Pol\u00edtica de privacidad<\/h2>\t\t<\/div>\n\t\t\t\t<\/div>\n\t\t\t\t\t<\/div>\n\t\t\t\t<\/div>\n\t\t<div class=\"elementor-element elementor-element-32633eb e-flex e-con-boxed e-con e-parent\" data-id=\"32633eb\" data-element_type=\"container\" data-core-v316-plus=\"true\">\n\t\t\t\t\t<div class=\"e-con-inner\">\n\t\t\t\t<div class=\"elementor-element elementor-element-3817a6e elementor-widget elementor-widget-text-editor\" data-id=\"3817a6e\" data-element_type=\"widget\" data-widget_type=\"text-editor.default\">\n\t\t\t\t<div class=\"elementor-widget-container\">\n\t\t\t<style>\/*! elementor - v3.20.0 - 26-03-2024 *\/\n.elementor-widget-text-editor.elementor-drop-cap-view-stacked .elementor-drop-cap{background-color:#69727d;color:#fff}.elementor-widget-text-editor.elementor-drop-cap-view-framed .elementor-drop-cap{color:#69727d;border:3px solid;background-color:transparent}.elementor-widget-text-editor:not(.elementor-drop-cap-view-default) .elementor-drop-cap{margin-top:8px}.elementor-widget-text-editor:not(.elementor-drop-cap-view-default) .elementor-drop-cap-letter{width:1em;height:1em}.elementor-widget-text-editor .elementor-drop-cap{float:left;text-align:center;line-height:1;font-size:50px}.elementor-widget-text-editor .elementor-drop-cap-letter{display:inline-block}<\/style>\t\t\t\t<p><span style=\"font-weight: 400;\">Esta Pol\u00edtica de Privacidad describe c\u00f3mo Digital Audimagen BQ S.L. (en adelante tambi\u00e9n \u00abAudibax\u00bb) procesa y protege de acuerdo con el Reglamento General de Protecci\u00f3n de Datos (GDPR) y las leyes espa\u00f1olas pertinentes de protecci\u00f3n de datos, como la Ley Org\u00e1nica 3\/2018, los datos que nos proporciona al utilizar nuestro sitio web.<\/span><\/p><p><span style=\"font-weight: 400;\">La seguridad de los datos personales como el nombre, la direcci\u00f3n, el n\u00famero de tel\u00e9fono o el correo electr\u00f3nico es una preocupaci\u00f3n seria e importante para nuestra empresa. Por lo tanto, llevamos a cabo nuestras actividades en l\u00ednea en cumplimiento de las respectivas disposiciones legales relativas a la protecci\u00f3n de datos y la seguridad de los datos. A continuaci\u00f3n encontrar\u00e1 la informaci\u00f3n que procesamos.<\/span><\/p><p><span style=\"font-weight: 400;\">Podemos modificar esta Pol\u00edtica de Privacidad en cualquier momento y publicaremos la versi\u00f3n actual en los Sitios. Le recomendamos que revise peri\u00f3dicamente nuestra Pol\u00edtica de Privacidad para mantenerse informado sobre el uso que hacemos de la informaci\u00f3n que recopilamos.<\/span><\/p><p>Los datos personales recabados a trav\u00e9s de este sitio web ser\u00e1n tratados por DIGITAL AUDIMAGEN BQ, S.L., con domicilio para el ejercicio de derechos en <strong>CL. Rio Almanzora 1C &#8211; 28906 Getafe (Madrid<\/strong>). Email: atencionalcliente@madridhifi.com.<\/p><p>En caso de preguntas, comentarios, quejas o para ejercer sus derechos como interesado en relaci\u00f3n con nuestro Aviso de privacidad y el tratamiento de sus datos personales por parte de los sitios web de Audibax, puede ponerse en contacto directamente con el responsable de protecci\u00f3n de datos de Audibax por correo electr\u00f3nico (privacy@audibax.com). Estar\u00e1n encantados de atender sus consultas sobre protecci\u00f3n de datos.<\/p><p><span style=\"font-weight: 400;\">Datos personales \/ tipos de uso<\/span><\/p><p><span style=\"font-weight: 400;\">Por principio, la protecci\u00f3n de sus datos personales tiene la m\u00e1xima prioridad para Audibax. Usted decide si desea darnos a conocer dichos datos, por ejemplo en el curso de cualquier registro, encuesta o similar. Dicha informaci\u00f3n por su parte es relevante para su consulta, pero usted la facilita de forma voluntaria. Una excepci\u00f3n a esta regla se da cuando no se puede obtener el consentimiento previo por razones pr\u00e1cticas y el tratamiento de los datos est\u00e1 permitido por la ley.<\/span><\/p><p><span style=\"font-weight: 400;\">Base jur\u00eddica para el tratamiento de datos personales<\/span><\/p><p><span style=\"font-weight: 400;\">Si obtenemos el consentimiento del interesado para procesar sus datos personales, el Reglamento Europeo 2016\/679 del 27 de abril de 2016 sirve como base legal para el procesamiento de datos personales.<\/span><\/p><p><span style=\"font-weight: 400;\">Cuando el tratamiento de datos personales sea necesario para la ejecuci\u00f3n de un contrato en el que el interesado sea parte, el Reglamento Europeo 2016\/679 de 27 de abril de 2016 servir\u00e1 como base jur\u00eddica. Esto tambi\u00e9n se aplica a cualquier tratamiento necesario para llevar a cabo medidas precontractuales.<\/span><\/p><p><span style=\"font-weight: 400;\">Si el tratamiento de datos personales es necesario para el cumplimiento de una obligaci\u00f3n legal a la que est\u00e1 sujeta Audibax, el Reglamento Europeo 2016\/679 de 27 de abril de 2016 servir\u00e1 como base jur\u00eddica.<\/span><\/p><p><span style=\"font-weight: 400;\">Si el inter\u00e9s vital del interesado o de otra persona f\u00edsica requiere el tratamiento de datos personales, el Reglamento Europeo 2016\/679 de 27 de abril de 2016 servir\u00e1 de base jur\u00eddica.<\/span><\/p><p><span style=\"font-weight: 400;\">Si el tratamiento es necesario para salvaguardar los intereses leg\u00edtimos de nuestra empresa o de un tercero, salvo que prevalezcan los intereses o los derechos y libertades fundamentales del interesado, el Reglamento Europeo 2016\/679 de 27 de abril de 2016 servir\u00e1 de base jur\u00eddica para el tratamiento.<\/span><\/p><p><span style=\"font-weight: 400;\">Supresi\u00f3n de datos y duraci\u00f3n del almacenamiento<\/span><\/p><p><span style=\"font-weight: 400;\">Los datos personales del interesado se suprimir\u00e1n o bloquear\u00e1n en cuanto deje de aplicarse la finalidad del almacenamiento. Los datos podr\u00e1n almacenarse m\u00e1s all\u00e1 de este plazo si el legislador europeo o nacional as\u00ed lo ha dispuesto en reglamentos, leyes u otras normas de la Uni\u00f3n a las que est\u00e9 sujeto el responsable del tratamiento. Los datos tambi\u00e9n se bloquear\u00e1n o eliminar\u00e1n si expira el periodo de almacenamiento prescrito por las normas mencionadas anteriormente, a menos que sea necesario seguir almacenando los datos para la celebraci\u00f3n o el cumplimiento de un contrato.<\/span><\/p><p><span style=\"font-weight: 400;\">Intercambio de datos \/ relaciones contractuales con socios \/ terceros<\/span><\/p><p><span style=\"font-weight: 400;\">Adem\u00e1s de los tipos de uso descritos anteriormente, Audibax transferir\u00e1 sus datos a terceros que participen en la tramitaci\u00f3n de su pedido o que participen en contratos. Por ejemplo, si realiza un pedido a trav\u00e9s de nuestro sitio web, transmitiremos la informaci\u00f3n de su pedido a las empresas asociadas y contratistas de Audibax que procesan y le entregan su pedido. Los datos s\u00f3lo se transmitir\u00e1n en la medida necesaria para cumplir o entregar su pedido o para procesar una consulta. La base legal para ello es el cumplimiento del contrato celebrado con usted (por ejemplo, para pedidos) o el inicio de un contrato (Reglamento Europeo 2016\/679 del 27 de abril de 2016,).<\/span><\/p><p><span style=\"font-weight: 400;\">Adem\u00e1s, cuando enviemos este tipo de mercanc\u00edas con un valor que supere el l\u00edmite de responsabilidad asegurado de la empresa de transporte designada por nosotros, transmitiremos el tipo y el valor de las mercanc\u00edas, as\u00ed como el nombre y la direcci\u00f3n del destinatario de las mercanc\u00edas, a nuestro proveedor de seguros de transporte complementario. Lo hacemos en nuestro leg\u00edtimo inter\u00e9s, para proteger nuestras mercanc\u00edas de p\u00e9rdidas o da\u00f1os accidentales durante el transporte. Sin este seguro de transporte complementario, no podr\u00edamos enviar mercanc\u00edas de precio m\u00e1s elevado. Hemos obligado contractualmente a la compa\u00f1\u00eda de seguros a respetar la finalidad designada y a mantener la confidencialidad, as\u00ed como a procesar los datos transmitidos exclusivamente con el fin de tramitar una reclamaci\u00f3n al seguro. La base legal para ello es el Reglamento Europeo 2016\/679 del 27 de abril de 2016,.<\/span><\/p><p><span style=\"font-weight: 400;\">Tambi\u00e9n transmitiremos datos personales a terceros cuando la ley nos obligue a hacerlo. La base legal en este caso es el Reglamento Europeo 2016\/679 del 27 de abril de 2016.<\/span><\/p><p><span style=\"font-weight: 400;\">Datos recopilados autom\u00e1ticamente en nuestro sitio web \/ datos de uso<\/span><\/p><p><span style=\"font-weight: 400;\">Invitamos a todo el mundo a visitar y utilizar nuestro sitio web de forma gratuita y a consultar los productos que ofrecemos. Cuando visita nuestro sitio web, registramos los siguientes datos generales de uso para evaluar qu\u00e9 partes de nuestro sitio web visita y cu\u00e1nto tiempo permanece en \u00e9l:<\/span><\/p><p><span style=\"font-weight: 400;\">Informaci\u00f3n sobre el tipo y la versi\u00f3n del navegador utilizado<\/span><\/p><p><span style=\"font-weight: 400;\">El sistema operativo del usuario<\/span><\/p><p><span style=\"font-weight: 400;\">Direcci\u00f3n IP del usuario<\/span><\/p><p><span style=\"font-weight: 400;\">Fecha y hora de acceso<\/span><\/p><p><span style=\"font-weight: 400;\">Sitios web desde los que el sistema del usuario llega a nuestro sitio web<\/span><\/p><p><span style=\"font-weight: 400;\">Los servicios y funciones utilizados en nuestro sitio web<\/span><\/p><p><span style=\"font-weight: 400;\">Estos datos se combinar\u00e1n con los datos de uso de todos los visitantes de nuestro sitio web para medir el n\u00famero de visitantes, el tiempo medio de las visitas, las p\u00e1ginas visitadas, etc. Los datos que recopilamos se combinan y utilizan \u00fanicamente con fines internos.<\/span><\/p><p><span style=\"font-weight: 400;\">La base legal para el almacenamiento temporal de datos y archivos de registro es el Reglamento Europeo 2016\/679 del 27 de abril de 2016.\u00a0<\/span><\/p><p><span style=\"font-weight: 400;\">Utilizamos estos datos combinados para evaluar nuestros productos, servicios y las noticias que ponemos a disposici\u00f3n a trav\u00e9s de nuestro sitio web, as\u00ed como para supervisar el uso de nuestro sitio web y, en general, mejorar su contenido.<\/span><\/p><p><span style=\"font-weight: 400;\">El almacenamiento temporal de direcciones IP por parte del sistema es necesario para permitir la entrega del sitio web al ordenador del usuario. Para ello, la direcci\u00f3n IP del usuario debe almacenarse mientras dure la sesi\u00f3n.<\/span><\/p><p><span style=\"font-weight: 400;\">Los datos se almacenan en archivos de registro para garantizar la funcionalidad del sitio web. Adem\u00e1s, utilizamos los datos para optimizar el sitio web y garantizar la seguridad de nuestros sistemas de tecnolog\u00eda de la informaci\u00f3n. Estos fines tambi\u00e9n son la base de nuestros intereses leg\u00edtimos en el tratamiento de datos de conformidad con el Reglamento Europeo 2016\/679 del 27 de abril de 2016.<\/span><\/p><p><span style=\"font-weight: 400;\">Los datos se eliminar\u00e1n tan pronto como ya no sean necesarios para los fines de su recopilaci\u00f3n. Si los datos se almacenan en archivos de registro, este es el caso despu\u00e9s de no m\u00e1s de siete d\u00edas. Es posible un almacenamiento posterior. En este caso, las direcciones IP de los usuarios se borran o distorsionan, de modo que ya no es posible asociarlas con el cliente que llama.<\/span><\/p><p><span style=\"font-weight: 400;\">La recopilaci\u00f3n de datos para proporcionar el sitio web y el almacenamiento de los datos en archivos de registro es esencial para el funcionamiento del sitio web. Por lo tanto, el usuario no puede excluirse voluntariamente.<\/span><\/p><p><span style=\"font-weight: 400;\">Los anuncios de terceros o los enlaces a otros sitios web que aparecen en nuestro sitio web pueden recopilar datos del usuario si \u00e9ste hace clic en ellos o sigue sus instrucciones. No tenemos ning\u00fan control sobre los datos recogidos voluntaria o involuntariamente a trav\u00e9s de anuncios o sitios web de terceros. Le recomendamos que lea las pol\u00edticas de privacidad de los sitios web promocionados si tiene alguna duda sobre la recogida y uso de sus datos.<\/span><\/p>\t\t\t\t\t\t<\/div>\n\t\t\t\t<\/div>\n\t\t\t\t\t<\/div>\n\t\t\t\t<\/div>\n\t\t\t\t<\/div>\n\t\t","protected":false},"excerpt":{"rendered":"<p>Pol\u00edtica de privacidad Esta Pol\u00edtica de Privacidad describe c\u00f3mo Digital Audimagen BQ S.L. (en adelante tambi\u00e9n \u00abAudibax\u00bb) procesa y protege de acuerdo con el Reglamento General de Protecci\u00f3n de Datos (GDPR) y las leyes espa\u00f1olas pertinentes de protecci\u00f3n de datos, como la Ley Org\u00e1nica 3\/2018, los datos que nos proporciona al utilizar nuestro sitio web. [&hellip;]<\/p>\n","protected":false},"author":1,"featured_media":0,"parent":0,"menu_order":0,"comment_status":"closed","ping_status":"closed","template":"","meta":{"_acf_changed":false,"footnotes":""},"class_list":["post-32232","page","type-page","status-publish","hentry"],"acf":[],"yoast_head":"<!-- This site is optimized with the Yoast SEO plugin v27.0 - https:\/\/yoast.com\/product\/yoast-seo-wordpress\/ -->\n<title>Privacy Policy - Audibax<\/title>\n<meta name=\"robots\" content=\"index, follow, max-snippet:-1, max-image-preview:large, max-video-preview:-1\" \/>\n<link rel=\"canonical\" href=\"https:\/\/audibax.com\/es\/privacy-policy\/\" \/>\n<meta property=\"og:locale\" content=\"es_ES\" \/>\n<meta property=\"og:type\" content=\"article\" \/>\n<meta property=\"og:title\" content=\"Privacy Policy - Audibax\" \/>\n<meta property=\"og:description\" content=\"Pol\u00edtica de privacidad Esta Pol\u00edtica de Privacidad describe c\u00f3mo Digital Audimagen BQ S.L. (en adelante tambi\u00e9n \u00abAudibax\u00bb) procesa y protege de acuerdo con el Reglamento General de Protecci\u00f3n de Datos (GDPR) y las leyes espa\u00f1olas pertinentes de protecci\u00f3n de datos, como la Ley Org\u00e1nica 3\/2018, los datos que nos proporciona al utilizar nuestro sitio web. [&hellip;]\" \/>\n<meta property=\"og:url\" content=\"https:\/\/audibax.com\/es\/privacy-policy\/\" \/>\n<meta property=\"og:site_name\" content=\"Audibax\" \/>\n<meta property=\"article:modified_time\" content=\"2025-03-05T12:17:38+00:00\" \/>\n<meta name=\"twitter:card\" content=\"summary_large_image\" \/>\n<meta name=\"twitter:label1\" content=\"Tiempo de lectura\" \/>\n\t<meta name=\"twitter:data1\" content=\"7 minutos\" \/>\n<script type=\"application\/ld+json\" class=\"yoast-schema-graph\">{\"@context\":\"https:\/\/schema.org\",\"@graph\":[{\"@type\":\"WebPage\",\"@id\":\"https:\/\/audibax.com\/es\/privacy-policy\/\",\"url\":\"https:\/\/audibax.com\/es\/privacy-policy\/\",\"name\":\"Privacy Policy - Audibax\",\"isPartOf\":{\"@id\":\"https:\/\/audibax.com\/es\/#website\"},\"datePublished\":\"2023-12-18T10:48:23+00:00\",\"dateModified\":\"2025-03-05T12:17:38+00:00\",\"breadcrumb\":{\"@id\":\"https:\/\/audibax.com\/es\/privacy-policy\/#breadcrumb\"},\"inLanguage\":\"es\",\"potentialAction\":[{\"@type\":\"ReadAction\",\"target\":[\"https:\/\/audibax.com\/es\/privacy-policy\/\"]}]},{\"@type\":\"BreadcrumbList\",\"@id\":\"https:\/\/audibax.com\/es\/privacy-policy\/#breadcrumb\",\"itemListElement\":[{\"@type\":\"ListItem\",\"position\":1,\"name\":\"Portada\",\"item\":\"https:\/\/audibax.com\/es\/\"},{\"@type\":\"ListItem\",\"position\":2,\"name\":\"Privacy Policy\"}]},{\"@type\":\"WebSite\",\"@id\":\"https:\/\/audibax.com\/es\/#website\",\"url\":\"https:\/\/audibax.com\/es\/\",\"name\":\"Audibax\",\"description\":\"\",\"publisher\":{\"@id\":\"https:\/\/audibax.com\/es\/#organization\"},\"potentialAction\":[{\"@type\":\"SearchAction\",\"target\":{\"@type\":\"EntryPoint\",\"urlTemplate\":\"https:\/\/audibax.com\/es\/?s={search_term_string}\"},\"query-input\":{\"@type\":\"PropertyValueSpecification\",\"valueRequired\":true,\"valueName\":\"search_term_string\"}}],\"inLanguage\":\"es\"},{\"@type\":\"Organization\",\"@id\":\"https:\/\/audibax.com\/es\/#organization\",\"name\":\"Audibax\",\"url\":\"https:\/\/audibax.com\/es\/\",\"logo\":{\"@type\":\"ImageObject\",\"inLanguage\":\"es\",\"@id\":\"https:\/\/audibax.com\/es\/#\/schema\/logo\/image\/\",\"url\":\"https:\/\/audibax.com\/wp-content\/uploads\/2023\/09\/logo-Audibax-BLANCO-SVG-1.svg\",\"contentUrl\":\"https:\/\/audibax.com\/wp-content\/uploads\/2023\/09\/logo-Audibax-BLANCO-SVG-1.svg\",\"caption\":\"Audibax\"},\"image\":{\"@id\":\"https:\/\/audibax.com\/es\/#\/schema\/logo\/image\/\"}}]}<\/script>\n<!-- \/ Yoast SEO plugin. -->","yoast_head_json":{"title":"Privacy Policy - Audibax","robots":{"index":"index","follow":"follow","max-snippet":"max-snippet:-1","max-image-preview":"max-image-preview:large","max-video-preview":"max-video-preview:-1"},"canonical":"https:\/\/audibax.com\/es\/privacy-policy\/","og_locale":"es_ES","og_type":"article","og_title":"Privacy Policy - Audibax","og_description":"Pol\u00edtica de privacidad Esta Pol\u00edtica de Privacidad describe c\u00f3mo Digital Audimagen BQ S.L. (en adelante tambi\u00e9n \u00abAudibax\u00bb) procesa y protege de acuerdo con el Reglamento General de Protecci\u00f3n de Datos (GDPR) y las leyes espa\u00f1olas pertinentes de protecci\u00f3n de datos, como la Ley Org\u00e1nica 3\/2018, los datos que nos proporciona al utilizar nuestro sitio web. [&hellip;]","og_url":"https:\/\/audibax.com\/es\/privacy-policy\/","og_site_name":"Audibax","article_modified_time":"2025-03-05T12:17:38+00:00","twitter_card":"summary_large_image","twitter_misc":{"Tiempo de lectura":"7 minutos"},"schema":{"@context":"https:\/\/schema.org","@graph":[{"@type":"WebPage","@id":"https:\/\/audibax.com\/es\/privacy-policy\/","url":"https:\/\/audibax.com\/es\/privacy-policy\/","name":"Privacy Policy - Audibax","isPartOf":{"@id":"https:\/\/audibax.com\/es\/#website"},"datePublished":"2023-12-18T10:48:23+00:00","dateModified":"2025-03-05T12:17:38+00:00","breadcrumb":{"@id":"https:\/\/audibax.com\/es\/privacy-policy\/#breadcrumb"},"inLanguage":"es","potentialAction":[{"@type":"ReadAction","target":["https:\/\/audibax.com\/es\/privacy-policy\/"]}]},{"@type":"BreadcrumbList","@id":"https:\/\/audibax.com\/es\/privacy-policy\/#breadcrumb","itemListElement":[{"@type":"ListItem","position":1,"name":"Portada","item":"https:\/\/audibax.com\/es\/"},{"@type":"ListItem","position":2,"name":"Privacy Policy"}]},{"@type":"WebSite","@id":"https:\/\/audibax.com\/es\/#website","url":"https:\/\/audibax.com\/es\/","name":"Audibax","description":"","publisher":{"@id":"https:\/\/audibax.com\/es\/#organization"},"potentialAction":[{"@type":"SearchAction","target":{"@type":"EntryPoint","urlTemplate":"https:\/\/audibax.com\/es\/?s={search_term_string}"},"query-input":{"@type":"PropertyValueSpecification","valueRequired":true,"valueName":"search_term_string"}}],"inLanguage":"es"},{"@type":"Organization","@id":"https:\/\/audibax.com\/es\/#organization","name":"Audibax","url":"https:\/\/audibax.com\/es\/","logo":{"@type":"ImageObject","inLanguage":"es","@id":"https:\/\/audibax.com\/es\/#\/schema\/logo\/image\/","url":"https:\/\/audibax.com\/wp-content\/uploads\/2023\/09\/logo-Audibax-BLANCO-SVG-1.svg","contentUrl":"https:\/\/audibax.com\/wp-content\/uploads\/2023\/09\/logo-Audibax-BLANCO-SVG-1.svg","caption":"Audibax"},"image":{"@id":"https:\/\/audibax.com\/es\/#\/schema\/logo\/image\/"}}]}},"_links":{"self":[{"href":"https:\/\/audibax.com\/es\/wp-json\/wp\/v2\/pages\/32232","targetHints":{"allow":["GET"]}}],"collection":[{"href":"https:\/\/audibax.com\/es\/wp-json\/wp\/v2\/pages"}],"about":[{"href":"https:\/\/audibax.com\/es\/wp-json\/wp\/v2\/types\/page"}],"author":[{"embeddable":true,"href":"https:\/\/audibax.com\/es\/wp-json\/wp\/v2\/users\/1"}],"replies":[{"embeddable":true,"href":"https:\/\/audibax.com\/es\/wp-json\/wp\/v2\/comments?post=32232"}],"version-history":[{"count":16,"href":"https:\/\/audibax.com\/es\/wp-json\/wp\/v2\/pages\/32232\/revisions"}],"predecessor-version":[{"id":49406,"href":"https:\/\/audibax.com\/es\/wp-json\/wp\/v2\/pages\/32232\/revisions\/49406"}],"wp:attachment":[{"href":"https:\/\/audibax.com\/es\/wp-json\/wp\/v2\/media?parent=32232"}],"curies":[{"name":"wp","href":"https:\/\/api.w.org\/{rel}","templated":true}]}}